{"id":19183,"date":"2020-03-04T00:49:05","date_gmt":"2020-03-03T23:49:05","guid":{"rendered":"https:\/\/neocatechumenaleiter.org\/popieziu-kalbos\/sv-jonas-paulius-ii\/sveikinimas-jaunimui-is-maceratos-vyskupijos-balkonu-20-6-1993\/"},"modified":"2021-08-10T11:03:20","modified_gmt":"2021-08-10T10:03:20","slug":"sveikinimas-jaunimui-is-maceratos-vyskupijos-balkonu-20-6-1993","status":"publish","type":"page","link":"https:\/\/neocatechumenaleiter.org\/lt\/popieziu-kalbos\/sv-jonas-paulius-ii\/sveikinimas-jaunimui-is-maceratos-vyskupijos-balkonu-20-6-1993\/","title":{"rendered":"Sveikinimas jaunimui i\u0161 Ma\u010deratos vyskupijos balkon\u0173 20-6-1993"},"content":{"rendered":"\n<h1 class=\"has-text-align-center wp-block-heading\">Sveikinimas jaunimui i\u0161 Ma\u010deratos vyskupijos balkon\u0173 20-6-1993<\/h1>\n\n<div style=\"height:20px\" aria-hidden=\"true\" class=\"wp-block-spacer\"><\/div>\n\n<h4 class=\"has-text-align-center wp-block-heading\">\u0160v. Jonas Paulius II<\/h4>\n\n<div style=\"height:20px\" aria-hidden=\"true\" class=\"wp-block-spacer\"><\/div>\n\n<p><p><strong>Ma\u010derata, 1993-\u0173j\u0173 bir\u017eelio 20 d.<\/strong><\/p><\/p>\n\n<p><p>Ankst\u0173 sekmadienio ryt\u0105 (bir\u017eelio 20 d.) prie\u0161 i\u0161vykstant \u012f Foligno, Jonas Paulius II panoro pasveikinti i\u0161 Ma\u010deratos vyskupijos balkon\u0173 Neokatechumenatinio kelio jaunim\u0105, kurie susirink\u0119 aik\u0161t\u0117je kartu giedojo nor\u0117dami atsid\u0117koti Popie\u017eiui u\u017e jo apsilankym\u0105. \u0160ventasis T\u0117vas i\u0161naudojo t\u0105 prog\u0105, taipogi, kad pasveikint\u0173 svetingus Ma\u010deratos gyventojus.<\/p><\/p>\n\n<div class=\"wp-block-image\"><figure class=\"alignleft size-large\"><img loading=\"lazy\" decoding=\"async\" width=\"495\" height=\"304\" src=\"https:\/\/neocatechumenaleiter.org\/wp-content\/uploads\/2020\/03\/Camino_Neocatecumenal_Juan_Pablo_II_saludo_jovenes_1993.jpg\" alt=\"\" class=\"wp-image-13508\" srcset=\"https:\/\/neocatechumenaleiter.org\/wp-content\/uploads\/2020\/03\/Camino_Neocatecumenal_Juan_Pablo_II_saludo_jovenes_1993.jpg 495w, https:\/\/neocatechumenaleiter.org\/wp-content\/uploads\/2020\/03\/Camino_Neocatecumenal_Juan_Pablo_II_saludo_jovenes_1993-300x184.jpg 300w\" sizes=\"auto, (max-width: 495px) 100vw, 495px\" \/><\/figure><\/div>\n\n<p>\u201e\u012esivaizduokite, kad \u0161ie piligrimai, kurie vis\u0105 nakt\u012f \u0117jo, p\u0117s\u010diomis ir dabar randasi Loreto, &#8211; sak\u0117 Jonas Paulius II jaunimui- J\u016bs\u0173 kelias yra su gitaromis, giesm\u0117mis ir tai j\u016bs puikiai darote, labai gerai. Kelis kartus jus klausiau ir j\u016bs gerai giedate, kalbant apie giedojim\u0105, bet lygiai taip pat gerai giedate, kalbant apie tekst\u0105, turin\u012f. B\u016btent tod\u0117l gerai giedate.&#8221;<\/p>\n\n<p><p>Popie\u017eius toliau t\u0119s\u0117: \u201eReikia i\u0161si\u0173sti telegram\u0105 Loreto miestie\u010diams sakydami, kad \u010dia yra piligrimai, kurie vis\u0105 nakt\u012f gieda. \u0160ia proga noriu atsisveikinti su Ma\u010deratos miestie\u010diais, nes man reikia vykti \u012f Foligno. Prisimenu visus ma\u010deratie\u010dius, ypatingai tuos kurie turi gitaras, nes gerai \u017einome, kad kas gieda meld\u017eiasi du kartus: \u00ab<em>qui cantat bis orat.\u00bb\u201d<\/em><\/p><\/p>\n","protected":false},"excerpt":{"rendered":"<p>Sveikinimas jaunimui i\u0161 Ma\u010deratos vyskupijos balkon\u0173 20-6-1993 \u0160v. Jonas Paulius II Ma\u010derata, 1993-\u0173j\u0173 bir\u017eelio 20 d. Ankst\u0173 sekmadienio ryt\u0105 (bir\u017eelio 20 d.) prie\u0161 i\u0161vykstant \u012f Foligno, Jonas Paulius II panoro pasveikinti i\u0161 Ma\u010deratos vyskupijos balkon\u0173 Neokatechumenatinio kelio jaunim\u0105, kurie susirink\u0119 aik\u0161t\u0117je kartu giedojo nor\u0117dami atsid\u0117koti Popie\u017eiui u\u017e jo apsilankym\u0105. \u0160ventasis T\u0117vas i\u0161naudojo t\u0105 prog\u0105, taipogi, kad pasveikint\u0173 svetingus Ma\u010deratos gyventojus. \u201e\u012esivaizduokite, kad \u0161ie piligrimai, kurie vis\u0105 nakt\u012f \u0117jo, p\u0117s\u010diomis ir<\/p>\n<div class=\"read-more\"><a class=\"btn read-more-btn\" href=\"https:\/\/neocatechumenaleiter.org\/lt\/popieziu-kalbos\/sv-jonas-paulius-ii\/sveikinimas-jaunimui-is-maceratos-vyskupijos-balkonu-20-6-1993\/\">Skaityti vis\u0105<\/a><\/div>\n","protected":false},"author":2,"featured_media":0,"parent":16071,"menu_order":76,"comment_status":"closed","ping_status":"closed","template":"","meta":{"footnotes":""},"class_list":["post-19183","page","type-page","status-publish","hentry"],"_links":{"self":[{"href":"https:\/\/neocatechumenaleiter.org\/lt\/wp-json\/wp\/v2\/pages\/19183","targetHints":{"allow":["GET"]}}],"collection":[{"href":"https:\/\/neocatechumenaleiter.org\/lt\/wp-json\/wp\/v2\/pages"}],"about":[{"href":"https:\/\/neocatechumenaleiter.org\/lt\/wp-json\/wp\/v2\/types\/page"}],"author":[{"embeddable":true,"href":"https:\/\/neocatechumenaleiter.org\/lt\/wp-json\/wp\/v2\/users\/2"}],"replies":[{"embeddable":true,"href":"https:\/\/neocatechumenaleiter.org\/lt\/wp-json\/wp\/v2\/comments?post=19183"}],"version-history":[{"count":2,"href":"https:\/\/neocatechumenaleiter.org\/lt\/wp-json\/wp\/v2\/pages\/19183\/revisions"}],"predecessor-version":[{"id":24193,"href":"https:\/\/neocatechumenaleiter.org\/lt\/wp-json\/wp\/v2\/pages\/19183\/revisions\/24193"}],"up":[{"embeddable":true,"href":"https:\/\/neocatechumenaleiter.org\/lt\/wp-json\/wp\/v2\/pages\/16071"}],"wp:attachment":[{"href":"https:\/\/neocatechumenaleiter.org\/lt\/wp-json\/wp\/v2\/media?parent=19183"}],"curies":[{"name":"wp","href":"https:\/\/api.w.org\/{rel}","templated":true}]}}