{"id":19311,"date":"2020-11-20T14:27:30","date_gmt":"2020-11-20T13:27:30","guid":{"rendered":"https:\/\/neocatechumenaleiter.org\/popieziu-kalbos\/sv-jonas-paulius-ii\/popieziaus-jono-pauliaus-ii-laiskas-monsinjorui-paul-josef-cordes-30-viii-1990\/"},"modified":"2020-11-20T14:27:31","modified_gmt":"2020-11-20T13:27:31","slug":"popieziaus-jono-pauliaus-ii-laiskas-monsinjorui-paul-josef-cordes-30-viii-1990","status":"publish","type":"page","link":"https:\/\/neocatechumenaleiter.org\/lt\/popieziu-kalbos\/sv-jonas-paulius-ii\/popieziaus-jono-pauliaus-ii-laiskas-monsinjorui-paul-josef-cordes-30-viii-1990\/","title":{"rendered":"Popie\u017eiaus Jono Pauliaus II lai\u0161kas monsinjorui Paul Josef Cordes 30-VIII-1990"},"content":{"rendered":"\n<h1 class=\"has-text-align-center wp-block-heading\">Popie\u017eiaus Jono Pauliaus II lai\u0161kas monsinjorui Paul Josef Cordes 30-VIII-1990<\/h1>\n\n<div style=\"height:20px\" aria-hidden=\"true\" class=\"wp-block-spacer\"><\/div>\n\n<h4 class=\"has-text-align-center wp-block-heading\">\u0160v. Jonas Paulius II<\/h4>\n\n<div style=\"height:20px\" aria-hidden=\"true\" class=\"wp-block-spacer\"><\/div>\n\n<p><p><strong>JO \u0160VENTENYB\u0116S JONO PAULIAUS II<br \/><em>LAI\u0160KAS <\/em><em>\u00a0<\/em><br \/><em>&#8222;OGNI QUALVOLTA&#8221; <\/em><br \/><br \/><\/strong><\/p><\/p>\n\n<p><p><em>Gerbiamajam broliui<br \/>monsinjorui PAUL JOSEF CORDES <br \/>Paskirtas &#8222;ad personam&#8221; atsakinguoju\u00a0\u00a0<br \/>u\u017e neokatechumenatini\u0173 bendruomeni\u0173 apa\u0161talavim\u0105<\/em><\/p><\/p>\n\n<p>Kaskart, kai Dvasia priver\u010dia Ba\u017eny\u010dioje dygti didesnio pasitik\u0117jimo Evangelijai impulsus, pra\u017eysta naujos charizmos, kurios aprei\u0161ki\u0105 t\u0105 realyb\u0119 ir naujos institucijos, kurios \u012fgyvendin\u0105. B\u016btent tai ir nutiko po Tridento susirinkimo ir po II Vatikano susirinkimo.<\/p>\n\n<p><p>Tarp \u0161i\u0173 nauj\u0173 Dvasios su\u017eadint\u0173 tikrovi\u0173 randasi neokatechumenatin\u0117s bendruomenes, kurias inicijavo ponas K. Arg\u00fcello ir ponia C. Hern\u00e1ndez (Madridas, Ispanija). J\u0173 efektyvumas krik\u0161\u010dioni\u0161kojo gyvenimo atnaujinimui jau buvo priimtas mano pirmtako Pauliaus VI kaip Susirinkimo vaisius: \u201eKiek d\u017eiaugsmo ir kiek vilties suteikia j\u016bs\u0173 buvimas ir veikla&#8230; Gyventi ir skatinti \u0161\u012f pabudim\u0105 yra ta j\u016bs\u0173 vadinama forma galinti atnaujinti po Krik\u0161to sakramento (dabartin\u0117se krik\u0161\u010dioni\u0161kose bendruomen\u0117se) tuos brandos ir \u012fsigilinimo efektus. B\u016btent tai buvo daroma Pirmyk\u0161t\u0117je Ba\u017eny\u010dioje pasiruo\u0161imo Krik\u0161tui laikotarpio metu.&#8221; (Paulius VI neokatechumenatin\u0117ms bendruomen\u0117ms, audiencija, 1974-\u0173j\u0173 gegu\u017e\u0117s 8 d., Notitiae 96 [1974] 230) A\u0161 irgi esu dalyvav\u0119s kaip Romas vyskupas keliuose susitikimuose, Romos parapijose, su neokatechumenatin\u0117mis bendruomen\u0117mis ir j\u0173 ganytojais, taip pat tarptautiniuose susitikimuose apa\u0161talini\u0173 kelioni\u0173 metu u\u017esienyje. Tur\u0117jau prog\u0105 b\u016bti vaising\u0173 individuali\u0173 atsivertim\u0173 ir j\u0173 misijinio impulso liudininku.<\/p><\/p>\n\n<p><p>\u0160i\u0173 bendruomeni\u0173 d\u0117ka parapijose yra pastebimas Ba\u017eny\u010dios misijinis bruo\u017eas, \u201estengiamasi atidaryti \u0161\u012f evangelizacijos keli\u0105 tiems, kurie dalinai yra apleid\u0119 krik\u0161\u010dioni\u0161k\u0105j\u012f gyvenim\u0105, si\u016blant katechumenatinio tipo gid\u0105 (isp. <em>itinerario<\/em>), kuris praeina pro visus tuos etapus, kuriuos Pirmyk\u0161t\u0117je Ba\u017eny\u010dioje katechumenai praeidavo ruo\u0161iantis Krik\u0161to sakramentui. Visa tai priartina i\u0161 naujo prie Ba\u017eny\u010dios ir prie Krik\u0161to.\u201c (Plg. <em>Catecumenato <\/em><em>postbattesimale<\/em>\u00a0en\u00a0<em>Notitiae<\/em>\u00a096 [1974] 229) Evangelijos paskelbimas ir Eucharistijos \u0161ventimas ma\u017eose grup\u0117se\u00a0 (plg.\u00a0<em>Notificazione sulle celebrazioni nei gruppi del &#8222;Camino <\/em><em>neocatecumenale&#8221;<\/em>, <em>L&#8217;Obsservatore Romano<\/em>, 1988-\u0173j\u0173 gruod\u017eio 24 d.) padedantis bendruomeni\u0173 nariams tarnauti Ba\u017eny\u010dios atnaujinimui.<\/p><\/p>\n\n<p>Daugelis broli\u0173 vyskupyst\u0117je atpa\u017eino \u0161io Kelio vaisius. Noriu apsiriboti su tuometiniu Madrido arkivyskupu Casimiro Morcillo, kurio vyskupijoje ir po jo vald\u017eia 1964 metais gim\u0117 neokatechumenatin\u0117s bendruomen\u0117s bei buvo priimtos su didele meil\u0119. Po daugiau nei 20 met\u0173 \u0161i\u0173 bendruomeni\u0173 gyvavimo, penkiuose \u017eemynuose,<\/p>\n\n<p>\u2014 turint omenyje nauj\u0105 gyvybingum\u0105 skatinanti parapijas, misijin\u012f impuls\u0105 ir atsivertimo vaisi\u0173 liudijimus sklindan\u010dius i\u0161 keliaujan\u010di\u0173 katechist\u0173 l\u016bp\u0173 bei, pastaruoju metu, evangelizuojan\u010di\u0173 \u0161eim\u0173 darb\u0105 nekrik\u0161\u010dioni\u0161kose Europos ir pasaulio vietose;<\/p>\n\n<p>\u2014 matydami \u0161iame Kelyje gimstan\u010dius pa\u0161aukimus \u012f pa\u0161v\u0119st\u0105j\u012f gyvenim\u0105, kunigyst\u0119 ir vyskupij\u0173 koled\u017e\u0173 gimim\u0105 naujosios evangelizacijos kunig\u0173 formacijai, kaip pavyzd\u017eiui Romos Redemptoris Mater;<\/p>\n\n<p>\u2014 per\u017ei\u016br\u0117jus J\u016bs\u0173 pristatytus dokumentus:<\/p>\n\n<p>priimdamas gaut\u0105j\u012f pra\u0161ym\u0105, pripa\u017e\u012fstu Neokatechumenatin\u012f keli\u0105 kaip kataliki\u0161kos formacijos gid\u0105 (isp. itinerario), deranti \u0161iandieninei visuomenei ir m\u016bs\u0173 laikams.<\/p>\n\n<p>Tod\u0117l trok\u0161tu, kad broliai vyskupyst\u0117je \u012fvertint\u0173 ir pad\u0117t\u0173 \u2013kartu su savo kunigais- \u0161iam naujosios evangelizacijos darbui, kad b\u016bt\u0173 \u012fgyvendinamas pagal iniciatori\u0173 numatytas gaires, tarnavimo dvasia ir vienyb\u0117je su vietiniu Vyskupu, vietin\u0117s Ba\u017eny\u010dios vienyb\u0117s kontekste su pasauline Ba\u017eny\u010dia.<\/p>\n\n<p>\u0160io gyvo tro\u0161kimo akivaizdoje suteikiu Jums ir visiems neokatechumenatini\u0173 bendruomeni\u0173 nariams, savo apa\u0161tali\u0161k\u0105j\u012f palaiminim\u0105.<\/p>\n\n<p><p><em>I\u0161 Vatikano, 1990-\u0173j\u0173 rugpj\u016b\u010dio 30 d., XII pontifikavimo metai.<\/em><\/p><\/p>\n\n<p><p><strong>JONAS PAULIUS II<\/strong><\/p><\/p>\n","protected":false},"excerpt":{"rendered":"<p>Popie\u017eiaus Jono Pauliaus II lai\u0161kas monsinjorui Paul Josef Cordes 30-VIII-1990 \u0160v. Jonas Paulius II JO \u0160VENTENYB\u0116S JONO PAULIAUS IILAI\u0160KAS \u00a0&#8222;OGNI QUALVOLTA&#8221; Gerbiamajam broliuimonsinjorui PAUL JOSEF CORDES Paskirtas &#8222;ad personam&#8221; atsakinguoju\u00a0\u00a0u\u017e neokatechumenatini\u0173 bendruomeni\u0173 apa\u0161talavim\u0105 Kaskart, kai Dvasia priver\u010dia Ba\u017eny\u010dioje dygti didesnio pasitik\u0117jimo Evangelijai impulsus, pra\u017eysta naujos charizmos, kurios aprei\u0161ki\u0105 t\u0105 realyb\u0119 ir naujos institucijos, kurios \u012fgyvendin\u0105. B\u016btent tai ir nutiko po Tridento susirinkimo ir po II Vatikano susirinkimo. Tarp \u0161i\u0173 nauj\u0173<\/p>\n<div class=\"read-more\"><a class=\"btn read-more-btn\" href=\"https:\/\/neocatechumenaleiter.org\/lt\/popieziu-kalbos\/sv-jonas-paulius-ii\/popieziaus-jono-pauliaus-ii-laiskas-monsinjorui-paul-josef-cordes-30-viii-1990\/\">Skaityti vis\u0105<\/a><\/div>\n","protected":false},"author":2,"featured_media":0,"parent":16071,"menu_order":0,"comment_status":"closed","ping_status":"closed","template":"","meta":{"footnotes":""},"class_list":["post-19311","page","type-page","status-publish","hentry"],"_links":{"self":[{"href":"https:\/\/neocatechumenaleiter.org\/lt\/wp-json\/wp\/v2\/pages\/19311","targetHints":{"allow":["GET"]}}],"collection":[{"href":"https:\/\/neocatechumenaleiter.org\/lt\/wp-json\/wp\/v2\/pages"}],"about":[{"href":"https:\/\/neocatechumenaleiter.org\/lt\/wp-json\/wp\/v2\/types\/page"}],"author":[{"embeddable":true,"href":"https:\/\/neocatechumenaleiter.org\/lt\/wp-json\/wp\/v2\/users\/2"}],"replies":[{"embeddable":true,"href":"https:\/\/neocatechumenaleiter.org\/lt\/wp-json\/wp\/v2\/comments?post=19311"}],"version-history":[{"count":1,"href":"https:\/\/neocatechumenaleiter.org\/lt\/wp-json\/wp\/v2\/pages\/19311\/revisions"}],"predecessor-version":[{"id":19312,"href":"https:\/\/neocatechumenaleiter.org\/lt\/wp-json\/wp\/v2\/pages\/19311\/revisions\/19312"}],"up":[{"embeddable":true,"href":"https:\/\/neocatechumenaleiter.org\/lt\/wp-json\/wp\/v2\/pages\/16071"}],"wp:attachment":[{"href":"https:\/\/neocatechumenaleiter.org\/lt\/wp-json\/wp\/v2\/media?parent=19311"}],"curies":[{"name":"wp","href":"https:\/\/api.w.org\/{rel}","templated":true}]}}