{"id":48706,"date":"2025-12-10T03:10:12","date_gmt":"2025-12-10T02:10:12","guid":{"rendered":"https:\/\/neocatechumenaleiter.org\/popieziu-kalbos\/leonas-xiv\/"},"modified":"2026-05-12T08:24:33","modified_gmt":"2026-05-12T07:24:33","slug":"leonas-xiv","status":"publish","type":"page","link":"https:\/\/neocatechumenaleiter.org\/lt\/popieziu-kalbos\/leonas-xiv\/","title":{"rendered":"Leonas XIV"},"content":{"rendered":"\n<h1 class=\"wp-block-heading has-text-align-center\">Leonas XIV<\/h1>\n\n<div style=\"height:20px\" aria-hidden=\"true\" class=\"wp-block-spacer\"><\/div>\n\n<h4 class=\"wp-block-heading has-text-align-center\">Biografija<\/h4>\n\n<div style=\"height:20px\" aria-hidden=\"true\" class=\"wp-block-spacer\"><\/div>\n<div class=\"wp-block-image is-style-default\">\n<figure data-wp-context=\"{&quot;imageId&quot;:&quot;6a06998a11d99&quot;}\" data-wp-interactive=\"core\/image\" data-wp-key=\"6a06998a11d99\" class=\"alignleft size-medium wp-lightbox-container\"><img loading=\"lazy\" decoding=\"async\" width=\"250\" height=\"300\" data-wp-class--hide=\"state.isContentHidden\" data-wp-class--show=\"state.isContentVisible\" data-wp-init=\"callbacks.setButtonStyles\" data-wp-on--click=\"actions.showLightbox\" data-wp-on--load=\"callbacks.setButtonStyles\" data-wp-on-window--resize=\"callbacks.setButtonStyles\" src=\"https:\/\/neocatechumenaleiter.org\/wp-content\/uploads\/2025\/12\/Papa-Leone-XIV-foto-ufficiale_Copyright-VATICAN-MEDIA-500x600-2-250x300.jpg\" alt=\"Popie&#x17E;ius Leonas XIV\" class=\"wp-image-46111\" srcset=\"https:\/\/neocatechumenaleiter.org\/wp-content\/uploads\/2025\/12\/Papa-Leone-XIV-foto-ufficiale_Copyright-VATICAN-MEDIA-500x600-2-250x300.jpg 250w, https:\/\/neocatechumenaleiter.org\/wp-content\/uploads\/2025\/12\/Papa-Leone-XIV-foto-ufficiale_Copyright-VATICAN-MEDIA-500x600-2.jpg 500w\" sizes=\"auto, (max-width: 250px) 100vw, 250px\" \/><button\n\t\t\tclass=\"lightbox-trigger\"\n\t\t\ttype=\"button\"\n\t\t\taria-haspopup=\"dialog\"\n\t\t\taria-label=\"Padidinti\"\n\t\t\tdata-wp-init=\"callbacks.initTriggerButton\"\n\t\t\tdata-wp-on--click=\"actions.showLightbox\"\n\t\t\tdata-wp-style--right=\"state.imageButtonRight\"\n\t\t\tdata-wp-style--top=\"state.imageButtonTop\"\n\t\t>\n\t\t\t<svg xmlns=\"http:\/\/www.w3.org\/2000\/svg\" width=\"12\" height=\"12\" fill=\"none\" viewBox=\"0 0 12 12\">\n\t\t\t\t<path fill=\"#fff\" d=\"M2 0a2 2 0 0 0-2 2v2h1.5V2a.5.5 0 0 1 .5-.5h2V0H2Zm2 10.5H2a.5.5 0 0 1-.5-.5V8H0v2a2 2 0 0 0 2 2h2v-1.5ZM8 12v-1.5h2a.5.5 0 0 0 .5-.5V8H12v2a2 2 0 0 1-2 2H8Zm2-12a2 2 0 0 1 2 2v2h-1.5V2a.5.5 0 0 0-.5-.5H8V0h2Z\" \/>\n\t\t\t<\/svg>\n\t\t<\/button><figcaption class=\"wp-element-caption\"><strong>\u00a9<\/strong>Vatican media<\/figcaption><\/figure><\/div>\n<p>Robertas Francisas Prevostas gim\u0117 1955 m. rugs\u0117jo 14 d. \u010cikagoje, Ilinojaus valstijoje, JAV.<\/p>\n\n<p>Jaunyst\u0117je jis \u012fstojo \u012f \u0160ventojo Augustino ordin\u0105 (OSA), kur 1981 m. rugpj\u016b\u010dio 29 d. dav\u0117 i\u0161kilmingus \u012f\u017eadus, o 1982 m. bir\u017eelio 19 d. buvo \u012f\u0161ventintas kunigu.<\/p>\n\n<p>Auk\u0161t\u0105sias studijas jis baig\u0117 \u012fvairiose institucijose: teologijos magistro laipsn\u012f \u010cikagos katalik\u0173 teologijos s\u0105jungoje ir kanon\u0173 teis\u0117s daktaro laipsn\u012f \u0160v. Tomo Akvinie\u010dio Popie\u017ei\u0161kajame universitete Romoje (Angelicum).<\/p>\n\n<p>1985 m. jis buvo i\u0161si\u0173stas kaip augustin\u0173 misionierius \u012f \u010culukan\u0105 (Peru), o v\u0117liau, 1988 m., \u012f Truchilj\u0105, kur tarnavo bendruomen\u0117s prioru (1988\u20131992 m.). 1999 m. jis buvo i\u0161rinktas \u010cikagos \u201eGerojo Patar\u0117jo Motinos\u201c provincijos prioru.<\/p>\n\n<p>Nuo 2001 iki 2013 met\u0173 jis \u0117jo \u0160ventojo Augustino ordino generolo prioro pareigas.<\/p>\n\n<p>2014 m. jis buvo paskirtas \u010ciklajo vyskupijos apa\u0161tali\u0161kuoju administratoriumi ir gruod\u017eio 12 d., per Gvadalup\u0117s Dievo Motinos \u0161vent\u0119, \u012f\u0161ventintas vyskupu. \u010ciklajo vyskupu jis \u0117jo nuo 2025 m. lapkri\u010dio 26 d. Nuo 2018 iki 2023 m. jis \u0117jo Peru vyskup\u0173 konferencijos viceprezidento pareigas.<\/p>\n\n<p>2019 m. \u2013 Dvasininkijos kongregacijos narys, o 2020 m. \u2013 Vyskup\u0173 kongregacijos narys. T\u0173 pa\u010di\u0173 met\u0173 baland\u017eio 15 d. popie\u017eius paskyr\u0117 j\u012f Kaljao vyskupijos apa\u0161tali\u0161kuoju administratoriumi.<\/p>\n\n<p>2023 m. sausio 20 d. popie\u017eius paskyr\u0117 j\u012f Vyskup\u0173 dikasterijos prefektu. Tais pa\u010diais metais jis buvo paskirtas ir paskelbtas kardinolu bei Popie\u017ei\u0161kosios Lotyn\u0173 Amerikos komisijos prezidentu.<\/p>\n\n<p>Po popie\u017eiaus Pranci\u0161kaus mirties Romoje susirinkusi konklava 2025 m. gegu\u017e\u0117s 8 d., Pomp\u0117jos Dievo Motinos \u0161vent\u0117s dien\u0105, naujuoju popie\u017eiumi i\u0161rinko Robert\u0105 Prevost\u0105.<\/p>\n\n<p>Popie\u017eiaus Leono XIV devizas yra \u201ein Illo uno unum\u201c, kuris ver\u010diamas kaip \u201eViename mes esame viena\u201c arba \u201eJame vienas\u201c. \u0160i fraz\u0117, paimta i\u0161 \u0161ventojo Augustino 127 psalm\u0117s ai\u0161kinimo, i\u0161rei\u0161kia jo mintis apie krik\u0161\u010dioni\u0173 vienyb\u0119 ir bendryst\u0119 Kristuje.<\/p>\n\n<div style=\"height:20px\" aria-hidden=\"true\" class=\"wp-block-spacer\"><\/div>\n\n<hr class=\"wp-block-separator aligncenter has-alpha-channel-opacity is-style-wide\" \/>\n\n<div style=\"height:20px\" aria-hidden=\"true\" class=\"wp-block-spacer\"><\/div>\n\n<h3 class=\"wp-block-heading has-text-align-center\">Dokumentacija<\/h3>\n\n<div style=\"height:40px\" aria-hidden=\"true\" class=\"wp-block-spacer\"><\/div>\n\n<section id=\"search-2\" class=\"widget widget_search\">\r\n\t<label for=\"search-form-5e59be1dc1b02\">\r\n\t\t<span class=\"screen-reader-text\">Cercare:<\/span>\r\n        <\/label>\r\n\t<button type=\"submit\" class=\"search-submit\">\r\n    \t<span class=\"screen-reader-text\">Cercare<\/span>\r\n        <i class=\"icon-magnifier\"><\/i>\r\n    <\/button>\r\n\r\n<\/section>\n<div style=\"height:40px\" aria-hidden=\"true\" class=\"wp-block-spacer\"><\/div>\n\n<div class=\"wp-block-columns are-vertically-aligned-center is-layout-flex wp-container-core-columns-is-layout-9d6595d7 wp-block-columns-is-layout-flex\">\n<div class=\"wp-block-column is-vertically-aligned-center is-layout-flow wp-block-column-is-layout-flow\">\n<h4 class=\"wp-block-heading has-text-align-center\">2025 m.<\/h4>\n\n\n\n<div style=\"height:20px\" aria-hidden=\"true\" class=\"wp-block-spacer\"><\/div>\n\n\n\n<figure class=\"wp-block-embed aligncenter is-type-wp-embed is-provider-camino-neocatecumenal wp-block-embed-camino-neocatecumenal\"><div class=\"wp-block-embed__wrapper\">\r\n<blockquote class=\"wp-embedded-content\" data-secret=\"zLSzPy99Dz\"><a href=\"https:\/\/neocatechumenaleiter.org\/el-papa-leon-xiv-recibe-a-kiko-arguello-iniciador-del-camino-neocatecumenal\/\">El Papa Le\u00f3n XIV recibe a Kiko Arguello, iniciador del Camino\u00a0Neocatecumenal<\/a><\/blockquote><iframe loading=\"lazy\" class=\"wp-embedded-content\" sandbox=\"allow-scripts\" security=\"restricted\" style=\"position: absolute; visibility: hidden;\" title=\"&#8220;El Papa Le\u00f3n XIV recibe a Kiko Arguello, iniciador del Camino\u00a0Neocatecumenal&#8221; &#8212; NEOKATECHUMENATINIS KELIAS\" src=\"https:\/\/neocatechumenaleiter.org\/el-papa-leon-xiv-recibe-a-kiko-arguello-iniciador-del-camino-neocatecumenal\/embed\/#?secret=gMXXV02Lac#?secret=zLSzPy99Dz\" data-secret=\"zLSzPy99Dz\" width=\"600\" height=\"338\" frameborder=\"0\" marginwidth=\"0\" marginheight=\"0\" scrolling=\"no\"><\/iframe>\r\n<\/div><\/figure><br>\n<\/div>\n\n\n\n<div class=\"wp-block-column is-vertically-aligned-center is-layout-flow wp-block-column-is-layout-flow\">\n<h4 class=\"wp-block-heading has-text-align-center\">2026 m. <\/h4>\n\n\n\n<div style=\"height:20px\" aria-hidden=\"true\" class=\"wp-block-spacer\"><\/div>\n\n\n\n<blockquote class=\"wp-embedded-content\" data-secret=\"SsR84nbVci\"><a href=\"https:\/\/neocatechumenaleiter.org\/lt\/neokatechumenatinis-kelias-brangus-indelis-i-baznycios-gyvenima\/\">Neokatechumenatinis kelias: \u201ebrangus ind\u0117lis \u012f Ba\u017eny\u010dios gyvenim\u0105\u201c<\/a><\/blockquote><iframe loading=\"lazy\" class=\"wp-embedded-content\" sandbox=\"allow-scripts\" security=\"restricted\" style=\"position: absolute; visibility: hidden;\" title=\"&#8220;Neokatechumenatinis kelias: \u201ebrangus ind\u0117lis \u012f Ba\u017eny\u010dios gyvenim\u0105\u201c&#8221; &#8212; NEOKATECHUMENATINIS KELIAS\" src=\"https:\/\/neocatechumenaleiter.org\/lt\/neokatechumenatinis-kelias-brangus-indelis-i-baznycios-gyvenima\/embed\/#?secret=BB0oN9Jmjj#?secret=SsR84nbVci\" data-secret=\"SsR84nbVci\" width=\"600\" height=\"338\" frameborder=\"0\" marginwidth=\"0\" marginheight=\"0\" scrolling=\"no\"><\/iframe>\n<\/div>\n<\/div>\n\n<div style=\"height:40px\" aria-hidden=\"true\" class=\"wp-block-spacer\"><\/div>\n","protected":false},"excerpt":{"rendered":"<p>Leonas XIV Biografija Robertas Francisas Prevostas gim\u0117 1955 m. rugs\u0117jo 14 d. \u010cikagoje, Ilinojaus valstijoje, JAV. Jaunyst\u0117je jis \u012fstojo \u012f \u0160ventojo Augustino ordin\u0105 (OSA), kur 1981 m. rugpj\u016b\u010dio 29 d. dav\u0117 i\u0161kilmingus \u012f\u017eadus, o 1982 m. bir\u017eelio 19 d. buvo \u012f\u0161ventintas kunigu. Auk\u0161t\u0105sias studijas jis baig\u0117 \u012fvairiose institucijose: teologijos magistro laipsn\u012f \u010cikagos katalik\u0173 teologijos s\u0105jungoje ir kanon\u0173 teis\u0117s daktaro laipsn\u012f \u0160v. Tomo Akvinie\u010dio Popie\u017ei\u0161kajame universitete Romoje (Angelicum). 1985 m. jis<\/p>\n<div class=\"read-more\"><a class=\"btn read-more-btn\" href=\"https:\/\/neocatechumenaleiter.org\/lt\/popieziu-kalbos\/leonas-xiv\/\">Skaityti vis\u0105<\/a><\/div>\n","protected":false},"author":2,"featured_media":0,"parent":16166,"menu_order":0,"comment_status":"closed","ping_status":"closed","template":"","meta":{"footnotes":""},"class_list":["post-48706","page","type-page","status-publish","hentry"],"_links":{"self":[{"href":"https:\/\/neocatechumenaleiter.org\/lt\/wp-json\/wp\/v2\/pages\/48706","targetHints":{"allow":["GET"]}}],"collection":[{"href":"https:\/\/neocatechumenaleiter.org\/lt\/wp-json\/wp\/v2\/pages"}],"about":[{"href":"https:\/\/neocatechumenaleiter.org\/lt\/wp-json\/wp\/v2\/types\/page"}],"author":[{"embeddable":true,"href":"https:\/\/neocatechumenaleiter.org\/lt\/wp-json\/wp\/v2\/users\/2"}],"replies":[{"embeddable":true,"href":"https:\/\/neocatechumenaleiter.org\/lt\/wp-json\/wp\/v2\/comments?post=48706"}],"version-history":[{"count":3,"href":"https:\/\/neocatechumenaleiter.org\/lt\/wp-json\/wp\/v2\/pages\/48706\/revisions"}],"predecessor-version":[{"id":48713,"href":"https:\/\/neocatechumenaleiter.org\/lt\/wp-json\/wp\/v2\/pages\/48706\/revisions\/48713"}],"up":[{"embeddable":true,"href":"https:\/\/neocatechumenaleiter.org\/lt\/wp-json\/wp\/v2\/pages\/16166"}],"wp:attachment":[{"href":"https:\/\/neocatechumenaleiter.org\/lt\/wp-json\/wp\/v2\/media?parent=48706"}],"curies":[{"name":"wp","href":"https:\/\/api.w.org\/{rel}","templated":true}]}}