{"id":48719,"date":"2020-03-04T03:52:24","date_gmt":"2020-03-04T02:52:24","guid":{"rendered":"https:\/\/neocatechumenaleiter.org\/popieziu-kalbos\/sv-jonas-paulius-ii\/laiskas-apie-kelio-statutu-formulavima-kardinolui-stafford-5-4-2001\/"},"modified":"2026-05-12T08:26:56","modified_gmt":"2026-05-12T07:26:56","slug":"laiskas-apie-kelio-statutu-formulavima-kardinolui-stafford-5-4-2001","status":"publish","type":"page","link":"https:\/\/neocatechumenaleiter.org\/lt\/popieziu-kalbos\/sv-jonas-paulius-ii\/laiskas-apie-kelio-statutu-formulavima-kardinolui-stafford-5-4-2001\/","title":{"rendered":"Lai\u0161kas apie Kelio statut\u0173 formulavim\u0105 kardinolui Stafford, 5-4-2001"},"content":{"rendered":"\n<h1 class=\"has-text-align-center wp-block-heading\">Lai\u0161kas apie Kelio statut\u0173 formulavim\u0105 kardinolui Stafford, 5-4-2001<\/h1>\n\n<div style=\"height:20px\" aria-hidden=\"true\" class=\"wp-block-spacer\"><\/div>\n\n<h4 class=\"has-text-align-center wp-block-heading\">\u0160v. Jonas Paulius II<\/h4>\n\n<div style=\"height:20px\" aria-hidden=\"true\" class=\"wp-block-spacer\"><\/div>\n\n<p><strong>Vatikanas, 2001-\u0173j\u0173 baland\u017eio\u00a0 5 d.<\/strong><\/p>\n\n<p><em>Jonas Paulius II\u00a0 para\u0161\u0117 \u0161i\u0105 \u017einut\u0119 kardinolui James Francis Stafford, Popie\u017ei\u0161kosios tarybos pasaulie\u010di\u0173 klausimais prezidentui, suteikdamas leidim\u0105 apstiprinti Neokatechumeninio kelio statutus, kai \u201ebus tinkamai redaguoti&#8221;\u00a0 ir paveda \u201eateityje toliau palaikyti Keli\u0105&#8221;.<\/em><\/p>\n\n<p><em>\u017dinut\u0117s turinys: \u201e<\/em>Gerbiamajam broliui, kardinolui James Francis Stafford, Popie\u017ei\u0161kosios tarybos pasaulie\u010di\u0173 klausimais prezidentui,<\/p>\n\n<p>1. Pra\u0117jo keturi metai po 1997-\u0173j\u0173 sausio 24 dienos susitikimo su Neokatechumenatinio kelio iniciatoriais ir atsakingaisiais i\u0161 bendruomeni\u0173 i\u0161sklidusi\u0173 po vis\u0105 pasaul\u012f. T\u0105 prog\u0105 prisijungiau j\u0173 bendroje \u0161lovinimo bei d\u0117kojimo maldoje u\u017e Kelio atne\u0161tus vaisius per \u0161iuos 30 met\u0173. Pabr\u0117\u017eiau Kelio kai kuri\u0173 dalyk\u0173 egzistavimo svarb\u0105. Tarp j\u0173 buvo Statutuose numatytoji juridi\u0161ko pripa\u017einimo forma. <em>(Pal. \u201eDiscurso a un grupo de miembros del Camino Neocatecumenal&#8221;, 1997-\u0173j\u0173 sausio 24 d., n. 4: L\u2019Osservatore Romano) <\/em>Tokiu b\u016bdu buvo prad\u0117ta nauja ir lemiama faz\u0117 \u0161iai ba\u017enytinei tikrovei.<\/p>\n\n<p>2. Apa\u0161tali\u0161kajame paraginime <em>Christifideles laici\u00a0<\/em>(1988-\u0173j\u0173 gruod\u017eio 30 dien\u0105) priminiau, kad \u201enei viena charizma yra atleid\u017eiama nuo ry\u0161io ir paklusnumo Ba\u017eny\u010dios ganytojams.&#8221; (24 punktas)\u00a0<em>Lumen Gentium\u00a0<\/em>dogmati\u0161koje konstitucijoje apie tai yra para\u0161yta: \u201eSpr\u0119sti d\u0117l j\u0173 (charizm\u0173) tikrumo ir tinkamo naudojimosi turi tie, kurie vadovauja Ba\u017eny\u010diai; jiems ypa\u010d dera negesinti Dvasios, bet visa i\u0161tirti ir palaikyti tai, kas gera (plg. 1 Tes 5, 12. 19\u201321).&#8221; (12 punktas) I\u0161 tikr\u0173j\u0173, tik su \u0161ia s\u0105lyga charizmos savo skirtingume ir papildomume gali prisid\u0117ti prie bendrojo g\u0117rio (plg. <em>Christifideles laici,<\/em> 24). Tod\u0117l charizm\u0173 pri\u0117mimas ir pripa\u017einimas n\u0117ra lengvas. Reikalingas gilus Dievo valios atpa\u017einimas ir turi b\u016bti lydimas pastovios maldos, kad \u0161irdys atsivert\u0173 Dvasios balsui ir ba\u017eny\u010dios vienybei. \u0160io proceso kulminacija yra oficialus pripa\u017einimo aktas ir statut\u0173, kaip ai\u0161ki ir saugi gyvenimo regula, patvirtinimas. \u0160iuose akimirkose i\u0161gyvenamas did\u017eiulis d\u017eiaugsmas ir d\u0117kingumas Dievui ir Ba\u017eny\u010diai. B\u016bdama nauja prad\u017eia tampa ba\u017enytin\u0117s\u00a0 subrandinta naujos<\/p>\n\n<p>3. \u017dinau su kokiu u\u017esidegimu ir sielovadiniu atsidavimu Popie\u017ei\u0161koji taryba pasaulie\u010di\u0173 klausimais steng\u0117si ir tebesistengia lyd\u0117ti Neokatechumenatin\u012f keli\u0105, \u0161iuose lemiamuose etapuose, tai rei\u0161kia, parengiant Statutus. Pone Kardinole, paved\u017eiau \u0161i\u0105 u\u017eduot\u012f \u0161iai Popie\u017ei\u0161kajai tarybai pasaulie\u010di\u0173 klausimais<\/p>\n","protected":false},"excerpt":{"rendered":"<p>Lai\u0161kas apie Kelio statut\u0173 formulavim\u0105 kardinolui Stafford, 5-4-2001 \u0160v. Jonas Paulius II Vatikanas, 2001-\u0173j\u0173 baland\u017eio\u00a0 5 d. Jonas Paulius II\u00a0 para\u0161\u0117 \u0161i\u0105 \u017einut\u0119 kardinolui James Francis Stafford, Popie\u017ei\u0161kosios tarybos pasaulie\u010di\u0173 klausimais prezidentui, suteikdamas leidim\u0105 apstiprinti Neokatechumeninio kelio statutus, kai \u201ebus tinkamai redaguoti&#8221;\u00a0 ir paveda \u201eateityje toliau palaikyti Keli\u0105&#8221;. \u017dinut\u0117s turinys: \u201eGerbiamajam broliui, kardinolui James Francis Stafford, Popie\u017ei\u0161kosios tarybos pasaulie\u010di\u0173 klausimais prezidentui, 1. Pra\u0117jo keturi metai po 1997-\u0173j\u0173 sausio 24 dienos<\/p>\n<div class=\"read-more\"><a class=\"btn read-more-btn\" href=\"https:\/\/neocatechumenaleiter.org\/lt\/popieziu-kalbos\/sv-jonas-paulius-ii\/laiskas-apie-kelio-statutu-formulavima-kardinolui-stafford-5-4-2001\/\">Skaityti vis\u0105<\/a><\/div>\n","protected":false},"author":2,"featured_media":0,"parent":16071,"menu_order":97,"comment_status":"closed","ping_status":"closed","template":"","meta":{"footnotes":""},"class_list":["post-48719","page","type-page","status-publish","hentry"],"_links":{"self":[{"href":"https:\/\/neocatechumenaleiter.org\/lt\/wp-json\/wp\/v2\/pages\/48719","targetHints":{"allow":["GET"]}}],"collection":[{"href":"https:\/\/neocatechumenaleiter.org\/lt\/wp-json\/wp\/v2\/pages"}],"about":[{"href":"https:\/\/neocatechumenaleiter.org\/lt\/wp-json\/wp\/v2\/types\/page"}],"author":[{"embeddable":true,"href":"https:\/\/neocatechumenaleiter.org\/lt\/wp-json\/wp\/v2\/users\/2"}],"replies":[{"embeddable":true,"href":"https:\/\/neocatechumenaleiter.org\/lt\/wp-json\/wp\/v2\/comments?post=48719"}],"version-history":[{"count":3,"href":"https:\/\/neocatechumenaleiter.org\/lt\/wp-json\/wp\/v2\/pages\/48719\/revisions"}],"predecessor-version":[{"id":48722,"href":"https:\/\/neocatechumenaleiter.org\/lt\/wp-json\/wp\/v2\/pages\/48719\/revisions\/48722"}],"up":[{"embeddable":true,"href":"https:\/\/neocatechumenaleiter.org\/lt\/wp-json\/wp\/v2\/pages\/16071"}],"wp:attachment":[{"href":"https:\/\/neocatechumenaleiter.org\/lt\/wp-json\/wp\/v2\/media?parent=48719"}],"curies":[{"name":"wp","href":"https:\/\/api.w.org\/{rel}","templated":true}]}}