{"id":48723,"date":"2020-03-04T04:06:40","date_gmt":"2020-03-04T03:06:40","guid":{"rendered":"https:\/\/neocatechumenaleiter.org\/popieziu-kalbos\/sv-jonas-paulius-ii\/kalba-romos-redemptoris-mater-seminarijos-nariams-2004-m-kovo-18-d\/"},"modified":"2026-05-12T08:33:57","modified_gmt":"2026-05-12T07:33:57","slug":"kalba-romos-redemptoris-mater-seminarijos-nariams-2004-m-kovo-18-d","status":"publish","type":"page","link":"https:\/\/neocatechumenaleiter.org\/lt\/popieziu-kalbos\/sv-jonas-paulius-ii\/kalba-romos-redemptoris-mater-seminarijos-nariams-2004-m-kovo-18-d\/","title":{"rendered":"Kalba Romos \u201eRedemptoris Mater\u201c seminarijos nariams, 2004 m. kovo 18 d."},"content":{"rendered":"\n<h1 class=\"has-text-align-center wp-block-heading\">Kalba \u201eRedemptoris Mater\u201c seminaro nariams Romoje, 2004 m. kovo 18 d.<\/h1>\n\n<div style=\"height:20px\" aria-hidden=\"true\" class=\"wp-block-spacer\"><\/div>\n\n<h4 class=\"has-text-align-center wp-block-heading\">\u0160v. Jonas Paulius II<\/h4>\n\n<div style=\"height:20px\" aria-hidden=\"true\" class=\"wp-block-spacer\"><\/div>\n\n<p>Vatikanas, 2004 m. kovo 18 d.<\/p>\n\n<p>\u0160ventasis T\u0117vas Jonas Paulius II priva\u010dioje audiencijoje Vatikano Apa\u0161tal\u0173 r\u016bm\u0173 Klemenso sal\u0117je pri\u0117m\u0117 Romos vyskupijos seminarijos \u201eRedemptoris Mater\u201c bendruomen\u0117s narius. Audiencijos prad\u017eioje kardinolas Camillo Ruini, Jo \u0160ventenyb\u0117s Romos vyskupijos generalinis vikaras, kreip\u0117si \u012f Jon\u0105 Pauli\u0173 II \u0161iais sveikinimo \u017eod\u017eiais:<\/p>\n\n<p>\u201e\u0160ventasis T\u0117ve:<br \/>Romos \u201eRedemptoris Mater\u201c seminarijos vyresnieji ir studentai per mane Jums rei\u0161kia vis\u0105 savo \u0161irdyse jau\u010diam\u0105 d\u017eiaugsm\u0105 ir d\u0117kingum\u0105 \u0161iai audiencijai, kuri \u017eymi labai reik\u0161ming\u0105 \u0161ios seminarijos \u0161e\u0161iolikos met\u0173 gyvavimo etap\u0105 po Eucharistijos, kuri\u0105 J\u016bs\u0173 \u0160ventenyb\u0117 kartu su jais \u0161vent\u0117 1993 m. spalio 31 d. \u0160ventasis T\u0117ve, \u0161i vyskupijos ir misionieri\u0173 seminarija, kurios vyresnieji ir studentai yra Neokatechumenatinio kelio dalis, iki \u0161iol i\u0161ugd\u0117 196 \u012f\u0161ventintus kunigus, i\u0161 kuri\u0173 170 yra inkardinuoti Romos vyskupijoje. 74 i\u0161 j\u0173 \u0161iuo metu tarnauja m\u016bs\u0173 vyskupijos parapijose arba vikariate, o kiti dirba kaip fidei donum daugelyje pasaulio \u0161ali\u0173.\u201c Be to, tikimasi, kad gegu\u017e\u0117s 2 d. J\u016bs\u0173 \u0160ventenyb\u0117 \u012f\u0161ventins kunigais 11 diakon\u0173 kartu su kitais Romos vyskupijos diakonais.<\/p>\n\n<p>Patirtis, kuri\u0105 sukaupiau per \u0161iuos metus, tiek asmeni\u0161kai lankantis seminarijoje, tiek bendraujant su ten i\u0161ugdytais kunigais, man patvirtina, \u0160ventasis T\u0117ve, kad \u201eRedemptoris Mater\u201c yra didel\u0117 dovana Romos vyskupijai ir Ba\u017eny\u010diai visame pasaulyje. \u0160ie seminaristai ir kunigai i\u0161 ties\u0173 myli mald\u0105 ir Dievo \u017eod\u012f, i\u0161tikimai laikosi drausm\u0117s ir gyvena bendruomen\u0117je, yra atsidav\u0119 Ba\u017eny\u010dios doktrinai ir yra \u012fkv\u0117pti didelio misionieri\u0161ko uolumo. Be to, su d\u017eiaugsmu galiu paliudyti, \u0160ventasis T\u0117ve, kad jie labai myli J\u016bs\u0173 \u0160ventenyb\u0119 ir J\u016bs\u0173, kaip Petro \u012fp\u0117dinio, tarnyst\u0119. \u0160ventasis T\u0117ve, \u0161ie seminaristai ir j\u0173 vyresnieji laukia J\u016bs\u0173 \u017eod\u017eio ir t\u0117vi\u0161ko palankumo, kad b\u016bt\u0173 ap\u0161viesti j\u0173 formavimo kelyje ir sustiprinti savo pa\u0161aukime tarnauti Ba\u017eny\u010diai, sekant Gerojo Ganytojo, J\u0117zaus Kristaus, pavyzd\u017eiu. Dar kart\u0105 d\u0117koju Jums, \u0160ventasis T\u0117ve; laukiame J\u016bs\u0173 palaiminimo.<\/p>\n\n<div class=\"wp-block-image\"><figure class=\"alignleft size-large\"><img loading=\"lazy\" decoding=\"async\" width=\"768\" height=\"524\" src=\"https:\/\/neocatechumenaleiter.org\/wp-content\/uploads\/2020\/03\/Camino_Neocatecumenal_Juan_Pablo_II_exhortacion_seminaristas_redemptoris_mater_roma_2004.jpg\" alt=\"\" class=\"wp-image-2864\" srcset=\"https:\/\/neocatechumenaleiter.org\/wp-content\/uploads\/2020\/03\/Camino_Neocatecumenal_Juan_Pablo_II_exhortacion_seminaristas_redemptoris_mater_roma_2004.jpg 768w, https:\/\/neocatechumenaleiter.org\/wp-content\/uploads\/2020\/03\/Camino_Neocatecumenal_Juan_Pablo_II_exhortacion_seminaristas_redemptoris_mater_roma_2004-300x205.jpg 300w\" sizes=\"auto, (max-width: 768px) 100vw, 768px\" \/><\/figure><\/div>\n\n<p>Po kardinolo vikaro Camillo Ruini sveikinimo popie\u017eius kreip\u0117si \u012f susirinkusiuosius \u0161ia kalba, kuri\u0105 pateikiame \u017eemiau:<br \/><br \/>\u201eEikite \u012f vis\u0105 pasaul\u012f ir skelbkite ger\u0105j\u0105 naujien\u0105 visai k\u016brinijai\u201c (Mk 16, 15)<\/p>\n\n<p>\u201e1. Mano brangiausi \u201eRedemptoris Mater\u201c vyskupijos seminarijos vyresniieji ir studentai, man malonu jus pasveikinti \u0161iais Prisik\u0117lusio J\u0117zaus \u017eod\u017eiais, kuriuos girdite ir apm\u0105stote per \u0160vent\u0173j\u0173 Kirilo ir Metodijaus \u0161vent\u0119, j\u016bs\u0173 seminarijos kanoninio \u012fk\u016brimo metines.<br \/><br \/>Pirmiausia sveikinu kardinol\u0105 vikar\u0105 ir d\u0117koju jam u\u017e man skirtus \u017eod\u017eius. Su meile sveikinu j\u016bs\u0173 rektori\u0173 monsinjor\u0105 Claudiano Strazzari, kitus vyresniuosius ir formatorius, ir kiekvien\u0105 i\u0161 j\u016bs\u0173, mano brangiausi studentai.\u201c<\/p>\n\n<p>2. Nuo J\u016bs\u0173 seminarijos \u012fk\u016brimo pra\u0117jo daugiau nei \u0161e\u0161iolika met\u0173, o tai buvo nauja ir labai reik\u0161minga patirtis kunig\u0173 ugdyme Naujajai evangelizacijai. Nuo to laiko visame pasaulyje, \u012fkv\u0117ptos J\u016bs\u0173 modelio ir siekian\u010dios toki\u0173 pat tiksl\u0173, atsirado ir kit\u0173 \u201eRedemptoris Mater\u201c seminarij\u0173. Per \u0161iuos metus J\u016bs\u0173 seminarijos duoti vaisiai yra ypa\u010d gaus\u016bs. U\u017e \u0161iuos vaisius kartu su Jumis d\u0117koju Vie\u0161pa\u010diui. U\u017e tuos pa\u010dius vaisius taip pat noriu pad\u0117koti Neokatechumenatiniam keliui, kuriame gim\u0117 ir buvo puosel\u0117jamas J\u016bs\u0173 pa\u0161aukimas. Taip pat d\u0117koju rektoriui ir kitiems vyresniesiems, kurie, r\u016bpestingai vadovaujami kardinolo vikaro, su meile ir i\u0161mintimi vadovauja J\u016bs\u0173 rengimui kunigystei. D\u0117kingos mintys skirtos ir Kelio \u012fk\u016br\u0117jams, kuriems esame skolingi laiming\u0105 \u012f\u017evalg\u0105 si\u016blyti J\u016bs\u0173 seminarijos \u012fk\u016brim\u0105 ir kurie taip dosniai pasi\u0161ven\u010dia puosel\u0117ti pa\u0161aukimus \u012f kunigyst\u0119 ir pa\u0161v\u0119st\u0105j\u012f gyvenim\u0105 pa\u010diame Kelyje. Taip pat nor\u0117\u010diau kartu su jumis prisiminti du vyskupus, monsinjor\u0105 Giulio Salimei ir monsinjor\u0105 Maximino Romero, kurie, vienas kaip rektorius, o kitas kaip dvasinis t\u0117vas, savo ap\u0161viestu atsidavimu ir pavyzdingu gyvenimu labai prisid\u0117jo prie \u201eRedemptoris Mater\u201c pradinio vystymosi ir s\u0117kmingo formavimo.<br \/><br \/>Taip pat malonu pabr\u0117\u017eti, kaip jau min\u0117jo kardinolas vikaras, kad per \u0161iuos \u0161e\u0161iolika met\u0173 i\u0161 j\u016bs\u0173 seminarijos i\u0161\u0117jo daug uoli\u0173 kunig\u0173, kurie, kaip tik\u0117jimo ir dosnumo kunigai, i\u0161 dalies pasi\u0161vent\u0117 Romos vyskupijos pastoracinei tarnybai, o i\u0161 dalies \u2013 misionieri\u0161kam darbui visame pasaulyje.<\/p>\n\n<p>3. Norint pasiekti \u0161i\u0173 teigiam\u0173 rezultat\u0173, viso formavimo metu b\u016btina visada nepamir\u0161ti tarnaujamosios kunigyst\u0117s prigimties ir ypatybi\u0173, kaip iliustruoja Antrasis Vatikano Susirinkimas ir posinodinis apa\u0161tali\u0161kasis paraginimas Pastores dabo vobis. I\u0161 ties\u0173, bendroji tikin\u010di\u0173j\u0173 kunigyst\u0117 ir tarnaujamoji kunigyst\u0117 yra viena kitai skirtos ir glaud\u017eiai susijusios; abi savaip dalyvauja vienoje Kristaus kunigyst\u0117je. Ta\u010diau j\u0173 skirtumas yra esminis ir ne tik laipsnio (plg. Lumen gentium, 10). \u0160ventim\u0173 sakramento galia kunigai yra ypatingu b\u016bdu supana\u0161inti su J\u0117zumi Kristumi kaip savo tautos galva ir ganytoju, ir pagal Kristaus paveiksl\u0105 jie turi skirti savo gyvenim\u0105 \u0161ios tautos tarnystei. D\u0117l \u0161ios prie\u017easties, b\u016btent sakramentaliai atstovaudami J\u0117zui Kristui, Galvai ir Ganytojui, jie yra pa\u0161aukti vadovauti, glaud\u017eiai bendraujant su vyskupu, jiems patik\u0117toms bendruomen\u0117ms, pagal kiekvien\u0105 i\u0161 trij\u0173 matmen\u0173 \u2013 prana\u0161i\u0161k\u0105, kunigi\u0161k\u0105 ir karali\u0161k\u0105j\u012f \u2013 kuriuose i\u0161rei\u0161kiama viena Kristaus ir Ba\u017eny\u010dios misija (plg. Pastores dabo vobis, 12\u201316).<\/p>\n\n<div class=\"wp-block-image\"><figure class=\"alignright size-large\"><img loading=\"lazy\" decoding=\"async\" width=\"768\" height=\"522\" src=\"https:\/\/neocatechumenaleiter.org\/wp-content\/uploads\/2020\/03\/Camino_Neocatecumenal_Juan_Pablo_II_exhortacion_seminaristas_redemptoris_mater_roma_2004_2.jpg\" alt=\"\" class=\"wp-image-2871\" srcset=\"https:\/\/neocatechumenaleiter.org\/wp-content\/uploads\/2020\/03\/Camino_Neocatecumenal_Juan_Pablo_II_exhortacion_seminaristas_redemptoris_mater_roma_2004_2.jpg 768w, https:\/\/neocatechumenaleiter.org\/wp-content\/uploads\/2020\/03\/Camino_Neocatecumenal_Juan_Pablo_II_exhortacion_seminaristas_redemptoris_mater_roma_2004_2-300x204.jpg 300w\" sizes=\"auto, (max-width: 768px) 100vw, 768px\" \/><\/figure><\/div>\n\n<p>Brangiausi seminaristai, laikydamiesi \u0161ios sveikos doktrinos savo ugdymo metu ir v\u0117liau kasdien vykdydami kunigi\u0161k\u0105j\u0105 tarnyst\u0119, gal\u0117site d\u017eiaugsmingai gyventi kunigyst\u0117s malone ir u\u017etikrinti autenti\u0161k\u0105 bei vaising\u0105 tarnyst\u0119 Romos vyskupijai ir seserin\u0117ms Ba\u017eny\u010dioms, \u012f kurias b\u016bsite pasi\u0173sti. Malda, studijos ir bendruomeninis gyvenimas, gerai suderinti ugdymo plane ir i\u0161tikimai bei dosniai \u012fgyvendinami konkre\u010diame j\u016bs\u0173 seminarijos egzistavime, yra keliai, kuriais Vie\u0161pats jumyse diena i\u0161 dienos formuoja \u201eRedemptoris Mater\u201c seminarijos \u2013 Kristaus, Gerojo Ganytojo, \u2013 paveiksl\u0105.<\/p>\n\n<p>4. Remdamiesi \u0161iais pagrindais, gal\u0117site pasiruo\u0161ti&#013;\ntaip pat ramiai ir vaisingai gyventi, b\u016bdami kunigais,&#013;\ni\u0161reik\u0161dami savo esmin\u0119 ir bes\u0105lygi\u0161k\u0105 priklausomyb\u0119 vyskupijos presbiteratui, kurio esminis atskaitos ta\u0161kas yra vyskupas, ir kartu gilus ry\u0161ys, vienijantis jus su Neokatechumenatinio kelio patirtimi. I\u0161 ties\u0173, kaip ra\u0161oma Kelio statuto 18 straipsnyje, \u201eRedemptoris Mater\u201c vyskupijos ir misionieri\u0173 seminarijose \u201ekandidatai \u012f kunigus dalyvaudami Neokatechumenatiniame kelyje atranda specifin\u012f ir esmin\u012f savo ugdymo element\u0105 ir kartu ruo\u0161iasi tikrajam kunigi\u0161kajam pa\u0161aukimui tarnauti visai Dievo tautai broli\u0161koje presbiterato bendryst\u0117je\u201c.<\/p>\n\n<p>Taip pat labai svarbu vengti klaidingo dichotomijos tarp pastoracin\u0117s tarnyst\u0117s j\u016bs\u0173 vyskupijoje ir visuotin\u0117s misijos iki \u017eem\u0117s pakra\u0161\u010di\u0173, kuri kyla i\u0161 j\u016bs\u0173 sakramentinio dalyvavimo Kristaus kunigyst\u0117je (plg. Pastores dabo vobis, 17\u201318) ir kuriai j\u016bs ruo\u0161iat\u0117s ypa\u010d per Neokatechumenatinio kelio patirt\u012f. I\u0161 ties\u0173, j\u016bs\u0173 ypatinga lemtis priklauso vyskupui, kuris r\u016bpinasi tiek savo vyskupijos poreikiais, tiek visuotin\u0117s misijos reikalavimais. Priimdami jo sprendimus su pasitik\u0117jimu ir nuo\u0161ird\u017eiu paklusnumu, rasite savo ramyb\u0119 ir vidin\u0119 tyl\u0105 ir gal\u0117site i\u0161reik\u0161ti savo misionieri\u0161k\u0105 charizm\u0105 kiekvienoje situacijoje, nes ir \u010dia, Romoje, pastoracinei tarnystei b\u016bdingas ir vis labiau turi b\u016bti b\u016bdingas evangelizacijos prioritetas.<\/p>\n\n<p>5. Mano brangiausi Romos \u201eRedemptoris Mater\u201c seminarijos vyresniieji ir studentai, visada tik\u0117jimo akimis \u017evelgkite \u012f savo gyvenim\u0105, pa\u0161aukim\u0105 ir misij\u0105. \u0160io susitikimo pabaigoje noriu dar kart\u0105 i\u0161reik\u0161ti jums jau\u010diam\u0105 meil\u0119 ir pasitik\u0117jim\u0105 bei u\u017etikrinti, kad nuolat meld\u017eiuosi u\u017e kiekvien\u0105 i\u0161 j\u016bs\u0173, u\u017e vis\u0105 seminarij\u0105, u\u017e Neokatechumenatinio kelio bendruomenes ir ypa\u010d u\u017e jose br\u0119stan\u010dius kunigi\u0161kuosius pa\u0161aukimus.<\/p>\n\n<p>Su \u0161iomis nuotaikomis teikiu jums visiems ir j\u016bs\u0173 artimiesiems apa\u0161tali\u0161k\u0105j\u012f palaiminim\u0105.\u201c<\/p>\n","protected":false},"excerpt":{"rendered":"<p>Kalba \u201eRedemptoris Mater\u201c seminaro nariams Romoje, 2004 m. kovo 18 d. \u0160v. Jonas Paulius II Vatikanas, 2004 m. kovo 18 d. \u0160ventasis T\u0117vas Jonas Paulius II priva\u010dioje audiencijoje Vatikano Apa\u0161tal\u0173 r\u016bm\u0173 Klemenso sal\u0117je pri\u0117m\u0117 Romos vyskupijos seminarijos \u201eRedemptoris Mater\u201c bendruomen\u0117s narius. Audiencijos prad\u017eioje kardinolas Camillo Ruini, Jo \u0160ventenyb\u0117s Romos vyskupijos generalinis vikaras, kreip\u0117si \u012f Jon\u0105 Pauli\u0173 II \u0161iais sveikinimo \u017eod\u017eiais: \u201e\u0160ventasis T\u0117ve:Romos \u201eRedemptoris Mater\u201c seminarijos vyresnieji ir studentai per mane<\/p>\n<div class=\"read-more\"><a class=\"btn read-more-btn\" href=\"https:\/\/neocatechumenaleiter.org\/lt\/popieziu-kalbos\/sv-jonas-paulius-ii\/kalba-romos-redemptoris-mater-seminarijos-nariams-2004-m-kovo-18-d\/\">Skaityti vis\u0105<\/a><\/div>\n","protected":false},"author":2,"featured_media":0,"parent":16071,"menu_order":100,"comment_status":"closed","ping_status":"closed","template":"","meta":{"footnotes":""},"class_list":["post-48723","page","type-page","status-publish","hentry"],"_links":{"self":[{"href":"https:\/\/neocatechumenaleiter.org\/lt\/wp-json\/wp\/v2\/pages\/48723","targetHints":{"allow":["GET"]}}],"collection":[{"href":"https:\/\/neocatechumenaleiter.org\/lt\/wp-json\/wp\/v2\/pages"}],"about":[{"href":"https:\/\/neocatechumenaleiter.org\/lt\/wp-json\/wp\/v2\/types\/page"}],"author":[{"embeddable":true,"href":"https:\/\/neocatechumenaleiter.org\/lt\/wp-json\/wp\/v2\/users\/2"}],"replies":[{"embeddable":true,"href":"https:\/\/neocatechumenaleiter.org\/lt\/wp-json\/wp\/v2\/comments?post=48723"}],"version-history":[{"count":3,"href":"https:\/\/neocatechumenaleiter.org\/lt\/wp-json\/wp\/v2\/pages\/48723\/revisions"}],"predecessor-version":[{"id":48726,"href":"https:\/\/neocatechumenaleiter.org\/lt\/wp-json\/wp\/v2\/pages\/48723\/revisions\/48726"}],"up":[{"embeddable":true,"href":"https:\/\/neocatechumenaleiter.org\/lt\/wp-json\/wp\/v2\/pages\/16071"}],"wp:attachment":[{"href":"https:\/\/neocatechumenaleiter.org\/lt\/wp-json\/wp\/v2\/media?parent=48723"}],"curies":[{"name":"wp","href":"https:\/\/api.w.org\/{rel}","templated":true}]}}