{"id":16371,"date":"2020-07-01T20:49:22","date_gmt":"2020-07-01T19:49:22","guid":{"rendered":"https:\/\/neocatechumenaleiter.org\/pasta_kluda\/"},"modified":"2020-11-11T09:04:48","modified_gmt":"2020-11-11T08:04:48","slug":"pasta_kluda","status":"publish","type":"page","link":"https:\/\/neocatechumenaleiter.org\/lv\/pasta_kluda\/","title":{"rendered":"Pasta_k\u013c\u016bda"},"content":{"rendered":"\n<h2 class=\"has-text-align-center wp-block-heading\">Par\u0101dij\u0101s neparedz\u0113ta k\u013c\u016bda<\/h2>\n\n<div style=\"height:20px\" aria-hidden=\"true\" class=\"wp-block-spacer\"><\/div>\n\n<h5 class=\"has-text-align-center wp-block-heading\">Atgriezies atpaka\u013c un pam\u0113\u0123ini p\u0113c da\u017e\u0101m min\u016bt\u0113m izs\u016bt\u012bt izzi\u0146u v\u0113lreiz.<\/h5>\n","protected":false},"excerpt":{"rendered":"<p>Par\u0101dij\u0101s neparedz\u0113ta k\u013c\u016bda Atgriezies atpaka\u013c un pam\u0113\u0123ini p\u0113c da\u017e\u0101m min\u016bt\u0113m izs\u016bt\u012bt izzi\u0146u v\u0113lreiz.<\/p>\n","protected":false},"author":2,"featured_media":0,"parent":0,"menu_order":0,"comment_status":"closed","ping_status":"closed","template":"","meta":{"footnotes":""},"class_list":["post-16371","page","type-page","status-publish","hentry"],"_links":{"self":[{"href":"https:\/\/neocatechumenaleiter.org\/lv\/wp-json\/wp\/v2\/pages\/16371","targetHints":{"allow":["GET"]}}],"collection":[{"href":"https:\/\/neocatechumenaleiter.org\/lv\/wp-json\/wp\/v2\/pages"}],"about":[{"href":"https:\/\/neocatechumenaleiter.org\/lv\/wp-json\/wp\/v2\/types\/page"}],"author":[{"embeddable":true,"href":"https:\/\/neocatechumenaleiter.org\/lv\/wp-json\/wp\/v2\/users\/2"}],"replies":[{"embeddable":true,"href":"https:\/\/neocatechumenaleiter.org\/lv\/wp-json\/wp\/v2\/comments?post=16371"}],"version-history":[{"count":3,"href":"https:\/\/neocatechumenaleiter.org\/lv\/wp-json\/wp\/v2\/pages\/16371\/revisions"}],"predecessor-version":[{"id":19084,"href":"https:\/\/neocatechumenaleiter.org\/lv\/wp-json\/wp\/v2\/pages\/16371\/revisions\/19084"}],"wp:attachment":[{"href":"https:\/\/neocatechumenaleiter.org\/lv\/wp-json\/wp\/v2\/media?parent=16371"}],"curies":[{"name":"wp","href":"https:\/\/api.w.org\/{rel}","templated":true}]}}