{"id":16387,"date":"2020-07-02T07:33:42","date_gmt":"2020-07-02T06:33:42","guid":{"rendered":"https:\/\/neocatechumenaleiter.org\/pasts_ok\/"},"modified":"2020-11-11T09:04:07","modified_gmt":"2020-11-11T08:04:07","slug":"pasts_ok","status":"publish","type":"page","link":"https:\/\/neocatechumenaleiter.org\/lv\/pasts_ok\/","title":{"rendered":"Pasts_OK"},"content":{"rendered":"\n<h2 class=\"has-text-align-center wp-block-heading\">J\u016bsu izzi\u0146a bija veiksm\u012bgi izs\u016bt\u012bta!<\/h2>\n\n<div style=\"height:20px\" aria-hidden=\"true\" class=\"wp-block-spacer\"><\/div>\n\n<h5 class=\"has-text-align-center wp-block-heading\">Ja b\u016bs nepiecie\u0161ami, m\u0113s atbild\u0113sim uz nor\u0101d\u012bto e-pastu.<\/h5>\n","protected":false},"excerpt":{"rendered":"<p>J\u016bsu izzi\u0146a bija veiksm\u012bgi izs\u016bt\u012bta! Ja b\u016bs nepiecie\u0161ami, m\u0113s atbild\u0113sim uz nor\u0101d\u012bto e-pastu.<\/p>\n","protected":false},"author":2,"featured_media":0,"parent":0,"menu_order":0,"comment_status":"closed","ping_status":"closed","template":"","meta":{"footnotes":""},"class_list":["post-16387","page","type-page","status-publish","hentry"],"_links":{"self":[{"href":"https:\/\/neocatechumenaleiter.org\/lv\/wp-json\/wp\/v2\/pages\/16387","targetHints":{"allow":["GET"]}}],"collection":[{"href":"https:\/\/neocatechumenaleiter.org\/lv\/wp-json\/wp\/v2\/pages"}],"about":[{"href":"https:\/\/neocatechumenaleiter.org\/lv\/wp-json\/wp\/v2\/types\/page"}],"author":[{"embeddable":true,"href":"https:\/\/neocatechumenaleiter.org\/lv\/wp-json\/wp\/v2\/users\/2"}],"replies":[{"embeddable":true,"href":"https:\/\/neocatechumenaleiter.org\/lv\/wp-json\/wp\/v2\/comments?post=16387"}],"version-history":[{"count":3,"href":"https:\/\/neocatechumenaleiter.org\/lv\/wp-json\/wp\/v2\/pages\/16387\/revisions"}],"predecessor-version":[{"id":19082,"href":"https:\/\/neocatechumenaleiter.org\/lv\/wp-json\/wp\/v2\/pages\/16387\/revisions\/19082"}],"wp:attachment":[{"href":"https:\/\/neocatechumenaleiter.org\/lv\/wp-json\/wp\/v2\/media?parent=16387"}],"curies":[{"name":"wp","href":"https:\/\/api.w.org\/{rel}","templated":true}]}}