{"id":16389,"date":"2020-02-27T23:27:17","date_gmt":"2020-02-27T22:27:17","guid":{"rendered":"https:\/\/neocatechumenaleiter.org\/pavestu-uzrunas\/"},"modified":"2021-08-10T10:58:47","modified_gmt":"2021-08-10T09:58:47","slug":"pavestu-uzrunas","status":"publish","type":"page","link":"https:\/\/neocatechumenaleiter.org\/lv\/pavestu-uzrunas\/","title":{"rendered":"P\u0101vestu uzrunas"},"content":{"rendered":"\n<h1 class=\"has-text-align-center wp-block-heading\">P\u0101vestu uzrunas<\/h1>\n\n<h4 class=\"has-text-align-center wp-block-heading\">Neokatehumen\u0101lais Ce\u013c\u0161 Pavestu v\u0101rdos: uzrunas, audiences, pamudin\u0101jumi, atz\u012b\u0161anas, apstiprin\u0101jumi.<\/h4>\n\n<div style=\"height:20px\" aria-hidden=\"true\" class=\"wp-block-spacer\"><\/div>\n\n<p>Sv. P\u0101vils VI (1976. gada 4. august\u0101): \u201eM\u016bsu laikiem ir nepiecie\u0161am\u012bba no jauna \u0146emties Bazn\u012bcas celtniec\u012bbu. Psiholo\u0123iski un pastor\u0101liski it k\u0101 s\u0101ktu no jauna, citiem v\u0101rdiem, ir nepiecie\u0161ami atdzimt.\u201d<\/p>\n\n<p>Pirmie apustu\u013ci, maz\u0101s eva\u0146\u0123\u0113liz\u0101cijas grup\u0101s g\u0101ja pa sinagog\u0101m sludin\u0101dami Labo vesti: Dievs aug\u0161\u0101mc\u0113la savu kalpu J\u0113zu; t\u0101, no kura m\u0113s bij\u0101m atteiku\u0161ies izv\u0113l\u0113dami slepkavu; tas, kur\u0161 nomira nepretojoties \u013caunumam, m\u012bl\u0113dams savus ienaidniekus un tiem piedodams (\u201ePiedod vi\u0146iem, jo nezina, ko vi\u0146i dara\u201d); tas, kur\u0161 upur\u0113ja \u013caundaru darb\u012bbu- cie\u0161anas uz krusta- pierad\u012bdams, ka vi\u0146a m\u012blest\u012bba liel\u0101k\u0101 par n\u0101vi un ka vi\u0146\u0161 neskatoties uz to m\u012bl\u0113ja tos, kuri vi\u0146u non\u0101v\u0113ja. Dievs vi\u0146u aug\u0161\u0101mc\u0113la no miro\u0146iem un \u0161odien Vi\u0146\u0161 dz\u012bvo, lai piedotu jebkuru noziedz\u012bbu. (Kiko Arg\u00fcello)<\/p>\n<figure class=\"wp-block-gallery columns-4 is-cropped\"><ul class=\"blocks-gallery-grid\"><li class=\"blocks-gallery-item\">\r\n        \t<figure><a href=\"https:\/\/neocatechumenaleiter.org\/lv\/pavestu-uzrunas\/sv-pavils-vi\/\"><img loading=\"lazy\" decoding=\"async\" width=\"500\" height=\"600\" src=\"https:\/\/neocatechumenaleiter.org\/wp-content\/uploads\/2020\/02\/Camino_Neocatecumenal_S_Pablo_VI.jpg\" alt=\"\" data-id=\"891\" data-full-url=\"https:\/\/neocatechumenaleiter.org\/wp-content\/uploads\/2020\/02\/Camino_Neocatecumenal_S_Pablo_VI.jpg\" data-link=\"https:\/\/neocatechumenaleiter.org\/palabras-de-los-papas\/s-pablo-vi\/\" class=\"wp-image-12066\" srcset=\"https:\/\/neocatechumenaleiter.org\/wp-content\/uploads\/2020\/02\/Camino_Neocatecumenal_S_Pablo_VI.jpg 500w, https:\/\/neocatechumenaleiter.org\/wp-content\/uploads\/2020\/02\/Camino_Neocatecumenal_S_Pablo_VI-250x300.jpg 250w\" sizes=\"auto, (max-width: 500px) 100vw, 500px\" \/><figcaption class=\"blocks-gallery-item__caption\">Sv. Pavils VI<\/figcaption><\/a>\r\n            <\/figure><\/li>\r\n        <li class=\"blocks-gallery-item\">\r\n        \t<figure><a href=\"https:\/\/neocatechumenaleiter.org\/lv\/pavestu-uzrunas\/sv-janis-pavils-ii\/\"><img loading=\"lazy\" decoding=\"async\" width=\"500\" height=\"600\" src=\"https:\/\/neocatechumenaleiter.org\/wp-content\/uploads\/2020\/02\/Camino_Neocatecumenal_S_Juan_Pablo_II.jpg\" alt=\"\" data-id=\"885\" data-full-url=\"https:\/\/neocatechumenaleiter.org\/wp-content\/uploads\/2020\/02\/Camino_Neocatecumenal_S_Juan_Pablo_II.jpg\" data-link=\"https:\/\/neocatechumenaleiter.org\/palabras-de-los-papas\/s-juan-pablo-ii\/\" class=\"wp-image-12049\" srcset=\"https:\/\/neocatechumenaleiter.org\/wp-content\/uploads\/2020\/02\/Camino_Neocatecumenal_S_Juan_Pablo_II.jpg 500w, https:\/\/neocatechumenaleiter.org\/wp-content\/uploads\/2020\/02\/Camino_Neocatecumenal_S_Juan_Pablo_II-250x300.jpg 250w\" sizes=\"auto, (max-width: 500px) 100vw, 500px\" \/><figcaption class=\"blocks-gallery-item__caption\">Sv. Janis Pavils II<\/figcaption><\/a>\r\n            <\/figure><\/li>\r\n        <li class=\"blocks-gallery-item\">\r\n        \t<figure><a href=\"https:\/\/neocatechumenaleiter.org\/lv\/pavestu-uzrunas\/benedikts-xvi\/\"><img loading=\"lazy\" decoding=\"async\" width=\"500\" height=\"600\" src=\"https:\/\/neocatechumenaleiter.org\/wp-content\/uploads\/2020\/02\/Camino_Neocatecumenal_Papa_Benedicto_XVI.jpg\" alt=\"\" data-id=\"873\" data-full-url=\"https:\/\/neocatechumenaleiter.org\/wp-content\/uploads\/2020\/02\/Camino_Neocatecumenal_Papa_Benedicto_XVI.jpg\" data-link=\"https:\/\/neocatechumenaleiter.org\/palabras-de-los-papas\/benedicto-xvi\/\" class=\"wp-image-12058\" srcset=\"https:\/\/neocatechumenaleiter.org\/wp-content\/uploads\/2020\/02\/Camino_Neocatecumenal_Papa_Benedicto_XVI.jpg 500w, https:\/\/neocatechumenaleiter.org\/wp-content\/uploads\/2020\/02\/Camino_Neocatecumenal_Papa_Benedicto_XVI-250x300.jpg 250w\" sizes=\"auto, (max-width: 500px) 100vw, 500px\" \/><figcaption class=\"blocks-gallery-item__caption\">Benedikts XVI<\/figcaption><\/a>\r\n            <\/figure><\/li>\r\n        <li class=\"blocks-gallery-item\">\r\n        \t<figure><a href=\"https:\/\/neocatechumenaleiter.org\/lv\/pavestu-uzrunas\/francisks\/\"><img loading=\"lazy\" decoding=\"async\" width=\"500\" height=\"600\" src=\"https:\/\/neocatechumenaleiter.org\/wp-content\/uploads\/2020\/02\/Camino_Neocatecumenal_Papa_Francisco.jpg\" alt=\"\" data-id=\"879\" data-full-url=\"https:\/\/neocatechumenaleiter.org\/wp-content\/uploads\/2020\/02\/Camino_Neocatecumenal_Papa_Francisco.jpg\" data-link=\"https:\/\/neocatechumenaleiter.org\/palabras-de-los-papas\/francisco\/\" class=\"wp-image-12062\" srcset=\"https:\/\/neocatechumenaleiter.org\/wp-content\/uploads\/2020\/02\/Camino_Neocatecumenal_Papa_Francisco.jpg 500w, https:\/\/neocatechumenaleiter.org\/wp-content\/uploads\/2020\/02\/Camino_Neocatecumenal_Papa_Francisco-250x300.jpg 250w\" sizes=\"auto, (max-width: 500px) 100vw, 500px\" \/><figcaption class=\"blocks-gallery-item__caption\">Francisks<\/figcaption><\/a>\r\n            <\/figure><\/li>\r\n    <\/ul><\/figure>","protected":false},"excerpt":{"rendered":"<p>P\u0101vestu uzrunas Neokatehumen\u0101lais Ce\u013c\u0161 Pavestu v\u0101rdos: uzrunas, audiences, pamudin\u0101jumi, atz\u012b\u0161anas, apstiprin\u0101jumi. Sv. P\u0101vils VI (1976. gada 4. august\u0101): \u201eM\u016bsu laikiem ir nepiecie\u0161am\u012bba no jauna \u0146emties Bazn\u012bcas celtniec\u012bbu. Psiholo\u0123iski un pastor\u0101liski it k\u0101 s\u0101ktu no jauna, citiem v\u0101rdiem, ir nepiecie\u0161ami atdzimt.\u201d Pirmie apustu\u013ci, maz\u0101s eva\u0146\u0123\u0113liz\u0101cijas grup\u0101s g\u0101ja pa sinagog\u0101m sludin\u0101dami Labo vesti: Dievs aug\u0161\u0101mc\u0113la savu kalpu J\u0113zu; t\u0101, no kura m\u0113s bij\u0101m atteiku\u0161ies izv\u0113l\u0113dami slepkavu; tas, kur\u0161 nomira nepretojoties \u013caunumam, m\u012bl\u0113dams<\/p>\n<div class=\"read-more\"><a class=\"btn read-more-btn\" href=\"https:\/\/neocatechumenaleiter.org\/lv\/pavestu-uzrunas\/\">Las\u012bt vair\u0101k<\/a><\/div>\n","protected":false},"author":2,"featured_media":0,"parent":0,"menu_order":0,"comment_status":"closed","ping_status":"closed","template":"","meta":{"footnotes":""},"class_list":["post-16389","page","type-page","status-publish","hentry"],"_links":{"self":[{"href":"https:\/\/neocatechumenaleiter.org\/lv\/wp-json\/wp\/v2\/pages\/16389","targetHints":{"allow":["GET"]}}],"collection":[{"href":"https:\/\/neocatechumenaleiter.org\/lv\/wp-json\/wp\/v2\/pages"}],"about":[{"href":"https:\/\/neocatechumenaleiter.org\/lv\/wp-json\/wp\/v2\/types\/page"}],"author":[{"embeddable":true,"href":"https:\/\/neocatechumenaleiter.org\/lv\/wp-json\/wp\/v2\/users\/2"}],"replies":[{"embeddable":true,"href":"https:\/\/neocatechumenaleiter.org\/lv\/wp-json\/wp\/v2\/comments?post=16389"}],"version-history":[{"count":5,"href":"https:\/\/neocatechumenaleiter.org\/lv\/wp-json\/wp\/v2\/pages\/16389\/revisions"}],"predecessor-version":[{"id":23906,"href":"https:\/\/neocatechumenaleiter.org\/lv\/wp-json\/wp\/v2\/pages\/16389\/revisions\/23906"}],"wp:attachment":[{"href":"https:\/\/neocatechumenaleiter.org\/lv\/wp-json\/wp\/v2\/media?parent=16389"}],"curies":[{"name":"wp","href":"https:\/\/api.w.org\/{rel}","templated":true}]}}