{"id":16593,"date":"2020-02-29T02:02:56","date_gmt":"2020-02-29T01:02:56","guid":{"rendered":"https:\/\/neocatechumenaleiter.org\/pavestu-uzrunas\/francisks\/"},"modified":"2021-08-10T11:05:58","modified_gmt":"2021-08-10T10:05:58","slug":"francisks","status":"publish","type":"page","link":"https:\/\/neocatechumenaleiter.org\/lv\/pavestu-uzrunas\/francisks\/","title":{"rendered":"Francisks"},"content":{"rendered":"\n<h1 class=\"has-text-align-center wp-block-heading\">Francisks<\/h1>\n\n<div style=\"height:21px\" aria-hidden=\"true\" class=\"wp-block-spacer\"><\/div>\n\n<h4 class=\"has-text-align-center wp-block-heading\">Biogr\u0101fija<\/h4>\n\n<div style=\"height:20px\" aria-hidden=\"true\" class=\"wp-block-spacer\"><\/div>\n\n<div style=\"height:20px\" aria-hidden=\"true\" class=\"wp-block-spacer\"><\/div>\n\n<div class=\"wp-block-image is-style-default\"><figure class=\"alignleft size-medium\"><img loading=\"lazy\" decoding=\"async\" width=\"250\" height=\"300\" src=\"https:\/\/neocatechumenaleiter.org\/wp-content\/uploads\/2020\/02\/Camino_Neocatecumenal_Papa_Francisco-250x300.jpg\" alt=\"P&#x101;vests Francisks\" class=\"wp-image-879\" srcset=\"https:\/\/neocatechumenaleiter.org\/wp-content\/uploads\/2020\/02\/Camino_Neocatecumenal_Papa_Francisco-250x300.jpg 250w, https:\/\/neocatechumenaleiter.org\/wp-content\/uploads\/2020\/02\/Camino_Neocatecumenal_Papa_Francisco.jpg 500w\" sizes=\"auto, (max-width: 250px) 100vw, 250px\" \/><\/figure><\/div>\n\n<p>Jorge Mario Bergoglio ir dzimis Buenos Air\u0113s (Argentina) 1936. gada 17. decembr\u012b.<\/p>\n\n<p>1969. gad\u0101 13. decembr\u012b arhib\u012bskaps Ram\u00f3n Jos\u00e9 Castellano iesv\u0113t\u012bja par priesteri. <\/p>\n\n<p>1998. gad\u0101 tika noz\u012bm\u0113ts par Buenosaires\u0101 arhib\u012bskapu un 2001. gad\u0101 J\u0101nis P\u0101vils II nomin\u0113ja par kardin\u0101lu.<\/p>\n\n<p>2002. gad\u0101 vi\u0146\u0161 bija viens no kandid\u0101tiem k\u013c\u016bt par Argent\u012bnas B\u012bskapu konferences prezidentu. Tikai p\u0113c tr\u012bs gadiem, 2005. gad\u0101, bija izv\u0113l\u0113ts. Turkl\u0101t 2008. gad\u0101 no jauna apstiprin\u0101ts v\u0113l tr\u012bs gadu termi\u0146am.<\/p>\n\n<p>2005. gad\u0101 bija piedal\u012bjies Konkl\u0101v\u0101, kur toreiz par p\u0101vestu k\u013cuva Benedikts XVI.<\/p>\n\n<p>2013. gada 13. mart\u0101 izv\u0113l\u0113ts par Benedikta XVI p\u0113cteci. Vi\u0146\u0161- pirmais p\u0101vests no Amerikas. Vi\u0146\u0161 ir dz\u012bv\u012bbas kop\u0161 ie\u0146em\u0161anas br\u012b\u017ea l\u012bdz dabiskai n\u0101vei, aizst\u0101vis.<\/p>\n\n<div style=\"height:20px\" aria-hidden=\"true\" class=\"wp-block-spacer\"><\/div>\n\n<hr class=\"wp-block-separator\"\/>\n\n<div style=\"height:20px\" aria-hidden=\"true\" class=\"wp-block-spacer\"><\/div>\n\n<h3 class=\"has-text-align-center wp-block-heading\">Dokumenti<\/h3>\n\n<div style=\"height:20px\" aria-hidden=\"true\" class=\"wp-block-spacer\"><\/div>\n<section id=\"search-2\" class=\"widget widget_search\"><form role=\"search\" method=\"get\" class=\"search-form\" action=\"https:\/\/neocatechumenaleiter.org\/lv\">\r\n\t<label for=\"search-form-5e59be1dc1b02\">\r\n\t\t<span class=\"screen-reader-text\">Mekl\u0113t:<\/span>\r\n        <input type=\"search\" id=\"search-form-5e59be1dc1b02\" class=\"search-field\" placeholder=\"Mekl\u0113t \u2026\" value=\"\" name=\"s\"\/><\/label>\r\n\t<button type=\"submit\" class=\"search-submit\">\r\n    \t<span class=\"screen-reader-text\">Mekl\u0113t<\/span>\r\n        <i class=\"icon-magnifier\"><\/i>\r\n    <\/button>\r\n<\/form>\r\n<\/section>\n<div style=\"height:20px\" aria-hidden=\"true\" class=\"wp-block-spacer\"><\/div>\n<div class=\"columna-papas\">\r\n    <h4 class=\"has-text-align-center\">2013. Gads<\/h4>\r\n    <div style=\"height:20px\" aria-hidden=\"true\" class=\"wp-block-spacer\"><\/div>\r\n    <a href=\"https:\/\/neocatechumenaleiter.org\/lv\/pavestu-uzrunas\/francisks\/kunga-engelis-sveiciens-romas-neokatehumenalam-kopienam-esosam-misija-pilsetas-laukumos-7-iv-2013\/\"><h6 class=\"has-text-align-left\">\u00abRegina Coeli\u00bb l\u016bg\u0161ana par misij\u0101m Romas laukumos 7-IV-2013<\/h6><\/a>\r\n<\/div>\r\n<div class=\"columna-papas\" style=\"background: #f7f7f7;\">\r\n    <h4 class=\"has-text-align-center\">2014. Gads<\/h4>\r\n    <div style=\"height:20px\" aria-hidden=\"true\" class=\"wp-block-spacer\"><\/div>\r\n    <a href=\"https:\/\/neocatechumenaleiter.org\/palabras-de-los-papas\/francisco\/discurso-del-santo-padre-francisco-a-los-representantes-del-camino-neocatecumenal-1-ii-2014\/\"><h6 class=\"has-text-align-left\">P\u0101vesta Franciska uzruna Neokatehumen\u0101l\u0101 Ce\u013ca p\u0101rst\u0101vjiem  1-II-2014<\/h6><\/a>\r\n    <hr class=\"wp-block-separator\"\/><a href=\"https:\/\/neocatechumenaleiter.org\/lv\/pavestu-uzrunas\/francisks\/pavesta-franciska-regina-coeli-lugsana-11-v-2014\/\"><h6 class=\"has-text-align-left\">P\u0101vesta Franciska \u00abRegina Coeli\u00bb l\u016bg\u0161ana par misij\u0101m laukumos 11-V-2014<\/h6><\/a>\r\n<\/div>\n<div style=\"height:20px\" aria-hidden=\"true\" class=\"wp-block-spacer\"><\/div>\n<div class=\"columna-papas\">\r\n    <h4 class=\"has-text-align-center\">2015. Gads<\/h4>\r\n    <div style=\"height:20px\" aria-hidden=\"true\" class=\"wp-block-spacer\"><\/div>\r\n    <a href=\"https:\/\/neocatechumenaleiter.org\/palabras-de-los-papas\/francisco\/audiencia-del-envio-de-familias-y-missio-ad-gentes-6-3-2015\/\"><h6 class=\"has-text-align-left\">Audience \u0123ime\u0146u un \u201eMissio ad gentes\u201d izs\u016bt\u012b\u0161anai uz misiju viet\u0101m 6-III-2015<\/h6><\/a>\r\n<\/div>\r\n<div class=\"columna-papas\" style=\"background: #f7f7f7;\">\r\n    <h4 class=\"has-text-align-center\">2016. Gads<\/h4>\r\n    <div style=\"height:20px\" aria-hidden=\"true\" class=\"wp-block-spacer\"><\/div>\r\n    <a href=\"https:\/\/neocatechumenaleiter.org\/palabras-de-los-papas\/francisco\/discurso-del-santo-padre-francisco-a-los-miembros-del-movimiento-neocatecumenal-18-iii-2016\/\"><h6 class=\"has-text-align-left\">P\u0101vesta Franciska uzruna Neokatehumen\u0101l\u0101 Ce\u013ca biedriem 18-III-2016<\/h6><\/a>\r\n<\/div>\n<div style=\"height:20px\" aria-hidden=\"true\" class=\"wp-block-spacer\"><\/div>\n<div class=\"columna-papas\">\r\n    <h4 class=\"has-text-align-center\">2017. Gads<\/h4>\r\n    <div style=\"height:20px\" aria-hidden=\"true\" class=\"wp-block-spacer\"><\/div>\r\n    <a href=\"https:\/\/neocatechumenaleiter.org\/palabras-de-los-papas\/francisco\/visita-pastoral-del-santo-padre-francisco-a-la-parroquia-romana-de-san-pedro-damian-21-v-2017\/\"><h6 class=\"has-text-align-left\">Sv\u0113t\u0101 T\u0113va Franciska viz\u012bte Romas Sv. P\u0113tera Damiana draudz\u0113  21-V-2017<\/h6><\/a>\r\n<\/div>\r\n<div class=\"columna-papas\" style=\"background: #f7f7f7;\">\r\n    <h4 class=\"has-text-align-center\">2018. Gads<\/h4>\r\n    <div style=\"height:20px\" aria-hidden=\"true\" class=\"wp-block-spacer\"><\/div>\r\n    <a href=\"https:\/\/neocatechumenaleiter.org\/lv\/pavestu-uzrunas\/francisks\/pavesta-franciska-uzruna-neokatehumenala-cela-50-gadadiena-5-v-2018\/\"><h6 class=\"has-text-align-left\">P\u0101vesta Franciska uzruna starptautiska tik\u0161anos Neokatehumen\u0101l\u0101 Ce\u013ca 50. gadadien\u0101  5-V-2018<\/h6><\/a>\r\n    <hr class=\"wp-block-separator\"\/><a href=\"https:\/\/neocatechumenaleiter.org\/lv\/pavestu-uzrunas\/francisks\/regina-coeli-sv-petera-laukuma-paldies-par-jusu-ieguldito-evangelizacijas-darbu-6-v-2018\/\"><h6 class=\"has-text-align-left\">\u00abRegina Coeli\u00bb l\u016bg\u0161ana ar P\u0101vestu Francisku diena p\u0113c Starptautiskas tik\u0161anas Neokatehumen\u0101l\u0101 Ce\u013ca 50. gadadienai pieminot 6-V-2018<\/h6><\/a>\r\n<\/div>","protected":false},"excerpt":{"rendered":"<p>Francisks Biogr\u0101fija Jorge Mario Bergoglio ir dzimis Buenos Air\u0113s (Argentina) 1936. gada 17. decembr\u012b. 1969. gad\u0101 13. decembr\u012b arhib\u012bskaps Ram\u00f3n Jos\u00e9 Castellano iesv\u0113t\u012bja par priesteri. 1998. gad\u0101 tika noz\u012bm\u0113ts par Buenosaires\u0101 arhib\u012bskapu un 2001. gad\u0101 J\u0101nis P\u0101vils II nomin\u0113ja par kardin\u0101lu. 2002. gad\u0101 vi\u0146\u0161 bija viens no kandid\u0101tiem k\u013c\u016bt par Argent\u012bnas B\u012bskapu konferences prezidentu. Tikai p\u0113c tr\u012bs gadiem, 2005. gad\u0101, bija izv\u0113l\u0113ts. Turkl\u0101t 2008. gad\u0101 no jauna apstiprin\u0101ts v\u0113l tr\u012bs<\/p>\n<div class=\"read-more\"><a class=\"btn read-more-btn\" href=\"https:\/\/neocatechumenaleiter.org\/lv\/pavestu-uzrunas\/francisks\/\">Las\u012bt vair\u0101k<\/a><\/div>\n","protected":false},"author":2,"featured_media":0,"parent":16389,"menu_order":3,"comment_status":"closed","ping_status":"closed","template":"","meta":{"footnotes":""},"class_list":["post-16593","page","type-page","status-publish","hentry"],"_links":{"self":[{"href":"https:\/\/neocatechumenaleiter.org\/lv\/wp-json\/wp\/v2\/pages\/16593","targetHints":{"allow":["GET"]}}],"collection":[{"href":"https:\/\/neocatechumenaleiter.org\/lv\/wp-json\/wp\/v2\/pages"}],"about":[{"href":"https:\/\/neocatechumenaleiter.org\/lv\/wp-json\/wp\/v2\/types\/page"}],"author":[{"embeddable":true,"href":"https:\/\/neocatechumenaleiter.org\/lv\/wp-json\/wp\/v2\/users\/2"}],"replies":[{"embeddable":true,"href":"https:\/\/neocatechumenaleiter.org\/lv\/wp-json\/wp\/v2\/comments?post=16593"}],"version-history":[{"count":18,"href":"https:\/\/neocatechumenaleiter.org\/lv\/wp-json\/wp\/v2\/pages\/16593\/revisions"}],"predecessor-version":[{"id":23934,"href":"https:\/\/neocatechumenaleiter.org\/lv\/wp-json\/wp\/v2\/pages\/16593\/revisions\/23934"}],"up":[{"embeddable":true,"href":"https:\/\/neocatechumenaleiter.org\/lv\/wp-json\/wp\/v2\/pages\/16389"}],"wp:attachment":[{"href":"https:\/\/neocatechumenaleiter.org\/lv\/wp-json\/wp\/v2\/media?parent=16593"}],"curies":[{"name":"wp","href":"https:\/\/api.w.org\/{rel}","templated":true}]}}