{"id":16603,"date":"2020-02-28T05:58:40","date_gmt":"2020-02-28T04:58:40","guid":{"rendered":"https:\/\/neocatechumenaleiter.org\/pavestu-uzrunas\/sv-pavils-vi\/"},"modified":"2021-08-10T10:58:54","modified_gmt":"2021-08-10T09:58:54","slug":"sv-pavils-vi","status":"publish","type":"page","link":"https:\/\/neocatechumenaleiter.org\/lv\/pavestu-uzrunas\/sv-pavils-vi\/","title":{"rendered":"Sv. P\u0101vils VI"},"content":{"rendered":"\n<h1 class=\"has-text-align-center wp-block-heading\">Sv. P\u0101vils VI<\/h1>\n\n<div style=\"height:20px\" aria-hidden=\"true\" class=\"wp-block-spacer\"><\/div>\n\n<h4 class=\"has-text-align-center wp-block-heading\">Biogr\u0101fija<\/h4>\n\n<div style=\"height:20px\" aria-hidden=\"true\" class=\"wp-block-spacer\"><\/div>\n\n<div class=\"wp-block-image is-style-default\"><figure class=\"alignleft size-medium is-resized\"><img loading=\"lazy\" decoding=\"async\" src=\"https:\/\/neocatechumenaleiter.org\/wp-content\/uploads\/2020\/02\/Camino_Neocatecumenal_S_Pablo_VI-250x300.jpg\" alt=\"\" class=\"wp-image-891\" width=\"250\" height=\"300\" srcset=\"https:\/\/neocatechumenaleiter.org\/wp-content\/uploads\/2020\/02\/Camino_Neocatecumenal_S_Pablo_VI-250x300.jpg 250w, https:\/\/neocatechumenaleiter.org\/wp-content\/uploads\/2020\/02\/Camino_Neocatecumenal_S_Pablo_VI.jpg 500w\" sizes=\"auto, (max-width: 250px) 100vw, 250px\" \/><\/figure><\/div>\n\n<p>Giovanni Battista Enrico Antonio Maria Montini dzimis Lombardij\u0101 (It\u0101lija) 1897. gada 26. septembr\u012b.<\/p>\n\n<p>1920. gada 29. maij\u0101 iesv\u0113t\u012bts par priesteri.<\/p>\n\n<p>1954. gad\u0101 topa par b\u012bskapu un 1958. gad\u0101 Sv\u0113tais J\u0101nis XXIII nomin\u0113ja par kardin\u0101lu.<\/p>\n\n<p>1963. gada 21. j\u016bnij\u0101 tika izv\u0113l\u0113ts k\u013c\u016bt par Kato\u013cu Bazn\u012bcas P\u0101vestu ar P\u0101vila VI v\u0101rdu.<\/p>\n\n<p>1965. gad\u0101 sapulcin\u0101ja b\u012bskapus un koncila T\u0113vus Sinod\u0113.<\/p>\n\n<p>Ar \u201e<em>Humanae Vitae&#8221; <\/em>encikliku, uzrakst\u012bto 1968. gad\u0101, vi\u0146\u0161 aizst\u0101v\u0113ja dz\u012bv\u012bbu un \u0123imeni. Ar\u012b nosl\u0113dza II. Vatik\u0101na koncilu.<\/p>\n\n<p>P\u0101vils VI nomira Kastelgandolfo rezidenc\u0113 1978. gada 6. august\u0101, p\u0113c 15 gadu kalpo\u0161anas k\u0101 p\u0101vests.<\/p>\n\n<p>2014. gada 19. oktobr\u012b p\u0101vests Francisks vi\u0146u beatific\u0113ja un 2018. gada 14. oktobr\u012b kanoniz\u0113ja.<\/p>\n\n<div style=\"height:20px\" aria-hidden=\"true\" class=\"wp-block-spacer\"><\/div>\n\n<hr class=\"wp-block-separator\"\/>\n\n<div style=\"height:20px\" aria-hidden=\"true\" class=\"wp-block-spacer\"><\/div>\n\n<h3 class=\"has-text-align-center wp-block-heading\">Dokumenti<\/h3>\n\n<div style=\"height:20px\" aria-hidden=\"true\" class=\"wp-block-spacer\"><\/div>\n<div class=\"columna-papas\">\r\n    <h4 class=\"has-text-align-center\">1974. gads<\/h4>\r\n    <div style=\"height:20px\" aria-hidden=\"true\" class=\"wp-block-spacer\"><\/div>\r\n    <a href=\"https:\/\/neocatechumenaleiter.org\/lv\/pavestu-uzrunas\/sv-pavils-vi\/audience-8-v-1974\/\"><h6 class=\"has-text-align-center\">Audience 8-V-1974<\/h6><\/a>\r\n<\/div>\r\n<div class=\"columna-papas\" style=\"background: #f7f7f7;\">\r\n    <h4 class=\"has-text-align-center\">1977. gads<\/h4>\r\n    <div style=\"height:20px\" aria-hidden=\"true\" class=\"wp-block-spacer\"><\/div>\r\n    <a href=\"https:\/\/neocatechumenaleiter.org\/palabras-de-los-papas\/s-pablo-vi\/audiencia-general-12-1-1977\/\"><h6 class=\"has-text-align-center\">Uzruna audienc\u0113 12-I-1977<\/h6><\/a>\r\n<\/div>","protected":false},"excerpt":{"rendered":"<p>Sv. P\u0101vils VI Biogr\u0101fija Giovanni Battista Enrico Antonio Maria Montini dzimis Lombardij\u0101 (It\u0101lija) 1897. gada 26. septembr\u012b. 1920. gada 29. maij\u0101 iesv\u0113t\u012bts par priesteri. 1954. gad\u0101 topa par b\u012bskapu un 1958. gad\u0101 Sv\u0113tais J\u0101nis XXIII nomin\u0113ja par kardin\u0101lu. 1963. gada 21. j\u016bnij\u0101 tika izv\u0113l\u0113ts k\u013c\u016bt par Kato\u013cu Bazn\u012bcas P\u0101vestu ar P\u0101vila VI v\u0101rdu. 1965. gad\u0101 sapulcin\u0101ja b\u012bskapus un koncila T\u0113vus Sinod\u0113. Ar \u201eHumanae Vitae&#8221; encikliku, uzrakst\u012bto 1968. gad\u0101, vi\u0146\u0161 aizst\u0101v\u0113ja<\/p>\n<div class=\"read-more\"><a class=\"btn read-more-btn\" href=\"https:\/\/neocatechumenaleiter.org\/lv\/pavestu-uzrunas\/sv-pavils-vi\/\">Las\u012bt vair\u0101k<\/a><\/div>\n","protected":false},"author":2,"featured_media":0,"parent":16389,"menu_order":0,"comment_status":"closed","ping_status":"closed","template":"","meta":{"footnotes":""},"class_list":["post-16603","page","type-page","status-publish","hentry"],"_links":{"self":[{"href":"https:\/\/neocatechumenaleiter.org\/lv\/wp-json\/wp\/v2\/pages\/16603","targetHints":{"allow":["GET"]}}],"collection":[{"href":"https:\/\/neocatechumenaleiter.org\/lv\/wp-json\/wp\/v2\/pages"}],"about":[{"href":"https:\/\/neocatechumenaleiter.org\/lv\/wp-json\/wp\/v2\/types\/page"}],"author":[{"embeddable":true,"href":"https:\/\/neocatechumenaleiter.org\/lv\/wp-json\/wp\/v2\/users\/2"}],"replies":[{"embeddable":true,"href":"https:\/\/neocatechumenaleiter.org\/lv\/wp-json\/wp\/v2\/comments?post=16603"}],"version-history":[{"count":10,"href":"https:\/\/neocatechumenaleiter.org\/lv\/wp-json\/wp\/v2\/pages\/16603\/revisions"}],"predecessor-version":[{"id":23912,"href":"https:\/\/neocatechumenaleiter.org\/lv\/wp-json\/wp\/v2\/pages\/16603\/revisions\/23912"}],"up":[{"embeddable":true,"href":"https:\/\/neocatechumenaleiter.org\/lv\/wp-json\/wp\/v2\/pages\/16389"}],"wp:attachment":[{"href":"https:\/\/neocatechumenaleiter.org\/lv\/wp-json\/wp\/v2\/media?parent=16603"}],"curies":[{"name":"wp","href":"https:\/\/api.w.org\/{rel}","templated":true}]}}