{"id":16605,"date":"2020-02-25T03:20:35","date_gmt":"2020-02-25T02:20:35","guid":{"rendered":"https:\/\/neocatechumenaleiter.org\/vesture\/maria-ascension-romero\/"},"modified":"2026-03-12T17:04:44","modified_gmt":"2026-03-12T16:04:44","slug":"maria-ascension-romero","status":"publish","type":"page","link":"https:\/\/neocatechumenaleiter.org\/lv\/vesture\/maria-ascension-romero\/","title":{"rendered":"Mar\u00eda Ascensi\u00f3n Romero"},"content":{"rendered":"\n<h1 class=\"wp-block-heading\"><strong>Mar\u00eda Ascensi\u00f3n Romero<\/strong><\/h1>\n<div class=\"wp-block-image is-style-circle-mask\">\n<figure class=\"alignleft size-medium\"><img loading=\"lazy\" decoding=\"async\" width=\"245\" height=\"300\" src=\"https:\/\/neocatechumenaleiter.org\/wp-content\/uploads\/2020\/02\/Camino_Neocatecumenal_Maria_Ascension_Romero-245x300.jpg\" alt=\"Mar&#xED;a Ascensi&#xF3;n Romero\" class=\"wp-image-235\" srcset=\"https:\/\/neocatechumenaleiter.org\/wp-content\/uploads\/2020\/02\/Camino_Neocatecumenal_Maria_Ascension_Romero-245x300.jpg 245w, https:\/\/neocatechumenaleiter.org\/wp-content\/uploads\/2020\/02\/Camino_Neocatecumenal_Maria_Ascension_Romero-837x1024.jpg 837w, https:\/\/neocatechumenaleiter.org\/wp-content\/uploads\/2020\/02\/Camino_Neocatecumenal_Maria_Ascension_Romero-768x940.jpg 768w, https:\/\/neocatechumenaleiter.org\/wp-content\/uploads\/2020\/02\/Camino_Neocatecumenal_Maria_Ascension_Romero.jpg 994w\" sizes=\"auto, (max-width: 245px) 100vw, 245px\" \/><\/figure><\/div>\n<p>Mar\u00eda Ascensi\u00f3n Romero Ant\u00f3n pievienojas pie Neokatehumen\u0101l\u0101 Ce\u013ca starptautisk\u0101s ekipas 2018. gada janv\u0101r\u012b, p\u0113c Sv\u0113t\u0101 Kr\u0113sla Laju, \u0122imenes un Dz\u012bv\u012bbas pontifik\u0101l\u0101s padomju l\u016bgum\u0101 un k\u0101 pieprasa Ce\u013ca Stat\u016bti.<\/p>\n\n<p>Mar\u00eda Ascensi\u00f3n ir dzimusi 1960. gada 27. maij\u0101 Tudel\u0101, Navar\u0101 (Sp\u0101nija). Vi\u0146a ir tre\u0161\u0101 \u010detru b\u0113rnu \u0123imen\u0113. M\u0101c\u012bj\u0101s Marijas biedru skol\u0101 (l\u012bdz\u012bgi k\u0101 Carmen Hernandez). P\u0113c \u012bsa laika p\u0101rc\u0113l\u0101s uz Soriju, kur m\u0101c\u012bj\u0101s Pedago\u0123iju. 19. gadu vecum\u0101 iepazina Neokatehumen\u0101lo Ce\u013cu. <\/p>\n\n<p>Daudzus gadus vi\u0146a g\u0101ja \u0161o ce\u013cu Neokatehumen\u0101laj\u0101 kopien\u0101 un piedal\u012bj\u0101s t\u0101s dz\u012bv\u0113 dzimtaj\u0101 Tudelas pils\u0113t\u0101. Kad v\u0113l\u0101k p\u0101rc\u0113l\u0101s uz Madridi turpin\u0101ja kopienas apmekl\u0113\u0161anu Madrides Sv. Katerinas no Sienas draudz\u0113.<\/p>\n\n<p>Pasaules jaunie\u0161u dien\u0101s (PJD) Santjago de Kompostel\u0101 ar P\u0101vestu J\u0101ni P\u0101vilu II vi\u0146a izj\u016bta aicin\u0101jumu eva\u0146\u0123eliz\u0113t un san\u0101ksm\u0113 ar Ce\u013ca iniciatoriem Zaragoz\u0101 apstiprin\u0101ja aicin\u0101jumu.<\/p>\n\n<p>1991. gad\u0101 pirmo reizi topa par ce\u013cojo\u0161o katehisti Ciudad Real\u0101, Sp\u0101nij\u0101. 1992. gad\u0101 dev\u0101s misij\u0101 uz biju\u0161\u0101m PSRS valst\u012bm un tur 25 gadu laik\u0101 eva\u0146\u0123eliz\u0113ja t\u0101d\u0101s valst\u012bs, k\u0101 Baltkrievija Kazahst\u0101na, Krievij\u0101.<\/p>\n\n<p>2018. gada 2. febru\u0101r\u012b ofici\u0101li k\u013cuva par vienu no Neokatehumen\u0101l\u0101 Ce\u013ca starptautisk\u0101s ekipas locek\u013ci. <\/p>\n","protected":false},"excerpt":{"rendered":"<p>Mar\u00eda Ascensi\u00f3n Romero Mar\u00eda Ascensi\u00f3n Romero Ant\u00f3n pievienojas pie Neokatehumen\u0101l\u0101 Ce\u013ca starptautisk\u0101s ekipas 2018. gada janv\u0101r\u012b, p\u0113c Sv\u0113t\u0101 Kr\u0113sla Laju, \u0122imenes un Dz\u012bv\u012bbas pontifik\u0101l\u0101s padomju l\u016bgum\u0101 un k\u0101 pieprasa Ce\u013ca Stat\u016bti. Mar\u00eda Ascensi\u00f3n ir dzimusi 1960. gada 27. maij\u0101 Tudel\u0101, Navar\u0101 (Sp\u0101nija). Vi\u0146a ir tre\u0161\u0101 \u010detru b\u0113rnu \u0123imen\u0113. M\u0101c\u012bj\u0101s Marijas biedru skol\u0101 (l\u012bdz\u012bgi k\u0101 Carmen Hernandez). P\u0113c \u012bsa laika p\u0101rc\u0113l\u0101s uz Soriju, kur m\u0101c\u012bj\u0101s Pedago\u0123iju. 19. gadu vecum\u0101 iepazina Neokatehumen\u0101lo<\/p>\n<div class=\"read-more\"><a class=\"btn read-more-btn\" href=\"https:\/\/neocatechumenaleiter.org\/lv\/vesture\/maria-ascension-romero\/\">Las\u012bt vair\u0101k<\/a><\/div>\n","protected":false},"author":2,"featured_media":0,"parent":16595,"menu_order":0,"comment_status":"closed","ping_status":"closed","template":"","meta":{"footnotes":""},"class_list":["post-16605","page","type-page","status-publish","hentry"],"_links":{"self":[{"href":"https:\/\/neocatechumenaleiter.org\/lv\/wp-json\/wp\/v2\/pages\/16605","targetHints":{"allow":["GET"]}}],"collection":[{"href":"https:\/\/neocatechumenaleiter.org\/lv\/wp-json\/wp\/v2\/pages"}],"about":[{"href":"https:\/\/neocatechumenaleiter.org\/lv\/wp-json\/wp\/v2\/types\/page"}],"author":[{"embeddable":true,"href":"https:\/\/neocatechumenaleiter.org\/lv\/wp-json\/wp\/v2\/users\/2"}],"replies":[{"embeddable":true,"href":"https:\/\/neocatechumenaleiter.org\/lv\/wp-json\/wp\/v2\/comments?post=16605"}],"version-history":[{"count":9,"href":"https:\/\/neocatechumenaleiter.org\/lv\/wp-json\/wp\/v2\/pages\/16605\/revisions"}],"predecessor-version":[{"id":48109,"href":"https:\/\/neocatechumenaleiter.org\/lv\/wp-json\/wp\/v2\/pages\/16605\/revisions\/48109"}],"up":[{"embeddable":true,"href":"https:\/\/neocatechumenaleiter.org\/lv\/wp-json\/wp\/v2\/pages\/16595"}],"wp:attachment":[{"href":"https:\/\/neocatechumenaleiter.org\/lv\/wp-json\/wp\/v2\/media?parent=16605"}],"curies":[{"name":"wp","href":"https:\/\/api.w.org\/{rel}","templated":true}]}}