{"id":16607,"date":"2020-02-29T19:59:09","date_gmt":"2020-02-29T18:59:09","guid":{"rendered":"https:\/\/neocatechumenaleiter.org\/pavestu-uzrunas\/benedikts-xvi\/"},"modified":"2021-08-10T11:05:22","modified_gmt":"2021-08-10T10:05:22","slug":"benedikts-xvi","status":"publish","type":"page","link":"https:\/\/neocatechumenaleiter.org\/lv\/pavestu-uzrunas\/benedikts-xvi\/","title":{"rendered":"Benedikts XVI"},"content":{"rendered":"\n<h1 class=\"has-text-align-center wp-block-heading\">Benedikts XVI<\/h1>\n\n<div style=\"height:21px\" aria-hidden=\"true\" class=\"wp-block-spacer\"><\/div>\n\n<h4 class=\"has-text-align-center wp-block-heading\">Biogr\u0101fija<\/h4>\n\n<div style=\"height:20px\" aria-hidden=\"true\" class=\"wp-block-spacer\"><\/div>\n\n<div class=\"wp-block-image is-style-default\"><figure class=\"alignleft size-medium\"><img loading=\"lazy\" decoding=\"async\" width=\"250\" height=\"300\" src=\"https:\/\/neocatechumenaleiter.org\/wp-content\/uploads\/2020\/02\/Camino_Neocatecumenal_Papa_Benedicto_XVI-250x300.jpg\" alt=\"Papa Emerito Benedetto XVI\" class=\"wp-image-873\" srcset=\"https:\/\/neocatechumenaleiter.org\/wp-content\/uploads\/2020\/02\/Camino_Neocatecumenal_Papa_Benedicto_XVI-250x300.jpg 250w, https:\/\/neocatechumenaleiter.org\/wp-content\/uploads\/2020\/02\/Camino_Neocatecumenal_Papa_Benedicto_XVI.jpg 500w\" sizes=\"auto, (max-width: 250px) 100vw, 250px\" \/><\/figure><\/div>\n\n<p>Joseph Ratzinger ir dzimis 1927. gada 16. apr\u012bli Marktl am Inn (V\u0101cija). <\/p>\n\n<p>1951. gada 29. j\u016bnij\u0101 Minhen\u0113 bija iesv\u0113t\u012bts par priesteri. 1953. gada aizst\u0101v\u0113ja doktordarbu teolo\u0123ij\u0101.<\/p>\n\n<p>1977. gada 25. mart\u0101 nomin\u0113ts par Minhenes un Freizingas arhib\u012bskapu. P\u0113c tr\u012bs m\u0113ne\u0161iem, 27. j\u016bnij\u0101, P\u0101vils VI iec\u0113la par kardin\u0101lu.<\/p>\n\n<p>1981. gad\u0101 J\u0101nis P\u0101vils II pie\u0161\u0137\u012bra vi\u0146am Tic\u012bbas m\u0101c\u012bbas kongreg\u0101cijas prefekta pien\u0101kumus. V\u0113l bija par Pontifik\u0101l\u0101s B\u012bbeles komisijas un Starptautisk\u0101s Teolo\u0123isk\u0101s komisijas prezidentu. K\u0101 ar\u012b vad\u012bja Kato\u013cu Bazn\u012bcas katehisma gatavo\u0161anas komisiju. 2005. gada 3 j\u016blij\u0101 pie\u0161\u0137\u012bra Goda doktora gr\u0101du \u201ehonoris causa&#8221;.<\/p>\n\n<p>2005. gada 19. apr\u012bl\u012b tika izv\u0113l\u0113ts par Kato\u013cu Bazn\u012bcas P\u0101vestu ar Benedikta XVI v\u0101rdu.<\/p>\n\n<p>2013. gada 11. febru\u0101r\u012b atk\u0101pjas no \u0161iem pien\u0101kumiem k\u013c\u016bstot par P\u0101vestu emeritu.<\/p>\n\n<div style=\"height:20px\" aria-hidden=\"true\" class=\"wp-block-spacer\"><\/div>\n\n<hr class=\"wp-block-separator\"\/>\n\n<div style=\"height:20px\" aria-hidden=\"true\" class=\"wp-block-spacer\"><\/div>\n\n<h3 class=\"has-text-align-center wp-block-heading\">Dokumenti<\/h3>\n\n<div style=\"height:20px\" aria-hidden=\"true\" class=\"wp-block-spacer\"><\/div>\n<section id=\"search-2\" class=\"widget widget_search\"><form role=\"search\" method=\"get\" class=\"search-form\" action=\"https:\/\/neocatechumenaleiter.org\/lv\">\r\n\t<label for=\"search-form-5e59be1dc1b02\">\r\n\t\t<span class=\"screen-reader-text\">Mekl\u0113t:<\/span>\r\n        <input type=\"search\" id=\"search-form-5e59be1dc1b02\" class=\"search-field\" placeholder=\"Mekl\u0113t \u2026\" value=\"\" name=\"s\"\/><\/label>\r\n\t<button type=\"submit\" class=\"search-submit\">\r\n    \t<span class=\"screen-reader-text\">Mekl\u0113t<\/span>\r\n        <i class=\"icon-magnifier\"><\/i>\r\n    <\/button>\r\n<\/form>\r\n<\/section>\n<div style=\"height:20px\" aria-hidden=\"true\" class=\"wp-block-spacer\"><\/div>\n<div class=\"columna-papas\">\r\n    <h4 class=\"has-text-align-center\">2005. Gads<\/h4>\r\n    <div style=\"height:20px\" aria-hidden=\"true\" class=\"wp-block-spacer\"><\/div>\r\n    <a href=\"https:\/\/neocatechumenaleiter.org\/lv\/pavestu-uzrunas\/benedikts-xvi\/audience-ar-neokatehumenala-cela-iniciatoriem-19-xi-2005\/\"><h6 class=\"has-text-align-left\">AUDIENCE AR NEOKATEHUMEN\u0100L\u0100 CE\u013bA INICIATORIEM 19-XI-2005<\/h6><\/a>\r\n<\/div>\r\n<div class=\"columna-papas\" style=\"background: #f7f7f7;\">\r\n    <h4 class=\"has-text-align-center\">2006. Gads<\/h4>\r\n    <div style=\"height:20px\" aria-hidden=\"true\" class=\"wp-block-spacer\"><\/div>\r\n    <a href=\"https:\/\/neocatechumenaleiter.org\/lv\/pavestu-uzrunas\/benedikts-xvi\/benedikta-xvi-uzruna-neokatehumenala-cela-parstavjiem-12-i-2006\/\"><h6 class=\"has-text-align-left\">UZRUNA NEOKATEHUMEN\u0100L\u0100 CE\u013bA P\u0100RST\u0100VJIEM 12-I-2006<\/h6><\/a>\r\n    <hr class=\"wp-block-separator\"\/><a href=\"https:\/\/neocatechumenaleiter.org\/palabras-de-los-papas\/benedicto-xvi\/angelus-en-la-plaza-de-san-pedro-29-x-2006\/\"><h6 class=\"has-text-align-left\">\u201eKUNGA EN\u0122E\u013bA\u201d L\u016aG\u0160ANA SV.P\u0112TERA LAUKUM\u0100 29-X-2006<\/h6><\/a>\r\n    <hr class=\"wp-block-separator\"\/><a href=\"https:\/\/neocatechumenaleiter.org\/palabras-de-los-papas\/benedicto-xvi\/convivencia-de-obispos-de-asia-y-australia-en-la-domus-galilaeae-18-xi-2006\/\"><h6 class=\"has-text-align-left\">EIROPAS UN AZIJAS B\u012aSKAPU KONVIVENCE \u201eDOMUS GALILAEAE\u201d 18-XI-2006<\/h6><\/a>\r\n<\/div>\n<div style=\"height:20px\" aria-hidden=\"true\" class=\"wp-block-spacer\"><\/div>\n<div class=\"columna-papas\">\r\n    <h4 class=\"has-text-align-center\">2007. Gads<\/h4>\r\n    <div style=\"height:20px\" aria-hidden=\"true\" class=\"wp-block-spacer\"><\/div>\r\n    <a href=\"https:\/\/neocatechumenaleiter.org\/palabras-de-los-papas\/benedicto-xvi\/encuentro-de-parrocos-y-clero-de-roma-22-ii-2007\/\"><h6 class=\"has-text-align-left\">ROMAS PR\u0100VESTU UN KL\u0112RA TIK\u0160AN\u0100S 22-II-2007<\/h6><\/a>\r\n    <hr class=\"wp-block-separator\"\/><a href=\"https:\/\/neocatechumenaleiter.org\/lv\/pavestu-uzrunas\/benedikts-xvi\/privata-audience-cela-iniciatoriem-26-v-2007\/\"><h6 class=\"has-text-align-left\">PRIV\u0100TA AUDIENCE CE\u013bA INICIATORIEM 26-V-2007<\/h6><\/a>\r\n<\/div>\r\n<div class=\"columna-papas\" style=\"background: #f7f7f7;\">\r\n    <h4 class=\"has-text-align-center\">2008. Gads<\/h4>\r\n    <div style=\"height:20px\" aria-hidden=\"true\" class=\"wp-block-spacer\"><\/div>\r\n    <a href=\"https:\/\/neocatechumenaleiter.org\/palabras-de-los-papas\/benedicto-xvi\/convivencia-de-obispos-de-europa-en-la-domus-galilaeae-24-iii-2008\/\"><h6 class=\"has-text-align-left\">EIROPAS B\u012aSKAPU KONVIVENCE \u201eDOMUS GALILAEAE\u201d 24-III-2008<\/h6><\/a>\r\n<\/div>\n<div style=\"height:20px\" aria-hidden=\"true\" class=\"wp-block-spacer\"><\/div>\n<div class=\"columna-papas\">\r\n    <h4 class=\"has-text-align-center\">2009. Gads<\/h4>\r\n    <div style=\"height:20px\" aria-hidden=\"true\" class=\"wp-block-spacer\"><\/div>\r\n    <a href=\"https:\/\/neocatechumenaleiter.org\/palabras-de-los-papas\/benedicto-xvi\/discurso-por-los-cuarenta-anos-de-inicio-del-camino-10-i-2009\/\"><h6 class=\"has-text-align-left\">UZRUNA CE\u013bA S\u0100KUMA 40. GADADIEN\u0100 10-I-2009<\/h6><\/a>\r\n<\/div>\r\n<div class=\"columna-papas\" style=\"background: #f7f7f7;\">\r\n    <h4 class=\"has-text-align-center\">2010. Gads<\/h4>\r\n    <div style=\"height:20px\" aria-hidden=\"true\" class=\"wp-block-spacer\"><\/div>\r\n    <a href=\"https:\/\/neocatechumenaleiter.org\/lv\/pavestu-uzrunas\/benedikts-xvi\/privata-benedikta-xvi-audience-ar-neokatehumenala-cela-iniciatoriem-13-xi-2010\/\"><h6 class=\"has-text-align-left\">AUDIENCE NEOKATEHUMEN\u0100L\u0100 CE\u013bA INICIATORIEM 13-XI-2010<\/h6><\/a>\r\n<\/div>\n<div style=\"height:20px\" aria-hidden=\"true\" class=\"wp-block-spacer\"><\/div>\n<div class=\"columna-papas\">\r\n    <h4 class=\"has-text-align-center\">2011. Gads<\/h4>\r\n    <div style=\"height:20px\" aria-hidden=\"true\" class=\"wp-block-spacer\"><\/div>\r\n    <a href=\"https:\/\/neocatechumenaleiter.org\/palabras-de-los-papas\/benedicto-xvi\/audiencia-envio-de-familias-in-missio-ad-gentes-17-i-2011\/\"><h6 class=\"has-text-align-left\">AUDIENCE UN \u201eMISSIO AD GENTES\u201d \u0122IME\u0145U S\u016aT\u012a\u0160ANA UZ MISIJ\u0100M 17-I-2011<\/h6><\/a>\r\n    <hr class=\"wp-block-separator\"\/><a href=\"https:\/\/neocatechumenaleiter.org\/palabras-de-los-papas\/benedicto-xvi\/regina-coeli-visita-a-aquileia-y-venecia-8-v-2011\/\"><h6 class=\"has-text-align-left\">\u00abREGINA COELI\u00bb APMEKL\u0112JOT AKVIL\u0112JU UN VENECIJU 8-V-2011<\/h6><\/a>\r\n<\/div>\r\n<div class=\"columna-papas\" style=\"background: #f7f7f7;\">\r\n    <h4 class=\"has-text-align-center\">2012. Gads<\/h4>\r\n    <div style=\"height:20px\" aria-hidden=\"true\" class=\"wp-block-spacer\"><\/div>\r\n    <a href=\"https:\/\/neocatechumenaleiter.org\/palabras-de-los-papas\/benedicto-xvi\/audiencia-envio-missio-ad-gentes-20-i-2012\/\"><h6 class=\"has-text-align-left\">AUDIENCE UN \u201eMISSIO AD GENTES\u201d \u0122IME\u0145U S\u016aT\u012a\u0160ANA UZ MISIJ\u0100M 20-I-2012<\/h6><\/a>\r\n<\/div>","protected":false},"excerpt":{"rendered":"<p>Benedikts XVI Biogr\u0101fija Joseph Ratzinger ir dzimis 1927. gada 16. apr\u012bli Marktl am Inn (V\u0101cija). 1951. gada 29. j\u016bnij\u0101 Minhen\u0113 bija iesv\u0113t\u012bts par priesteri. 1953. gada aizst\u0101v\u0113ja doktordarbu teolo\u0123ij\u0101. 1977. gada 25. mart\u0101 nomin\u0113ts par Minhenes un Freizingas arhib\u012bskapu. P\u0113c tr\u012bs m\u0113ne\u0161iem, 27. j\u016bnij\u0101, P\u0101vils VI iec\u0113la par kardin\u0101lu. 1981. gad\u0101 J\u0101nis P\u0101vils II pie\u0161\u0137\u012bra vi\u0146am Tic\u012bbas m\u0101c\u012bbas kongreg\u0101cijas prefekta pien\u0101kumus. V\u0113l bija par Pontifik\u0101l\u0101s B\u012bbeles komisijas un Starptautisk\u0101s Teolo\u0123isk\u0101s<\/p>\n<div class=\"read-more\"><a class=\"btn read-more-btn\" href=\"https:\/\/neocatechumenaleiter.org\/lv\/pavestu-uzrunas\/benedikts-xvi\/\">Las\u012bt vair\u0101k<\/a><\/div>\n","protected":false},"author":2,"featured_media":0,"parent":16389,"menu_order":2,"comment_status":"closed","ping_status":"closed","template":"","meta":{"footnotes":""},"class_list":["post-16607","page","type-page","status-publish","hentry"],"_links":{"self":[{"href":"https:\/\/neocatechumenaleiter.org\/lv\/wp-json\/wp\/v2\/pages\/16607","targetHints":{"allow":["GET"]}}],"collection":[{"href":"https:\/\/neocatechumenaleiter.org\/lv\/wp-json\/wp\/v2\/pages"}],"about":[{"href":"https:\/\/neocatechumenaleiter.org\/lv\/wp-json\/wp\/v2\/types\/page"}],"author":[{"embeddable":true,"href":"https:\/\/neocatechumenaleiter.org\/lv\/wp-json\/wp\/v2\/users\/2"}],"replies":[{"embeddable":true,"href":"https:\/\/neocatechumenaleiter.org\/lv\/wp-json\/wp\/v2\/comments?post=16607"}],"version-history":[{"count":19,"href":"https:\/\/neocatechumenaleiter.org\/lv\/wp-json\/wp\/v2\/pages\/16607\/revisions"}],"predecessor-version":[{"id":24297,"href":"https:\/\/neocatechumenaleiter.org\/lv\/wp-json\/wp\/v2\/pages\/16607\/revisions\/24297"}],"up":[{"embeddable":true,"href":"https:\/\/neocatechumenaleiter.org\/lv\/wp-json\/wp\/v2\/pages\/16389"}],"wp:attachment":[{"href":"https:\/\/neocatechumenaleiter.org\/lv\/wp-json\/wp\/v2\/media?parent=16607"}],"curies":[{"name":"wp","href":"https:\/\/api.w.org\/{rel}","templated":true}]}}