{"id":16617,"date":"2020-02-25T03:18:03","date_gmt":"2020-02-25T02:18:03","guid":{"rendered":"https:\/\/neocatechumenaleiter.org\/vesture\/mario-pezzi\/"},"modified":"2021-08-10T10:56:30","modified_gmt":"2021-08-10T09:56:30","slug":"mario-pezzi","status":"publish","type":"page","link":"https:\/\/neocatechumenaleiter.org\/lv\/vesture\/mario-pezzi\/","title":{"rendered":"Mario Pezzi"},"content":{"rendered":"\n<h1 class=\"wp-block-heading\"><strong>Mario Pezzi<\/strong><\/h1>\n\n<div class=\"wp-block-image is-style-circle-mask\"><figure class=\"alignleft size-medium\"><img loading=\"lazy\" decoding=\"async\" width=\"245\" height=\"300\" src=\"https:\/\/neocatechumenaleiter.org\/wp-content\/uploads\/2020\/02\/Camino_Neocatecumenal_Mario_Pezzi-245x300.jpg\" alt=\"Mario Pezzi\" class=\"wp-image-230\" srcset=\"https:\/\/neocatechumenaleiter.org\/wp-content\/uploads\/2020\/02\/Camino_Neocatecumenal_Mario_Pezzi-245x300.jpg 245w, https:\/\/neocatechumenaleiter.org\/wp-content\/uploads\/2020\/02\/Camino_Neocatecumenal_Mario_Pezzi-837x1024.jpg 837w, https:\/\/neocatechumenaleiter.org\/wp-content\/uploads\/2020\/02\/Camino_Neocatecumenal_Mario_Pezzi-768x940.jpg 768w, https:\/\/neocatechumenaleiter.org\/wp-content\/uploads\/2020\/02\/Camino_Neocatecumenal_Mario_Pezzi.jpg 994w\" sizes=\"auto, (max-width: 245px) 100vw, 245px\" \/><\/figure><\/div>\n\n<p>Mario Pezzi ir dzimis Gottoleng\u0101 (Bre\u0161a, It\u0101lija) 1942. gada 19. septembr\u012b. Vi\u0146\u0161 ir tre\u0161ais piecu b\u0113rnu \u0123imen\u0113. Iest\u0101j\u0101s Kambo\u0146anu mision\u0101ru semin\u0101r\u0101 b\u016bdams 10 gadu vecs. P\u0113c Novici\u0101ta bija izs\u016bt\u012bts m\u0101c\u012bties Rom\u0101 un tur m\u0101c\u012bj\u0101s teolo\u0123iju Urbaniana Pontifik\u0101laj\u0101 Universit\u0101t\u0113. 1969. gada 19. mart\u0101 tika iesv\u0113t\u012bts par priesteri un s\u0101ka rakst\u012bt doktorant\u016bru Dogmatisk\u0101 teolo\u0123ij\u0101 Gregoriana Pontifik\u0101laj\u0101 Universit\u0101t\u0113 ar profesoru T\u0113vu Zoltan Alszeghy.<\/p>\n\n<p>Taj\u0101 pa\u0161\u0101 gad\u0101 Mario iepazin\u0101s ar Neokatehumen\u0101\u013c\u0101 Ce\u013ca iniciatoriem Kiko un Carmen un izklausa p\u0113d\u0113jas kateh\u0113zes Romas Kristus Piedzim\u0161anas draudz\u0113. 1970. gada janv\u0101r\u012b v\u0113lreiz klaus\u0101s kateh\u0113zju Sv\u0113t\u0101 J\u0101\u0146a no Dieva draudz\u0113, kur pats kalpoja k\u0101 priesteris, un topa par \u0161is draudzes pirm\u0101s neokatehumen\u0101l\u0101s kopienas locek\u013ci. Ce\u013c\u0101 vi\u0146\u0161 redz\u0113ja cer\u012bbu, lai var\u0113tu \u012bstenot \u0161o katehumen\u0101tu \u0100frik\u0101, it sevi\u0161\u0137i p\u0113c \u0161ausmino\u0161iem slakti\u0146iem starp pa\u0161iem kristie\u0161iem Burund\u012b. Sa\u0146\u0113mis no orde\u0146a vec\u0101kajiem at\u013cauju Mario topa par ce\u013cojo\u0161o katehistu dom\u0101dams t\u0101 gatavoties misij\u0101m \u0100frik\u0101. 1970. gad\u0101 p\u0101rtrauc Doktor\u0101ta m\u0101c\u012bbas un bija Kiko un Carmen izs\u016bt\u012bts atv\u0113rt Ce\u013cu div\u0101s diec\u0113zes (Bre\u0161\u0101 un Mil\u0101n\u0101) un v\u0113l\u0101k, 1971. gad\u0101, Katanijas Sv. Leona draudz\u0113. <\/p>\n\n<p>1971. gada j\u016bnij\u0101 Kiko un Carmen aicin\u0101ja vi\u0146u, lai aizst\u0101tu priesteri Francesco Cuppini, kur\u0161 kop\u0101 bija pavad\u012bjis kop\u0161 1968. gada laika posmos, kad eva\u0146\u0123\u0113liz\u0113ja It\u0101lij\u0101, visvair\u0101k Rom\u0101, Florenc\u0113 un Ivre\u0101. Sp\u0101nij\u0101 tikm\u0113r, kop\u0101 ar Kiko un Carmen bija priesteris Jes\u00fas Bl\u00e1zquez. T\u0113vs Mario bija izs\u016bt\u012bts eva\u0146\u0123\u0113liz\u0113t Lombardiju un v\u0113l\u0101k Portug\u0101li. 1981. gada decembr\u012b ar Kambonie\u0161u vec\u0101ko v\u0113stuli tika pa\u0161\u0137irts doties misij\u0101 Sud\u0101n\u0101, lai atv\u0113rtu tur Ce\u013cu. V\u0113l\u0101k, 1982. gada mart\u0101 Ugand\u0101. P\u0113c tam \u012bsteno da\u017eus ce\u013cojumus \u0100frik\u0101: apmekl\u0113jot Kenijas b\u012bskapus, \u0123imenes misij\u0101s Kotdivu\u0101r\u0101, Kamer\u016bn\u0101, Zambij\u0101, k\u0101 ar\u012b \u201eRedemptoris Mater&#8221; semin\u0101rus Zambij\u0101, Kamer\u016bn\u0101, Tanz\u0101nij\u0101, Gom\u0101, Madagaskar\u0101. Pirms atv\u0113rot Ce\u013cu apmekl\u0113ja b\u012bskapus ar\u012b Angol\u0101 un Mozambik\u0101. Bija bijis ar\u012b Centr\u0101l\u0101frikas Republik\u0101 un Burund\u012b.<\/p>\n\n<p>Kop\u0161 1982. gada l\u012bdz \u0161odien vi\u0146\u0161 ir viens no Neokatehumen\u0101l\u0101 Ce\u013ca atbild\u012bgo ekipas locek\u013ciem kop\u0101 ar Kiko un Carmen. Vi\u0146\u0161 t\u0101 pavada uzturot attiec\u012bbas ar Sv\u0113to Kr\u0113slu, b\u012bskapiem, etapos, konvivenc\u0113s ar ce\u013cojo\u0161iem katehistiem, ce\u013cojumos vai starptautiskaj\u0101s sapulc\u0113s. 1992. gada Jaun\u0101 Kambonie\u0161u vald\u012bba uzaicin\u0101ja pievienoties atpaka\u013c instit\u016bcij\u0101 vai Romas diec\u0113z\u0113. Nol\u0113mis atst\u0101t instit\u016bciju bija Kardin\u0101la-vik\u0101ra, monsinjora Camillo Ruini, pie\u0146emts k\u0101 \u201eCe\u013cojo\u0161ais katehists- priesteris&#8221;.<\/p>\n\n<p>2002. gada apstiprinot Stat\u016btus \u201ead experimentum&#8221; un 2008. gada gal\u012bgi, Sv\u0113tais kr\u0113sls vi\u0146u nomin\u0113ja par Starptautisk\u0101s ekipas priesteri kop\u0101 ar Kiko un Carmen (pirms vi\u0146as n\u0101ves).<\/p>\n","protected":false},"excerpt":{"rendered":"<p>Mario Pezzi Mario Pezzi ir dzimis Gottoleng\u0101 (Bre\u0161a, It\u0101lija) 1942. gada 19. septembr\u012b. Vi\u0146\u0161 ir tre\u0161ais piecu b\u0113rnu \u0123imen\u0113. Iest\u0101j\u0101s Kambo\u0146anu mision\u0101ru semin\u0101r\u0101 b\u016bdams 10 gadu vecs. P\u0113c Novici\u0101ta bija izs\u016bt\u012bts m\u0101c\u012bties Rom\u0101 un tur m\u0101c\u012bj\u0101s teolo\u0123iju Urbaniana Pontifik\u0101laj\u0101 Universit\u0101t\u0113. 1969. gada 19. mart\u0101 tika iesv\u0113t\u012bts par priesteri un s\u0101ka rakst\u012bt doktorant\u016bru Dogmatisk\u0101 teolo\u0123ij\u0101 Gregoriana Pontifik\u0101laj\u0101 Universit\u0101t\u0113 ar profesoru T\u0113vu Zoltan Alszeghy. Taj\u0101 pa\u0161\u0101 gad\u0101 Mario iepazin\u0101s ar Neokatehumen\u0101\u013c\u0101 Ce\u013ca<\/p>\n<div class=\"read-more\"><a class=\"btn read-more-btn\" href=\"https:\/\/neocatechumenaleiter.org\/lv\/vesture\/mario-pezzi\/\">Las\u012bt vair\u0101k<\/a><\/div>\n","protected":false},"author":2,"featured_media":0,"parent":16595,"menu_order":0,"comment_status":"closed","ping_status":"closed","template":"","meta":{"footnotes":""},"class_list":["post-16617","page","type-page","status-publish","hentry"],"_links":{"self":[{"href":"https:\/\/neocatechumenaleiter.org\/lv\/wp-json\/wp\/v2\/pages\/16617","targetHints":{"allow":["GET"]}}],"collection":[{"href":"https:\/\/neocatechumenaleiter.org\/lv\/wp-json\/wp\/v2\/pages"}],"about":[{"href":"https:\/\/neocatechumenaleiter.org\/lv\/wp-json\/wp\/v2\/types\/page"}],"author":[{"embeddable":true,"href":"https:\/\/neocatechumenaleiter.org\/lv\/wp-json\/wp\/v2\/users\/2"}],"replies":[{"embeddable":true,"href":"https:\/\/neocatechumenaleiter.org\/lv\/wp-json\/wp\/v2\/comments?post=16617"}],"version-history":[{"count":8,"href":"https:\/\/neocatechumenaleiter.org\/lv\/wp-json\/wp\/v2\/pages\/16617\/revisions"}],"predecessor-version":[{"id":23782,"href":"https:\/\/neocatechumenaleiter.org\/lv\/wp-json\/wp\/v2\/pages\/16617\/revisions\/23782"}],"up":[{"embeddable":true,"href":"https:\/\/neocatechumenaleiter.org\/lv\/wp-json\/wp\/v2\/pages\/16595"}],"wp:attachment":[{"href":"https:\/\/neocatechumenaleiter.org\/lv\/wp-json\/wp\/v2\/media?parent=16617"}],"curies":[{"name":"wp","href":"https:\/\/api.w.org\/{rel}","templated":true}]}}