{"id":16926,"date":"2020-02-25T03:16:52","date_gmt":"2020-02-25T02:16:52","guid":{"rendered":"https:\/\/neocatechumenaleiter.org\/vesture\/carmen-hernandez\/"},"modified":"2021-08-10T10:56:24","modified_gmt":"2021-08-10T09:56:24","slug":"carmen-hernandez","status":"publish","type":"page","link":"https:\/\/neocatechumenaleiter.org\/lv\/vesture\/carmen-hernandez\/","title":{"rendered":"Carmen Hern\u00e1ndez"},"content":{"rendered":"\n<h1 class=\"wp-block-heading\"><strong>Carmen Hern\u00e1ndez<\/strong><\/h1>\n\n<div class=\"wp-block-image is-style-default\"><figure class=\"alignleft size-medium\"><img loading=\"lazy\" decoding=\"async\" width=\"245\" height=\"300\" src=\"https:\/\/neocatechumenaleiter.org\/wp-content\/uploads\/2020\/02\/Camino_Neocatecumenal_Carmen_Hernandez_psg-245x300.jpg\" alt=\"Carmen Hern&#xE1;ndez\" class=\"wp-image-225\" srcset=\"https:\/\/neocatechumenaleiter.org\/wp-content\/uploads\/2020\/02\/Camino_Neocatecumenal_Carmen_Hernandez_psg-245x300.jpg 245w, https:\/\/neocatechumenaleiter.org\/wp-content\/uploads\/2020\/02\/Camino_Neocatecumenal_Carmen_Hernandez_psg.jpg 327w\" sizes=\"auto, (max-width: 245px) 100vw, 245px\" \/><\/figure><\/div>\n\n<h4 class=\"wp-block-heading\">Dzimusi 1930. gada 24. novembr\u012b. Mirusi 2016. gada 19. j\u016blij\u0101.<\/h4>\n\n<p>Carmen kop\u0101 ar Kiko ir Ce\u013ca iniciatore. Vi\u0146a bija dzimusi Olveg\u0101 (Soria, Sp\u0101nija) 1930. gada 24. novembr\u012b un ir 5. no devi\u0146u b\u0113rnu \u0123imenes (4 v\u012brie\u0161i un 5 sievietes). B\u0113rn\u012bbu pavad\u012bja Tudel\u0101 (Navarra, Sp\u0101nija).<\/p>\n\n<p>Tudel\u0101 m\u0101c\u012bj\u0101s Marijas Sadraudz\u012bb\u0101 un izveidojas kontakts ar J\u0113zus Sadraudz\u012bbu (j\u0113zuitiem). Vi\u0146u ietekm\u0113ja Sv. Franciska Ksavera mision\u0101rais gars un jau kop\u0161 jaun\u012bbas j\u016bt aicin\u0101jumu doties misij\u0101s Indij\u0101. T\u0113va gribas d\u0113\u013c 1948. gad\u0101 ies\u0101k \u0136\u012bmijas m\u0101c\u012bbas Madrid\u0113, kur 1954. gad\u0101 beidz ar vislab\u0101kaj\u0101m atz\u012bm\u0113m.<\/p>\n\n<p>Durante un tiempo trabaja con su padre en la  industria alimentaria en una f\u00e1brica que la familia ten\u00eda en And\u00fajar  (Ja\u00e9n), pero decide dejarlo para trasladarse a Javier, donde entra a  formar parte de un nuevo instituto misionero: las Misioneras de Cristo  Jes\u00fas. Despu\u00e9s del noviciado, estudi\u00f3 Teolog\u00eda en la casa de formaci\u00f3n  teol\u00f3gica para religiosos en Valencia. En 1960 fue destinada a la India.  Para esta misi\u00f3n tuvo que prepararse en Londres (en aquel entonces el  pa\u00eds asi\u00e1tico pertenec\u00eda a la Commonwealth), donde permaneci\u00f3 un a\u00f1o. En  ese tiempo, se dio un cambio de direcci\u00f3n en las Misioneras de Cristo  Jes\u00fas que limitaba su apertura a la misi\u00f3n, por lo que Carmen regresa de  Londres a Barcelona. All\u00ed conoce al padre Pedro Farn\u00e9s Scherer que acababa de cursar sus estudios en el Instituto de Liturgia de Par\u00eds, poco antes del Concilio Vaticano Il y que despu\u00e9s de \u00e9l particip\u00f3 activamente en el Consilium para su actuaci\u00f3n.<\/p>\n\n<p>T. Farnes savas lekcijas prezent\u0113ja Euharistijas lieldienu avotus un atjaunotu ekleziolo\u0123iju par\u0101dot Bazn\u012bcu k\u0101 gaismu taut\u0101m. Carmen tie\u0161s kontakts ar \u0161\u012bs atjauno\u0161anas autoriem v\u0113l\u0101k stipri ietekm\u0113s Neokatehumen\u0101l\u0101 Ce\u013ca form\u0101cijas katehezju veido\u0161an\u0101.<\/p>\n\n<p>No 1963. gada l\u012bdz 1964. gadam apstaig\u0101ja Sv\u0113to Zemi ar B\u012bbeli iepaz\u012bstinoties ar sv\u0113taj\u0101m viet\u0101m. Kad atgriez\u0101s uz Madridi ies\u0101k str\u0101d\u0101t perif\u0113rijas graustos ar domu doties k\u0101 mision\u0101re uz Bol\u012bviju kop\u0101 ar citiem lajiem. Tur iepazin\u0101s ar Kiko Arg\u00fcello, kur\u0161 jau dz\u012bvoja Palomer\u0101s Alt\u0101s un izl\u0113ma palikt kop\u0101 taj\u0101 pa\u0161\u0101 zon\u0101. Starp nabagiem abi atkl\u0101j Pashas nosl\u0113puma un Kerigmas sludin\u0101\u0161anas (ka Kristus ir miris un aug\u0161\u0101mc\u0113lies) sp\u0113ku. Vi\u0146i redz k\u0101 dzimst pirm\u0101 kopiena. Pateicoties \u0161is jaun\u0101s realit\u0101tes apstiprin\u0101\u0161anai, caur toreiz\u0113jo Madrides arhib\u012bskapu Casimiro Morcillo, Carmen kop\u0101 ar Kiko bija l\u012bdzdarbojusies nesdami \u0161o Bazn\u012bcas atjauno\u0161anu uz Madrides draudz\u0113m, v\u0113l\u0101k uz Romu un v\u0113l v\u0113l\u0101k uz cit\u0101m pils\u0113t\u0101m un valst\u012bm.<\/p>\n\n<p>Carmen Hernandez nomira Madrid\u0113 2016. gada 19. j\u016blij\u0101. Vi\u0146as b\u0113r\u0113s piedal\u012bj\u0101s t\u016bksto\u0161i un vad\u012bja Madrides kardin\u0101ls monsinjors Carlos Osoro Sierra. T\u0113vs Mario uzsv\u0113ra, ka ar Ce\u013cu \u201epirmo reizi v\u0113stur\u0113 notiek, ka v\u012brie\u0161a un sievietes past\u0101v\u012bg\u0101 sadarb\u012bb\u0101 dibin\u0101ta jauna Bazn\u012bcas realit\u0101te past\u0101v vair\u0101k par 50. gadu.&#8221; P\u0101vests ar\u012b s\u016bt\u012bja izzi\u0146u sac\u012bdams, ka \u201ear savi\u013c\u0146ojumu&#8221; esot sa\u0146\u0113mis Carmen n\u0101ves zi\u0146u un izc\u0113la vi\u0146as \u201egaro pieredzi iespaidotu ar m\u012blest\u012bbu J\u0113zum un lielu mision\u0101ro dedz\u012bbu&#8221;. V\u0113l P\u0101vests rakst\u012bja: \u201ePateicos Kungam par \u0161\u012bs sievietes dotu liec\u012bbu, par atkl\u0101to m\u012blest\u012bbu pret Bazn\u012bcu, ka velt\u012bja tik daudzus gadus Lab\u0101s Vests sludin\u0101\u0161anai daudz\u0101s viet\u0101s, \u012bpa\u0161a veid\u0101 t\u0101lu no tic\u012bbas eso\u0161iem, nekad neaizmirstot atstumtu cilv\u0113ku.&#8221;<\/p>\n","protected":false},"excerpt":{"rendered":"<p>Carmen Hern\u00e1ndez Dzimusi 1930. gada 24. novembr\u012b. Mirusi 2016. gada 19. j\u016blij\u0101. Carmen kop\u0101 ar Kiko ir Ce\u013ca iniciatore. Vi\u0146a bija dzimusi Olveg\u0101 (Soria, Sp\u0101nija) 1930. gada 24. novembr\u012b un ir 5. no devi\u0146u b\u0113rnu \u0123imenes (4 v\u012brie\u0161i un 5 sievietes). B\u0113rn\u012bbu pavad\u012bja Tudel\u0101 (Navarra, Sp\u0101nija). Tudel\u0101 m\u0101c\u012bj\u0101s Marijas Sadraudz\u012bb\u0101 un izveidojas kontakts ar J\u0113zus Sadraudz\u012bbu (j\u0113zuitiem). Vi\u0146u ietekm\u0113ja Sv. Franciska Ksavera mision\u0101rais gars un jau kop\u0161 jaun\u012bbas j\u016bt aicin\u0101jumu<\/p>\n<div class=\"read-more\"><a class=\"btn read-more-btn\" href=\"https:\/\/neocatechumenaleiter.org\/lv\/vesture\/carmen-hernandez\/\">Las\u012bt vair\u0101k<\/a><\/div>\n","protected":false},"author":2,"featured_media":0,"parent":16595,"menu_order":0,"comment_status":"closed","ping_status":"closed","template":"","meta":{"footnotes":""},"class_list":["post-16926","page","type-page","status-publish","hentry"],"_links":{"self":[{"href":"https:\/\/neocatechumenaleiter.org\/lv\/wp-json\/wp\/v2\/pages\/16926","targetHints":{"allow":["GET"]}}],"collection":[{"href":"https:\/\/neocatechumenaleiter.org\/lv\/wp-json\/wp\/v2\/pages"}],"about":[{"href":"https:\/\/neocatechumenaleiter.org\/lv\/wp-json\/wp\/v2\/types\/page"}],"author":[{"embeddable":true,"href":"https:\/\/neocatechumenaleiter.org\/lv\/wp-json\/wp\/v2\/users\/2"}],"replies":[{"embeddable":true,"href":"https:\/\/neocatechumenaleiter.org\/lv\/wp-json\/wp\/v2\/comments?post=16926"}],"version-history":[{"count":3,"href":"https:\/\/neocatechumenaleiter.org\/lv\/wp-json\/wp\/v2\/pages\/16926\/revisions"}],"predecessor-version":[{"id":23768,"href":"https:\/\/neocatechumenaleiter.org\/lv\/wp-json\/wp\/v2\/pages\/16926\/revisions\/23768"}],"up":[{"embeddable":true,"href":"https:\/\/neocatechumenaleiter.org\/lv\/wp-json\/wp\/v2\/pages\/16595"}],"wp:attachment":[{"href":"https:\/\/neocatechumenaleiter.org\/lv\/wp-json\/wp\/v2\/media?parent=16926"}],"curies":[{"name":"wp","href":"https:\/\/api.w.org\/{rel}","templated":true}]}}