{"id":17222,"date":"2020-02-25T03:14:42","date_gmt":"2020-02-25T02:14:42","guid":{"rendered":"https:\/\/neocatechumenaleiter.org\/vesture\/kiko-arguello\/"},"modified":"2021-08-10T10:56:18","modified_gmt":"2021-08-10T09:56:18","slug":"kiko-arguello","status":"publish","type":"page","link":"https:\/\/neocatechumenaleiter.org\/lv\/vesture\/kiko-arguello\/","title":{"rendered":"Kiko Arg\u00fcello"},"content":{"rendered":"\n<h1 class=\"wp-block-heading\"><strong>Kiko Arg\u00fcello<\/strong><\/h1>\n\n<div class=\"wp-block-image is-style-circle-mask\"><figure class=\"alignleft size-medium\"><img loading=\"lazy\" decoding=\"async\" width=\"245\" height=\"300\" src=\"https:\/\/neocatechumenaleiter.org\/wp-content\/uploads\/2020\/02\/Camino_Neocatecumenal_Kiko_Arguello-245x300.jpg\" alt=\"Kiko Arg&#xFC;ello\" class=\"wp-image-220\"\/><\/figure><\/div>\n\n<p>Francisco Jos\u00e9 G\u00f3mez de Arg\u00fcello Wirtz ir dzimis Leon\u0101 1939. gada 9. janv\u0101r\u012b. M\u0101c\u012bj\u0101s Madrides Sv. Fernanda akad\u0113mij\u0101 un k\u013cuva p\u0101r m\u0101kslinieku. 1959. gad\u0101 apbalvots ar Nacion\u0101lo m\u0101kslas pr\u0113miju. P\u0113c dzi\u013cas eksistenci\u0101l\u0101s kr\u012bzes atgrie\u017eas un nol\u0113ma velt\u012bt visu savu dz\u012bvi J\u0113zum Kristum un Bazn\u012bcai.<\/p>\n\n<p>1960. gad\u0101 kop\u0101 ar Coomontes un stikla meistaru Mu\u00f1oz de Pablos bija dibin\u0101jis grupu \u201eGremio 62\u201d, lai p\u0113t\u012btu un att\u012bst\u012btu sakr\u0101lo m\u0101kslu. Ekspon\u0113ja savus darbus Madrides Nacion\u0101laj\u0101 Bibliot\u0113k\u0101. 1964. gada Kult\u016bras ministrija pie\u0161\u0137\u012bra p\u0101rst\u0101v\u0113t Sp\u0101niju Univers\u0101laj\u0101 Sakr\u0101l\u0101s m\u0101ksl\u0101s ekspoz\u012bcij\u0101 Rojan\u0101, Francij\u0101. 1965 N\u012bderlande (Galerij\u0101 \u201eNouvelles images\u201d) ar\u012b bija ekspon\u0113jis da\u017eus darbus.<\/p>\n\n<p>P\u0101rliecin\u0101ts ka Kristus ir kl\u0101teso\u0161s nevain\u012bgo cie\u0161an\u0101s un zemes p\u0113d\u0113jos, 1964. gada apmet\u0101s dz\u012bvot starp nabagiem b\u016bd\u0101 Palomeras Alt\u0101s rajon\u0101, Madrides perif\u0113rij\u0101. Tur satika Carmen Hernandez un kop\u0101, nabagu vides pamudin\u0101ti, atkl\u0101ja jaunu sludin\u0101\u0161anas formu. T\u0101 ir kerigm\u0101tiski-kateh\u0113tiska sint\u0113ze, kuri \u012bstenojas maz\u0101 krist\u012bg\u0101 kopien\u0101. \u0160aj\u0101 kopien\u0101, kur\u0101 par\u0101d\u0101s Kristus krust\u0101 sisto m\u012blest\u012bba, top par \u201es\u0113klu&#8221;. Pateicoties Madrides arhib\u012bskapam monsinjoram Casimiro Morcillo tika st\u0101d\u012bta Madrides draudz\u0113s, p\u0113c k\u0101da laika Rom\u0101 un cit\u0101s valst\u012bs.<\/p>\n\n<p>P\u0113c atgrie\u0161an\u0101s Kiko izmantoja m\u0101kslu kalpo\u0161anai Bazn\u012bcai. Piem\u0113ram, caur glezniec\u012bbu, m\u016bziku, arhitekt\u016bru un t\u0113lniec\u012bbu. Caur p\u0113d\u0113j\u0101m div\u0101m vi\u0146\u0161 populariz\u0113 \u201ejauno est\u0113tiku&#8221;, kuri vestu cilv\u0113kus pie tic\u012bbas.<\/p>\n\n<p>K\u0101 gleznot\u0101js ir r\u0101d\u012bjis daudz svar\u012bgu darbu vis\u0101 pasaul\u0113. Sp\u0101nij\u0101, it sevi\u0161\u0137i Murcij\u0101 un Madride, kur vispopul\u0101r\u0101k\u0101 ir katedr\u0101les \u201ecorona misterica&#8221; (Kristus dz\u012bves nosl\u0113pumu kronis). It\u0101lij\u0101, Romas \u201eRedemptoris Mater&#8221; semin\u0101r\u0101, nesen bija nogleznojis milz\u012bgu fresku. Ar\u012b cit\u0101s Romas bazn\u012bc\u0101s, vai t\u0101das pils\u0113t\u0101s k\u0101 Pia\u010denza un Perud\u017eia, atrodami vi\u0146a darbi. V\u0113l viens piem\u0113rs, Domus Galilej\u0101 (Izra\u0113ls) eso\u0161a \u201eP\u0113d\u0113jas tiesas&#8221; freska-centrs eso\u0161s uz Sv\u0113t\u012bbu kalna caur kuru Sv. J\u0101nis P\u0101vils II grib\u0113ja tuvoties ebreju tautai.<\/p>\n\n<p>K\u0101 arhitekts att\u012bst\u012bja jaunu draudzes un semin\u0101ru modeli, kuri balst\u0101s jaunaj\u0101 est\u0113tik\u0101 un ir daudz vi\u0146a izveidotu stikla darbu. Daudz t\u0101du piem\u0113ru ir Sp\u0101nij\u0101, It\u0101lij\u0101, Nikaragv\u0101, Amerikas Savienot\u0101s Valst\u012bs, Somij\u0101, Dominikas Republik\u0101 un v\u0113l da\u017e\u0101s \u0100zijas vai \u0100frikas valst\u012bs. Bet visv\u0101r\u012bg\u0101kais darbs atrodas Domus Galilej\u0101.<\/p>\n\n<p>Caur gadiem Kiko att\u012bst\u012bja Neokatehumen\u0101lajam Ce\u013cam m\u016bzikas nozari. Kop\u0161 br\u012b\u017ea, kad apmet\u0101s dz\u012bvot Palomeras Altas b\u016bd\u0101s ar B\u012bbeli un \u0123it\u0101ru, Kiko ir sakompon\u0113jis vair\u0101k par 300 dziesm\u0101m, kuras veido t\u0101 saucamo \u201eKungs aug\u0161\u0101mc\u0113lies. Dziesmas Neokatehumen\u0101l\u0101 Ce\u013ca kopien\u0101m.&#8221; T\u0101s tiek dzied\u0101tas daudz\u0101s draudz\u0113s vis\u0101 pasaul\u0113 vai pat bija nodzied\u0101tas da\u017eu p\u0101vestu viz\u012b\u0161u laik\u0101. Dziesm\u0101m Kiko ir ar\u012b piel\u0101gojis muzik\u0101lo pavad\u012bjumu izmantodams daudzus instrumentus.<\/p>\n\n<p>2010. gada Kiko Arg\u00fcello bija dibin\u0101jis Neokatehumen\u0101l\u0101 Ce\u013ca simfonisko or\u0137estri un sakompon\u0113jis darbu \u201eNevain\u012bgo cie\u0161anas&#8221;. Caur m\u016bziku tiek att\u0113lotas Jaunavas Marijas cie\u0161anas pie krusta. \u0160is darbs bija izpild\u012bts Izra\u0113l\u0101 da\u017eu svar\u012bgu personu un 200 b\u012bskapu priek\u0161\u0101. Ebreji dzi\u013c\u0101 saj\u016bsm\u0101 atzina, k\u0101 jut\u0101s Bazn\u012bcas saprasti un m\u012bl\u0113ti Shoah (holokausta) cie\u0161anu priek\u0161\u0101. Kop\u0161 t\u0101, simfonija topa par dialoga tiltu starp Bazn\u012bcu un ebreju tautu, k\u0101 ar\u012b bija izpild\u012bta da\u017e\u0101s viet\u0101s, piem\u0113ram, Vatik\u0101n\u0101 (P\u0101vesta Benedikta priek\u0161\u0101), Jeruzalem\u0113, Betl\u0113m\u0113, Madrid\u0113, Par\u012bz\u0113, Tokij\u0101, \u0145ujork\u0101, \u010cik\u0101g\u0101, Boston\u0101, Diseldorf\u0101 vai Au\u0161vic\u0113 un citur.<\/p>\n\n<p>Kiko Arguello ir ar\u012b divu gr\u0101matu autors. 2012. gad\u0101 tika public\u0113ta \u201eKerigma. B\u016bd\u0101s starp nabagiem&#8221; un 2016. gad\u0101- \u201ePiez\u012bmes. 1988-2014&#8243;.<\/p>\n","protected":false},"excerpt":{"rendered":"<p>Kiko Arg\u00fcello Francisco Jos\u00e9 G\u00f3mez de Arg\u00fcello Wirtz ir dzimis Leon\u0101 1939. gada 9. janv\u0101r\u012b. M\u0101c\u012bj\u0101s Madrides Sv. Fernanda akad\u0113mij\u0101 un k\u013cuva p\u0101r m\u0101kslinieku. 1959. gad\u0101 apbalvots ar Nacion\u0101lo m\u0101kslas pr\u0113miju. P\u0113c dzi\u013cas eksistenci\u0101l\u0101s kr\u012bzes atgrie\u017eas un nol\u0113ma velt\u012bt visu savu dz\u012bvi J\u0113zum Kristum un Bazn\u012bcai. 1960. gad\u0101 kop\u0101 ar Coomontes un stikla meistaru Mu\u00f1oz de Pablos bija dibin\u0101jis grupu \u201eGremio 62\u201d, lai p\u0113t\u012btu un att\u012bst\u012btu sakr\u0101lo m\u0101kslu. Ekspon\u0113ja savus<\/p>\n<div class=\"read-more\"><a class=\"btn read-more-btn\" href=\"https:\/\/neocatechumenaleiter.org\/lv\/vesture\/kiko-arguello\/\">Las\u012bt vair\u0101k<\/a><\/div>\n","protected":false},"author":2,"featured_media":0,"parent":16595,"menu_order":0,"comment_status":"closed","ping_status":"closed","template":"","meta":{"footnotes":""},"class_list":["post-17222","page","type-page","status-publish","hentry"],"_links":{"self":[{"href":"https:\/\/neocatechumenaleiter.org\/lv\/wp-json\/wp\/v2\/pages\/17222","targetHints":{"allow":["GET"]}}],"collection":[{"href":"https:\/\/neocatechumenaleiter.org\/lv\/wp-json\/wp\/v2\/pages"}],"about":[{"href":"https:\/\/neocatechumenaleiter.org\/lv\/wp-json\/wp\/v2\/types\/page"}],"author":[{"embeddable":true,"href":"https:\/\/neocatechumenaleiter.org\/lv\/wp-json\/wp\/v2\/users\/2"}],"replies":[{"embeddable":true,"href":"https:\/\/neocatechumenaleiter.org\/lv\/wp-json\/wp\/v2\/comments?post=17222"}],"version-history":[{"count":5,"href":"https:\/\/neocatechumenaleiter.org\/lv\/wp-json\/wp\/v2\/pages\/17222\/revisions"}],"predecessor-version":[{"id":20097,"href":"https:\/\/neocatechumenaleiter.org\/lv\/wp-json\/wp\/v2\/pages\/17222\/revisions\/20097"}],"up":[{"embeddable":true,"href":"https:\/\/neocatechumenaleiter.org\/lv\/wp-json\/wp\/v2\/pages\/16595"}],"wp:attachment":[{"href":"https:\/\/neocatechumenaleiter.org\/lv\/wp-json\/wp\/v2\/media?parent=17222"}],"curies":[{"name":"wp","href":"https:\/\/api.w.org\/{rel}","templated":true}]}}