{"id":19679,"date":"2020-11-23T08:59:02","date_gmt":"2020-11-23T07:59:02","guid":{"rendered":"https:\/\/neocatechumenaleiter.org\/pavestu-uzrunas\/francisks\/regina-coeli-sv-petera-laukuma-paldies-par-jusu-ieguldito-evangelizacijas-darbu-6-v-2018\/"},"modified":"2020-11-28T08:26:24","modified_gmt":"2020-11-28T07:26:24","slug":"regina-coeli-sv-petera-laukuma-paldies-par-jusu-ieguldito-evangelizacijas-darbu-6-v-2018","status":"publish","type":"page","link":"https:\/\/neocatechumenaleiter.org\/lv\/pavestu-uzrunas\/francisks\/regina-coeli-sv-petera-laukuma-paldies-par-jusu-ieguldito-evangelizacijas-darbu-6-v-2018\/","title":{"rendered":"\u201eRegina Coeli&#8221; Sv. P\u0113tera laukum\u0101: \u201ePaldies par j\u016bsu ieguld\u012bto eva\u0146\u0123eliz\u0101cijas darbu.&#8221; 6-V-2018"},"content":{"rendered":"\n<h1 class=\"has-text-align-center wp-block-heading\">\u201eRegina Coeli&#8221; Sv. P\u0113tera laukum\u0101: \u201ePaldies par j\u016bsu ieguld\u012bto eva\u0146\u0123eliz\u0101cijas darbu.&#8221; 6-V-2018<\/h1>\n\n<div style=\"height:20px\" aria-hidden=\"true\" class=\"wp-block-spacer\"><\/div>\n\n<h4 class=\"has-text-align-center wp-block-heading\">Francisks<\/h4>\n\n<div style=\"height:20px\" aria-hidden=\"true\" class=\"wp-block-spacer\"><\/div>\n\n<p><p><strong>Sv. P\u0113tera laukums- Roma, 2018. gada 6. maijs<\/strong><\/p><\/p>\n\n<p><p><em>D\u0101rgie br\u0101\u013ci un m\u0101sas, labdien!<\/em><\/p><\/p>\n\n<p><p>\u0160aj\u0101 Lieldienu laika posma\u00a0 Dieva V\u0101rds turpina par\u0101d\u012bt mums da\u017eus dz\u012bves veidus koherentus, lai m\u0113s b\u016btu Aug\u0161\u0101mc\u0113lo\u0161a kopiena. \u0160odien Eva\u0146\u0123\u0113lijs mums st\u0101da priek\u0161\u0101 J\u0113zus P\u0101veli: \u201ePalieciet mana m\u012blest\u012bba.\u201d (J\u0146 15,9) Palikt J\u0113zus m\u012blest\u012bba. Dz\u012bvot Dieva m\u012blest\u012bbas straum\u0113, apmesties stabil\u0101 m\u0101jokl\u012b, lai m\u016bsu m\u012blest\u012bba nepazaud\u0113tu dedz\u012bbu un drosmi ejot pa ce\u013cu. L\u012bdz\u012bgi k\u0101 J\u0113zus no T\u0113va, t\u0101pat mums j\u0101pie\u0146em ar pateic\u012bbu m\u012blest\u012bbu, kas pl\u016bst no Vi\u0146a un j\u0101paliec taj\u0101. Cen\u0161oties neat\u0161\u0137irties no T\u0113va ar egoismu un gr\u0113ku. Tas ir gr\u016bti, bet nav neiesp\u0113jami.<\/p><\/p>\n\n<p>Vispirms ir svar\u012bgi \u0146emt v\u0113r\u0101, ka Kristus m\u012blest\u012bba nav virspus\u012bgas j\u016btas, n\u0113. T\u0101 ir sirds nost\u0101ja, kuri atkl\u0101jas dz\u012bvo\u0161ana t\u0101 k\u0101 Vi\u0146\u0161 v\u0113las. J\u0113zus saka: \u201eJa j\u016bs tur\u0113siet manas pav\u0113les, paliksiet mana m\u012blest\u012bb\u0101. T\u0101 k\u0101 es tur\u0113ju mana T\u0113va pav\u0113les un palieku vi\u0146a m\u012blest\u012bb\u0101.\u201d (J\u0146 15, 10) M\u012blest\u012bba realiz\u0113jas ikdien\u0101, piem\u0113ram nost\u0101j\u0101s, darb\u012bb\u0101s, jo cit\u0101d\u0101k b\u016btu tikai il\u016bzija. V\u0101rdi, v\u0101rdi, v\u0101rdi- tas nav m\u012blest\u012bba. M\u012blest\u012bba ir konkr\u0113ta, katru dienu. J\u0113zus l\u016bdz, lai m\u0113s turam vi\u0146a bau\u0161\u013cus, citiem v\u0101rdiem- lai m\u0113s \u201em\u012bl\u0113tu viens otru t\u0101, k\u0101 es j\u016bs esmu m\u012bl\u0113jis\u201d. (J\u0146 15, 12)<\/p>\n\n<p>Kas mums j\u0101dara, lai aug\u0161\u0101mc\u0113\u013co\u0161a Kunga mums d\u0101vin\u0101ta m\u012blest\u012bba b\u016btu nodota ar\u012b citiem? Vair\u0101kas reizes J\u0113zus ir nor\u0101d\u012bjis, kas ir tas, kuru j\u0101m\u012bl. To, kuru sastopu uz ce\u013ca ar savu izskatu un pag\u0101tni. Tas mani izaicina, jo mudina mani aiziet no saviem interes\u0113m un dro\u0161\u012bbas. Tas ir cilv\u0113ks, kur\u0161 gaida no manis gatav\u012bbu izklaus\u012bt un iet kop\u0101 to ce\u013ca posmu. Gatav\u012bba uz jebkuru br\u0101\u013ci vai m\u0101su, neatkar\u012bgi no t\u0101, kas vi\u0146\u0161 ir un k\u0101da situ\u0101cij\u0101 atrodas. J\u0101s\u0101k r\u016bp\u0113ties par tiem, kas ir man tuvu \u0123imen\u0113, kopien\u0101, darb\u0101, skol\u0101\u2026 T\u0101da veida es palieku vienot\u012bb\u0101 ar J\u0113zu un vi\u0146a m\u012blest\u012bba var sasniegt citu cilv\u0113ku un pievilkt pie sevis, lai veidotu draudz\u012bbu ar vi\u0146u.&#013;\n&#013;\nM\u012blest\u012bbu nevar saglab\u0101t iz\u0146\u0113mumam situ\u0101cij\u0101m, bet m\u012blest\u012bbai j\u0101top nep\u0101rtrauktai m\u016bsu eksistenc\u0113. T\u0101d\u0113\u013c esam aicin\u0101ti, piem\u0113ram, r\u016bp\u0113ties ar m\u012blest\u012bbu, it k\u0101 par d\u0101rgumu, par gados eso\u0161iem. Neskatoties uz to vai izraisa ekonomiskas probl\u0113mas, gr\u016bt\u012bbas, vai n\u0113. Mums j\u0101r\u016bp\u0113jas par vi\u0146iem. T\u0101p\u0113c slimajiem, pat ja vi\u0146i ir p\u0113d\u0113j\u0101 etap\u0101, j\u0101nodro\u0161ina visnepiecie\u0161am\u0101k\u0101 pal\u012bdz\u012bba. J\u0101uz\u0146em v\u0113l nav dzimu\u0161os. Galu gal\u0101, dz\u012bv\u012bbu j\u0101aizsarg\u0101 no ie\u0146em\u0161anas br\u012b\u017ea l\u012bdz dabiskai n\u0101vei. T\u0101 ir m\u012blest\u012bba. &#013;\n&#013;\nM\u0113s esam Dieva m\u012bl\u0113ti J\u0113z\u016b Krist\u016b. Vi\u0146\u0161 l\u016bdz, lai m\u0113s m\u012bl\u0113tu t\u0101, k\u0101 Vi\u0146\u0161 m\u016bs m\u012bl. M\u0113s to nesp\u0113jam ja m\u016bsos nav vi\u0146a pa\u0161a Sirds.<\/p>\n\n<p>Euharistija, uz kura esam aicin\u0101ti piedal\u012bties katru sv\u0113tdienu, ir m\u0113r\u0137is veidot m\u016bsos Kristus Sirdi. T\u0101da veida, ka visa m\u016bsu dz\u012bve top vad\u012bta par d\u0101sn\u0101m nost\u0101jam. Nov\u0113lu, lai Jaunava Marija pal\u012bdz mums palikt J\u0113zus m\u012blest\u012bb\u0101 un augt m\u012blest\u012bb\u0101 pret visiem, it sevi\u0161\u0137i pret v\u0101j\u0101kajiem, lai m\u0113s piln\u012bgi atbild\u0113tu m\u016bsu krist\u012bgajam aicin\u0101jumam.<\/p>\n\n<hr class=\"wp-block-separator\" \/>\n\n<p><p><strong>Po \u00a0\u201eRegina Coeli&#8221;<\/strong><\/p><\/p>\n\n<p><p><em>D\u0101rgie br\u0101\u013ci un m\u0101sas!<\/em><\/p><\/p>\n\n<p>Vakar Ahen\u0101 (V\u0101cija) tika pasludin\u0101ta par sv\u0113t\u012bgo Klara Fei, Nabadz\u012bga B\u0113rna J\u0113zus m\u0101su dibin\u0101t\u0101ja dz\u012bvojusi XIX gadsimta otraj\u0101 pus\u0113. Pateicamies Dievam par vi\u0146as Eva\u0146\u0123elija liec\u012bbu, \u012bpa\u0161a veid\u0101 audzinot jaunie\u0161us ar gr\u016bt\u012bb\u0101m.<\/p>\n\n<p>Aicinu j\u016bs l\u016bgties par Centr\u0101l\u0101frikas Republikas iedz\u012bvot\u0101jiem. Tie\u0161i tur man bija iesp\u0113ja ciemoties un vi\u0146us es nesu sava sird\u012b. P\u0113d\u0113j\u0101s dien\u0101s valsts daudz cie\u0161 no vardarb\u012bbas un daudzi tika nogalin\u0101ti vai ievainoti, starp tiem viens priesteris. Lai Kungs, caur Jaunavas Marijas aizbildniec\u012bbu pal\u012bdz visiem atteikties no vardarb\u012bbas un atrieb\u012bbas, lai m\u0113s kop\u0101 celtu mieru.<\/p>\n\n<p>Apsveicu j\u016bs visus, romie\u0161i un sv\u0113tce\u013cnieki, \u012bpa\u0161i n\u0101ko\u0161os no Oviedo (Sp\u0101nija), studentus no Vrboves (Slova\u0137ija) un ministrantus no Berna. \u012apa\u0161a veida apsveicu jaunos \u0160veices gvardus, vi\u0146u radiniekus un draugus \u0161ajos vi\u0146u sv\u0113tkos. Aplausi vi\u0146iem!<\/p>\n\n<p><p>Sveiciens ar\u012b p\u0101rst\u0101vjiem no <em>Meter <\/em>asoci\u0101cijas, kurus pamodinu t\u0101l\u0101k turpin\u0101t uz\u0146emties ar b\u0113rniem upuriem no vardarb\u012bbas. Sveicieni ar\u012b tic\u012bgajiem no Pia\u010denzas un Borgoriko un vingrot\u0101ji no Kastelfranco Emilias. Ar\u012b esmu dzird\u0113jis da\u017eas Neokatehumen\u0101lo dziesmas\u2026 L\u016bk, kur vi\u0146i! Paldies! Paldies par j\u016bsu eva\u0146\u0123eliz\u0101cijas darbu. Vi\u0146i ir visur, paldies jums<\/p><\/p>\n\n<p>Apsveicu visus Latinas cietumniekus, kas ir pievienoju\u0161ies gar\u012bgi pie mums. <\/p>\n\n<p>Nov\u0113lu jums jauku sv\u0113tdienu un l\u016bdzu, neaizmirstiet l\u016bgties par mani. Labu pusdienu un uz redz\u0113\u0161anos!<\/p>\n","protected":false},"excerpt":{"rendered":"<p>\u201eRegina Coeli&#8221; Sv. P\u0113tera laukum\u0101: \u201ePaldies par j\u016bsu ieguld\u012bto eva\u0146\u0123eliz\u0101cijas darbu.&#8221; 6-V-2018 Francisks Sv. P\u0113tera laukums- Roma, 2018. gada 6. maijs D\u0101rgie br\u0101\u013ci un m\u0101sas, labdien! \u0160aj\u0101 Lieldienu laika posma\u00a0 Dieva V\u0101rds turpina par\u0101d\u012bt mums da\u017eus dz\u012bves veidus koherentus, lai m\u0113s b\u016btu Aug\u0161\u0101mc\u0113lo\u0161a kopiena. \u0160odien Eva\u0146\u0123\u0113lijs mums st\u0101da priek\u0161\u0101 J\u0113zus P\u0101veli: \u201ePalieciet mana m\u012blest\u012bba.\u201d (J\u0146 15,9) Palikt J\u0113zus m\u012blest\u012bba. Dz\u012bvot Dieva m\u012blest\u012bbas straum\u0113, apmesties stabil\u0101 m\u0101jokl\u012b, lai m\u016bsu m\u012blest\u012bba nepazaud\u0113tu<\/p>\n<div class=\"read-more\"><a class=\"btn read-more-btn\" href=\"https:\/\/neocatechumenaleiter.org\/lv\/pavestu-uzrunas\/francisks\/regina-coeli-sv-petera-laukuma-paldies-par-jusu-ieguldito-evangelizacijas-darbu-6-v-2018\/\">Las\u012bt vair\u0101k<\/a><\/div>\n","protected":false},"author":2,"featured_media":0,"parent":16593,"menu_order":7,"comment_status":"closed","ping_status":"closed","template":"","meta":{"footnotes":""},"class_list":["post-19679","page","type-page","status-publish","hentry"],"_links":{"self":[{"href":"https:\/\/neocatechumenaleiter.org\/lv\/wp-json\/wp\/v2\/pages\/19679","targetHints":{"allow":["GET"]}}],"collection":[{"href":"https:\/\/neocatechumenaleiter.org\/lv\/wp-json\/wp\/v2\/pages"}],"about":[{"href":"https:\/\/neocatechumenaleiter.org\/lv\/wp-json\/wp\/v2\/types\/page"}],"author":[{"embeddable":true,"href":"https:\/\/neocatechumenaleiter.org\/lv\/wp-json\/wp\/v2\/users\/2"}],"replies":[{"embeddable":true,"href":"https:\/\/neocatechumenaleiter.org\/lv\/wp-json\/wp\/v2\/comments?post=19679"}],"version-history":[{"count":9,"href":"https:\/\/neocatechumenaleiter.org\/lv\/wp-json\/wp\/v2\/pages\/19679\/revisions"}],"predecessor-version":[{"id":19862,"href":"https:\/\/neocatechumenaleiter.org\/lv\/wp-json\/wp\/v2\/pages\/19679\/revisions\/19862"}],"up":[{"embeddable":true,"href":"https:\/\/neocatechumenaleiter.org\/lv\/wp-json\/wp\/v2\/pages\/16593"}],"wp:attachment":[{"href":"https:\/\/neocatechumenaleiter.org\/lv\/wp-json\/wp\/v2\/media?parent=19679"}],"curies":[{"name":"wp","href":"https:\/\/api.w.org\/{rel}","templated":true}]}}