{"id":19869,"date":"2020-03-04T01:57:30","date_gmt":"2020-03-04T00:57:30","guid":{"rendered":"https:\/\/neocatechumenaleiter.org\/pavestu-uzrunas\/sv-janis-pavils-ii\/priesteru-ordinacija-22-v-1994\/"},"modified":"2021-08-10T11:03:48","modified_gmt":"2021-08-10T10:03:48","slug":"priesteru-ordinacija-22-v-1994","status":"publish","type":"page","link":"https:\/\/neocatechumenaleiter.org\/lv\/pavestu-uzrunas\/sv-janis-pavils-ii\/priesteru-ordinacija-22-v-1994\/","title":{"rendered":"Priesteru ordin\u0101cija 22-V-1994"},"content":{"rendered":"\n<h1 class=\"has-text-align-center wp-block-heading\">Priesteru ordin\u0101cija 22-V-1994<\/h1>\n\n<div style=\"height:20px\" aria-hidden=\"true\" class=\"wp-block-spacer\"><\/div>\n\n<h4 class=\"has-text-align-center wp-block-heading\">Sv. J\u0101nis P\u0101vils II<\/h4>\n\n<div style=\"height:20px\" aria-hidden=\"true\" class=\"wp-block-spacer\"><\/div>\n\n<p><p><strong>Sv. P\u0113tera bazilika, 1994. gada 22. maijs<\/strong><\/p><\/p>\n\n<p><p><em>Pentekostes sv\u0113tdiena Sv\u0113t\u0101 P\u0113tera bazilik\u0101, priesteru ordin\u0101ciju sv\u0113tdiena. 39 diakoni no kuriem 13 no \u201eRedemptoris Mater&#8221; semin\u0101ra. Baltos ap\u0123\u0113rbos un ar sarkano stolu pie Atz\u012b\u0161an\u0101s alt\u0101ra eso\u0161os par priesteriem iesv\u0113t\u012bja kardin\u0101ls vik\u0101rs Camillo Ruini. K\u0101 katru gadu, uz jauniem diakoniem bija j\u0101uzliek rokas\u00a0 J\u0101nim P\u0101vilam II. Diem\u017e\u0113l P\u0101vests nebija sp\u0113j\u012bgs dot Sakramentu un vad\u012bt \u0161o ritu, jo atrad\u0101s\u00a0\u201eGemelli&#8221; slimn\u012bc\u0101.<\/em><\/p><\/p>\n\n<p><p><em>Homilijas s\u0101kum\u0101 kardin\u0101ls Ruini\u00a0 velt\u012bja p\u0101ris pateic\u012bbas v\u0101rdus J\u0101nim P\u0101vilam II:<\/em><\/p><\/p>\n\n<div class=\"wp-block-image\"><figure class=\"alignleft size-large\"><img loading=\"lazy\" decoding=\"async\" width=\"688\" height=\"498\" src=\"https:\/\/neocatechumenaleiter.org\/wp-content\/uploads\/2020\/03\/Camino_Neocatecumenal_Juan_Pablo_II_ordenacion_sacerdotal_1994.jpg\" alt=\"\" class=\"wp-image-13574\" srcset=\"https:\/\/neocatechumenaleiter.org\/wp-content\/uploads\/2020\/03\/Camino_Neocatecumenal_Juan_Pablo_II_ordenacion_sacerdotal_1994.jpg 688w, https:\/\/neocatechumenaleiter.org\/wp-content\/uploads\/2020\/03\/Camino_Neocatecumenal_Juan_Pablo_II_ordenacion_sacerdotal_1994-300x217.jpg 300w\" sizes=\"auto, (max-width: 688px) 100vw, 688px\" \/><\/figure><\/div>\n\n<p>\u0160odien jums bija j\u0101b\u016bt iesv\u0113t\u012btiem ar vi\u0146a rok\u0101m, teica kardin\u0101ls Ruini. Kungs pie\u013c\u0101va cit\u0101di, bet j\u016bs labi zin\u0101t, ka upur\u0113dams \u0161o cie\u0161anu br\u012bdi P\u0101vests ir v\u0113l tuv\u0101k jums. Vi\u0146\u0161 ir v\u0113l sp\u0113c\u012bg\u0101ks j\u016bsu priester\u012bbas t\u0113vs. Pateiksimies no visas sirds ir uzklaus\u012bsim vi\u0146a v\u0101rdus.<\/p>\n\n<p><p>Tr\u012bsdesmit devi\u0146i jauni priesteri tika iesv\u0113t\u012bti Pentekostes lielajos sv\u0113tkos. T\u0101 ir liela Sv\u0113t\u0101 Gara d\u0101vana Romas Bazn\u012bcai. Tr\u012bsdesmit asto\u0146as \u201ed\u0101snas sirdis&#8221; tika noz\u012bm\u0113tas Romas Bazn\u012bcai: 21 no Augst\u0101k\u0101 semin\u0101ra, 13 no Redemptoris Mater un v\u0113l 3 no \u201e<em>Almo Collegio Capranica&#8221;. (*) Sal. \u00abL\u2019Osservatore Romano\u00bb, 1994. gada 23-24. maijs.<\/em><\/p><\/p>\n","protected":false},"excerpt":{"rendered":"<p>Priesteru ordin\u0101cija 22-V-1994 Sv. J\u0101nis P\u0101vils II Sv. P\u0113tera bazilika, 1994. gada 22. maijs Pentekostes sv\u0113tdiena Sv\u0113t\u0101 P\u0113tera bazilik\u0101, priesteru ordin\u0101ciju sv\u0113tdiena. 39 diakoni no kuriem 13 no \u201eRedemptoris Mater&#8221; semin\u0101ra. Baltos ap\u0123\u0113rbos un ar sarkano stolu pie Atz\u012b\u0161an\u0101s alt\u0101ra eso\u0161os par priesteriem iesv\u0113t\u012bja kardin\u0101ls vik\u0101rs Camillo Ruini. K\u0101 katru gadu, uz jauniem diakoniem bija j\u0101uzliek rokas\u00a0 J\u0101nim P\u0101vilam II. Diem\u017e\u0113l P\u0101vests nebija sp\u0113j\u012bgs dot Sakramentu un vad\u012bt \u0161o ritu,<\/p>\n<div class=\"read-more\"><a class=\"btn read-more-btn\" href=\"https:\/\/neocatechumenaleiter.org\/lv\/pavestu-uzrunas\/sv-janis-pavils-ii\/priesteru-ordinacija-22-v-1994\/\">Las\u012bt vair\u0101k<\/a><\/div>\n","protected":false},"author":2,"featured_media":0,"parent":18796,"menu_order":81,"comment_status":"closed","ping_status":"closed","template":"","meta":{"footnotes":""},"class_list":["post-19869","page","type-page","status-publish","hentry"],"_links":{"self":[{"href":"https:\/\/neocatechumenaleiter.org\/lv\/wp-json\/wp\/v2\/pages\/19869","targetHints":{"allow":["GET"]}}],"collection":[{"href":"https:\/\/neocatechumenaleiter.org\/lv\/wp-json\/wp\/v2\/pages"}],"about":[{"href":"https:\/\/neocatechumenaleiter.org\/lv\/wp-json\/wp\/v2\/types\/page"}],"author":[{"embeddable":true,"href":"https:\/\/neocatechumenaleiter.org\/lv\/wp-json\/wp\/v2\/users\/2"}],"replies":[{"embeddable":true,"href":"https:\/\/neocatechumenaleiter.org\/lv\/wp-json\/wp\/v2\/comments?post=19869"}],"version-history":[{"count":2,"href":"https:\/\/neocatechumenaleiter.org\/lv\/wp-json\/wp\/v2\/pages\/19869\/revisions"}],"predecessor-version":[{"id":24251,"href":"https:\/\/neocatechumenaleiter.org\/lv\/wp-json\/wp\/v2\/pages\/19869\/revisions\/24251"}],"up":[{"embeddable":true,"href":"https:\/\/neocatechumenaleiter.org\/lv\/wp-json\/wp\/v2\/pages\/18796"}],"wp:attachment":[{"href":"https:\/\/neocatechumenaleiter.org\/lv\/wp-json\/wp\/v2\/media?parent=19869"}],"curies":[{"name":"wp","href":"https:\/\/api.w.org\/{rel}","templated":true}]}}