{"id":20074,"date":"2020-12-31T11:11:05","date_gmt":"2020-12-31T10:11:05","guid":{"rendered":"https:\/\/neocatechumenaleiter.org\/pavestu-uzrunas\/sv-janis-pavils-ii\/regina-coeli-sveta-gara-atsutisanas-diena-nosledzot-misiju-roma-23-v-1999\/"},"modified":"2020-12-31T11:11:05","modified_gmt":"2020-12-31T10:11:05","slug":"regina-coeli-sveta-gara-atsutisanas-diena-nosledzot-misiju-roma-23-v-1999","status":"publish","type":"page","link":"https:\/\/neocatechumenaleiter.org\/lv\/pavestu-uzrunas\/sv-janis-pavils-ii\/regina-coeli-sveta-gara-atsutisanas-diena-nosledzot-misiju-roma-23-v-1999\/","title":{"rendered":"\u201eRegina Coeli&#8221; Sv\u0113t\u0101 Gara ats\u016bt\u012b\u0161anas dien\u0101 nosl\u0113dzot misiju Rom\u0101 23-V-1999"},"content":{"rendered":"\n<h1 class=\"has-text-align-center wp-block-heading\">\u201eRegina Coeli&#8221; Sv\u0113t\u0101 Gara ats\u016bt\u012b\u0161anas dien\u0101 nosl\u0113dzot misiju Rom\u0101 23-V-1999<\/h1>\n\n<div style=\"height:20px\" aria-hidden=\"true\" class=\"wp-block-spacer\"><\/div>\n\n<h4 class=\"has-text-align-center wp-block-heading\">Sv. J\u0101nis P\u0101vils II<\/h4>\n\n<div style=\"height:20px\" aria-hidden=\"true\" class=\"wp-block-spacer\"><\/div>\n\n<p><strong>Sv. P\u0113tera laukums, 1999. gada 23. maijs *<\/strong><\/p>\n\n<p><em>\u201ePiesauksim visi kop\u0101 Sv\u0113to Garu, lai \u0161\u012b misija pa Romu nestu aug\u013cus un piepild\u012btu p\u0113c tiem gaido\u0161o Bazn\u012bcu.&#8221; Sv\u0113t\u0101 Gara ats\u016bt\u012b\u0161an\u0101s lielo sv\u0113tku \u201eRegina Coeli&#8221;, 23. maij\u0101, J\u0101nis P\u0101vils atg\u0101din\u0101ja par svin\u012bgo Nomodu ar kuru nosl\u0113dza pilsonisko misiju Rom\u0101 ar eklezi\u0101l\u0101m kust\u012bb\u0101m un jaunaj\u0101m kopien\u0101m. \u0160ie ir P\u0101vesta v\u0101rdi:<\/em><\/p>\n\n<p>D\u0101rgie br\u0101\u013ci un m\u0101sas! 1. Sv\u0113t\u0101 Gara ats\u016bt\u012b\u0161anas lielajos sv\u0113tkos (Pentekoste) varam piedz\u012bvot Apustu\u013cu \u0101rk\u0101rt\u012bgo situ\u0101ciju, tie\u0161i 50 dienas p\u0113c Kristus aug\u0161\u0101mcel\u0161anas. Pentekoste nosl\u0113dz Lieldienu laiku un galvenok\u0101rt tiek uzsv\u0113rta Sv\u0113t\u0101 Gara \u017e\u0113last\u012bba, otrk\u0101rt- J\u0113zus apsol\u012bjums. \u0160odien varam kontempl\u0113t m\u0101cek\u013cu p\u0101rveido\u0161anos. Tie no bail\u012bgiem sekot\u0101jiem topa par drosm\u012bgiem Labas Vests lieciniekiem vis\u0101 pasaul\u0113. Sapulc\u0113ju\u0161os kop\u012bgai l\u016bg\u0161anai P\u0113d\u0113jo vakari\u0146u telp\u0101, kop\u0101 ar Mariju, tiek Paties\u012bbas Gara aicin\u0101ti dar\u012bt visu pasauli par m\u012blest\u012bbas un vienot\u012bbas telpu. \u0160eit ir svar\u012bgas abas dimensijas: l\u016bg\u0161ana un apustul\u0101ts, vienot\u012bba un misija. Tie ir pamats Bazn\u012bcas dz\u012bvei katr\u0101 laik\u0101 un viet\u0101.<\/p>\n\n<p>2. \u0160iem sv\u0113tkiem esam gatavoj\u0101mies vakar vakar\u0101, 6eit, Sv. P\u0113tera laukum\u0101. Bij\u0101m nomod\u0101 nosl\u0113dzot \u0161o misiju Rom\u0101. Cik svar\u012bga un skaista gar\u012bga pieredze!  Tas man atg\u0101din\u0101ja pag\u0101ju\u0161aj\u0101 gad\u0101 \u012bstenoto tik\u0161anos ar eklezi\u0101l\u0101m kust\u012bb\u0101m un kopien\u0101m. Vi\u0146i visi kop\u0101 ir patiesa Sv\u0113t\u0101 Gara d\u0101vana \u0161\u012bs t\u016bksto\u0161gades beig\u0101s un viens no jauniem II Vatik\u0101na koncila aug\u013ciem. Bija tik\u0161an\u0101s pag\u0101ju\u0161aj\u0101 gad\u0101 un t\u0101s aug\u013ci ir ac\u012bmredzami. Ir vairoju\u0161ies pied\u0101v\u0101jumi kust\u012bb\u0101s un Bazn\u012bcas kopien\u0101s palielin\u0101t savstarp\u0113ju sadarb\u012bbu viet\u0113j\u0101 Bazn\u012bc\u0101 un draudz\u0113s. Pateicamies Kungam p\u0101r \u0161o cer\u012bbas bag\u0101tu Bazn\u012bcas pavasari. Pateicoties pa\u0161reiz\u0113jai att\u012bst\u012bbai, esmu p\u0101rliecin\u0101ts, ka n\u0101kamaj\u0101 Pontifik\u0101l\u0101s Laju padomes san\u0101ksm\u0113 par &#8220;Bazn\u012bcas kust\u012bb\u0101m un jaun\u0101m kopien\u0101m b\u012bskapu pastor\u0101l\u0101 piepras\u012bjum\u0101&#8221;. Sekul\u0101ra pasaule prasa katru kristieti atjaunot mision\u0101ro dedz\u012bbu balstot uz l\u016bg\u0161anas, vienot\u012bbas un sludin\u0101\u0161anas pieredzi.<\/p>\n\n<p>3. Piesauksim kop\u0101 Sv\u0113to Garu, lai misija Rom\u0101 nestu daudz aug\u013cus\u00a0 visai Bazn\u012bcai un piepild\u012btu m\u016bsu cer\u012bbu. Mision\u0101rai darb\u012bbai nav der\u012bguma termi\u0146\u0101 un skar ikvienu krist\u012bgas kopienas locek\u013ci. \u0160odien, l\u012bdz\u012bgi ka Bazn\u012bcas s\u0101kumos, Bazn\u012bca zina, ka ir nepiecie\u0161ami palikt l\u016bg\u0161an\u0101 ar Mariju, J\u0113zus M\u0101ti un m\u016bsu M\u0101te. L\u016bgsim Jaunavai Marijai l\u016bgties ar mums un par mums pie debesu T\u0113va, lai atjaunotu Pentekostes br\u012bnumdarbus.<\/p>\n\n<p><em>(*) Sal. \u00abL\u2019Osservatore Romano\u00bb, 1999. gada 24-25 maijs.<\/em><\/p>\n","protected":false},"excerpt":{"rendered":"<p>\u201eRegina Coeli&#8221; Sv\u0113t\u0101 Gara ats\u016bt\u012b\u0161anas dien\u0101 nosl\u0113dzot misiju Rom\u0101 23-V-1999 Sv. J\u0101nis P\u0101vils II Sv. P\u0113tera laukums, 1999. gada 23. maijs * \u201ePiesauksim visi kop\u0101 Sv\u0113to Garu, lai \u0161\u012b misija pa Romu nestu aug\u013cus un piepild\u012btu p\u0113c tiem gaido\u0161o Bazn\u012bcu.&#8221; Sv\u0113t\u0101 Gara ats\u016bt\u012b\u0161an\u0101s lielo sv\u0113tku \u201eRegina Coeli&#8221;, 23. maij\u0101, J\u0101nis P\u0101vils atg\u0101din\u0101ja par svin\u012bgo Nomodu ar kuru nosl\u0113dza pilsonisko misiju Rom\u0101 ar eklezi\u0101l\u0101m kust\u012bb\u0101m un jaunaj\u0101m kopien\u0101m. \u0160ie ir P\u0101vesta<\/p>\n<div class=\"read-more\"><a class=\"btn read-more-btn\" href=\"https:\/\/neocatechumenaleiter.org\/lv\/pavestu-uzrunas\/sv-janis-pavils-ii\/regina-coeli-sveta-gara-atsutisanas-diena-nosledzot-misiju-roma-23-v-1999\/\">Las\u012bt vair\u0101k<\/a><\/div>\n","protected":false},"author":2,"featured_media":0,"parent":18796,"menu_order":92,"comment_status":"closed","ping_status":"closed","template":"","meta":{"footnotes":""},"class_list":["post-20074","page","type-page","status-publish","hentry"],"_links":{"self":[{"href":"https:\/\/neocatechumenaleiter.org\/lv\/wp-json\/wp\/v2\/pages\/20074","targetHints":{"allow":["GET"]}}],"collection":[{"href":"https:\/\/neocatechumenaleiter.org\/lv\/wp-json\/wp\/v2\/pages"}],"about":[{"href":"https:\/\/neocatechumenaleiter.org\/lv\/wp-json\/wp\/v2\/types\/page"}],"author":[{"embeddable":true,"href":"https:\/\/neocatechumenaleiter.org\/lv\/wp-json\/wp\/v2\/users\/2"}],"replies":[{"embeddable":true,"href":"https:\/\/neocatechumenaleiter.org\/lv\/wp-json\/wp\/v2\/comments?post=20074"}],"version-history":[{"count":1,"href":"https:\/\/neocatechumenaleiter.org\/lv\/wp-json\/wp\/v2\/pages\/20074\/revisions"}],"predecessor-version":[{"id":20075,"href":"https:\/\/neocatechumenaleiter.org\/lv\/wp-json\/wp\/v2\/pages\/20074\/revisions\/20075"}],"up":[{"embeddable":true,"href":"https:\/\/neocatechumenaleiter.org\/lv\/wp-json\/wp\/v2\/pages\/18796"}],"wp:attachment":[{"href":"https:\/\/neocatechumenaleiter.org\/lv\/wp-json\/wp\/v2\/media?parent=20074"}],"curies":[{"name":"wp","href":"https:\/\/api.w.org\/{rel}","templated":true}]}}