{"id":20116,"date":"2021-01-13T17:13:23","date_gmt":"2021-01-13T16:13:23","guid":{"rendered":"https:\/\/neocatechumenaleiter.org\/pavestu-uzrunas\/sv-janis-pavils-ii\/pavesta-jana-pavila-ii-uzruna-neokatehumenala-cela-celojosiem-katehistiem-29-ix-1979\/"},"modified":"2021-01-13T17:13:23","modified_gmt":"2021-01-13T16:13:23","slug":"pavesta-jana-pavila-ii-uzruna-neokatehumenala-cela-celojosiem-katehistiem-29-ix-1979","status":"publish","type":"page","link":"https:\/\/neocatechumenaleiter.org\/lv\/pavestu-uzrunas\/sv-janis-pavils-ii\/pavesta-jana-pavila-ii-uzruna-neokatehumenala-cela-celojosiem-katehistiem-29-ix-1979\/","title":{"rendered":"P\u0101vesta J\u0101\u0146a P\u0101vila II uzruna Neokatehumen\u0101l\u0101 Ce\u013ca ce\u013cojo\u0161iem katehistiem 29-IX-1979"},"content":{"rendered":"\n<h1 class=\"has-text-align-center wp-block-heading\">P\u0101vesta J\u0101\u0146a P\u0101vila II uzruna Neokatehumen\u0101l\u0101 Ce\u013ca ce\u013cojo\u0161iem katehistiem 29-IX-1979<\/h1>\n\n<div style=\"height:20px\" aria-hidden=\"true\" class=\"wp-block-spacer\"><\/div>\n\n<h4 class=\"has-text-align-center wp-block-heading\">Sv. J\u0101nis P\u0101vils II<\/h4>\n\n<div style=\"height:20px\" aria-hidden=\"true\" class=\"wp-block-spacer\"><\/div>\n\n<div class=\"wp-block-image is-style-default\"><figure class=\"alignright size-large\"><img loading=\"lazy\" decoding=\"async\" width=\"400\" height=\"295\" src=\"https:\/\/neocatechumenaleiter.org\/wp-content\/uploads\/2020\/03\/Camino_Neocatecumenal_Juan_Pablo_II_visita_audiencia_general_1979.jpg\" alt=\"\" class=\"wp-image-14396\" srcset=\"https:\/\/neocatechumenaleiter.org\/wp-content\/uploads\/2020\/03\/Camino_Neocatecumenal_Juan_Pablo_II_visita_audiencia_general_1979.jpg 400w, https:\/\/neocatechumenaleiter.org\/wp-content\/uploads\/2020\/03\/Camino_Neocatecumenal_Juan_Pablo_II_visita_audiencia_general_1979-300x221.jpg 300w\" sizes=\"auto, (max-width: 400px) 100vw, 400px\" \/><\/figure><\/div>\n\n<p><strong>Vatik\u0101ns, audience, 1979. gada 26. septembr\u012b<\/strong><\/p>\n\n<p><em>Priesteriem ir ce\u013cojo\u0161iem katehistiem lajiem no Neokatehumen\u0101l\u0101 Ce\u013ca p\u0101vests J\u0101nis P\u0101vils II teica:<\/em><\/p>\n\n<p>&#8230; \u0160odien kop\u0101 ar mums \u0161aj\u0101 audienc\u0113 ir kl\u0101teso\u0161i cilv\u0113ki piedero\u0161i kust\u012bbai, kuras m\u0113r\u0137is ir\u00a0<strong>pal\u012bdz\u0113t kristie\u0161iem atkl\u0101t no jauna Krist\u012bbas sa\u0146emtu realit\u0101ti\u00a0<\/strong>un dz\u012bvot taj\u0101 bag\u0101t\u012bb\u0101 ar prieku. Lai j\u016bsu liec\u012bba, saska\u0146ota ar atbilsto\u0161iem ganiem, izraisa br\u0101\u013cos v\u0113lmi dz\u012bvot koherentisk\u0101ko dz\u012bvi p\u0113c Krist\u012bbas nosac\u012bjumiem un t\u0101s neizsme\u013camu bag\u0101t\u012bbu.<\/p>\n","protected":false},"excerpt":{"rendered":"<p>P\u0101vesta J\u0101\u0146a P\u0101vila II uzruna Neokatehumen\u0101l\u0101 Ce\u013ca ce\u013cojo\u0161iem katehistiem 29-IX-1979 Sv. J\u0101nis P\u0101vils II Vatik\u0101ns, audience, 1979. gada 26. septembr\u012b Priesteriem ir ce\u013cojo\u0161iem katehistiem lajiem no Neokatehumen\u0101l\u0101 Ce\u013ca p\u0101vests J\u0101nis P\u0101vils II teica: &#8230; \u0160odien kop\u0101 ar mums \u0161aj\u0101 audienc\u0113 ir kl\u0101teso\u0161i cilv\u0113ki piedero\u0161i kust\u012bbai, kuras m\u0113r\u0137is ir\u00a0pal\u012bdz\u0113t kristie\u0161iem atkl\u0101t no jauna Krist\u012bbas sa\u0146emtu realit\u0101ti\u00a0un dz\u012bvot taj\u0101 bag\u0101t\u012bb\u0101 ar prieku. Lai j\u016bsu liec\u012bba, saska\u0146ota ar atbilsto\u0161iem ganiem, izraisa br\u0101\u013cos v\u0113lmi<\/p>\n<div class=\"read-more\"><a class=\"btn read-more-btn\" href=\"https:\/\/neocatechumenaleiter.org\/lv\/pavestu-uzrunas\/sv-janis-pavils-ii\/pavesta-jana-pavila-ii-uzruna-neokatehumenala-cela-celojosiem-katehistiem-29-ix-1979\/\">Las\u012bt vair\u0101k<\/a><\/div>\n","protected":false},"author":2,"featured_media":0,"parent":18796,"menu_order":2,"comment_status":"closed","ping_status":"closed","template":"","meta":{"footnotes":""},"class_list":["post-20116","page","type-page","status-publish","hentry"],"_links":{"self":[{"href":"https:\/\/neocatechumenaleiter.org\/lv\/wp-json\/wp\/v2\/pages\/20116","targetHints":{"allow":["GET"]}}],"collection":[{"href":"https:\/\/neocatechumenaleiter.org\/lv\/wp-json\/wp\/v2\/pages"}],"about":[{"href":"https:\/\/neocatechumenaleiter.org\/lv\/wp-json\/wp\/v2\/types\/page"}],"author":[{"embeddable":true,"href":"https:\/\/neocatechumenaleiter.org\/lv\/wp-json\/wp\/v2\/users\/2"}],"replies":[{"embeddable":true,"href":"https:\/\/neocatechumenaleiter.org\/lv\/wp-json\/wp\/v2\/comments?post=20116"}],"version-history":[{"count":1,"href":"https:\/\/neocatechumenaleiter.org\/lv\/wp-json\/wp\/v2\/pages\/20116\/revisions"}],"predecessor-version":[{"id":20117,"href":"https:\/\/neocatechumenaleiter.org\/lv\/wp-json\/wp\/v2\/pages\/20116\/revisions\/20117"}],"up":[{"embeddable":true,"href":"https:\/\/neocatechumenaleiter.org\/lv\/wp-json\/wp\/v2\/pages\/18796"}],"wp:attachment":[{"href":"https:\/\/neocatechumenaleiter.org\/lv\/wp-json\/wp\/v2\/media?parent=20116"}],"curies":[{"name":"wp","href":"https:\/\/api.w.org\/{rel}","templated":true}]}}