{"id":20118,"date":"2020-02-28T15:35:08","date_gmt":"2020-02-28T14:35:08","guid":{"rendered":"https:\/\/neocatechumenaleiter.org\/pavestu-uzrunas\/sv-pavils-vi\/audience-8-v-1974\/"},"modified":"2021-08-10T10:58:58","modified_gmt":"2021-08-10T09:58:58","slug":"audience-8-v-1974","status":"publish","type":"page","link":"https:\/\/neocatechumenaleiter.org\/lv\/pavestu-uzrunas\/sv-pavils-vi\/audience-8-v-1974\/","title":{"rendered":"Audience 8-V-1974"},"content":{"rendered":"\n<h1 class=\"has-text-align-center wp-block-heading\">Audience 8-V-1974 <\/h1>\n\n<div style=\"height:20px\" aria-hidden=\"true\" class=\"wp-block-spacer\"><\/div>\n\n<h4 class=\"has-text-align-center wp-block-heading\">Sv. P\u0101vils VI<\/h4>\n\n<div style=\"height:20px\" aria-hidden=\"true\" class=\"wp-block-spacer\"><\/div>\n\n<p><em>1974. gada 8. maij\u0101, starptautisk\u0101s tik\u0161an\u0101s beig\u0101s Romas &#8220;Domus Mariae&#8221;, 500 dal\u012bbnieki (priesteri un laji no da\u017e\u0101m valst\u012bm Eirop\u0101) piedal\u012bj\u0101s audienc\u0113 ar p\u0101vestu. P\u0101vils VI uzrun\u0101ja vi\u0146us ar \u0161iem v\u0101rdiem:<\/em><\/p>\n\n<p>Apsveicu priesteru un laju grupu, kas p\u0101rst\u0101v <em>Neokatehumen\u0101lo Kopienu<\/em> kust\u012bbu. L\u016bk, p\u0113c Koncila aug\u013ci! Vi\u0146i ir san\u0101ku\u0161i uz san\u0101ksmi par eva\u0146\u0123eliz\u0101ciju m\u016bsdienu pasaul\u0113 Rom\u0101. Tie ir no daudz\u0101m It\u0101lijas diec\u0113z\u0113m un cit\u0101m valst\u012bm. \u0160\u012b t\u0113ma tiks aprun\u0101ta n\u0101kamaj\u0101 b\u012bskapu sinodes asamblej\u0101.&#13;\n&#13;\nCik daudz prieka un cer\u012bbu dodat mums ar savu kl\u0101tb\u016btni un darb\u012bbu!<\/p>\n\n<p>M\u0113s zin\u0101m, ka j\u016bsu kopien\u0101s j\u016bs cen\u0161aties saprast un att\u012bst\u012bt j\u016bsu krist\u012bbu bag\u0101t\u012bbu un j\u016bsu pieder\u012bbas Kristum sekas. \u0160\u012b darb\u012bba \u013cauj jums saprast, ka krist\u012bg\u0101 dz\u012bve ir tie\u0161i saska\u0146ot\u012bba, past\u0101v\u012bgs dinamisms, kur\u0161 n\u0101k no t\u0101, ka j\u016bs esat piekritu\u0161i b\u016bt ar Kristu un v\u0113laties turpin\u0101t Vi\u0146a kl\u0101tb\u016btni un Vi\u0146a misiju pasaul\u0113.<\/p>\n\n<p>\u0160\u012b ap\u0146em\u0161an\u0101s, kas jums ir apzin\u0101ts un autentisks krist\u012bga aicin\u0101juma dz\u012bvo\u0161anas veids, top par liec\u012bbu citiem. J\u016bs veicin\u0101t apustul\u0101tu b\u016bdami to, kas esat. J\u016bs k\u013c\u016bstat par stimulu lai cilv\u0113ki no jauna atkl\u0101tu un atg\u016btu \u012bstus krist\u012bgus tikumus, kuri var\u0113tu palikt apsl\u0113pti, gu\u013co\u0161i un at\u0161\u0137irti ikdien\u0101.<\/p>\n\n<p>N\u0113! J\u016bs uzsverat un izc\u0113l\u0101t to un dodat mor\u0101lo spo\u017eumu, kas top par piem\u0113ru. Un t\u0101d\u0101 gar\u0101 j\u016bs dz\u012bvoj\u0101t \u0161o Neokatehumen\u0101lo kopienu.<\/p>\n\n<p>Dz\u012bvot un veicin\u0101t \u0161o atmodin\u0101\u0161anos ir tas, ko j\u016bs saucat par veidu ,,p\u0113c krist\u012bb\u0101m&#8221;, kas b\u016bs sp\u0113j\u012bga atjaunot m\u016bsdienu krist\u012bgaj\u0101s kopien\u0101s tos brieduma un padzi\u013cin\u0101\u0161anas efektus, kuri s\u0101kotn\u0113ja Bazn\u012bc\u0101 bija biju\u0161i laika posm\u0101 gatavojoties uz Krist\u012bb\u0101m.<\/p>\n\n<p>J\u016bs to dar\u0101t p\u0113c. Pirms vai p\u0113c, es teiktu, ir otrreiz\u0113ja lieta. Galvenais, ka j\u016bs mekl\u0113jat autentiskumu, piln\u012bbu, saska\u0146ot\u012bbu un krist\u012bgas dz\u012bves atkl\u0101t\u012bbu. \u0160is ir milz\u012bgs nopelns, kas, ka jau teicu, \u013coti iepriecina un ieteic apsveikt j\u016bs. Visliel\u0101k\u0101s atz\u012bmes un sv\u0113t\u012bbu jums un kop\u0101 ar jums eso\u0161ajiem. Cik b\u016bsiet sp\u0113j\u012bgi, ar j\u016bsu vesti nododiet sveicienus ar\u012b no mums.<\/p>\n\n<p>Esam priec\u012bgi zin\u0101dami, ka mudin\u0101t sirdsapzi\u0146as daudz\u0101s draudz\u0113s. It sevi\u0161\u0137i, esam priec\u012bgi, ka katra j\u016bsu iniciat\u012bv\u0101 j\u016bs piev\u0113rs\u0101t lielu uzman\u012bbu uz j\u016bsu ganiem un uz vienot\u012bbu ar visiem br\u0101\u013ciem. Par \u0161o eklezi\u0101lo j\u016bt\u012bgumu, kas vienm\u0113r ir Sv\u0113t\u0101 Gara kl\u0101tb\u016btnes z\u012bme, virz\u0101m m\u016bsu iedro\u0161in\u0101jumu.&#13;\n<br\/><br\/><em>(*) Teksts ir da\u013ca no \u017eurn\u0101la \u201cNotitiae&#8221; (Organo ufficiale della Congregazione per il Culto Divino, N. 95-96, J\u016blijs-augusts 1974, 230. lpp) ar da\u017eiem fragmentiem no ieraksta. <\/em><\/p>\n","protected":false},"excerpt":{"rendered":"<p>Audience 8-V-1974 Sv. P\u0101vils VI 1974. gada 8. maij\u0101, starptautisk\u0101s tik\u0161an\u0101s beig\u0101s Romas &#8220;Domus Mariae&#8221;, 500 dal\u012bbnieki (priesteri un laji no da\u017e\u0101m valst\u012bm Eirop\u0101) piedal\u012bj\u0101s audienc\u0113 ar p\u0101vestu. P\u0101vils VI uzrun\u0101ja vi\u0146us ar \u0161iem v\u0101rdiem: Apsveicu priesteru un laju grupu, kas p\u0101rst\u0101v Neokatehumen\u0101lo Kopienu kust\u012bbu. L\u016bk, p\u0113c Koncila aug\u013ci! Vi\u0146i ir san\u0101ku\u0161i uz san\u0101ksmi par eva\u0146\u0123eliz\u0101ciju m\u016bsdienu pasaul\u0113 Rom\u0101. Tie ir no daudz\u0101m It\u0101lijas diec\u0113z\u0113m un cit\u0101m valst\u012bm. \u0160\u012b t\u0113ma<\/p>\n<div class=\"read-more\"><a class=\"btn read-more-btn\" href=\"https:\/\/neocatechumenaleiter.org\/lv\/pavestu-uzrunas\/sv-pavils-vi\/audience-8-v-1974\/\">Las\u012bt vair\u0101k<\/a><\/div>\n","protected":false},"author":2,"featured_media":0,"parent":16603,"menu_order":0,"comment_status":"closed","ping_status":"closed","template":"","meta":{"footnotes":""},"class_list":["post-20118","page","type-page","status-publish","hentry"],"_links":{"self":[{"href":"https:\/\/neocatechumenaleiter.org\/lv\/wp-json\/wp\/v2\/pages\/20118","targetHints":{"allow":["GET"]}}],"collection":[{"href":"https:\/\/neocatechumenaleiter.org\/lv\/wp-json\/wp\/v2\/pages"}],"about":[{"href":"https:\/\/neocatechumenaleiter.org\/lv\/wp-json\/wp\/v2\/types\/page"}],"author":[{"embeddable":true,"href":"https:\/\/neocatechumenaleiter.org\/lv\/wp-json\/wp\/v2\/users\/2"}],"replies":[{"embeddable":true,"href":"https:\/\/neocatechumenaleiter.org\/lv\/wp-json\/wp\/v2\/comments?post=20118"}],"version-history":[{"count":2,"href":"https:\/\/neocatechumenaleiter.org\/lv\/wp-json\/wp\/v2\/pages\/20118\/revisions"}],"predecessor-version":[{"id":23917,"href":"https:\/\/neocatechumenaleiter.org\/lv\/wp-json\/wp\/v2\/pages\/20118\/revisions\/23917"}],"up":[{"embeddable":true,"href":"https:\/\/neocatechumenaleiter.org\/lv\/wp-json\/wp\/v2\/pages\/16603"}],"wp:attachment":[{"href":"https:\/\/neocatechumenaleiter.org\/lv\/wp-json\/wp\/v2\/media?parent=20118"}],"curies":[{"name":"wp","href":"https:\/\/api.w.org\/{rel}","templated":true}]}}