{"id":20120,"date":"2021-01-15T09:53:32","date_gmt":"2021-01-15T08:53:32","guid":{"rendered":"https:\/\/neocatechumenaleiter.org\/pavestu-uzrunas\/sv-janis-pavils-ii\/sv-bazilija-draudzes-vizite-10-iii-1979\/"},"modified":"2021-02-20T09:35:32","modified_gmt":"2021-02-20T08:35:32","slug":"sv-bazilija-draudzes-vizite-10-iii-1979","status":"publish","type":"page","link":"https:\/\/neocatechumenaleiter.org\/lv\/pavestu-uzrunas\/sv-janis-pavils-ii\/sv-bazilija-draudzes-vizite-10-iii-1979\/","title":{"rendered":"Sv. Bazilija draudzes viz\u012bte 10-III-1979"},"content":{"rendered":"\n<h1 class=\"has-text-align-center wp-block-heading\">Sv. Bazilija draudzes viz\u012bte 10-III-1979<\/h1>\n\n<div style=\"height:20px\" aria-hidden=\"true\" class=\"wp-block-spacer\"><\/div>\n\n<h4 class=\"has-text-align-center wp-block-heading\">Sv. J\u0101nis P\u0101vils II<\/h4>\n\n<div style=\"height:20px\" aria-hidden=\"true\" class=\"wp-block-spacer\"><\/div>\n\n<p><strong>Roma, 1979. gada 10. marts<\/strong><\/p>\n\n<p><em>Pr\u0101vesta Carmelo prezent\u0101cija:<\/em>&#013;\n&#013;\nSv\u0113tais T\u0113vs, j\u016bs \u0161eit atrodat \u010detras Neokatehumen\u0101l\u0101 Ce\u013ca kopienas. Kopienas ir dibin\u0101tas uz trijk\u0101ja: uz Dieva V\u0101rda klaus\u012b\u0161anos, kuru dar\u0101m tre\u0161dien\u0101s un Euharistijas svin\u0113\u0161anu sestdien\u0101s. Dieva V\u0101rda litur\u0123ija tiek sagatavota grup\u0101s. Otrais p\u012bl\u0101rs ir Euharistija, kas tiek svin\u0113ta p\u0113c \u0161\u012b nosl\u0113puma padzi\u013cino\u0161\u0101m katehez\u0113m. Tre\u0161ais p\u012bl\u0101rs ir kopienas dz\u012bve konvivenc\u0113s. M\u0113s esam aicin\u0101ti dz\u012bvot kop\u012bgu dz\u012bvi kopien\u0101, ne tikai kop\u012bgu. No \u0161\u012bm \u010detr\u0101m kopien\u0101m, pirm\u0101 bija dibin\u0101ta pirms \u010detriem gadiem un p\u0113c tam katru gadu dibin\u0101j\u0101s citas. \u0160eit ir kl\u0101t katehists Gioacchino, kur\u0161 atrodas \u0161eit pirmo reizi.<\/p>\n\n<p><em>Gioacchino izteikti v\u0101rdi Sv\u0113tajam T\u0113vam:<\/em>&#013;\n&#013;\nSv\u0113tais T\u0113vs, m\u0113s \u0161eit kl\u0101teso\u0161ie priec\u0101jamies uz\u0146emdami un b\u016bdami kop\u0101 ar Jums. Uz\u0146emot \u201eKunga v\u0101rd\u0101&#8221;, k\u0101 \u201eto, kur\u0161 n\u0101k Kunga v\u0101rda&#8221;. V\u0113lamies izteikt prieku, es visu \u0161o br\u0101\u013cu v\u0101rd\u0101, var\u0113dami atkl\u0101t caur \u0161o Neokatehumen\u0101lo Ce\u013cu Bazn\u012bcu k\u0101 m\u016bsu m\u0101ti, kas nes pak\u0101peniski uz m\u016bsu Krist\u012bbu nosl\u0113puma atkl\u0101\u0161anu. M\u0113s j\u016btam lielu pateic\u012bbu Kungam, ka ar\u012b Bazn\u012bcai, jo \u0161is ce\u013c\u0161 pal\u012bdz mums just Kungu J\u0113zu Kristu dz\u012bvu un kl\u0101teso\u0161o m\u016bsu dz\u012bv\u0113, pal\u012bdz radot br\u0101l\u012bgu vienot\u012bbu. M\u0113s pateicamies Bazn\u012bcai, kuri dod lielu \u017e\u0113last\u012bbu \u013caujot atkl\u0101t m\u016bsu Krist\u012bbu no jauna un J\u016bs it sevi\u0161\u0137i to dz\u012bvin\u0101t. Tagad, ka J\u016bs m\u016bs esat aicin\u0101jis, dzied\u0101sim kop\u0101 ar Jums&#8230;<\/p>\n\n<p><strong>T\u0101d\u0113\u013c m\u0113s dziedam: N\u0101ve apr\u012bta uzvar\u0101!<\/strong><\/p>\n\n<p><em>P\u0101vesta spont\u0101nas uzrunas v\u0101rdi:<\/em><\/p>\n\n<div class=\"wp-block-image is-style-default\"><figure class=\"alignleft size-large\"><img loading=\"lazy\" decoding=\"async\" width=\"400\" height=\"321\" src=\"https:\/\/neocatechumenaleiter.org\/wp-content\/uploads\/2020\/03\/Camino_Neocatecumenal_Juan_Pablo_II_visita_parroquia_San_Basilio_1979.jpg\" alt=\"\" class=\"wp-image-14032\" srcset=\"https:\/\/neocatechumenaleiter.org\/wp-content\/uploads\/2020\/03\/Camino_Neocatecumenal_Juan_Pablo_II_visita_parroquia_San_Basilio_1979.jpg 400w, https:\/\/neocatechumenaleiter.org\/wp-content\/uploads\/2020\/03\/Camino_Neocatecumenal_Juan_Pablo_II_visita_parroquia_San_Basilio_1979-300x241.jpg 300w\" sizes=\"auto, (max-width: 400px) 100vw, 400px\" \/><\/figure><\/div>\n\n<p>No visiem j\u016bsu teiktajiem v\u0101rdiem, visvar\u012bg\u0101kais ir \u201eatkl\u0101t no jauna&#8221;. Daudzi dom\u0101, ka zina visu: par Bazn\u012bcu, Kristu, Eva\u0146\u0123\u0113liju, Dievu. Zina visu, piln\u012bgi visu. Nav ko atkl\u0101t. M\u016bs m\u0101c\u012bja skol\u0101s, pietiek skolas zin\u0101\u0161anu. P\u0113c tam aizmirsu\u0161i visu v\u0113l joproj\u0101m dom\u0101jam ka zin\u0101m visu. Bet \u0161\u0137iet ir otr\u0101di, mums j\u0101atkl\u0101j viss no jauna. Tikai tic\u012bba prot atkl\u0101t sevi pa\u0161u, saturu, pamat attieksmi. Tic\u012bba ir dinamiska. Bazn\u012bcai un Dieva tautai ir nepiecie\u0161ama tie\u0161i \u0161\u012b dinamiska tic\u012bba, kuri tiec\u0101s atkl\u0101t, atkl\u0101t pa\u0161u sevi.<\/p>\n\n<p>Tad nov\u0113lu jums iet uz priek\u0161u pa jau ies\u0101kto ce\u013cu, atkl\u0101t v\u0113l vair\u0101k Bazn\u012bcas, Kristus un Dieva nosl\u0113pumu. \u0160\u012bs atkl\u0101jums ved ar\u012b pie sevis sapra\u0161anas, jo Kristus un Bazn\u012bcas nosl\u0113pums visbeidzot pal\u012bdz saprast m\u016bs pa\u0161us. Es nevaru dz\u012bvot bez Bazn\u012bcas, nesaprasdams, kas es esmu, nesaprasdams pa\u0161u sevi. \u0160\u012bs ir pozit\u012bvas un prieku neso\u0161as p\u016bles. Nov\u0113lu jums iztur\u012bbu.&#013;\n&#013;\n(*) Sal. \u00abL&#8217;Osservatore Romano\u00bb, 1979. gada 11-12. marts<\/p>\n","protected":false},"excerpt":{"rendered":"<p>Sv. Bazilija draudzes viz\u012bte 10-III-1979 Sv. J\u0101nis P\u0101vils II Roma, 1979. gada 10. marts Pr\u0101vesta Carmelo prezent\u0101cija:&#013; &#013; Sv\u0113tais T\u0113vs, j\u016bs \u0161eit atrodat \u010detras Neokatehumen\u0101l\u0101 Ce\u013ca kopienas. Kopienas ir dibin\u0101tas uz trijk\u0101ja: uz Dieva V\u0101rda klaus\u012b\u0161anos, kuru dar\u0101m tre\u0161dien\u0101s un Euharistijas svin\u0113\u0161anu sestdien\u0101s. Dieva V\u0101rda litur\u0123ija tiek sagatavota grup\u0101s. Otrais p\u012bl\u0101rs ir Euharistija, kas tiek svin\u0113ta p\u0113c \u0161\u012b nosl\u0113puma padzi\u013cino\u0161\u0101m katehez\u0113m. Tre\u0161ais p\u012bl\u0101rs ir kopienas dz\u012bve konvivenc\u0113s. M\u0113s esam aicin\u0101ti<\/p>\n<div class=\"read-more\"><a class=\"btn read-more-btn\" href=\"https:\/\/neocatechumenaleiter.org\/lv\/pavestu-uzrunas\/sv-janis-pavils-ii\/sv-bazilija-draudzes-vizite-10-iii-1979\/\">Las\u012bt vair\u0101k<\/a><\/div>\n","protected":false},"author":2,"featured_media":0,"parent":18796,"menu_order":0,"comment_status":"closed","ping_status":"closed","template":"","meta":{"footnotes":""},"class_list":["post-20120","page","type-page","status-publish","hentry"],"_links":{"self":[{"href":"https:\/\/neocatechumenaleiter.org\/lv\/wp-json\/wp\/v2\/pages\/20120","targetHints":{"allow":["GET"]}}],"collection":[{"href":"https:\/\/neocatechumenaleiter.org\/lv\/wp-json\/wp\/v2\/pages"}],"about":[{"href":"https:\/\/neocatechumenaleiter.org\/lv\/wp-json\/wp\/v2\/types\/page"}],"author":[{"embeddable":true,"href":"https:\/\/neocatechumenaleiter.org\/lv\/wp-json\/wp\/v2\/users\/2"}],"replies":[{"embeddable":true,"href":"https:\/\/neocatechumenaleiter.org\/lv\/wp-json\/wp\/v2\/comments?post=20120"}],"version-history":[{"count":5,"href":"https:\/\/neocatechumenaleiter.org\/lv\/wp-json\/wp\/v2\/pages\/20120\/revisions"}],"predecessor-version":[{"id":20695,"href":"https:\/\/neocatechumenaleiter.org\/lv\/wp-json\/wp\/v2\/pages\/20120\/revisions\/20695"}],"up":[{"embeddable":true,"href":"https:\/\/neocatechumenaleiter.org\/lv\/wp-json\/wp\/v2\/pages\/18796"}],"wp:attachment":[{"href":"https:\/\/neocatechumenaleiter.org\/lv\/wp-json\/wp\/v2\/media?parent=20120"}],"curies":[{"name":"wp","href":"https:\/\/api.w.org\/{rel}","templated":true}]}}