{"id":20122,"date":"2021-01-15T10:15:07","date_gmt":"2021-01-15T09:15:07","guid":{"rendered":"https:\/\/neocatechumenaleiter.org\/pavestu-uzrunas\/sv-janis-pavils-ii\/pavesta-jana-pavila-ii-sveiciens-jauniesiem-no-italijas-neokatehumenala-cela-kopienam-24-ii-2002\/"},"modified":"2021-01-15T10:15:07","modified_gmt":"2021-01-15T09:15:07","slug":"pavesta-jana-pavila-ii-sveiciens-jauniesiem-no-italijas-neokatehumenala-cela-kopienam-24-ii-2002","status":"publish","type":"page","link":"https:\/\/neocatechumenaleiter.org\/lv\/pavestu-uzrunas\/sv-janis-pavils-ii\/pavesta-jana-pavila-ii-sveiciens-jauniesiem-no-italijas-neokatehumenala-cela-kopienam-24-ii-2002\/","title":{"rendered":"P\u0101vesta J\u0101\u0146a P\u0101vila II sveiciens jaunie\u0161iem no It\u0101lijas Neokatehumen\u0101l\u0101 Ce\u013ca kopien\u0101m 24-II-2002"},"content":{"rendered":"\n<h1 class=\"has-text-align-center wp-block-heading\">P\u0101vesta J\u0101\u0146a P\u0101vila II sveiciens jaunie\u0161iem no It\u0101lijas Neokatehumen\u0101l\u0101 Ce\u013ca kopien\u0101m 24-II-2002<\/h1>\n\n<div style=\"height:20px\" aria-hidden=\"true\" class=\"wp-block-spacer\"><\/div>\n\n<h4 class=\"has-text-align-center wp-block-heading\">Sv. J\u0101nis P\u0101vils II<\/h4>\n\n<div style=\"height:20px\" aria-hidden=\"true\" class=\"wp-block-spacer\"><\/div>\n\n<p><strong>Sv. P\u0113tera laukums, 2002. gada 24. febru\u0101ris<\/strong><\/p>\n\n<p><em>\u00abUz tik\u0161anos Toronto!\u00bb Ar \u0161iem v\u0101rdiem p\u0113c l\u016bg\u0161anas Marijai J\u0101nis P\u0101vils II atjaunoja aicin\u0101jumu jaunaj\u0101m paaudz\u0113m piedal\u012bties XVII Pasaules Jaunie\u0161u Dien\u0101s Kan\u0101d\u0101. Aicin\u0101jums bija virz\u012bts t\u016bksto\u0161iem jaunie\u0161u piedero\u0161iem da\u017e\u0101m It\u0101lijas Neokatehumen\u0101l\u0101 Ce\u013ca kopien\u0101m, kas bija kl\u0101t Sv. P\u0113tera laukuma sv\u0113tdienas \u00abAngelus\u00bb l\u016bg\u0161an\u0101.<\/em>&#013;\n&#013;\nL\u016bk p\u0101vesta v\u0101rdi:<\/p>\n\n<p>Neokatehumen\u0101l\u0101s kopienas no vis\u0101m draudz\u0113m un diec\u0113z\u0113m It\u0101lij\u0101. D\u0101rgie, j\u016bs esat &#8220;ce\u013c\u0101&#8221; uz Pasaules Jaunie\u0161u Dien\u0101m Toronto n\u0101ko\u0161a j\u016blija. Esat jaunie\u0161i ce\u013c\u0101 ar Kristu. Pateicos, jo ar j\u016bsu kl\u0101tb\u016btni, pied\u0101v\u0101t atjaunot \u0161o aicin\u0101jumu j\u016bsu vienaud\u017eiem it\u0101lie\u0161iem un no cit\u0101m pasaules valst\u012bm. Aicinu r\u016bp\u012bgi gatavoties \u0161im svar\u012bgam notikumam. Protiet r\u012bkoties pr\u0101t\u012bgi katru reizi ar pazem\u012bbu un cie\u0146u. Dodiet j\u016bsos eso\u0161as cer\u012bbas liec\u012bbu! Paldies par apmekl\u0113\u0161anu un uz redz\u0113\u0161anos Toronto!&#013;\n&#013;\n(*) Sal. \u00abL\u2019Osservatore Romano\u00bb, 2002. gada 25-26. febru\u0101ris<\/p>\n","protected":false},"excerpt":{"rendered":"<p>P\u0101vesta J\u0101\u0146a P\u0101vila II sveiciens jaunie\u0161iem no It\u0101lijas Neokatehumen\u0101l\u0101 Ce\u013ca kopien\u0101m 24-II-2002 Sv. J\u0101nis P\u0101vils II Sv. P\u0113tera laukums, 2002. gada 24. febru\u0101ris \u00abUz tik\u0161anos Toronto!\u00bb Ar \u0161iem v\u0101rdiem p\u0113c l\u016bg\u0161anas Marijai J\u0101nis P\u0101vils II atjaunoja aicin\u0101jumu jaunaj\u0101m paaudz\u0113m piedal\u012bties XVII Pasaules Jaunie\u0161u Dien\u0101s Kan\u0101d\u0101. Aicin\u0101jums bija virz\u012bts t\u016bksto\u0161iem jaunie\u0161u piedero\u0161iem da\u017e\u0101m It\u0101lijas Neokatehumen\u0101l\u0101 Ce\u013ca kopien\u0101m, kas bija kl\u0101t Sv. P\u0113tera laukuma sv\u0113tdienas \u00abAngelus\u00bb l\u016bg\u0161an\u0101.&#013; &#013; L\u016bk p\u0101vesta v\u0101rdi: Neokatehumen\u0101l\u0101s<\/p>\n<div class=\"read-more\"><a class=\"btn read-more-btn\" href=\"https:\/\/neocatechumenaleiter.org\/lv\/pavestu-uzrunas\/sv-janis-pavils-ii\/pavesta-jana-pavila-ii-sveiciens-jauniesiem-no-italijas-neokatehumenala-cela-kopienam-24-ii-2002\/\">Las\u012bt vair\u0101k<\/a><\/div>\n","protected":false},"author":2,"featured_media":0,"parent":18796,"menu_order":98,"comment_status":"closed","ping_status":"closed","template":"","meta":{"footnotes":""},"class_list":["post-20122","page","type-page","status-publish","hentry"],"_links":{"self":[{"href":"https:\/\/neocatechumenaleiter.org\/lv\/wp-json\/wp\/v2\/pages\/20122","targetHints":{"allow":["GET"]}}],"collection":[{"href":"https:\/\/neocatechumenaleiter.org\/lv\/wp-json\/wp\/v2\/pages"}],"about":[{"href":"https:\/\/neocatechumenaleiter.org\/lv\/wp-json\/wp\/v2\/types\/page"}],"author":[{"embeddable":true,"href":"https:\/\/neocatechumenaleiter.org\/lv\/wp-json\/wp\/v2\/users\/2"}],"replies":[{"embeddable":true,"href":"https:\/\/neocatechumenaleiter.org\/lv\/wp-json\/wp\/v2\/comments?post=20122"}],"version-history":[{"count":1,"href":"https:\/\/neocatechumenaleiter.org\/lv\/wp-json\/wp\/v2\/pages\/20122\/revisions"}],"predecessor-version":[{"id":20123,"href":"https:\/\/neocatechumenaleiter.org\/lv\/wp-json\/wp\/v2\/pages\/20122\/revisions\/20123"}],"up":[{"embeddable":true,"href":"https:\/\/neocatechumenaleiter.org\/lv\/wp-json\/wp\/v2\/pages\/18796"}],"wp:attachment":[{"href":"https:\/\/neocatechumenaleiter.org\/lv\/wp-json\/wp\/v2\/media?parent=20122"}],"curies":[{"name":"wp","href":"https:\/\/api.w.org\/{rel}","templated":true}]}}