{"id":20124,"date":"2020-02-29T04:17:59","date_gmt":"2020-02-29T03:17:59","guid":{"rendered":"https:\/\/neocatechumenaleiter.org\/pavestu-uzrunas\/francisks\/kunga-engelis-sveiciens-romas-neokatehumenalam-kopienam-esosam-misija-pilsetas-laukumos-7-iv-2013\/"},"modified":"2021-08-10T10:59:18","modified_gmt":"2021-08-10T09:59:18","slug":"kunga-engelis-sveiciens-romas-neokatehumenalam-kopienam-esosam-misija-pilsetas-laukumos-7-iv-2013","status":"publish","type":"page","link":"https:\/\/neocatechumenaleiter.org\/lv\/pavestu-uzrunas\/francisks\/kunga-engelis-sveiciens-romas-neokatehumenalam-kopienam-esosam-misija-pilsetas-laukumos-7-iv-2013\/","title":{"rendered":"&#8220;Kunga e\u0146\u0123elis&#8221;: sveiciens Romas Neokatehumen\u0101l\u0101m kopien\u0101m eso\u0161\u0101m misij\u0101 pils\u0113tas laukumos 7-IV-2013"},"content":{"rendered":"\n<h1 class=\"has-text-align-center wp-block-heading\">&#8220;Kunga e\u0146\u0123elis&#8221;: sveiciens Romas Neokatehumen\u0101l\u0101m kopien\u0101m eso\u0161\u0101m misij\u0101 pils\u0113tas laukumos 7-IV-2013<\/h1>\n\n<div style=\"height:20px\" aria-hidden=\"true\" class=\"wp-block-spacer\"><\/div>\n\n<h4 class=\"has-text-align-center wp-block-heading\">Francisks<\/h4>\n\n<div style=\"height:20px\" aria-hidden=\"true\" class=\"wp-block-spacer\"><\/div>\n\n<p><strong>Sveiciens &#8220;Kunga e\u0146\u0123e\u013ca&#8221; l\u016bg\u0161anas laik\u0101, Neokatehumen\u0101l\u0101m kopien\u0101m eso\u0161\u0101m misij\u0101 pils\u0113tas laukumos, Sv. P\u0113tera laukums, 2013. gada 7. apr\u012blis<\/strong><\/p>\n\n<p><em>Sv\u0113tais T\u0113vs Francisks apsveicin\u0101jis Sv. P\u0113tera laukum\u0101 &#8220;Kunga e\u0146\u0123e\u013ca&#8221; l\u016bg\u0161anai\u00a0 san\u0101ku\u0161os tic\u012bgos velt\u012bja da\u017eus v\u0101rdus Neokatehumen\u0101l\u0101m kopien\u0101m ies\u0101ku\u0161\u0101m misiju Romas 100 laukumos:<\/em>&#13;\n&#13;\n&lt;&#8230;&gt; Esmu laim\u012bgs apsveikdams da\u017eu kust\u012bbu un asoci\u0101ciju locek\u013cus, it sevi\u0161\u0137i Romas Neokatehumen\u0101l\u0101s kopienas, kuras \u0161odien ir ies\u0101ku\u0161as speci\u0101lo misiju pils\u0113tas laukumos. Aicinu visus nest Labo Vesti uz katru dz\u012bvs jomu ar &#8220;l\u0113npr\u0101t\u012bbu un cie\u0146u&#8221;! (1Pt 3, 16) Ejiet uz pils\u0113tas laukumiem un sludiniet J\u0113zu Kristu, m\u016bsu Pest\u012bt\u0101ju!&#13;\n&#13;\n<em>(*) Sal. \u00abL\u2019Osservatore Romano\u00bb, 2013. gada 8. apr\u012blis.<\/em><\/p>\n\n<div class=\"wp-block-image is-style-default\"><figure class=\"aligncenter size-large\"><img loading=\"lazy\" decoding=\"async\" width=\"400\" height=\"274\" src=\"https:\/\/neocatechumenaleiter.org\/wp-content\/uploads\/2020\/02\/Camino_Neocatecumenal_Papa_Francisco_Kiko_Arguello_Carmen_Hernandez_Mario_Pezzi_audiencia.jpg\" alt=\"\" class=\"wp-image-12487\" srcset=\"https:\/\/neocatechumenaleiter.org\/wp-content\/uploads\/2020\/02\/Camino_Neocatecumenal_Papa_Francisco_Kiko_Arguello_Carmen_Hernandez_Mario_Pezzi_audiencia.jpg 400w, https:\/\/neocatechumenaleiter.org\/wp-content\/uploads\/2020\/02\/Camino_Neocatecumenal_Papa_Francisco_Kiko_Arguello_Carmen_Hernandez_Mario_Pezzi_audiencia-300x206.jpg 300w\" sizes=\"auto, (max-width: 400px) 100vw, 400px\" \/><\/figure><\/div>\n","protected":false},"excerpt":{"rendered":"<p>&#8220;Kunga e\u0146\u0123elis&#8221;: sveiciens Romas Neokatehumen\u0101l\u0101m kopien\u0101m eso\u0161\u0101m misij\u0101 pils\u0113tas laukumos 7-IV-2013 Francisks Sveiciens &#8220;Kunga e\u0146\u0123e\u013ca&#8221; l\u016bg\u0161anas laik\u0101, Neokatehumen\u0101l\u0101m kopien\u0101m eso\u0161\u0101m misij\u0101 pils\u0113tas laukumos, Sv. P\u0113tera laukums, 2013. gada 7. apr\u012blis Sv\u0113tais T\u0113vs Francisks apsveicin\u0101jis Sv. P\u0113tera laukum\u0101 &#8220;Kunga e\u0146\u0123e\u013ca&#8221; l\u016bg\u0161anai\u00a0 san\u0101ku\u0161os tic\u012bgos velt\u012bja da\u017eus v\u0101rdus Neokatehumen\u0101l\u0101m kopien\u0101m ies\u0101ku\u0161\u0101m misiju Romas 100 laukumos:&#13; &#13; &lt;&#8230;&gt; Esmu laim\u012bgs apsveikdams da\u017eu kust\u012bbu un asoci\u0101ciju locek\u013cus, it sevi\u0161\u0137i Romas Neokatehumen\u0101l\u0101s kopienas, kuras \u0161odien ir<\/p>\n<div class=\"read-more\"><a class=\"btn read-more-btn\" href=\"https:\/\/neocatechumenaleiter.org\/lv\/pavestu-uzrunas\/francisks\/kunga-engelis-sveiciens-romas-neokatehumenalam-kopienam-esosam-misija-pilsetas-laukumos-7-iv-2013\/\">Las\u012bt vair\u0101k<\/a><\/div>\n","protected":false},"author":2,"featured_media":0,"parent":16593,"menu_order":0,"comment_status":"closed","ping_status":"closed","template":"","meta":{"footnotes":""},"class_list":["post-20124","page","type-page","status-publish","hentry"],"_links":{"self":[{"href":"https:\/\/neocatechumenaleiter.org\/lv\/wp-json\/wp\/v2\/pages\/20124","targetHints":{"allow":["GET"]}}],"collection":[{"href":"https:\/\/neocatechumenaleiter.org\/lv\/wp-json\/wp\/v2\/pages"}],"about":[{"href":"https:\/\/neocatechumenaleiter.org\/lv\/wp-json\/wp\/v2\/types\/page"}],"author":[{"embeddable":true,"href":"https:\/\/neocatechumenaleiter.org\/lv\/wp-json\/wp\/v2\/users\/2"}],"replies":[{"embeddable":true,"href":"https:\/\/neocatechumenaleiter.org\/lv\/wp-json\/wp\/v2\/comments?post=20124"}],"version-history":[{"count":2,"href":"https:\/\/neocatechumenaleiter.org\/lv\/wp-json\/wp\/v2\/pages\/20124\/revisions"}],"predecessor-version":[{"id":23941,"href":"https:\/\/neocatechumenaleiter.org\/lv\/wp-json\/wp\/v2\/pages\/20124\/revisions\/23941"}],"up":[{"embeddable":true,"href":"https:\/\/neocatechumenaleiter.org\/lv\/wp-json\/wp\/v2\/pages\/16593"}],"wp:attachment":[{"href":"https:\/\/neocatechumenaleiter.org\/lv\/wp-json\/wp\/v2\/media?parent=20124"}],"curies":[{"name":"wp","href":"https:\/\/api.w.org\/{rel}","templated":true}]}}