{"id":20126,"date":"2021-01-22T10:15:27","date_gmt":"2021-01-22T09:15:27","guid":{"rendered":"https:\/\/neocatechumenaleiter.org\/pavestu-uzrunas\/sv-janis-pavils-ii\/domus-galilaeae-bibliotekas-atversana-31-3-2005\/"},"modified":"2021-01-22T10:15:27","modified_gmt":"2021-01-22T09:15:27","slug":"domus-galilaeae-bibliotekas-atversana-31-3-2005","status":"publish","type":"page","link":"https:\/\/neocatechumenaleiter.org\/lv\/pavestu-uzrunas\/sv-janis-pavils-ii\/domus-galilaeae-bibliotekas-atversana-31-3-2005\/","title":{"rendered":"Domus Galilaeae bibliot\u0113kas atv\u0113r\u0161ana 31-3-2005"},"content":{"rendered":"\n<h1 class=\"has-text-align-center wp-block-heading\">Domus Galilaeae bibliot\u0113kas atv\u0113r\u0161ana 31-3-2005<\/h1>\n\n<div style=\"height:20px\" aria-hidden=\"true\" class=\"wp-block-spacer\"><\/div>\n\n<h4 class=\"has-text-align-center wp-block-heading\">Sv. J\u0101nisP\u0101vils II<\/h4>\n\n<div style=\"height:20px\" aria-hidden=\"true\" class=\"wp-block-spacer\"><\/div>\n\n<p><strong>Korazima, 2005. gada 31.\u00a0<\/strong><b>marts<\/b><\/p>\n\n<p><em>Bibliot\u0113ka bija atv\u0113rta 2005. gada 31. mart\u0101 vair\u0101k par 50 b\u012bskapu no da\u017e\u0101m pasaules mal\u0101m priek\u0161\u0101. Starp tiem v\u0113l bija 11 kardin\u0101li, patriarhs Vi\u0146a Sv\u0113t\u012bba Michel Sabbah, 3 patriarhi no Austrumu Bazn\u012bcas, apustuliskais nuncijs monsinjors Pietro Sambi, Sv\u0113t\u0101s Zemes sargs, daudz rabini, da\u017eu kongreg\u0101ciju un universit\u0101\u0161u p\u0101rst\u0101vji, 56 rektori no Redemptoris Mater semin\u0101riem un Neokatehumen\u0101l\u0101 Ce\u013ca ce\u013cojo\u0161ie katehisti. Visi kl\u0101teso\u0161ie par\u0101d\u012bja &#8220;Domus Galilaeae&#8221; svar\u012bgo lomu. \u0160\u012b &#8220;domus&#8221; ir k\u0101 &#8220;tilts&#8221; starp J\u016bdaismu un Kristiet\u012bbu, k\u0101 Sv\u0113tais T\u0113vs nor\u0101d\u012bja uzrakst\u012btaj\u0101 v\u0113stul\u0113. Ieej\u0101 uz bibliot\u0113ku atrodas stikla puslode ar zvaig\u017e\u0146ot\u0101m debes\u012bm. Pa vid\u016b tai ir Toras ru\u013c\u013ci, kuri tika uzrakst\u012bti pirms vair\u0101k k\u0101 300 gadiem.<\/em><\/p>\n\n<p><em>Tora atrodas &#8220;Domus Galilaeae&#8221; kompleksa bibliot\u0113kas centr\u0101. Kiko Arg\u00fcello, &#8220;Domus Galilaeae&#8221; projekta autors, izteica da\u017eus v\u0101rdus, lai izskaidrotu arhitektonisk\u0101s strukt\u016bras noz\u012bmi. \u0160\u012b sf\u0113ra att\u0113lo Visumu un izsaka ebreju un kristie\u0161u trad\u012bcijas centr\u0101lo ideju, kas atrodas Sakamv\u0101rdu gr\u0101mata 8, 27: &#8220;Kad Dievam bija zemes pamati, tad es (Gudr\u012bba) biju k\u0101 arhitekts.&#8221;<\/em>&#013;\n&#013;\n<em>Bibliot\u0113ka specializ\u0113sies uz Kalna spredi\u0137a. T\u0101da veid\u0101 pied\u0101v\u0101jot b\u012bskapiem, priesteriem un semin\u0101ristiem padzi\u013cin\u0101t m\u0101c\u012bbas un \u0161\u012b teksta medit\u0101ciju.<\/em>&#013;\n&#013;\n<em>T\u0101l\u0101k b\u016bs J\u0101\u0146a P\u0101vila II v\u0113stule, ko vi\u0146\u0161 ats\u016bt\u012bja pas\u0101kumam piemin\u0113t. Tas ir viens no p\u0113d\u0113jiem vi\u0146a ofici\u0101liem aktiem k\u0101 Romas p\u0101vests.<\/em><\/p>\n\n<p>D\u0101rgie br\u0101\u013ci un m\u0101sas,&#013;\n&#013;\n1.Ar prieku es uzzin\u0101ju, ka 31. mart\u0101 net\u0101lu no Sv\u0113t\u012bbu Kalna eso\u0161aj\u0101 &#8220;<em>Domus Galilaeae<\/em>&#8221; tiks atv\u0113rta bibliot\u0113ka.&#013;\n&#013;\nP\u0113c konvivences, piedaloties daudziem kardin\u0101liem, b\u012bskapiem un priesteriem no daudz\u0101m pasaules viet\u0101m, kop\u0101 ar rektoriem un semin\u0101ristiem tiks veicin\u0101ts \u0161is noz\u012bm\u012bgs notikums. Pie t\u0101 ar\u012b es labpr\u0101t pievienojos un sirsn\u012bgi apsveicu organizatorus un visus kl\u0101teso\u0161us. \u012apa\u0161a veida apsveicu Sv\u0113t\u0101s Zemes kato\u013cu ordin\u0101rus ar Lati\u0146u patriarhu priek\u0161gala, reli\u0123isk\u0101s un politisk\u0101s ebreju autorit\u0101tes, \u0161\u012b re\u0123iona reli\u0123isku kongreg\u0101ciju un draud\u017eu kopienu p\u0101rst\u0101vjus.<\/p>\n\n<p>&#8220;<em>Domus Galilaeae<\/em>&#8221; tiek papildin\u0101ta ar v\u0113l vienu svar\u012bgu strukt\u016bru- ar bibliot\u0113ku. Tie\u0161i tur centr\u0101 tiek glab\u0101ta Tora, t\u0101 pat arhitektoniski uzsverot Dieva V\u0101rda svar\u012bgumu.&#013;\n&#013;\nLai \u0161\u012b m\u0101ja, Neokatehumen\u0101l\u0101 Ce\u013ca atbild\u012bgo uzcelta, var ar atbilsto\u0161\u0101m iniciat\u012bv\u0101m veicin\u0101t padzi\u013cin\u0101to reli\u0123isko form\u0101ciju un dialogu starp Ebrejiem un Kato\u013cu Bazn\u012bcu.<\/p>\n\n<div class=\"wp-block-image\"><figure class=\"alignright size-medium\"><img loading=\"lazy\" decoding=\"async\" width=\"184\" height=\"300\" src=\"https:\/\/neocatechumenaleiter.org\/wp-content\/uploads\/2020\/03\/Camino_Neocatecumenal_Juan_Pablo_II_inauguracion_biblioteca_domus_galilaeae_2005_2-184x300.jpg\" alt=\"\" class=\"wp-image-13380\" srcset=\"https:\/\/neocatechumenaleiter.org\/wp-content\/uploads\/2020\/03\/Camino_Neocatecumenal_Juan_Pablo_II_inauguracion_biblioteca_domus_galilaeae_2005_2-184x300.jpg 184w, https:\/\/neocatechumenaleiter.org\/wp-content\/uploads\/2020\/03\/Camino_Neocatecumenal_Juan_Pablo_II_inauguracion_biblioteca_domus_galilaeae_2005_2.jpg 396w\" sizes=\"auto, (max-width: 184px) 100vw, 184px\" \/><\/figure><\/div>\n\n<p>2.&#8221;Tavs v\u0101rds ir spulga man\u0101m k\u0101j\u0101m, un gaisma manai takai.&#8221; (Ps 118, 105) T\u0101 dzied psalmists un t\u0101 b\u016bs aicin\u0101ti l\u016bgties visi, kuri kaut k\u0101da veid\u0101 izmantos \u0161is, jau atv\u0113rtas, Bibliot\u0113kas pakalpojumus. Visums bija rad\u012bts p\u0113c br\u012bni\u0161\u0137\u012bga Dieva gudr\u012bbas iedvesmota projekta. J\u0101\u0146a eva\u0146\u0123\u0113lijs s\u0101k\u0101s ar \u0161iem v\u0101rdiem: &#8220;Ies\u0101kum\u0101 bija V\u0101rds, un V\u0101rds bija pie Dieva, un Dievs bija V\u0101rds.&#8221; (J\u0146 1, 1) V\u0101rds, Dieva m\u016b\u017e\u012bg\u0101 gudr\u012bba, k\u013cuva miesa un m\u0101jo starp mums un ar savu n\u0101vi un aug\u0161\u0101mcel\u0161anos m\u016bs izgl\u0101ba. \u0160aj\u0101s dien\u0101s ar prieku apceram Pashas sv\u0113tos. Pasha- m\u016bsu tic\u012bbas pamatnosl\u0113pums. Kristus, visas rad\u012bbas pirmdzimtais, Toras kulmin\u0101cija, ir aug\u0161\u0101mcelies un tagad dz\u012bvo un iet kop\u0101 ar mums. V\u0113l joproj\u0101m m\u016bs apgaismo ar savas pest\u012b\u0161anas v\u0101rdu.<\/p>\n\n<p>Cik dzi\u013cas ir tavas pam\u0101c\u012bbas! Cik aktu\u0101ls ir vienm\u0113r Kalna spredi\u0137is ierakst\u012btais Visum\u0101! Kristus skaistums, kur\u0161 atrod vainagojumu Sv\u0113t\u012bb\u0101s, Kristus skaistums sp\u012bdo\u0161ais Bazn\u012bc\u0101, mistiskaj\u0101 mies\u0101, kur\u0161 par\u0101d\u0101s tic\u012bgos vienojo\u0161\u0101 m\u012blest\u012bb\u0101. L\u016bk &#8220;Domus Galilaeae&#8221; m\u0101jas arhitektonisk\u0101s strukt\u016bras v\u0113sts, kura v\u0113las b\u016bt nodota visiem viesiem un sv\u0113tce\u013cniekiem. No sirds nov\u0113lu, ka katrs, kuram b\u016bs iesp\u0113ja atrasties vai apmekl\u0113t \u0161o vietu, var\u0113tu augt Kristus m\u012blest\u012bbas paz\u012b\u0161an\u0101. T\u0101 gudr\u012bba, kuri ietver visu lietu S\u0101kumu.<\/p>\n\n<p>3. D\u0101rgie br\u0101\u013ci un m\u0101sas! Ar dom\u0101m pievienojos pie jums un p\u0101rdz\u012bvoju sav\u0101 dv\u0113sel\u0113 neaizmirstamus mirk\u013cus. Kungs man ir devis daudz t\u0101du Sv\u0113taj\u0101 Zem\u0113, it sevi\u0161\u0137i Liel\u0101 Jubileja laik\u0101 2000. gad\u0101. Korazim\u0101, uz Sv\u0113t\u012bbu kalna, net\u0101lu no &#8220;Domus Galilaeae&#8221;, man bija bijusi iesp\u0113ja satikties ar jaunie\u0161iem un svin\u0113t kop\u0101 sv. Misi. Vi\u0146iem grib\u0113ju teikt, lai \u0146em Desmit Dieva bau\u0161\u013cus un Sv\u0113t\u012bbas, ka savas dz\u012bves regulu. Aicin\u0101ju piln\u012bgi uztic\u0113ties Kristum. \u0160o aicin\u0101jumu ar\u012b virzu uz j\u016bs visiem, kur v\u0113l joproj\u0101m atskan nemirst\u012bgie Pest\u012bt\u0101ja v\u0101rdi. Ikdien\u0101 \u0161os v\u0101rdus p\u0101rveidojiet uz konkr\u0113tiem darbiem. Esiet katra br\u012bdi pazem\u012bgi un drosm\u012bgi Eva\u0146\u0123elijas liecinieki.<\/p>\n\n<p>Lai Jaunava Marija, eva\u0146\u0123eliz\u0101cijas zvaigzne, ir jums par paraugu un vada j\u016bs.&#013;\n&#013;\nEs jums apsolu, ka \u012bpa\u0161\u0101 veid\u0101 atcer\u0113\u0161os l\u016bg\u0161an\u0101 un tagad sv\u0113t\u012bju j\u016bs un visus jums d\u0101rgos.<\/p>\n\n<p>No Vatik\u0101na. 2005. gada 24. m\u0101rts, Za\u013c\u0101 Ceturtdiena.<\/p>\n\n<p><strong><em>Joannes Paulus PP II<\/em><\/strong><\/p>\n\n<figure class=\"wp-block-gallery columns-2 is-cropped wp-block-gallery-1 is-layout-flex wp-block-gallery-is-layout-flex\"><ul class=\"blocks-gallery-grid\"><li class=\"blocks-gallery-item\"><figure><img loading=\"lazy\" decoding=\"async\" width=\"768\" height=\"512\" src=\"https:\/\/neocatechumenaleiter.org\/wp-content\/uploads\/2020\/03\/Camino_Neocatecumenal_Juan_Pablo_II_inauguracion_biblioteca_domus_galilaeae_2005.jpg\" alt=\"\" data-id=\"2895\" data-full-url=\"https:\/\/neocatechumenaleiter.org\/wp-content\/uploads\/2020\/03\/Camino_Neocatecumenal_Juan_Pablo_II_inauguracion_biblioteca_domus_galilaeae_2005.jpg\" data-link=\"https:\/\/neocatechumenaleiter.org\/?attachment_id=2895\" class=\"wp-image-13388\" srcset=\"https:\/\/neocatechumenaleiter.org\/wp-content\/uploads\/2020\/03\/Camino_Neocatecumenal_Juan_Pablo_II_inauguracion_biblioteca_domus_galilaeae_2005.jpg 768w, https:\/\/neocatechumenaleiter.org\/wp-content\/uploads\/2020\/03\/Camino_Neocatecumenal_Juan_Pablo_II_inauguracion_biblioteca_domus_galilaeae_2005-300x200.jpg 300w\" sizes=\"auto, (max-width: 768px) 100vw, 768px\" \/><\/figure><\/li><li class=\"blocks-gallery-item\"><figure><img loading=\"lazy\" decoding=\"async\" width=\"768\" height=\"512\" src=\"https:\/\/neocatechumenaleiter.org\/wp-content\/uploads\/2020\/03\/Camino_Neocatecumenal_Juan_Pablo_II_inauguracion_biblioteca_domus_galilaeae_2005_3.jpg\" alt=\"\" data-id=\"2888\" data-full-url=\"https:\/\/neocatechumenaleiter.org\/wp-content\/uploads\/2020\/03\/Camino_Neocatecumenal_Juan_Pablo_II_inauguracion_biblioteca_domus_galilaeae_2005_3.jpg\" data-link=\"https:\/\/neocatechumenaleiter.org\/?attachment_id=2888\" class=\"wp-image-13384\" srcset=\"https:\/\/neocatechumenaleiter.org\/wp-content\/uploads\/2020\/03\/Camino_Neocatecumenal_Juan_Pablo_II_inauguracion_biblioteca_domus_galilaeae_2005_3.jpg 768w, https:\/\/neocatechumenaleiter.org\/wp-content\/uploads\/2020\/03\/Camino_Neocatecumenal_Juan_Pablo_II_inauguracion_biblioteca_domus_galilaeae_2005_3-300x200.jpg 300w\" sizes=\"auto, (max-width: 768px) 100vw, 768px\" \/><\/figure><\/li><\/ul><\/figure>","protected":false},"excerpt":{"rendered":"<p>Domus Galilaeae bibliot\u0113kas atv\u0113r\u0161ana 31-3-2005 Sv. J\u0101nisP\u0101vils II Korazima, 2005. gada 31.\u00a0marts Bibliot\u0113ka bija atv\u0113rta 2005. gada 31. mart\u0101 vair\u0101k par 50 b\u012bskapu no da\u017e\u0101m pasaules mal\u0101m priek\u0161\u0101. Starp tiem v\u0113l bija 11 kardin\u0101li, patriarhs Vi\u0146a Sv\u0113t\u012bba Michel Sabbah, 3 patriarhi no Austrumu Bazn\u012bcas, apustuliskais nuncijs monsinjors Pietro Sambi, Sv\u0113t\u0101s Zemes sargs, daudz rabini, da\u017eu kongreg\u0101ciju un universit\u0101\u0161u p\u0101rst\u0101vji, 56 rektori no Redemptoris Mater semin\u0101riem un Neokatehumen\u0101l\u0101 Ce\u013ca ce\u013cojo\u0161ie katehisti.<\/p>\n<div class=\"read-more\"><a class=\"btn read-more-btn\" href=\"https:\/\/neocatechumenaleiter.org\/lv\/pavestu-uzrunas\/sv-janis-pavils-ii\/domus-galilaeae-bibliotekas-atversana-31-3-2005\/\">Las\u012bt vair\u0101k<\/a><\/div>\n","protected":false},"author":2,"featured_media":0,"parent":18796,"menu_order":101,"comment_status":"closed","ping_status":"closed","template":"","meta":{"footnotes":""},"class_list":["post-20126","page","type-page","status-publish","hentry"],"_links":{"self":[{"href":"https:\/\/neocatechumenaleiter.org\/lv\/wp-json\/wp\/v2\/pages\/20126","targetHints":{"allow":["GET"]}}],"collection":[{"href":"https:\/\/neocatechumenaleiter.org\/lv\/wp-json\/wp\/v2\/pages"}],"about":[{"href":"https:\/\/neocatechumenaleiter.org\/lv\/wp-json\/wp\/v2\/types\/page"}],"author":[{"embeddable":true,"href":"https:\/\/neocatechumenaleiter.org\/lv\/wp-json\/wp\/v2\/users\/2"}],"replies":[{"embeddable":true,"href":"https:\/\/neocatechumenaleiter.org\/lv\/wp-json\/wp\/v2\/comments?post=20126"}],"version-history":[{"count":1,"href":"https:\/\/neocatechumenaleiter.org\/lv\/wp-json\/wp\/v2\/pages\/20126\/revisions"}],"predecessor-version":[{"id":20127,"href":"https:\/\/neocatechumenaleiter.org\/lv\/wp-json\/wp\/v2\/pages\/20126\/revisions\/20127"}],"up":[{"embeddable":true,"href":"https:\/\/neocatechumenaleiter.org\/lv\/wp-json\/wp\/v2\/pages\/18796"}],"wp:attachment":[{"href":"https:\/\/neocatechumenaleiter.org\/lv\/wp-json\/wp\/v2\/media?parent=20126"}],"curies":[{"name":"wp","href":"https:\/\/api.w.org\/{rel}","templated":true}]}}