{"id":20225,"date":"2020-03-02T02:08:50","date_gmt":"2020-03-02T01:08:50","guid":{"rendered":"https:\/\/neocatechumenaleiter.org\/pavestu-uzrunas\/sv-janis-pavils-ii\/pavesta-jana-pavila-ii-runa-neokatehumenalo-kopienu-psalmistiem-16-iii-1980\/"},"modified":"2021-08-10T11:00:45","modified_gmt":"2021-08-10T10:00:45","slug":"pavesta-jana-pavila-ii-runa-neokatehumenalo-kopienu-psalmistiem-16-iii-1980","status":"publish","type":"page","link":"https:\/\/neocatechumenaleiter.org\/lv\/pavestu-uzrunas\/sv-janis-pavils-ii\/pavesta-jana-pavila-ii-runa-neokatehumenalo-kopienu-psalmistiem-16-iii-1980\/","title":{"rendered":"P\u0101vesta J\u0101\u0146a P\u0101vila II runa Neokatehumen\u0101lo kopienu psalmistiem 16-III-1980"},"content":{"rendered":"\n<h1 class=\"has-text-align-center wp-block-heading\">P\u0101vesta J\u0101\u0146a P\u0101vila II runa Neokatehumen\u0101lo kopienu psalmistiem 16-III-1980<\/h1>\n\n<div style=\"height:20px\" aria-hidden=\"true\" class=\"wp-block-spacer\"><\/div>\n\n<h4 class=\"has-text-align-center wp-block-heading\">Sv. J\u0101nis P\u0101vils II<\/h4>\n\n<div style=\"height:20px\" aria-hidden=\"true\" class=\"wp-block-spacer\"><\/div>\n\n<p><strong>Sv. P\u0113tera laukums, 1980. gada 16. marts<\/strong><\/p>\n\n<p><em>Sv\u0113tais T\u0113vs, p\u0113c sv\u0113tdienas &#8220;Kunga e\u0146\u0123e\u013ca&#8221; l\u016bg\u0161anas, velt\u012bja p\u0101ris sveiciena v\u0101rdus kl\u0101teso\u0161aj\u0101m kust\u012bb\u0101m.<\/em>&#13;\n&#13;\n<em>Viskait\u012bg\u0101ko grupu veidoja 2000 kantori un psalmisti no Neokatehumen\u0101l\u0101m kopien\u0101m, kuri san\u0101ca no da\u017e\u0101m It\u0101lijas mal\u0101m, lai piedal\u012btos Pashas sagatavo\u0161an\u0101s tik\u0161anos kop\u0101 ar Kiko Arg\u00fcello ar m\u0113r\u0137i lab\u0101k sagatavot psalmistus lab\u0101kai Pashas Nomoda svin\u0113\u0161anai.<\/em>&#13;\n&#13;\n<em>T\u0101l\u0101k p\u0101vesta v\u0101rdi:\u00a0<\/em><\/p>\n\n<div class=\"wp-block-image\"><figure class=\"aligncenter size-full\"><img loading=\"lazy\" decoding=\"async\" width=\"720\" height=\"557\" src=\"https:\/\/neocatechumenaleiter.org\/wp-content\/uploads\/2020\/03\/Camino_Neocatecumenal_Juan_Pablo_II_encuentro_salmistas_1980.jpg\" alt=\"\" class=\"wp-image-14480\" srcset=\"https:\/\/neocatechumenaleiter.org\/wp-content\/uploads\/2020\/03\/Camino_Neocatecumenal_Juan_Pablo_II_encuentro_salmistas_1980.jpg 720w, https:\/\/neocatechumenaleiter.org\/wp-content\/uploads\/2020\/03\/Camino_Neocatecumenal_Juan_Pablo_II_encuentro_salmistas_1980-300x232.jpg 300w\" sizes=\"auto, (max-width: 720px) 100vw, 720px\" \/><\/figure><\/div>\n\n<p>\u012apa\u0161s sveiciens lielaj\u0101m skaitam Nokatehumen\u0101lo kopienu locek\u013ciem, kuri ir gatavi pal\u012bdz\u0113t nokrist\u012btiem saprast, nov\u0113rt\u0113t un atbalst\u012bt neizm\u0113rojamo Krist\u012bbu bag\u0101t\u012bbu caur eva\u0146\u0123eliz\u0101ciju, katehez\u0113m un l\u012bdzdal\u012bbu litur\u0123ij\u0101. Tas viss notiek pak\u0101peniski, t\u0101p\u0113c kaut k\u0101da m\u0113ra ir l\u012bdz\u012bgs senajam Katehumen\u0101tam.<\/p>\n\n<p>D\u0101rgie, es j\u016bs pamodinu ar arvien liel\u0101ku d\u0101snumu uz\u0146emties\u00a0<strong>Kristus mistisk\u0101s miesas veido\u0161an\u0101 un uz apustul\u0101tu Bazn\u012bc\u0101 <\/strong>paklausot Kunga v\u0101rdiem: &#8220;Ejiet un m\u0101ciet visas tautas, krist\u012bdami t\u0101s T\u0113va, D\u0113la un Sv\u0113t\u0101 Gara V\u0101rd\u0101&#8221; (Mt 28, 19) Lai j\u016bs atbalsta un vada past\u0101v\u012bga uztic\u012bba Bazn\u012bcas m\u0101c\u012bbai un paklaus\u012bba Bazn\u012bcas ganiem.<\/p>\n\n<p>Nov\u0113lu no sirds, lai j\u016bs dz\u012bvotu ar dedz\u012bbu Apustulisk\u0101 pamudin\u0101juma <em>Evangelii Nuntiandi <\/em>gaism\u0101, ko uzrakst\u012bja mans augsti god\u0101jams priek\u0161g\u0101j\u0113js P\u0101vils VI, ka ar\u012b p\u0113c man uzrakst\u012bta <em>Catechesi Tradendae <\/em>balstoties uz B\u012bskapu sinodes nor\u0101d\u012bjumiem par kateh\u0113zi.<\/p>\n","protected":false},"excerpt":{"rendered":"<p>P\u0101vesta J\u0101\u0146a P\u0101vila II runa Neokatehumen\u0101lo kopienu psalmistiem 16-III-1980 Sv. J\u0101nis P\u0101vils II Sv. P\u0113tera laukums, 1980. gada 16. marts Sv\u0113tais T\u0113vs, p\u0113c sv\u0113tdienas &#8220;Kunga e\u0146\u0123e\u013ca&#8221; l\u016bg\u0161anas, velt\u012bja p\u0101ris sveiciena v\u0101rdus kl\u0101teso\u0161aj\u0101m kust\u012bb\u0101m.&#13; &#13; Viskait\u012bg\u0101ko grupu veidoja 2000 kantori un psalmisti no Neokatehumen\u0101l\u0101m kopien\u0101m, kuri san\u0101ca no da\u017e\u0101m It\u0101lijas mal\u0101m, lai piedal\u012btos Pashas sagatavo\u0161an\u0101s tik\u0161anos kop\u0101 ar Kiko Arg\u00fcello ar m\u0113r\u0137i lab\u0101k sagatavot psalmistus lab\u0101kai Pashas Nomoda svin\u0113\u0161anai.&#13; &#13; T\u0101l\u0101k<\/p>\n<div class=\"read-more\"><a class=\"btn read-more-btn\" href=\"https:\/\/neocatechumenaleiter.org\/lv\/pavestu-uzrunas\/sv-janis-pavils-ii\/pavesta-jana-pavila-ii-runa-neokatehumenalo-kopienu-psalmistiem-16-iii-1980\/\">Las\u012bt vair\u0101k<\/a><\/div>\n","protected":false},"author":2,"featured_media":0,"parent":18796,"menu_order":6,"comment_status":"closed","ping_status":"closed","template":"","meta":{"footnotes":""},"class_list":["post-20225","page","type-page","status-publish","hentry"],"_links":{"self":[{"href":"https:\/\/neocatechumenaleiter.org\/lv\/wp-json\/wp\/v2\/pages\/20225","targetHints":{"allow":["GET"]}}],"collection":[{"href":"https:\/\/neocatechumenaleiter.org\/lv\/wp-json\/wp\/v2\/pages"}],"about":[{"href":"https:\/\/neocatechumenaleiter.org\/lv\/wp-json\/wp\/v2\/types\/page"}],"author":[{"embeddable":true,"href":"https:\/\/neocatechumenaleiter.org\/lv\/wp-json\/wp\/v2\/users\/2"}],"replies":[{"embeddable":true,"href":"https:\/\/neocatechumenaleiter.org\/lv\/wp-json\/wp\/v2\/comments?post=20225"}],"version-history":[{"count":2,"href":"https:\/\/neocatechumenaleiter.org\/lv\/wp-json\/wp\/v2\/pages\/20225\/revisions"}],"predecessor-version":[{"id":23980,"href":"https:\/\/neocatechumenaleiter.org\/lv\/wp-json\/wp\/v2\/pages\/20225\/revisions\/23980"}],"up":[{"embeddable":true,"href":"https:\/\/neocatechumenaleiter.org\/lv\/wp-json\/wp\/v2\/pages\/18796"}],"wp:attachment":[{"href":"https:\/\/neocatechumenaleiter.org\/lv\/wp-json\/wp\/v2\/media?parent=20225"}],"curies":[{"name":"wp","href":"https:\/\/api.w.org\/{rel}","templated":true}]}}