{"id":20658,"date":"2021-02-18T08:35:24","date_gmt":"2021-02-18T07:35:24","guid":{"rendered":"https:\/\/neocatechumenaleiter.org\/pavestu-uzrunas\/sv-janis-pavils-ii\/piazza-asti-sv-antona-draudzes-vizite-6-v-1979\/"},"modified":"2021-02-20T09:26:22","modified_gmt":"2021-02-20T08:26:22","slug":"piazza-asti-sv-antona-draudzes-vizite-6-v-1979","status":"publish","type":"page","link":"https:\/\/neocatechumenaleiter.org\/lv\/pavestu-uzrunas\/sv-janis-pavils-ii\/piazza-asti-sv-antona-draudzes-vizite-6-v-1979\/","title":{"rendered":"Piazza Asti Sv. Antona draudzes viz\u012bte 6-V-1979"},"content":{"rendered":"\n<h1 class=\"has-text-align-center wp-block-heading\">Piazza Asti Sv. Antona draudzes viz\u012bte 6-V-1979<\/h1>\n\n<div style=\"height:20px\" aria-hidden=\"true\" class=\"wp-block-spacer\"><\/div>\n\n<h4 class=\"has-text-align-center wp-block-heading\">Sv. J\u0101nis P\u0101vils II<\/h4>\n\n<div style=\"height:20px\" aria-hidden=\"true\" class=\"wp-block-spacer\"><\/div>\n\n<p><strong>Roma, 1979. gada 6. maijs *<\/strong><\/p>\n\n<p><em>1979. gada 6. maij\u0101, sv\u0113tdien\u0101, dien\u0101 velt\u012bta jauniem aicin\u0101jumiem, p\u0101vests apmekl\u0113ja Sv. Antona draudzi Piazza Ast\u012b. P\u0113c plkst. 17:30 Mises atsevi\u0161\u0137i satik\u0101s ar da\u017e\u0101m draudzes grup\u0101m starp kur\u0101m bija 2 Neokatehumen\u0101l\u0101s kopienas, eso\u0161as uz ce\u013ca ap pustre\u0161o gadu un pusgadu respekt\u012bvi. Kl\u0101teso\u0161i bija vi\u0146u katehisti no Romas Sv. Fran\u010deskas\u00a0Kabrini draudz\u0113s.<\/em>&#013;\n&#013;\n<em>P\u0101vests, kop\u0101 ar ar kardin\u0101lu Poletti un viet\u0113jo b\u012bskapu monsinjoru Salimei, tika uz\u0146emts ska\u0146ot &#8220;Jeruzaleme, Jeruzaleme, Jeruzaleme atjaunota&#8221; (Tobija dziesma). Kam\u0113r br\u0101\u013ci dzied\u0101ja\u00a0 J\u0101nis P\u0101vils II apg\u0101ja visu z\u0101li un velt\u012bja katram k\u0101dus v\u0101rdus. Beig\u0101s dzied\u0101ja &#8220;Aleluja&#8221; kop\u0101 ar kantoriem.<\/em>&#013;\n&#013;\n<em>P\u0113c dziesmas, pr\u0101vests izst\u0101st\u012bja p\u0101vestam par Ce\u013cu:<\/em><\/p>\n\n<p>Sv\u0113tais T\u0113vs, \u0161eit ir 2 kopienas sauktas par Neokatehumen\u0101l\u0101m kopien\u0101m. \u0160is nosaukums noz\u012bm\u0113 ies\u0101kto atgrie\u0161an\u0101s ce\u013cu tic\u012bb\u0101, kuru sa\u0146\u0113ma caur Krist\u012bb\u0101m un t\u0101s atkl\u0101\u0161anai no jauna. Tic\u012bba, kas varb\u016bt ir palikusi embrion\u0101l\u0101 stadij\u0101, bet kas caur \u0161o tic\u012bbas ce\u013cu, caur Dieva V\u0101rdu pieaug un sasniedz briedumu. Tas ir ce\u013c\u0161, teiksim t\u0101, lai aicin\u0101tu att\u0101lin\u0101tos, gr\u0113ciniekus, kas nav dzird\u0113ju\u0161i neko par atgrie\u0161anos. Un v\u0113l\u0101k, tas pa\u0161saprotami, non\u0101kt pie \u0161is liec\u012bbas par&#013;\nm\u012blest\u012bbu uz Dievu un tuv\u0101kajiem. L\u016bk, tas ir viss.<\/p>\n\n<p><em>P\u0101vests p\u0113c tam sac\u012bja:<\/em><\/p>\n\n<p>Visu j\u016bs skaidrojat ar savu Kopienu, ar j\u016bsu br\u0101l\u012bgo vienot\u012bbu un prieku, ar\u012b ar dziesm\u0101m un, protams, ar l\u016bg\u0161anu. Jo kad tiek atkl\u0101ta \u012bsta Krist\u012bbu realit\u0101te, Dieva \u017e\u0113last\u012bba, m\u016bsu dievi\u0161\u0137a d\u0113li\u0161\u0137\u012bba, kad viss tas tiek atkl\u0101ts, m\u0113s ieejam dzi\u013c\u0101 priek\u0101. Tas prieks top par komunikabilu prieku. Tas noz\u012bme, ka cilv\u0113ks v\u0113l\u0101s dal\u012bties ar citiem savu atkl\u0101jumu un prieku. Es dom\u0101ju, ka gars, kas bija Agr\u012bnas Bazn\u012bcas katehumenu grup\u0101m ir ar\u012b Neokatehumen\u0101lo grupu gars m\u016bsdienu Bazn\u012bc\u0101.<\/p>\n\n<p>Nov\u0113lu, lai j\u016bs turpin\u0101t savu darb\u012bbu un ar\u012b l\u016bdzu k\u0101du reizi pal\u016bgties par p\u0101vestu.<\/p>\n\n<p><em>(*) Sal. \u00abL\u2019Osservatore Romano\u00bb, 1979. gada 7-8. maijs.<\/em><\/p>\n","protected":false},"excerpt":{"rendered":"<p>Piazza Asti Sv. Antona draudzes viz\u012bte 6-V-1979 Sv. J\u0101nis P\u0101vils II Roma, 1979. gada 6. maijs * 1979. gada 6. maij\u0101, sv\u0113tdien\u0101, dien\u0101 velt\u012bta jauniem aicin\u0101jumiem, p\u0101vests apmekl\u0113ja Sv. Antona draudzi Piazza Ast\u012b. P\u0113c plkst. 17:30 Mises atsevi\u0161\u0137i satik\u0101s ar da\u017e\u0101m draudzes grup\u0101m starp kur\u0101m bija 2 Neokatehumen\u0101l\u0101s kopienas, eso\u0161as uz ce\u013ca ap pustre\u0161o gadu un pusgadu respekt\u012bvi. Kl\u0101teso\u0161i bija vi\u0146u katehisti no Romas Sv. Fran\u010deskas\u00a0Kabrini draudz\u0113s.&#013; &#013; P\u0101vests, kop\u0101<\/p>\n<div class=\"read-more\"><a class=\"btn read-more-btn\" href=\"https:\/\/neocatechumenaleiter.org\/lv\/pavestu-uzrunas\/sv-janis-pavils-ii\/piazza-asti-sv-antona-draudzes-vizite-6-v-1979\/\">Las\u012bt vair\u0101k<\/a><\/div>\n","protected":false},"author":2,"featured_media":0,"parent":18796,"menu_order":1,"comment_status":"closed","ping_status":"closed","template":"","meta":{"footnotes":""},"class_list":["post-20658","page","type-page","status-publish","hentry"],"_links":{"self":[{"href":"https:\/\/neocatechumenaleiter.org\/lv\/wp-json\/wp\/v2\/pages\/20658","targetHints":{"allow":["GET"]}}],"collection":[{"href":"https:\/\/neocatechumenaleiter.org\/lv\/wp-json\/wp\/v2\/pages"}],"about":[{"href":"https:\/\/neocatechumenaleiter.org\/lv\/wp-json\/wp\/v2\/types\/page"}],"author":[{"embeddable":true,"href":"https:\/\/neocatechumenaleiter.org\/lv\/wp-json\/wp\/v2\/users\/2"}],"replies":[{"embeddable":true,"href":"https:\/\/neocatechumenaleiter.org\/lv\/wp-json\/wp\/v2\/comments?post=20658"}],"version-history":[{"count":3,"href":"https:\/\/neocatechumenaleiter.org\/lv\/wp-json\/wp\/v2\/pages\/20658\/revisions"}],"predecessor-version":[{"id":20693,"href":"https:\/\/neocatechumenaleiter.org\/lv\/wp-json\/wp\/v2\/pages\/20658\/revisions\/20693"}],"up":[{"embeddable":true,"href":"https:\/\/neocatechumenaleiter.org\/lv\/wp-json\/wp\/v2\/pages\/18796"}],"wp:attachment":[{"href":"https:\/\/neocatechumenaleiter.org\/lv\/wp-json\/wp\/v2\/media?parent=20658"}],"curies":[{"name":"wp","href":"https:\/\/api.w.org\/{rel}","templated":true}]}}