{"id":20660,"date":"2021-02-18T09:13:05","date_gmt":"2021-02-18T08:13:05","guid":{"rendered":"https:\/\/neocatechumenaleiter.org\/pavestu-uzrunas\/sv-janis-pavils-ii\/sv-benedikta-jazeps-labre-draudzes-vizite-31-x-1999\/"},"modified":"2021-02-18T09:13:06","modified_gmt":"2021-02-18T08:13:06","slug":"sv-benedikta-jazeps-labre-draudzes-vizite-31-x-1999","status":"publish","type":"page","link":"https:\/\/neocatechumenaleiter.org\/lv\/pavestu-uzrunas\/sv-janis-pavils-ii\/sv-benedikta-jazeps-labre-draudzes-vizite-31-x-1999\/","title":{"rendered":"SV. BENEDIKTA J\u0100ZEPS LABRE DRAUDZES VIZ\u012aTE 31-X-1999"},"content":{"rendered":"\n<h1 class=\"has-text-align-center wp-block-heading\">SV. BENEDIKTA J\u0100ZEPS LABRE DRAUDZES VIZ\u012aTE 31-X-1999<\/h1>\n\n<div style=\"height:20px\" aria-hidden=\"true\" class=\"wp-block-spacer\"><\/div>\n\n<h4 class=\"has-text-align-center wp-block-heading\">Sv. J\u0101nis P\u0101vils II<\/h4>\n\n<div style=\"height:20px\" aria-hidden=\"true\" class=\"wp-block-spacer\"><\/div>\n\n<p><strong>Roma, 1999. gada 21. oktobris<\/strong><\/p>\n\n<p>P\u0113c Sv. Mises, draudzes m\u0101jas z\u0101l\u0113, notika tik\u0161an\u0101s ar jaunie\u0161iem, pastor\u0101las padomes biedriem un da\u017e\u0101du draudzes kopienu p\u0101rst\u0101vjiem. Kl\u0101teso\u0161o v\u0101rd\u0101, Vittorio (29 gadi), v\u0113rs\u0101s pret p\u0101vestu:<\/p>\n\n<p>Sv\u0113tais T\u0113vs, m\u0113s satik\u0101m ar Elizabetes teiktajiem v\u0101rdiem Jaunavai Marijai: &#8220;No k\u0101 man tas, ka mana Kunga m\u0101te n\u0101k pie manis?&#8221; \u0160\u012b dziesma izpau\u017e pateic\u012bbu Jums par \u0161o viz\u012bti m\u016bsu draudz\u0113. \u0160eit esam kl\u0101teso\u0161i br\u0101\u013ci no vienas Neokatehumen\u0101l\u0101s kopienas, oratorija vad\u012bt\u0101ji, katehisti, draudzes ekonomisk\u0101s padomes locek\u013ci un jaunie\u0161i, kas gatavojas uz Pasaules Jaunie\u0161u Dien\u0101m. Sv\u0113tais T\u0113vs, \u0161ajos nedaudzos draudzes past\u0101v\u0113\u0161anas gados m\u0113s paman\u012bj\u0101m, ka neesam &#8220;labi&#8221;, bet v\u0101ji un gr\u0113cinieki un bie\u017ei ir gr\u016bti b\u016bti par gaismu m\u016bsu rajon\u0101. Bet esam piedz\u012bvoju\u0161i, ka tikai Krist\u016b, kas ir miris un aug\u0161\u0101mcelies m\u016bsu pest\u012b\u0161anai, ir dz\u012bv\u012bb\u0101, t\u0101p\u0113c esam pateic\u012bgi un priec\u012bgi par j\u016bsu kl\u0101tb\u016btni.<\/p>\n\n<p><em>Turpin\u0101jum\u0101 Sv\u0113tais T\u0113vs uzrun\u0101ja kl\u0101teso\u0161os ar \u0161iem v\u0101rdiem:<\/em><\/p>\n\n<p>Ka j\u016bs esat Neokatehumen\u0101ts var uzreiz atpaz\u012bt. Pietiek klaus\u012bties dziesmas. J\u016bsu dziesmas ir specifisk\u0101s. Ka j\u016bs esat jaunie\u0161i, to var ar\u012b just. J\u016bs gatavojaties 2000. gadam, Pasaules Jaunie\u0161u Dien\u0101m Rom\u0101 un tas ir labums. Es ar\u012b gatavojos, neskatoties ka arvien esmu maz\u0101k jauns. Jaunie\u0161i vienm\u0113r labpr\u0101t seko man. T\u0101p\u0113c pateicos par \u0161o viz\u012bti un nov\u0113lu visiem veiksm\u012bgi turpin\u0101t:  draudzes kopienai, pastor\u0101lai padomei, jaunie\u0161iem un Neokatehumen\u0101ta br\u0101\u013ciem. Jubileja b\u016bs veiksm\u012bga. 2000. gads ir gandr\u012bz kl\u0101t. Sv\u0113tie v\u0101rti tiks atv\u0113rti p\u0113c maz\u0101k nek\u0101 divi m\u0113ne\u0161i, 24. decembr\u012b. Tagad atcer\u0113simies par mums d\u0101rgajiem miru\u0161ajiem, ko Bazn\u012bca piemin \u0161aj\u0101s dien\u0101s. V\u0113lreiz paldies jums. lai jums vienm\u0113r ir liela drosme! Ar\u012b j\u016bsu pr\u0101vests ir &#8220;neokatehumen\u0101ls&#8221;. tas uzreiz kr\u012bt ac\u012bs. Kam ir barda uzreiz izraisa aizdomas. Ar\u012b vik\u0101ram ir barda. Tad mekl\u0113sim apbr\u012bnot &#8220;neokatehumen\u0101los&#8221; pat ja mums nav b\u0101rdas. <\/p>\n\n<p>Lai top slav\u0113ts J\u0113zus Kristus! (*) Sal. \u00abL\u2019Osservatore Romano\u00bb,1999. gada 2-3 novembris.<\/p>\n","protected":false},"excerpt":{"rendered":"<p>SV. BENEDIKTA J\u0100ZEPS LABRE DRAUDZES VIZ\u012aTE 31-X-1999 Sv. J\u0101nis P\u0101vils II Roma, 1999. gada 21. oktobris P\u0113c Sv. Mises, draudzes m\u0101jas z\u0101l\u0113, notika tik\u0161an\u0101s ar jaunie\u0161iem, pastor\u0101las padomes biedriem un da\u017e\u0101du draudzes kopienu p\u0101rst\u0101vjiem. Kl\u0101teso\u0161o v\u0101rd\u0101, Vittorio (29 gadi), v\u0113rs\u0101s pret p\u0101vestu: Sv\u0113tais T\u0113vs, m\u0113s satik\u0101m ar Elizabetes teiktajiem v\u0101rdiem Jaunavai Marijai: &#8220;No k\u0101 man tas, ka mana Kunga m\u0101te n\u0101k pie manis?&#8221; \u0160\u012b dziesma izpau\u017e pateic\u012bbu Jums par \u0161o<\/p>\n<div class=\"read-more\"><a class=\"btn read-more-btn\" href=\"https:\/\/neocatechumenaleiter.org\/lv\/pavestu-uzrunas\/sv-janis-pavils-ii\/sv-benedikta-jazeps-labre-draudzes-vizite-31-x-1999\/\">Las\u012bt vair\u0101k<\/a><\/div>\n","protected":false},"author":2,"featured_media":0,"parent":18796,"menu_order":93,"comment_status":"closed","ping_status":"closed","template":"","meta":{"footnotes":""},"class_list":["post-20660","page","type-page","status-publish","hentry"],"_links":{"self":[{"href":"https:\/\/neocatechumenaleiter.org\/lv\/wp-json\/wp\/v2\/pages\/20660","targetHints":{"allow":["GET"]}}],"collection":[{"href":"https:\/\/neocatechumenaleiter.org\/lv\/wp-json\/wp\/v2\/pages"}],"about":[{"href":"https:\/\/neocatechumenaleiter.org\/lv\/wp-json\/wp\/v2\/types\/page"}],"author":[{"embeddable":true,"href":"https:\/\/neocatechumenaleiter.org\/lv\/wp-json\/wp\/v2\/users\/2"}],"replies":[{"embeddable":true,"href":"https:\/\/neocatechumenaleiter.org\/lv\/wp-json\/wp\/v2\/comments?post=20660"}],"version-history":[{"count":1,"href":"https:\/\/neocatechumenaleiter.org\/lv\/wp-json\/wp\/v2\/pages\/20660\/revisions"}],"predecessor-version":[{"id":20661,"href":"https:\/\/neocatechumenaleiter.org\/lv\/wp-json\/wp\/v2\/pages\/20660\/revisions\/20661"}],"up":[{"embeddable":true,"href":"https:\/\/neocatechumenaleiter.org\/lv\/wp-json\/wp\/v2\/pages\/18796"}],"wp:attachment":[{"href":"https:\/\/neocatechumenaleiter.org\/lv\/wp-json\/wp\/v2\/media?parent=20660"}],"curies":[{"name":"wp","href":"https:\/\/api.w.org\/{rel}","templated":true}]}}