{"id":20662,"date":"2020-03-03T23:56:44","date_gmt":"2020-03-03T22:56:44","guid":{"rendered":"https:\/\/neocatechumenaleiter.org\/pavestu-uzrunas\/sv-janis-pavils-ii\/pavesta-sveiciena-vardi-pravestiem-celojosiem-katehistiem-un-romas-kopienu-atbildigiem-4-xii-1991\/"},"modified":"2021-08-10T11:02:27","modified_gmt":"2021-08-10T10:02:27","slug":"pavesta-sveiciena-vardi-pravestiem-celojosiem-katehistiem-un-romas-kopienu-atbildigiem-4-xii-1991","status":"publish","type":"page","link":"https:\/\/neocatechumenaleiter.org\/lv\/pavestu-uzrunas\/sv-janis-pavils-ii\/pavesta-sveiciena-vardi-pravestiem-celojosiem-katehistiem-un-romas-kopienu-atbildigiem-4-xii-1991\/","title":{"rendered":"P\u0100VESTA SVEICIENA V\u0100RDI PR\u0100VESTIEM, CE\u013bOJO\u0160IEM KATEHISTIEM UN ROMAS KOPIENU ATBILD\u012aGIEM 4-XII-1991"},"content":{"rendered":"\n<h1 class=\"has-text-align-center wp-block-heading\">P\u0100VESTA SVEICIENA V\u0100RDI PR\u0100VESTIEM, CE\u013bOJO\u0160IEM KATEHISTIEM UN ROMAS KOPIENU ATBILD\u012aGIEM 4-XII-1991<\/h1>\n\n<div style=\"height:20px\" aria-hidden=\"true\" class=\"wp-block-spacer\"><\/div>\n\n<h4 class=\"has-text-align-center wp-block-heading\">Sv. J\u0101nis P\u0101vils II<\/h4>\n\n<div style=\"height:20px\" aria-hidden=\"true\" class=\"wp-block-spacer\"><\/div>\n\n<p><strong>Vatik\u0101ns &#8211; P\u0101vila VI z\u0101le, 1991. gada 4. decembris<\/strong><\/p>\n\n<p><em>K\u0101 parasti, p\u0101vesta sveicieni nosl\u0113dz\u0101s ar grup\u0101m no da\u017e\u0101m It\u0101lijas diec\u0113z\u0113m:<\/em><\/p>\n\n<p>Starp citu, esmu laim\u012bgs uz\u0146emdams tik daudz pieder\u012bgo Neokatehumen\u0101lajam Ce\u013cam. Starp tiem ir pr\u0101vesti, kas n\u0101k no da\u017e\u0101m Eiropas diec\u0113z\u0113m, kopienu atbild\u012bgie, ce\u013cojo\u0161ie katehisti, kas atbild par Ce\u013cu Eiropas valst\u012bs un nemaz \u0123ime\u0146u, kas bija izs\u016bt\u012btas uz misiju p\u0113d\u0113jos gados.<\/p>\n\n<p>D\u0101rgie br\u0101\u013ci un m\u0101sas. Ar j\u016bsu kl\u0101tb\u016btni Rom\u0101, special\u0101s Sinodes Eiropai laik\u0101, j\u016bs v\u0113l\u0101ties pavad\u012bt sinod\u0101los darbus ar l\u016bg\u0161anu un p\u0101rdom\u0101m. Konvivences laik\u0101, kas beidzas jau \u0161odien, j\u016bs v\u0113lreiz apstiprin\u0101j\u0101t vajadz\u012bbu pie\u0146emt J\u0113zus pav\u0113li sludin\u0101t Eva\u0146\u0123\u0113liju pa visu zemi. Iet runa par pav\u0113li, mand\u0101tu, kas ir \u012bpa\u0161i aktu\u0101la \u0146emot v\u0113ra pa\u0161reiz\u0113jus sabiedr\u012bbas un kultur\u0101los apst\u0101k\u013cus<\/p>\n\n<p>Lai Jaunava Marija pal\u012bdz Jums turpin\u0101t ies\u0101kto ce\u013cu uztic\u012bgi Kristum un Vi\u0146a Bazn\u012bcai. T\u0101 b\u016bsiet nepagursto\u0161i un priec\u012bgi Jaunas Eva\u0146\u0123eliz\u0101cijas apustu\u013ci. (*) Sal. \u00abL\u2019Osservatore Romano\u00bb, 1991. gada 5. decembris.<\/p>\n\n<figure class=\"wp-block-gallery columns-2 is-cropped wp-block-gallery-1 is-layout-flex wp-block-gallery-is-layout-flex\"><ul class=\"blocks-gallery-grid\"><li class=\"blocks-gallery-item\"><figure><img loading=\"lazy\" decoding=\"async\" width=\"676\" height=\"562\" src=\"https:\/\/neocatechumenaleiter.org\/wp-content\/uploads\/2020\/03\/Camino_Neocatecumenal_Juan_Pablo_II_saludo_parrocos_itinerantes_responsables_1991.jpg\" alt=\"\" data-id=\"2352\" data-link=\"https:\/\/neocatechumenaleiter.org\/?attachment_id=2352\" class=\"wp-image-12976\" srcset=\"https:\/\/neocatechumenaleiter.org\/wp-content\/uploads\/2020\/03\/Camino_Neocatecumenal_Juan_Pablo_II_saludo_parrocos_itinerantes_responsables_1991.jpg 676w, https:\/\/neocatechumenaleiter.org\/wp-content\/uploads\/2020\/03\/Camino_Neocatecumenal_Juan_Pablo_II_saludo_parrocos_itinerantes_responsables_1991-300x249.jpg 300w\" sizes=\"auto, (max-width: 676px) 100vw, 676px\" \/><\/figure><\/li><li class=\"blocks-gallery-item\"><figure><img loading=\"lazy\" decoding=\"async\" width=\"495\" height=\"354\" src=\"https:\/\/neocatechumenaleiter.org\/wp-content\/uploads\/2020\/03\/Camino_Neocatecumenal_Juan_Pablo_II_saludo_parrocos_itinerantes_responsables_1991_2.jpg\" alt=\"\" data-id=\"2359\" data-full-url=\"https:\/\/neocatechumenaleiter.org\/wp-content\/uploads\/2020\/03\/Camino_Neocatecumenal_Juan_Pablo_II_saludo_parrocos_itinerantes_responsables_1991_2.jpg\" data-link=\"https:\/\/neocatechumenaleiter.org\/?attachment_id=2359\" class=\"wp-image-12980\" srcset=\"https:\/\/neocatechumenaleiter.org\/wp-content\/uploads\/2020\/03\/Camino_Neocatecumenal_Juan_Pablo_II_saludo_parrocos_itinerantes_responsables_1991_2.jpg 495w, https:\/\/neocatechumenaleiter.org\/wp-content\/uploads\/2020\/03\/Camino_Neocatecumenal_Juan_Pablo_II_saludo_parrocos_itinerantes_responsables_1991_2-300x215.jpg 300w\" sizes=\"auto, (max-width: 495px) 100vw, 495px\" \/><\/figure><\/li><\/ul><\/figure>","protected":false},"excerpt":{"rendered":"<p>P\u0100VESTA SVEICIENA V\u0100RDI PR\u0100VESTIEM, CE\u013bOJO\u0160IEM KATEHISTIEM UN ROMAS KOPIENU ATBILD\u012aGIEM 4-XII-1991 Sv. J\u0101nis P\u0101vils II Vatik\u0101ns &#8211; P\u0101vila VI z\u0101le, 1991. gada 4. decembris K\u0101 parasti, p\u0101vesta sveicieni nosl\u0113dz\u0101s ar grup\u0101m no da\u017e\u0101m It\u0101lijas diec\u0113z\u0113m: Starp citu, esmu laim\u012bgs uz\u0146emdams tik daudz pieder\u012bgo Neokatehumen\u0101lajam Ce\u013cam. Starp tiem ir pr\u0101vesti, kas n\u0101k no da\u017e\u0101m Eiropas diec\u0113z\u0113m, kopienu atbild\u012bgie, ce\u013cojo\u0161ie katehisti, kas atbild par Ce\u013cu Eiropas valst\u012bs un nemaz \u0123ime\u0146u, kas bija<\/p>\n<div class=\"read-more\"><a class=\"btn read-more-btn\" href=\"https:\/\/neocatechumenaleiter.org\/lv\/pavestu-uzrunas\/sv-janis-pavils-ii\/pavesta-sveiciena-vardi-pravestiem-celojosiem-katehistiem-un-romas-kopienu-atbildigiem-4-xii-1991\/\">Las\u012bt vair\u0101k<\/a><\/div>\n","protected":false},"author":2,"featured_media":0,"parent":18796,"menu_order":66,"comment_status":"closed","ping_status":"closed","template":"","meta":{"footnotes":""},"class_list":["post-20662","page","type-page","status-publish","hentry"],"_links":{"self":[{"href":"https:\/\/neocatechumenaleiter.org\/lv\/wp-json\/wp\/v2\/pages\/20662","targetHints":{"allow":["GET"]}}],"collection":[{"href":"https:\/\/neocatechumenaleiter.org\/lv\/wp-json\/wp\/v2\/pages"}],"about":[{"href":"https:\/\/neocatechumenaleiter.org\/lv\/wp-json\/wp\/v2\/types\/page"}],"author":[{"embeddable":true,"href":"https:\/\/neocatechumenaleiter.org\/lv\/wp-json\/wp\/v2\/users\/2"}],"replies":[{"embeddable":true,"href":"https:\/\/neocatechumenaleiter.org\/lv\/wp-json\/wp\/v2\/comments?post=20662"}],"version-history":[{"count":2,"href":"https:\/\/neocatechumenaleiter.org\/lv\/wp-json\/wp\/v2\/pages\/20662\/revisions"}],"predecessor-version":[{"id":24087,"href":"https:\/\/neocatechumenaleiter.org\/lv\/wp-json\/wp\/v2\/pages\/20662\/revisions\/24087"}],"up":[{"embeddable":true,"href":"https:\/\/neocatechumenaleiter.org\/lv\/wp-json\/wp\/v2\/pages\/18796"}],"wp:attachment":[{"href":"https:\/\/neocatechumenaleiter.org\/lv\/wp-json\/wp\/v2\/media?parent=20662"}],"curies":[{"name":"wp","href":"https:\/\/api.w.org\/{rel}","templated":true}]}}