{"id":20664,"date":"2020-03-04T01:55:08","date_gmt":"2020-03-04T00:55:08","guid":{"rendered":"https:\/\/neocatechumenaleiter.org\/pavestu-uzrunas\/sv-janis-pavils-ii\/sv-franciska-no-saleza-draudzes-vizite-13-iii-1994-sv-franciska-no-saleza-draudzes-vizite-13-iii-1994\/"},"modified":"2021-08-10T11:03:43","modified_gmt":"2021-08-10T10:03:43","slug":"sv-franciska-no-saleza-draudzes-vizite-13-iii-1994-sv-franciska-no-saleza-draudzes-vizite-13-iii-1994","status":"publish","type":"page","link":"https:\/\/neocatechumenaleiter.org\/lv\/pavestu-uzrunas\/sv-janis-pavils-ii\/sv-franciska-no-saleza-draudzes-vizite-13-iii-1994-sv-franciska-no-saleza-draudzes-vizite-13-iii-1994\/","title":{"rendered":"SV. FRANCISKA NO SALEZA DRAUDZES VIZ\u012aTE 13-III-1994 SV. FRANCISKA NO SALEZA DRAUDZES VIZ\u012aTE 13-III-1994"},"content":{"rendered":"\n<h1 class=\"has-text-align-center wp-block-heading\"> SV. FRANCISKA NO SALEZA DRAUDZES VIZ\u012aTE 13-III-1994<\/h1>\n\n<div style=\"height:20px\" aria-hidden=\"true\" class=\"wp-block-spacer\"><\/div>\n\n<h4 class=\"has-text-align-center wp-block-heading\">Sv. J\u0101nis P\u0101vils II<\/h4>\n\n<div style=\"height:20px\" aria-hidden=\"true\" class=\"wp-block-spacer\"><\/div>\n\n<p><strong>Roma, 1994. gada 13. marts<\/strong><\/p>\n\n<p><em>P\u0101vests uzrun\u0101dams b\u0113rnus teica:<\/em><\/p>\n\n<div class=\"wp-block-image\"><figure class=\"alignright size-large\"><img loading=\"lazy\" decoding=\"async\" width=\"684\" height=\"563\" src=\"https:\/\/neocatechumenaleiter.org\/wp-content\/uploads\/2020\/03\/Camino_Neocatecumenal_Juan_Pablo_II_visita_parroquia_San_Francisco_Sales_1994.jpg\" alt=\"\" class=\"wp-image-13568\" srcset=\"https:\/\/neocatechumenaleiter.org\/wp-content\/uploads\/2020\/03\/Camino_Neocatecumenal_Juan_Pablo_II_visita_parroquia_San_Francisco_Sales_1994.jpg 684w, https:\/\/neocatechumenaleiter.org\/wp-content\/uploads\/2020\/03\/Camino_Neocatecumenal_Juan_Pablo_II_visita_parroquia_San_Francisco_Sales_1994-300x247.jpg 300w\" sizes=\"auto, (max-width: 684px) 100vw, 684px\" \/><\/figure><\/div>\n\n<p>\u0160odien es dzird\u0113ju, k\u0101 j\u016bs aiz prieka dziedat. Tagad ir Liel\u0101 Gav\u0113\u0146a laiks, bet j\u016bs dziedat ar prieku. Ir pareizi dzied\u0101t ar prieku, jo \u0161\u012b 4. Liel\u0101 Gav\u0113\u0146a sv\u0113tdiena tiek saukta par <em>Laetare<\/em>. <em>Laetare<\/em> noz\u012bm\u0113 \u201cpriec\u0101ties\u201d. K\u0101p\u0113c tad kristie\u0161i priec\u0101j\u0101s \u0161aj\u0101 sv\u0113tdien\u0101? Priec\u0101j\u0101s savu Krist\u012bbu d\u0113\u013c.<strong> It sevi\u0161\u0137i priec\u0101j\u0101s katehumeni, kas gatavoj\u0101s Krist\u012bb\u0101m, jo \u0161aj\u0101 dien\u0101 vi\u0146i sa\u0146\u0113ma tic\u012bbas simbolu.<\/strong> Tad vi\u0146i tika uz\u0146emti tic\u012bb\u0101. Tie\u0161i \u0161\u012b kateh\u0113ze bija galven\u0101.<\/p>\n\n<p>Vai j\u016bs zin\u0101t, kas ir katehumens? Tas, kas gatavojas Krist\u012bb\u0101m. P\u0113c tam \u0161aj\u0101 draudz\u0113 ir neokatehumeni, vai &#8220;neokatehumen\u0101li&#8221;. Agr\u012bnaj\u0101 Bazn\u012bc\u0101 un ne tikai, bet ar\u012b \u0161odien, gatavo\u0161an\u0101s Krist\u012bb\u0101m laiks bija \u013coti svar\u012bgs. Krist\u012bbas ir liels nosl\u0113pums, liela kristie\u0161a realit\u0101te. Ir dz\u012bves Krist\u016b s\u0101kums. Katehumeni nopietni gatavojas, lai ies\u0101ktu labi \u0161o dz\u012bvi Krist\u016b. \u0160odien z\u012bdai\u0146iem tr\u016bkst \u012bst\u0101 katehumen\u0101ta, t\u0101p\u0113c ir nepiecie\u0161ams katehumen\u0101ts p\u0113c krist\u012bb\u0101m, kas papildin\u0101tu to, kas tr\u016bkst krist\u012btajam jaunpiedzimu\u0161ajam. T\u0101 tiek izskaidrota Neokatehumen\u0101l\u0101 Ce\u013ca liela noz\u012bme.<\/p>\n\n<p>J\u0101pasaka, ka viss gav\u0113\u0146a laika posms katru gadu atg\u0101dina \u0161o \u201cNeokatehumen\u0101lo ce\u013cu\u201d: k\u0101 notika sagatavo\u0161an\u0101s, lai sa\u0146emtu tic\u012bbas apliecin\u0101jumu un p\u0113c da\u017e\u0101m ned\u0113\u013c\u0101m pa\u0161u aug\u0161\u0101mc\u0113lu\u0161o J\u0113zu. Krist\u012bbas noz\u012bm\u0113 jaunu dz\u012bvi Krist\u016b, kura atkl\u0101j\u0101s caur Vi\u0146a aug\u0161\u0101mcel\u0161anos no n\u0101ves. &#13;\n&#13;\n(*) Sal. \u00abL\u2019Osservatore Romano\u00bb, 1994. gada 14-15. marts.<\/p>\n","protected":false},"excerpt":{"rendered":"<p>SV. FRANCISKA NO SALEZA DRAUDZES VIZ\u012aTE 13-III-1994 Sv. J\u0101nis P\u0101vils II Roma, 1994. gada 13. marts P\u0101vests uzrun\u0101dams b\u0113rnus teica: \u0160odien es dzird\u0113ju, k\u0101 j\u016bs aiz prieka dziedat. Tagad ir Liel\u0101 Gav\u0113\u0146a laiks, bet j\u016bs dziedat ar prieku. Ir pareizi dzied\u0101t ar prieku, jo \u0161\u012b 4. Liel\u0101 Gav\u0113\u0146a sv\u0113tdiena tiek saukta par Laetare. Laetare noz\u012bm\u0113 \u201cpriec\u0101ties\u201d. K\u0101p\u0113c tad kristie\u0161i priec\u0101j\u0101s \u0161aj\u0101 sv\u0113tdien\u0101? Priec\u0101j\u0101s savu Krist\u012bbu d\u0113\u013c. It sevi\u0161\u0137i priec\u0101j\u0101s katehumeni,<\/p>\n<div class=\"read-more\"><a class=\"btn read-more-btn\" href=\"https:\/\/neocatechumenaleiter.org\/lv\/pavestu-uzrunas\/sv-janis-pavils-ii\/sv-franciska-no-saleza-draudzes-vizite-13-iii-1994-sv-franciska-no-saleza-draudzes-vizite-13-iii-1994\/\">Las\u012bt vair\u0101k<\/a><\/div>\n","protected":false},"author":2,"featured_media":0,"parent":18796,"menu_order":80,"comment_status":"closed","ping_status":"closed","template":"","meta":{"footnotes":""},"class_list":["post-20664","page","type-page","status-publish","hentry"],"_links":{"self":[{"href":"https:\/\/neocatechumenaleiter.org\/lv\/wp-json\/wp\/v2\/pages\/20664","targetHints":{"allow":["GET"]}}],"collection":[{"href":"https:\/\/neocatechumenaleiter.org\/lv\/wp-json\/wp\/v2\/pages"}],"about":[{"href":"https:\/\/neocatechumenaleiter.org\/lv\/wp-json\/wp\/v2\/types\/page"}],"author":[{"embeddable":true,"href":"https:\/\/neocatechumenaleiter.org\/lv\/wp-json\/wp\/v2\/users\/2"}],"replies":[{"embeddable":true,"href":"https:\/\/neocatechumenaleiter.org\/lv\/wp-json\/wp\/v2\/comments?post=20664"}],"version-history":[{"count":4,"href":"https:\/\/neocatechumenaleiter.org\/lv\/wp-json\/wp\/v2\/pages\/20664\/revisions"}],"predecessor-version":[{"id":24238,"href":"https:\/\/neocatechumenaleiter.org\/lv\/wp-json\/wp\/v2\/pages\/20664\/revisions\/24238"}],"up":[{"embeddable":true,"href":"https:\/\/neocatechumenaleiter.org\/lv\/wp-json\/wp\/v2\/pages\/18796"}],"wp:attachment":[{"href":"https:\/\/neocatechumenaleiter.org\/lv\/wp-json\/wp\/v2\/media?parent=20664"}],"curies":[{"name":"wp","href":"https:\/\/api.w.org\/{rel}","templated":true}]}}