{"id":20666,"date":"2021-02-18T10:33:40","date_gmt":"2021-02-18T09:33:40","guid":{"rendered":"https:\/\/neocatechumenaleiter.org\/pavestu-uzrunas\/sv-janis-pavils-ii\/pavesta-uzrunas-vardi-piesaucot-jasna-guras-dievmates-aizbildniecibu-polija-12-iv-1987\/"},"modified":"2021-02-20T09:11:44","modified_gmt":"2021-02-20T08:11:44","slug":"pavesta-uzrunas-vardi-piesaucot-jasna-guras-dievmates-aizbildniecibu-polija-12-iv-1987","status":"publish","type":"page","link":"https:\/\/neocatechumenaleiter.org\/lv\/pavestu-uzrunas\/sv-janis-pavils-ii\/pavesta-uzrunas-vardi-piesaucot-jasna-guras-dievmates-aizbildniecibu-polija-12-iv-1987\/","title":{"rendered":"P\u0100VESTA UZRUNAS V\u0100RDI PIESAUCOT JASNA GURAS DIEVM\u0100TES AIZBILDNIEC\u012aBU (POLIJA) 12-IV-1987"},"content":{"rendered":"\n<h1 class=\"has-text-align-center wp-block-heading\">P\u0100VESTA UZRUNAS V\u0100RDI PIESAUCOT JASNA GURAS DIEVM\u0100TES AIZBILDNIEC\u012aBU (POLIJA) 12-IV-1987<\/h1>\n\n<div style=\"height:20px\" aria-hidden=\"true\" class=\"wp-block-spacer\"><\/div>\n\n<h4 class=\"has-text-align-center wp-block-heading\">Sv. J\u0101nis P\u0101vils II<\/h4>\n\n<div style=\"height:20px\" aria-hidden=\"true\" class=\"wp-block-spacer\"><\/div>\n\n<div class=\"wp-block-image\"><figure class=\"alignright size-large\"><img loading=\"lazy\" decoding=\"async\" width=\"674\" height=\"538\" src=\"https:\/\/neocatechumenaleiter.org\/wp-content\/uploads\/2020\/03\/Camino_Neocatecumenal_Juan_Pablo_II_palabras_invocacion_jasna_gora_1987.jpg\" alt=\"\" class=\"wp-image-14066\" srcset=\"https:\/\/neocatechumenaleiter.org\/wp-content\/uploads\/2020\/03\/Camino_Neocatecumenal_Juan_Pablo_II_palabras_invocacion_jasna_gora_1987.jpg 674w, https:\/\/neocatechumenaleiter.org\/wp-content\/uploads\/2020\/03\/Camino_Neocatecumenal_Juan_Pablo_II_palabras_invocacion_jasna_gora_1987-300x239.jpg 300w\" sizes=\"auto, (max-width: 674px) 100vw, 674px\" \/><\/figure><\/div>\n\n<p><b>Polija- \u010censtohovas sanktu\u0101rijs, 1987. gada 12. j\u016bnijs<\/b><\/p>\n\n<p>J\u0101nis P\u0101vils II nosl\u0113dza sava sv\u0113tce\u013cojuma Polij\u0101 piekto dienu Jasn\u0101 Gur\u0101, piektdienas vakar\u0101 piesaukdams Jaunavas Marijas aizbildniec\u012bbu. \u0160\u012b l\u016bg\u0161ana Dievm\u0101tei tiek atk\u0101rtota katru dienu plkst. 21. dziedot vai lasot kop\u0161 1957. gada.<\/p>\n\n<p><em>P\u0113c l\u016bg\u0161anas p\u0101vests uzrun\u0101ja tic\u012bgos ar zem\u0101k eso\u0161iem v\u0101rdiem:<\/em><\/p>\n\n<p>&#8230; Marija, Polijas Karaliene, esmu tuvu tev, atceros par tevi, esmu nomod\u0101.&#013;\n&#013;\n&#8230; \u0160aj\u0101 Jasna Guras l\u016bg\u0161anas laik\u0101, v\u0113los aicin\u0101t uz \u0161ejieni, ar dom\u0101m un sirdi, katru cilv\u0113ku, br\u0101li un m\u0101su, no vis\u0101m zemes mal\u0101m&#8230;<\/p>\n\n<p>&#8230; Visiem, kam nebija bailes no briesm\u0101m un gr\u016bt\u012bb\u0101m, nav zaud\u0113ju\u0161i tic\u012bbu ide\u0101los un \u012bstaj\u0101s v\u0113rt\u012bb\u0101s, nav pazaud\u0113ju\u0161i dz\u012bves un darba j\u0113gu, nav padevu\u0161ies v\u0101j\u012bb\u0101m, bet izjutu\u0161i solid\u0101ro atbild\u012bbu, stiprina savus br\u0101\u013cus tic\u012bb\u0101 un p\u0101rliec\u012bb\u0101, ka kristietim nav bezizejas situ\u0101ciju, ka ir v\u0113rts dz\u012bvot sav\u0101 valst\u012b un uz\u0146emties rado\u0161o iniciat\u012bvu, b\u016bv\u0113t sir\u017eu vienot\u012bbas un cilv\u0113ciska pr\u0101ta kopienu.<\/p>\n\n<div class=\"wp-block-image\"><figure class=\"alignleft size-large\"><img loading=\"lazy\" decoding=\"async\" width=\"706\" height=\"563\" src=\"https:\/\/neocatechumenaleiter.org\/wp-content\/uploads\/2020\/03\/Camino_Neocatecumenal_Juan_Pablo_II_palabras_invocacion_jasna_gora_19872.jpg\" alt=\"\" class=\"wp-image-14069\" srcset=\"https:\/\/neocatechumenaleiter.org\/wp-content\/uploads\/2020\/03\/Camino_Neocatecumenal_Juan_Pablo_II_palabras_invocacion_jasna_gora_19872.jpg 706w, https:\/\/neocatechumenaleiter.org\/wp-content\/uploads\/2020\/03\/Camino_Neocatecumenal_Juan_Pablo_II_palabras_invocacion_jasna_gora_19872-300x239.jpg 300w\" sizes=\"auto, (max-width: 706px) 100vw, 706px\" \/><\/figure><\/div>\n\n<p>Cik daudz cilv\u0113ku, vajadz\u0113tu uzskait\u012bt, kuri dara labu viens otram, cik kopienas, cik vides, cik kust\u012bbas! Kad es to saku, man n\u0101k pr\u0101t\u0101 vismaz divas, kas mana sv\u0113tce\u013cojuma laik\u0101 \u013caujas b\u016bt dzirdamas. T\u0101s ir m\u016bsu \u201cO\u0101ze\u201d no kust\u012bbas \u201cGaisma un dz\u012bv\u012bba\u201d un ar\u012b no rietumiem atn\u0101ku\u0161ie \u201c<strong>Neokatehumeni<\/strong>\u201c. Vi\u0146i ir vis\u0101 pasaul\u0113, kurp es eju. Biju dom\u0101jis, ka varb\u016bt vi\u0146u Polij\u0101 nav, bet no pa\u0161as pirm\u0101s dienas sastopos ar tiem pa\u0161iem uzrakstiem, ko biju redz\u0113jis cit\u0101s valst\u012bs da\u017e\u0101d\u0101s valod\u0101s.&#013;\n&#013;\nBiju dom\u0101jis, ka varb\u016bt vi\u0146u Polij\u0101 nav, bet no pa\u0161as pirm\u0101s dienas sastopos ar tiem pa\u0161iem uzrakstiem, ko biju redz\u0113jis cit\u0101s valst\u012bs da\u017e\u0101s valod\u0101s.<\/p>\n\n<p>Tad vi\u0146i ir! Vi\u0146i ir atn\u0101ku\u0161i! Vi\u0146i ir atn\u0101ku\u0161i un grib, lai m\u0113s atjaunojam m\u016bsos pa\u0161os apzi\u0146u par Krist\u012bbu un ko noz\u012bm\u0113 b\u016bt par kristieti no pa\u0161\u0101m sakn\u0113m.<\/p>\n\n<p>Lai Dievs sv\u0113ti! (*) No it\u0101lie\u0161u valodas tulkojuma \u00abL\u2019Osservatore Romano\u00bb 1987, gada 14. j\u016bnijs.<\/p>\n","protected":false},"excerpt":{"rendered":"<p>P\u0100VESTA UZRUNAS V\u0100RDI PIESAUCOT JASNA GURAS DIEVM\u0100TES AIZBILDNIEC\u012aBU (POLIJA) 12-IV-1987 Sv. J\u0101nis P\u0101vils II Polija- \u010censtohovas sanktu\u0101rijs, 1987. gada 12. j\u016bnijs J\u0101nis P\u0101vils II nosl\u0113dza sava sv\u0113tce\u013cojuma Polij\u0101 piekto dienu Jasn\u0101 Gur\u0101, piektdienas vakar\u0101 piesaukdams Jaunavas Marijas aizbildniec\u012bbu. \u0160\u012b l\u016bg\u0161ana Dievm\u0101tei tiek atk\u0101rtota katru dienu plkst. 21. dziedot vai lasot kop\u0161 1957. gada. P\u0113c l\u016bg\u0161anas p\u0101vests uzrun\u0101ja tic\u012bgos ar zem\u0101k eso\u0161iem v\u0101rdiem: &#8230; Marija, Polijas Karaliene, esmu tuvu tev, atceros<\/p>\n<div class=\"read-more\"><a class=\"btn read-more-btn\" href=\"https:\/\/neocatechumenaleiter.org\/lv\/pavestu-uzrunas\/sv-janis-pavils-ii\/pavesta-uzrunas-vardi-piesaucot-jasna-guras-dievmates-aizbildniecibu-polija-12-iv-1987\/\">Las\u012bt vair\u0101k<\/a><\/div>\n","protected":false},"author":2,"featured_media":0,"parent":18796,"menu_order":44,"comment_status":"closed","ping_status":"closed","template":"","meta":{"footnotes":""},"class_list":["post-20666","page","type-page","status-publish","hentry"],"_links":{"self":[{"href":"https:\/\/neocatechumenaleiter.org\/lv\/wp-json\/wp\/v2\/pages\/20666","targetHints":{"allow":["GET"]}}],"collection":[{"href":"https:\/\/neocatechumenaleiter.org\/lv\/wp-json\/wp\/v2\/pages"}],"about":[{"href":"https:\/\/neocatechumenaleiter.org\/lv\/wp-json\/wp\/v2\/types\/page"}],"author":[{"embeddable":true,"href":"https:\/\/neocatechumenaleiter.org\/lv\/wp-json\/wp\/v2\/users\/2"}],"replies":[{"embeddable":true,"href":"https:\/\/neocatechumenaleiter.org\/lv\/wp-json\/wp\/v2\/comments?post=20666"}],"version-history":[{"count":3,"href":"https:\/\/neocatechumenaleiter.org\/lv\/wp-json\/wp\/v2\/pages\/20666\/revisions"}],"predecessor-version":[{"id":20689,"href":"https:\/\/neocatechumenaleiter.org\/lv\/wp-json\/wp\/v2\/pages\/20666\/revisions\/20689"}],"up":[{"embeddable":true,"href":"https:\/\/neocatechumenaleiter.org\/lv\/wp-json\/wp\/v2\/pages\/18796"}],"wp:attachment":[{"href":"https:\/\/neocatechumenaleiter.org\/lv\/wp-json\/wp\/v2\/media?parent=20666"}],"curies":[{"name":"wp","href":"https:\/\/api.w.org\/{rel}","templated":true}]}}