{"id":20698,"date":"2021-02-20T10:54:47","date_gmt":"2021-02-20T09:54:47","guid":{"rendered":"https:\/\/neocatechumenaleiter.org\/pavestu-uzrunas\/sv-janis-pavils-ii\/aicinajumu-tiksanas-uz-svetibu-kalna-24-iii-2000\/"},"modified":"2021-02-20T10:54:47","modified_gmt":"2021-02-20T09:54:47","slug":"aicinajumu-tiksanas-uz-svetibu-kalna-24-iii-2000","status":"publish","type":"page","link":"https:\/\/neocatechumenaleiter.org\/lv\/pavestu-uzrunas\/sv-janis-pavils-ii\/aicinajumu-tiksanas-uz-svetibu-kalna-24-iii-2000\/","title":{"rendered":"AICIN\u0100JUMU TIK\u0160AN\u0100S UZ SV\u0112T\u012aBU KALNA 24-III-2000"},"content":{"rendered":"\n<h1 class=\"has-text-align-center wp-block-heading\">AICIN\u0100JUMU TIK\u0160AN\u0100S UZ SV\u0112T\u012aBU KALNA 24-III-2000<\/h1>\n\n<div style=\"height:20px\" aria-hidden=\"true\" class=\"wp-block-spacer\"><\/div>\n\n<h4 class=\"has-text-align-center wp-block-heading\">Sv. J\u0101nis P\u0101vils II<\/h4>\n\n<div style=\"height:20px\" aria-hidden=\"true\" class=\"wp-block-spacer\"><\/div>\n\n<p><strong>Korazims, 2000. gada 24. marts<\/strong><\/p>\n\n<p><em>P\u0113c Euharistijas, Ce\u013ca iniciatori satik\u0101s ar 50.000 jaunie\u0161iem no Neokatehumen\u0101l\u0101 Ce\u013ca, kas bija san\u0101ku\u0161i no 72 valst\u012bm.<\/em>&#013;\n&#013;\n<em>Pas\u0101kumu vad\u012bja Madrides arhib\u012bskaps kardin\u0101ls Antonio Maria Rouco Varela. Aicin\u0101jumu tik\u0161an\u0101s laik\u0101 piec\u0113l\u0101s ap 3000 jaunie\u0161u gatavi uz priester\u012bbu un ap 2000 meite\u0146u konsekr\u0113tajai dz\u012bvei.\u00a0<\/em><\/p>\n\n<figure class=\"wp-block-gallery aligncenter columns-2 is-cropped wp-block-gallery-1 is-layout-flex wp-block-gallery-is-layout-flex\"><ul class=\"blocks-gallery-grid\"><li class=\"blocks-gallery-item\"><figure><img loading=\"lazy\" decoding=\"async\" width=\"347\" height=\"207\" src=\"https:\/\/neocatechumenaleiter.org\/wp-content\/uploads\/2020\/03\/Camino_Neocatecumenal_Juan_Pablo_II_llamada_vocacional_monte_Bienaventuranzas_2000.jpg\" alt=\"\" data-id=\"2823\" data-full-url=\"https:\/\/neocatechumenaleiter.org\/wp-content\/uploads\/2020\/03\/Camino_Neocatecumenal_Juan_Pablo_II_llamada_vocacional_monte_Bienaventuranzas_2000.jpg\" data-link=\"https:\/\/neocatechumenaleiter.org\/?attachment_id=2823\" class=\"wp-image-13310\" srcset=\"https:\/\/neocatechumenaleiter.org\/wp-content\/uploads\/2020\/03\/Camino_Neocatecumenal_Juan_Pablo_II_llamada_vocacional_monte_Bienaventuranzas_2000.jpg 347w, https:\/\/neocatechumenaleiter.org\/wp-content\/uploads\/2020\/03\/Camino_Neocatecumenal_Juan_Pablo_II_llamada_vocacional_monte_Bienaventuranzas_2000-300x179.jpg 300w\" sizes=\"auto, (max-width: 347px) 100vw, 347px\" \/><\/figure><\/li><li class=\"blocks-gallery-item\"><figure><img loading=\"lazy\" decoding=\"async\" width=\"400\" height=\"271\" src=\"https:\/\/neocatechumenaleiter.org\/wp-content\/uploads\/2020\/03\/Camino_Neocatecumenal_Juan_Pablo_II_llamada_vocacional_monte_Bienaventuranzas_2000_2.jpg\" alt=\"\" data-id=\"2816\" data-full-url=\"https:\/\/neocatechumenaleiter.org\/wp-content\/uploads\/2020\/03\/Camino_Neocatecumenal_Juan_Pablo_II_llamada_vocacional_monte_Bienaventuranzas_2000_2.jpg\" data-link=\"https:\/\/neocatechumenaleiter.org\/?attachment_id=2816\" class=\"wp-image-13306\" srcset=\"https:\/\/neocatechumenaleiter.org\/wp-content\/uploads\/2020\/03\/Camino_Neocatecumenal_Juan_Pablo_II_llamada_vocacional_monte_Bienaventuranzas_2000_2.jpg 400w, https:\/\/neocatechumenaleiter.org\/wp-content\/uploads\/2020\/03\/Camino_Neocatecumenal_Juan_Pablo_II_llamada_vocacional_monte_Bienaventuranzas_2000_2-300x203.jpg 300w\" sizes=\"auto, (max-width: 400px) 100vw, 400px\" \/><\/figure><\/li><\/ul><\/figure>","protected":false},"excerpt":{"rendered":"<p>AICIN\u0100JUMU TIK\u0160AN\u0100S UZ SV\u0112T\u012aBU KALNA 24-III-2000 Sv. J\u0101nis P\u0101vils II Korazims, 2000. gada 24. marts P\u0113c Euharistijas, Ce\u013ca iniciatori satik\u0101s ar 50.000 jaunie\u0161iem no Neokatehumen\u0101l\u0101 Ce\u013ca, kas bija san\u0101ku\u0161i no 72 valst\u012bm.&#013; &#013; Pas\u0101kumu vad\u012bja Madrides arhib\u012bskaps kardin\u0101ls Antonio Maria Rouco Varela. Aicin\u0101jumu tik\u0161an\u0101s laik\u0101 piec\u0113l\u0101s ap 3000 jaunie\u0161u gatavi uz priester\u012bbu un ap 2000 meite\u0146u konsekr\u0113tajai dz\u012bvei.\u00a0<\/p>\n","protected":false},"author":2,"featured_media":0,"parent":18796,"menu_order":95,"comment_status":"closed","ping_status":"closed","template":"","meta":{"footnotes":""},"class_list":["post-20698","page","type-page","status-publish","hentry"],"_links":{"self":[{"href":"https:\/\/neocatechumenaleiter.org\/lv\/wp-json\/wp\/v2\/pages\/20698","targetHints":{"allow":["GET"]}}],"collection":[{"href":"https:\/\/neocatechumenaleiter.org\/lv\/wp-json\/wp\/v2\/pages"}],"about":[{"href":"https:\/\/neocatechumenaleiter.org\/lv\/wp-json\/wp\/v2\/types\/page"}],"author":[{"embeddable":true,"href":"https:\/\/neocatechumenaleiter.org\/lv\/wp-json\/wp\/v2\/users\/2"}],"replies":[{"embeddable":true,"href":"https:\/\/neocatechumenaleiter.org\/lv\/wp-json\/wp\/v2\/comments?post=20698"}],"version-history":[{"count":1,"href":"https:\/\/neocatechumenaleiter.org\/lv\/wp-json\/wp\/v2\/pages\/20698\/revisions"}],"predecessor-version":[{"id":20699,"href":"https:\/\/neocatechumenaleiter.org\/lv\/wp-json\/wp\/v2\/pages\/20698\/revisions\/20699"}],"up":[{"embeddable":true,"href":"https:\/\/neocatechumenaleiter.org\/lv\/wp-json\/wp\/v2\/pages\/18796"}],"wp:attachment":[{"href":"https:\/\/neocatechumenaleiter.org\/lv\/wp-json\/wp\/v2\/media?parent=20698"}],"curies":[{"name":"wp","href":"https:\/\/api.w.org\/{rel}","templated":true}]}}