{"id":20708,"date":"2020-03-04T02:13:42","date_gmt":"2020-03-04T01:13:42","guid":{"rendered":"https:\/\/neocatechumenaleiter.org\/pavestu-uzrunas\/sv-janis-pavils-ii\/audience-vacu-neokatehumeniem-26-iv-1996\/"},"modified":"2021-08-10T11:04:04","modified_gmt":"2021-08-10T10:04:04","slug":"audience-vacu-neokatehumeniem-26-iv-1996","status":"publish","type":"page","link":"https:\/\/neocatechumenaleiter.org\/lv\/pavestu-uzrunas\/sv-janis-pavils-ii\/audience-vacu-neokatehumeniem-26-iv-1996\/","title":{"rendered":"AUDIENCE V\u0100CU NEOKATEHUMENIEM 26-IV-1996"},"content":{"rendered":"\n<h1 class=\"has-text-align-center wp-block-heading\">AUDIENCE V\u0100CU NEOKATEHUMENIEM 26-IV-1996<\/h1>\n\n<div style=\"height:20px\" aria-hidden=\"true\" class=\"wp-block-spacer\"><\/div>\n\n<h4 class=\"has-text-align-center wp-block-heading\">Sv. J\u0101nis P\u0101vils II<\/h4>\n\n<div style=\"height:20px\" aria-hidden=\"true\" class=\"wp-block-spacer\"><\/div>\n\n<div class=\"wp-block-image\"><figure class=\"alignright size-medium\"><img loading=\"lazy\" decoding=\"async\" width=\"300\" height=\"250\" src=\"https:\/\/neocatechumenaleiter.org\/wp-content\/uploads\/2020\/03\/Camino_Neocatecumenal_Juan_Pablo_II_audiencia_hermanos_camino_alemania_1996-300x250.jpg\" alt=\"\" class=\"wp-image-2627\" srcset=\"https:\/\/neocatechumenaleiter.org\/wp-content\/uploads\/2020\/03\/Camino_Neocatecumenal_Juan_Pablo_II_audiencia_hermanos_camino_alemania_1996-300x250.jpg 300w, https:\/\/neocatechumenaleiter.org\/wp-content\/uploads\/2020\/03\/Camino_Neocatecumenal_Juan_Pablo_II_audiencia_hermanos_camino_alemania_1996.jpg 680w\" sizes=\"auto, (max-width: 300px) 100vw, 300px\" \/><\/figure><\/div>\n\n<p><strong>Vatik\u0101ns- Klementinas z\u0101le, 1996. gada 26. apr\u012blis<\/strong><\/p>\n\n<p><em>J\u0101nis P\u0101vils II piektdienas r\u012bt\u0101 uz\u0146\u0113ma audienc\u0113 v\u0101cu neokatehumenu grupu. Pas\u0101kuma laika Klementinas z\u0101l\u0113 Sv\u0113tais T\u0113vs uzrun\u0101ja kl\u0101teso\u0161os ar \u0161iem v\u0101rdiem:<\/em><\/p>\n\n<p>D\u0101rgie br\u0101\u013ci un m\u0101sas,<\/p>\n\n<p>Sirsn\u012bgi apsveicu j\u016bs, kas \u0161aj\u0101 Pashas laik\u0101 atrodaties ce\u013cojum\u0101 pie apustu\u013cu kapiem. Viens no visiespaid\u012bg\u0101kajiem notikumiem Eva\u0146\u0123\u0113lij\u0101 ir Aug\u0161\u0101mcelo\u0161a tik\u0161an\u0101s ar Emausa m\u0101cek\u013ciem. Emausa notikums grib mums teikt, ka uz ce\u013ca atrodas cilv\u0113ki mekl\u0113jumos. Vi\u0146i var tikt atpaz\u012bti t\u0101du kopienu, kas atrodas ce\u013c\u0101. T\u0101di cilv\u0113ki ir gatavi klaus\u012bties un m\u0101c\u012bties. <\/p>\n\n<p>M\u0113s esam m\u016b\u017e\u012bgie sv\u0113tce\u013cnieki, vienm\u0113r uz ce\u013ca. Mums nedr\u012bkst pamest taku. Uz ce\u013ca no Jeruzalemes uz Emausu izpild\u0101s Bazn\u012bcas dibin\u0101t\u0101ja J\u0113zus v\u0101rdi: &#8220;Kur divi ar tr\u012bs ir san\u0101ku\u0161i mana v\u0101rd\u0101, es esmu starp vi\u0146iem.&#8221; (Mt 18, 20)<\/p>\n\n<p>M\u016bsu Dievs ir Dievs, kur\u0161 ir tuvu, ne kur\u0161 atrodas t\u0101lien\u0113. T\u0101p\u0113c m\u0113s, k\u0101 \u012bsti kristie\u0161i, esam cilv\u0113ki ejo\u0161i ar Dievu un m\u016bsu zemisk\u0101 sv\u0113tce\u013cojuma m\u0113r\u0137is ir Dievs.<\/p>\n\n<p>Kad J\u0113zus redz\u0113ja, ka tuvojas vi\u0146a n\u0101ve uz krusta, teica saviem draugiem, ka vi\u0146\u0161\u00a0 dodas pie T\u0113va (sal. J\u0146 14, 28). Tikai \u0161is m\u0113r\u0137is dod \u012bsto iek\u0161\u0113ju virz\u012bbu un dzi\u013cu j\u0113gu. &#8220;Pild\u012bt Dieva gribu&#8221; bija vien\u012bgais Kristus darb\u012bbas princips, kas deva vi\u0146am nesatricin\u0101mu\u00a0 stingr\u012bbu.<\/p>\n\n<div class=\"wp-block-image\"><figure class=\"alignleft size-medium\"><img loading=\"lazy\" decoding=\"async\" width=\"250\" height=\"300\" src=\"https:\/\/neocatechumenaleiter.org\/wp-content\/uploads\/2020\/03\/Camino_Neocatecumenal_Juan_Pablo_II_audiencia_hermanos_camino_alemania_1996_2-250x300.jpg\" alt=\"\" class=\"wp-image-2634\" srcset=\"https:\/\/neocatechumenaleiter.org\/wp-content\/uploads\/2020\/03\/Camino_Neocatecumenal_Juan_Pablo_II_audiencia_hermanos_camino_alemania_1996_2-250x300.jpg 250w, https:\/\/neocatechumenaleiter.org\/wp-content\/uploads\/2020\/03\/Camino_Neocatecumenal_Juan_Pablo_II_audiencia_hermanos_camino_alemania_1996_2.jpg 568w\" sizes=\"auto, (max-width: 250px) 100vw, 250px\" \/><\/figure><\/div>\n\n<p>Lajiem darboties Bazn\u012bc\u0101 p\u0113c Dieva gr\u012bbas noz\u012bm\u0113 vair\u0101kk\u0101rt\u0113ju ap\u0146em\u0161anos sabiedr\u012bb\u0101, kas nemit\u012bgi p\u0101rveidoj\u0101s un izturas vienaldz\u012bgi pret Bazn\u012bcu. R\u016bp\u0113jieties Kristus seko\u0161an\u0101 un ieraugiet Vi\u0146u kl\u0101teso\u0161o br\u0101\u013cos un m\u0101sas, kuros atrodat uz savas dz\u012bves ce\u013c\u0101. Vai ejiet uz cie\u0161anu, atstum\u0161anas viet\u0101m, uz sabiedr\u012bbas mal\u0101m un nesiet tur savu cilv\u0113cisko solidarit\u0101ti. \u013baujiet vi\u0146iem izjust p\u0101rdabisko tic\u012bbas Krist\u016b iepriecin\u0101jumu.<\/p>\n\n<p>Caur Dieva M\u0101tes aizbildniec\u012bbu, lai j\u016bsu l\u016b\u0161ana v\u0113rst\u0101 uz Dievu un Kungu, dod jums sp\u0113ju nest konkr\u0113tu ieguld\u012bjumu gar\u012bgaj\u0101 atjaunotn\u0113 m\u016bsu pasaul\u0113, da\u017ereiz izsl\u0113gtu ide\u0101lu tr\u016bkuma d\u0113\u013c.<\/p>\n\n<p>\u0160ai j\u016bsu misijai l\u016bdzu Dievam, lai j\u016bs aizsarg\u0101 un pavada. Ar\u012b dalu jums savu apustulisko sv\u0113t\u012bbu. &#13;\n(*) Sal. \u00abL\u2019Osservatore Romano\u00bb, 1996. gada 27. apr\u012blis.<\/p>\n","protected":false},"excerpt":{"rendered":"<p>AUDIENCE V\u0100CU NEOKATEHUMENIEM 26-IV-1996 Sv. J\u0101nis P\u0101vils II Vatik\u0101ns- Klementinas z\u0101le, 1996. gada 26. apr\u012blis J\u0101nis P\u0101vils II piektdienas r\u012bt\u0101 uz\u0146\u0113ma audienc\u0113 v\u0101cu neokatehumenu grupu. Pas\u0101kuma laika Klementinas z\u0101l\u0113 Sv\u0113tais T\u0113vs uzrun\u0101ja kl\u0101teso\u0161os ar \u0161iem v\u0101rdiem: D\u0101rgie br\u0101\u013ci un m\u0101sas, Sirsn\u012bgi apsveicu j\u016bs, kas \u0161aj\u0101 Pashas laik\u0101 atrodaties ce\u013cojum\u0101 pie apustu\u013cu kapiem. Viens no visiespaid\u012bg\u0101kajiem notikumiem Eva\u0146\u0123\u0113lij\u0101 ir Aug\u0161\u0101mcelo\u0161a tik\u0161an\u0101s ar Emausa m\u0101cek\u013ciem. Emausa notikums grib mums teikt, ka uz<\/p>\n<div class=\"read-more\"><a class=\"btn read-more-btn\" href=\"https:\/\/neocatechumenaleiter.org\/lv\/pavestu-uzrunas\/sv-janis-pavils-ii\/audience-vacu-neokatehumeniem-26-iv-1996\/\">Las\u012bt vair\u0101k<\/a><\/div>\n","protected":false},"author":2,"featured_media":0,"parent":18796,"menu_order":84,"comment_status":"closed","ping_status":"closed","template":"","meta":{"footnotes":""},"class_list":["post-20708","page","type-page","status-publish","hentry"],"_links":{"self":[{"href":"https:\/\/neocatechumenaleiter.org\/lv\/wp-json\/wp\/v2\/pages\/20708","targetHints":{"allow":["GET"]}}],"collection":[{"href":"https:\/\/neocatechumenaleiter.org\/lv\/wp-json\/wp\/v2\/pages"}],"about":[{"href":"https:\/\/neocatechumenaleiter.org\/lv\/wp-json\/wp\/v2\/types\/page"}],"author":[{"embeddable":true,"href":"https:\/\/neocatechumenaleiter.org\/lv\/wp-json\/wp\/v2\/users\/2"}],"replies":[{"embeddable":true,"href":"https:\/\/neocatechumenaleiter.org\/lv\/wp-json\/wp\/v2\/comments?post=20708"}],"version-history":[{"count":2,"href":"https:\/\/neocatechumenaleiter.org\/lv\/wp-json\/wp\/v2\/pages\/20708\/revisions"}],"predecessor-version":[{"id":24277,"href":"https:\/\/neocatechumenaleiter.org\/lv\/wp-json\/wp\/v2\/pages\/20708\/revisions\/24277"}],"up":[{"embeddable":true,"href":"https:\/\/neocatechumenaleiter.org\/lv\/wp-json\/wp\/v2\/pages\/18796"}],"wp:attachment":[{"href":"https:\/\/neocatechumenaleiter.org\/lv\/wp-json\/wp\/v2\/media?parent=20708"}],"curies":[{"name":"wp","href":"https:\/\/api.w.org\/{rel}","templated":true}]}}