{"id":20710,"date":"2021-02-21T10:30:15","date_gmt":"2021-02-21T09:30:15","guid":{"rendered":"https:\/\/neocatechumenaleiter.org\/pavestu-uzrunas\/sv-janis-pavils-ii\/sveto-fabiana-un-venancija-draudzes-vizite-14-iv-1990\/"},"modified":"2021-02-21T10:30:16","modified_gmt":"2021-02-21T09:30:16","slug":"sveto-fabiana-un-venancija-draudzes-vizite-14-iv-1990","status":"publish","type":"page","link":"https:\/\/neocatechumenaleiter.org\/lv\/pavestu-uzrunas\/sv-janis-pavils-ii\/sveto-fabiana-un-venancija-draudzes-vizite-14-iv-1990\/","title":{"rendered":"SV\u0112TO FABIANA UN VENANCIJA DRAUDZES VIZ\u012aTE 14-IV-1990"},"content":{"rendered":"\n<h1 class=\"has-text-align-center wp-block-heading\">SV\u0112TO FABIANA UN VENANCIJA DRAUDZES VIZ\u012aTE 14-IV-1990<\/h1>\n\n<div style=\"height:20px\" aria-hidden=\"true\" class=\"wp-block-spacer\"><\/div>\n\n<h4 class=\"has-text-align-center wp-block-heading\">Sv. J\u0101nis P\u0101vils II<\/h4>\n\n<div style=\"height:20px\" aria-hidden=\"true\" class=\"wp-block-spacer\"><\/div>\n\n<div class=\"wp-block-image\"><figure class=\"alignleft size-medium\"><img loading=\"lazy\" decoding=\"async\" width=\"300\" height=\"253\" src=\"https:\/\/neocatechumenaleiter.org\/wp-content\/uploads\/2020\/03\/Camino_Neocatecumenal_Juan_Pablo_II_visita_parroquia_Santos_Fabian_Venancio_1990-300x253.jpg\" alt=\"\" class=\"wp-image-2265\" srcset=\"https:\/\/neocatechumenaleiter.org\/wp-content\/uploads\/2020\/03\/Camino_Neocatecumenal_Juan_Pablo_II_visita_parroquia_Santos_Fabian_Venancio_1990-300x253.jpg 300w, https:\/\/neocatechumenaleiter.org\/wp-content\/uploads\/2020\/03\/Camino_Neocatecumenal_Juan_Pablo_II_visita_parroquia_Santos_Fabian_Venancio_1990.jpg 661w\" sizes=\"auto, (max-width: 300px) 100vw, 300px\" \/><\/figure><\/div>\n\n<p><strong>Roma, 1990. gada 14. janv\u0101ris *<\/strong><\/p>\n\n<p>\u00abPASAULE ATVERAS, MEKL\u0112 CILV\u0112CISKO, KRIST\u012aG\u0100KO DIMENSIJU UN GAIDA PATIES\u012aBAS ATBILDI, KAS IR KRISTUS\u00bb&#013;\n&#013;\n\u00a0<\/p>\n\n<p>Svin\u012bgs pas\u0101kums sagaid\u012bja Sv\u0113to T\u0113vu ar draudzes Neokatehumen\u0101l\u0101 Ce\u013ca p\u0101rst\u0101vjiem. Svin\u012bgs pateicoties daudziem kl\u0101t biju\u0161iem b\u0113rniem, kuri izc\u0113la \u0123imenes svar\u012bgo lomu Neokatehumen\u0101l\u0101 Ce\u013ca kopien\u0101.<\/p>\n\n<p><em>P\u0113c viena no katehistu Giuseppe uzrunas v\u0101rdiem, Sv\u0113tais T\u0113vs teica sekojo\u0161o:<\/em><\/p>\n\n<p>Nov\u0113lu, lai \u0161is 1990. gads b\u016btu k\u0101 jauns gads j\u016bsu ce\u013cam. Skaidrs, k\u0101 pag\u0101ju\u0161ais, 1989. gads, atst\u0101ja mums p\u0101rsteidzo\u0161as lietas, it sevi\u0161\u0137i Eirop\u0101. Daudzas sabiedr\u012bbas, daudzas valstis atv\u0113r\u0101s un viss tas ir izaicin\u0101jums. \u0160\u012b pasaule, kas atveras, kas varb\u016bt  \u0161\u0137iras no necilv\u0113cisk\u0101k\u0101s un nekrist\u012bg\u0101kas trad\u012bcijas mekl\u0113dama krist\u012bg\u0101ko un cilv\u0113cisk\u0101ko. \u0160\u012bs tautas gaida Paties\u012bbas V\u0101rdu, Eva\u0146\u0123\u0113lija V\u0101rdu, vienot\u012bbas ar Kristu V\u0101rdu. Vienlaikus m\u0113s atrodamies \u0161eit, austrumos.<\/p>\n\n<div class=\"wp-block-image\"><figure class=\"alignright size-medium\"><img loading=\"lazy\" decoding=\"async\" width=\"300\" height=\"239\" src=\"https:\/\/neocatechumenaleiter.org\/wp-content\/uploads\/2020\/03\/Camino_Neocatecumenal_Juan_Pablo_II_visita_parroquia_Santos_Fabian_Venancio_1990_2-300x239.jpg\" alt=\"\" class=\"wp-image-2272\" srcset=\"https:\/\/neocatechumenaleiter.org\/wp-content\/uploads\/2020\/03\/Camino_Neocatecumenal_Juan_Pablo_II_visita_parroquia_Santos_Fabian_Venancio_1990_2-300x239.jpg 300w, https:\/\/neocatechumenaleiter.org\/wp-content\/uploads\/2020\/03\/Camino_Neocatecumenal_Juan_Pablo_II_visita_parroquia_Santos_Fabian_Venancio_1990_2.jpg 704w\" sizes=\"auto, (max-width: 300px) 100vw, 300px\" \/><\/figure><\/div>\n\n<p>Vakar run\u0101ju ar pie Sv\u0113t\u0101 Kr\u0113sla akredit\u0113tiem v\u0113stniekiem un pateicu, ka \u0161is br\u012bdis ir izaicin\u0101jums Rietumeiropas valst\u012bm, jo j\u0101pie\u0146em no jauna \u012bst\u0101s v\u0113rt\u012bbas, j\u0101mekl\u0113 t\u0101s krist\u012bgas saknes un j\u0101iet pie Kristus. T\u0101 j\u016bsu priek\u0161\u0101, d\u0101rgie, ir daudz izaicin\u0101jumu.<\/p>\n\n<p>Nov\u0113lu, lai \u0161is jauns gads, b\u016btu jauns j\u016bsu ce\u013cam, augl\u012bgs pateicoties Kunga \u017e\u0113last\u012bbai, Sv\u0113t\u0101 Gara gaismai un ar Jaunavas, m\u016bsu M\u0101tes, kl\u0101tb\u016btni.<\/p>\n\n<p><em>(*) Sal. \u00abL\u2018Osservatore Romano\u00bb, 1990. gada 19. janv\u0101ris.<\/em><\/p>\n","protected":false},"excerpt":{"rendered":"<p>SV\u0112TO FABIANA UN VENANCIJA DRAUDZES VIZ\u012aTE 14-IV-1990 Sv. J\u0101nis P\u0101vils II Roma, 1990. gada 14. janv\u0101ris * \u00abPASAULE ATVERAS, MEKL\u0112 CILV\u0112CISKO, KRIST\u012aG\u0100KO DIMENSIJU UN GAIDA PATIES\u012aBAS ATBILDI, KAS IR KRISTUS\u00bb&#013; &#013; \u00a0 Svin\u012bgs pas\u0101kums sagaid\u012bja Sv\u0113to T\u0113vu ar draudzes Neokatehumen\u0101l\u0101 Ce\u013ca p\u0101rst\u0101vjiem. Svin\u012bgs pateicoties daudziem kl\u0101t biju\u0161iem b\u0113rniem, kuri izc\u0113la \u0123imenes svar\u012bgo lomu Neokatehumen\u0101l\u0101 Ce\u013ca kopien\u0101. P\u0113c viena no katehistu Giuseppe uzrunas v\u0101rdiem, Sv\u0113tais T\u0113vs teica sekojo\u0161o: Nov\u0113lu, lai \u0161is<\/p>\n<div class=\"read-more\"><a class=\"btn read-more-btn\" href=\"https:\/\/neocatechumenaleiter.org\/lv\/pavestu-uzrunas\/sv-janis-pavils-ii\/sveto-fabiana-un-venancija-draudzes-vizite-14-iv-1990\/\">Las\u012bt vair\u0101k<\/a><\/div>\n","protected":false},"author":2,"featured_media":0,"parent":18796,"menu_order":60,"comment_status":"closed","ping_status":"closed","template":"","meta":{"footnotes":""},"class_list":["post-20710","page","type-page","status-publish","hentry"],"_links":{"self":[{"href":"https:\/\/neocatechumenaleiter.org\/lv\/wp-json\/wp\/v2\/pages\/20710","targetHints":{"allow":["GET"]}}],"collection":[{"href":"https:\/\/neocatechumenaleiter.org\/lv\/wp-json\/wp\/v2\/pages"}],"about":[{"href":"https:\/\/neocatechumenaleiter.org\/lv\/wp-json\/wp\/v2\/types\/page"}],"author":[{"embeddable":true,"href":"https:\/\/neocatechumenaleiter.org\/lv\/wp-json\/wp\/v2\/users\/2"}],"replies":[{"embeddable":true,"href":"https:\/\/neocatechumenaleiter.org\/lv\/wp-json\/wp\/v2\/comments?post=20710"}],"version-history":[{"count":1,"href":"https:\/\/neocatechumenaleiter.org\/lv\/wp-json\/wp\/v2\/pages\/20710\/revisions"}],"predecessor-version":[{"id":20711,"href":"https:\/\/neocatechumenaleiter.org\/lv\/wp-json\/wp\/v2\/pages\/20710\/revisions\/20711"}],"up":[{"embeddable":true,"href":"https:\/\/neocatechumenaleiter.org\/lv\/wp-json\/wp\/v2\/pages\/18796"}],"wp:attachment":[{"href":"https:\/\/neocatechumenaleiter.org\/lv\/wp-json\/wp\/v2\/media?parent=20710"}],"curies":[{"name":"wp","href":"https:\/\/api.w.org\/{rel}","templated":true}]}}