{"id":20722,"date":"2021-02-22T18:40:10","date_gmt":"2021-02-22T17:40:10","guid":{"rendered":"https:\/\/neocatechumenaleiter.org\/pavestu-uzrunas\/sv-janis-pavils-ii\/pavesta-jana-pavila-ii-sveiciena-vardi-seminaristiem-no-brazilijas-redemptoris-mater-seminara-15-x-1991\/"},"modified":"2021-02-22T18:40:10","modified_gmt":"2021-02-22T17:40:10","slug":"pavesta-jana-pavila-ii-sveiciena-vardi-seminaristiem-no-brazilijas-redemptoris-mater-seminara-15-x-1991","status":"publish","type":"page","link":"https:\/\/neocatechumenaleiter.org\/lv\/pavestu-uzrunas\/sv-janis-pavils-ii\/pavesta-jana-pavila-ii-sveiciena-vardi-seminaristiem-no-brazilijas-redemptoris-mater-seminara-15-x-1991\/","title":{"rendered":"P\u0100VESTA J\u0100\u0145A P\u0100VILA II SVEICIENA V\u0100RDI SEMIN\u0100RISTIEM NO BRAZ\u012aLIJAS REDEMPTORIS MATER SEMIN\u0100RA 15-X-1991"},"content":{"rendered":"\n<h1 class=\"has-text-align-center wp-block-heading\">P\u0100VESTA J\u0100\u0145A P\u0100VILA II SVEICIENA V\u0100RDI SEMIN\u0100RISTIEM NO BRAZ\u012aLIJAS REDEMPTORIS MATER SEMIN\u0100RA 15-X-1991<\/h1>\n\n<div style=\"height:20px\" aria-hidden=\"true\" class=\"wp-block-spacer\"><\/div>\n\n<h4 class=\"has-text-align-center wp-block-heading\">Sv. J\u0101\u0146a P\u0101vila II<\/h4>\n\n<div style=\"height:20px\" aria-hidden=\"true\" class=\"wp-block-spacer\"><\/div>\n\n<p><b>Braz\u012blija<\/b><strong>, 1991. gada 15. oktobris<\/strong><\/p>\n\n<p>Sirsn\u012bgi apsveicu Redemptoris Mater semin\u0101ra Vec\u0101kos un semin\u0101ristus. Semin\u0101ra \u0113ka pa\u0161laik tiek celta net\u0101lu no \u0161ejienes. Nov\u0113lu, lai ar Dieva sv\u0113t\u012bbu, caur Kristus garu uzdro\u0161in\u0101tu autentisko priesteru form\u0101ciju. Visiem jums dalu savu apustulisko sv\u0113t\u012bbu. Amen.&#013;\n&#013;\n(*) Sal. \u00abL\u2019Osservatore Romano\u00bb, 1991. gada 17. oktobris.<\/p>\n","protected":false},"excerpt":{"rendered":"<p>P\u0100VESTA J\u0100\u0145A P\u0100VILA II SVEICIENA V\u0100RDI SEMIN\u0100RISTIEM NO BRAZ\u012aLIJAS REDEMPTORIS MATER SEMIN\u0100RA 15-X-1991 Sv. J\u0101\u0146a P\u0101vila II Braz\u012blija, 1991. gada 15. oktobris Sirsn\u012bgi apsveicu Redemptoris Mater semin\u0101ra Vec\u0101kos un semin\u0101ristus. Semin\u0101ra \u0113ka pa\u0161laik tiek celta net\u0101lu no \u0161ejienes. Nov\u0113lu, lai ar Dieva sv\u0113t\u012bbu, caur Kristus garu uzdro\u0161in\u0101tu autentisko priesteru form\u0101ciju. Visiem jums dalu savu apustulisko sv\u0113t\u012bbu. Amen.&#013; &#013; (*) Sal. \u00abL\u2019Osservatore Romano\u00bb, 1991. gada 17. oktobris.<\/p>\n","protected":false},"author":2,"featured_media":0,"parent":18796,"menu_order":65,"comment_status":"closed","ping_status":"closed","template":"","meta":{"footnotes":""},"class_list":["post-20722","page","type-page","status-publish","hentry"],"_links":{"self":[{"href":"https:\/\/neocatechumenaleiter.org\/lv\/wp-json\/wp\/v2\/pages\/20722","targetHints":{"allow":["GET"]}}],"collection":[{"href":"https:\/\/neocatechumenaleiter.org\/lv\/wp-json\/wp\/v2\/pages"}],"about":[{"href":"https:\/\/neocatechumenaleiter.org\/lv\/wp-json\/wp\/v2\/types\/page"}],"author":[{"embeddable":true,"href":"https:\/\/neocatechumenaleiter.org\/lv\/wp-json\/wp\/v2\/users\/2"}],"replies":[{"embeddable":true,"href":"https:\/\/neocatechumenaleiter.org\/lv\/wp-json\/wp\/v2\/comments?post=20722"}],"version-history":[{"count":1,"href":"https:\/\/neocatechumenaleiter.org\/lv\/wp-json\/wp\/v2\/pages\/20722\/revisions"}],"predecessor-version":[{"id":20723,"href":"https:\/\/neocatechumenaleiter.org\/lv\/wp-json\/wp\/v2\/pages\/20722\/revisions\/20723"}],"up":[{"embeddable":true,"href":"https:\/\/neocatechumenaleiter.org\/lv\/wp-json\/wp\/v2\/pages\/18796"}],"wp:attachment":[{"href":"https:\/\/neocatechumenaleiter.org\/lv\/wp-json\/wp\/v2\/media?parent=20722"}],"curies":[{"name":"wp","href":"https:\/\/api.w.org\/{rel}","templated":true}]}}