{"id":20724,"date":"2021-02-22T18:55:30","date_gmt":"2021-02-22T17:55:30","guid":{"rendered":"https:\/\/neocatechumenaleiter.org\/pavestu-uzrunas\/sv-janis-pavils-ii\/svetiba-polu-gimenei-kas-dosies-misija-krievija-8-xi-1989\/"},"modified":"2021-02-22T18:55:30","modified_gmt":"2021-02-22T17:55:30","slug":"svetiba-polu-gimenei-kas-dosies-misija-krievija-8-xi-1989","status":"publish","type":"page","link":"https:\/\/neocatechumenaleiter.org\/lv\/pavestu-uzrunas\/sv-janis-pavils-ii\/svetiba-polu-gimenei-kas-dosies-misija-krievija-8-xi-1989\/","title":{"rendered":"SV\u0112T\u012aBA PO\u013bU \u0122IMENEI, KAS DOSIES MISIJ\u0100 KRIEVIJ\u0100 8-XI-1989"},"content":{"rendered":"\n<h1 class=\"has-text-align-center wp-block-heading\">SV\u0112T\u012aBA PO\u013bU \u0122IMENEI, KAS DOSIES MISIJ\u0100 KRIEVIJ\u0100 8-XI-1989<\/h1>\n\n<div style=\"height:20px\" aria-hidden=\"true\" class=\"wp-block-spacer\"><\/div>\n\n<h4 class=\"has-text-align-center wp-block-heading\">Sv. J\u0101nis P\u0101vils II<\/h4>\n\n<div style=\"height:20px\" aria-hidden=\"true\" class=\"wp-block-spacer\"><\/div>\n\n<p><strong>Vatik\u0101ns, 1989. gada 8.\u00a0<\/strong><b>novembris<\/b><\/p>\n\n<div class=\"wp-block-image\"><figure class=\"aligncenter size-large\"><img loading=\"lazy\" decoding=\"async\" width=\"347\" height=\"486\" src=\"https:\/\/neocatechumenaleiter.org\/wp-content\/uploads\/2020\/03\/Camino_Neocatecumenal_Juan_Pablo_II_envio_familia_mision_rusia_1989.jpg\" alt=\"\" class=\"wp-image-14429\" srcset=\"https:\/\/neocatechumenaleiter.org\/wp-content\/uploads\/2020\/03\/Camino_Neocatecumenal_Juan_Pablo_II_envio_familia_mision_rusia_1989.jpg 347w, https:\/\/neocatechumenaleiter.org\/wp-content\/uploads\/2020\/03\/Camino_Neocatecumenal_Juan_Pablo_II_envio_familia_mision_rusia_1989-214x300.jpg 214w\" sizes=\"auto, (max-width: 347px) 100vw, 347px\" \/><\/figure><\/div>\n","protected":false},"excerpt":{"rendered":"<p>SV\u0112T\u012aBA PO\u013bU \u0122IMENEI, KAS DOSIES MISIJ\u0100 KRIEVIJ\u0100 8-XI-1989 Sv. J\u0101nis P\u0101vils II Vatik\u0101ns, 1989. gada 8.\u00a0novembris<\/p>\n","protected":false},"author":2,"featured_media":0,"parent":18796,"menu_order":58,"comment_status":"closed","ping_status":"closed","template":"","meta":{"footnotes":""},"class_list":["post-20724","page","type-page","status-publish","hentry"],"_links":{"self":[{"href":"https:\/\/neocatechumenaleiter.org\/lv\/wp-json\/wp\/v2\/pages\/20724","targetHints":{"allow":["GET"]}}],"collection":[{"href":"https:\/\/neocatechumenaleiter.org\/lv\/wp-json\/wp\/v2\/pages"}],"about":[{"href":"https:\/\/neocatechumenaleiter.org\/lv\/wp-json\/wp\/v2\/types\/page"}],"author":[{"embeddable":true,"href":"https:\/\/neocatechumenaleiter.org\/lv\/wp-json\/wp\/v2\/users\/2"}],"replies":[{"embeddable":true,"href":"https:\/\/neocatechumenaleiter.org\/lv\/wp-json\/wp\/v2\/comments?post=20724"}],"version-history":[{"count":1,"href":"https:\/\/neocatechumenaleiter.org\/lv\/wp-json\/wp\/v2\/pages\/20724\/revisions"}],"predecessor-version":[{"id":20725,"href":"https:\/\/neocatechumenaleiter.org\/lv\/wp-json\/wp\/v2\/pages\/20724\/revisions\/20725"}],"up":[{"embeddable":true,"href":"https:\/\/neocatechumenaleiter.org\/lv\/wp-json\/wp\/v2\/pages\/18796"}],"wp:attachment":[{"href":"https:\/\/neocatechumenaleiter.org\/lv\/wp-json\/wp\/v2\/media?parent=20724"}],"curies":[{"name":"wp","href":"https:\/\/api.w.org\/{rel}","templated":true}]}}