{"id":20726,"date":"2021-02-22T19:02:13","date_gmt":"2021-02-22T18:02:13","guid":{"rendered":"https:\/\/neocatechumenaleiter.org\/pavestu-uzrunas\/benedikts-xvi\/privata-audience-cela-iniciatoriem-26-v-2007\/"},"modified":"2021-02-22T19:02:13","modified_gmt":"2021-02-22T18:02:13","slug":"privata-audience-cela-iniciatoriem-26-v-2007","status":"publish","type":"page","link":"https:\/\/neocatechumenaleiter.org\/lv\/pavestu-uzrunas\/benedikts-xvi\/privata-audience-cela-iniciatoriem-26-v-2007\/","title":{"rendered":"PRIV\u0100TA AUDIENCE CE\u013bA INICIATORIEM 26-V-2007"},"content":{"rendered":"\n<h1 class=\"has-text-align-center wp-block-heading\">PRIV\u0100TA AUDIENCE CE\u013bA INICIATORIEM 26-V-2007<\/h1>\n\n<div style=\"height:20px\" aria-hidden=\"true\" class=\"wp-block-spacer\"><\/div>\n\n<h4 class=\"has-text-align-center wp-block-heading\">Benedikts XVI<\/h4>\n\n<div style=\"height:20px\" aria-hidden=\"true\" class=\"wp-block-spacer\"><\/div>\n\n<p><strong>Vatik\u0101ns, 2007. gada 26. maijs<\/strong><\/p>\n\n<p>Kiko p\u0113c audiences uzd\u0101vin\u0101ja p\u0101vestam Sv. P\u0113tera att\u0113lu.<\/p>\n\n<figure class=\"wp-block-gallery aligncenter columns-2 is-cropped wp-block-gallery-1 is-layout-flex wp-block-gallery-is-layout-flex\"><ul class=\"blocks-gallery-grid\"><li class=\"blocks-gallery-item\"><figure><img loading=\"lazy\" decoding=\"async\" width=\"400\" height=\"266\" src=\"https:\/\/neocatechumenaleiter.org\/wp-content\/uploads\/2020\/02\/Camino_Neocatecumenal_Benedicto_XVI_audiencia_Kiko_Carmen_Mario_2007.jpg\" alt=\"\" data-id=\"1157\" data-full-url=\"https:\/\/neocatechumenaleiter.org\/wp-content\/uploads\/2020\/02\/Camino_Neocatecumenal_Benedicto_XVI_audiencia_Kiko_Carmen_Mario_2007.jpg\" data-link=\"https:\/\/neocatechumenaleiter.org\/?attachment_id=1157\" class=\"wp-image-12714\" srcset=\"https:\/\/neocatechumenaleiter.org\/wp-content\/uploads\/2020\/02\/Camino_Neocatecumenal_Benedicto_XVI_audiencia_Kiko_Carmen_Mario_2007.jpg 400w, https:\/\/neocatechumenaleiter.org\/wp-content\/uploads\/2020\/02\/Camino_Neocatecumenal_Benedicto_XVI_audiencia_Kiko_Carmen_Mario_2007-300x200.jpg 300w\" sizes=\"auto, (max-width: 400px) 100vw, 400px\" \/><\/figure><\/li><li class=\"blocks-gallery-item\"><figure><img loading=\"lazy\" decoding=\"async\" width=\"400\" height=\"271\" src=\"https:\/\/neocatechumenaleiter.org\/wp-content\/uploads\/2020\/02\/Camino_Neocatecumenal_Benedicto_XVI_audiencia_Kiko_Carmen_Mario_20072.jpg\" alt=\"\" data-id=\"1150\" data-full-url=\"https:\/\/neocatechumenaleiter.org\/wp-content\/uploads\/2020\/02\/Camino_Neocatecumenal_Benedicto_XVI_audiencia_Kiko_Carmen_Mario_20072.jpg\" data-link=\"https:\/\/neocatechumenaleiter.org\/?attachment_id=1150\" class=\"wp-image-12718\" srcset=\"https:\/\/neocatechumenaleiter.org\/wp-content\/uploads\/2020\/02\/Camino_Neocatecumenal_Benedicto_XVI_audiencia_Kiko_Carmen_Mario_20072.jpg 400w, https:\/\/neocatechumenaleiter.org\/wp-content\/uploads\/2020\/02\/Camino_Neocatecumenal_Benedicto_XVI_audiencia_Kiko_Carmen_Mario_20072-300x203.jpg 300w\" sizes=\"auto, (max-width: 400px) 100vw, 400px\" \/><\/figure><\/li><\/ul><\/figure>","protected":false},"excerpt":{"rendered":"<p>PRIV\u0100TA AUDIENCE CE\u013bA INICIATORIEM 26-V-2007 Benedikts XVI Vatik\u0101ns, 2007. gada 26. maijs Kiko p\u0113c audiences uzd\u0101vin\u0101ja p\u0101vestam Sv. P\u0113tera att\u0113lu.<\/p>\n","protected":false},"author":2,"featured_media":0,"parent":16607,"menu_order":5,"comment_status":"closed","ping_status":"closed","template":"","meta":{"footnotes":""},"class_list":["post-20726","page","type-page","status-publish","hentry"],"_links":{"self":[{"href":"https:\/\/neocatechumenaleiter.org\/lv\/wp-json\/wp\/v2\/pages\/20726","targetHints":{"allow":["GET"]}}],"collection":[{"href":"https:\/\/neocatechumenaleiter.org\/lv\/wp-json\/wp\/v2\/pages"}],"about":[{"href":"https:\/\/neocatechumenaleiter.org\/lv\/wp-json\/wp\/v2\/types\/page"}],"author":[{"embeddable":true,"href":"https:\/\/neocatechumenaleiter.org\/lv\/wp-json\/wp\/v2\/users\/2"}],"replies":[{"embeddable":true,"href":"https:\/\/neocatechumenaleiter.org\/lv\/wp-json\/wp\/v2\/comments?post=20726"}],"version-history":[{"count":1,"href":"https:\/\/neocatechumenaleiter.org\/lv\/wp-json\/wp\/v2\/pages\/20726\/revisions"}],"predecessor-version":[{"id":20727,"href":"https:\/\/neocatechumenaleiter.org\/lv\/wp-json\/wp\/v2\/pages\/20726\/revisions\/20727"}],"up":[{"embeddable":true,"href":"https:\/\/neocatechumenaleiter.org\/lv\/wp-json\/wp\/v2\/pages\/16607"}],"wp:attachment":[{"href":"https:\/\/neocatechumenaleiter.org\/lv\/wp-json\/wp\/v2\/media?parent=20726"}],"curies":[{"name":"wp","href":"https:\/\/api.w.org\/{rel}","templated":true}]}}