{"id":20736,"date":"2020-03-01T02:52:20","date_gmt":"2020-03-01T01:52:20","guid":{"rendered":"https:\/\/neocatechumenaleiter.org\/pavestu-uzrunas\/sv-janis-pavils-ii\/sv-lukasa-evangelista-draudzes-vizite-4-xi-1979\/"},"modified":"2021-08-10T11:00:27","modified_gmt":"2021-08-10T10:00:27","slug":"sv-lukasa-evangelista-draudzes-vizite-4-xi-1979","status":"publish","type":"page","link":"https:\/\/neocatechumenaleiter.org\/lv\/pavestu-uzrunas\/sv-janis-pavils-ii\/sv-lukasa-evangelista-draudzes-vizite-4-xi-1979\/","title":{"rendered":"SV. LUKASA EVA\u0145\u0122\u0112LISTA DRAUDZES VIZ\u012aTE 4-XI-1979"},"content":{"rendered":"\n<h1 class=\"has-text-align-center wp-block-heading\">SV. LUKASA EVA\u0145\u0122\u0112LISTA DRAUDZES VIZ\u012aTE 4-XI-1979<\/h1>\n\n<div style=\"height:20px\" aria-hidden=\"true\" class=\"wp-block-spacer\"><\/div>\n\n<h4 class=\"has-text-align-center wp-block-heading\">Sv. J\u0101nis P\u0101vils II<\/h4>\n\n<div style=\"height:20px\" aria-hidden=\"true\" class=\"wp-block-spacer\"><\/div>\n\n<p><strong>Roma, 1979. gada 4. novembris *<\/strong><\/p>\n\n<p><em>\u012apa\u0161as noz\u012bmes pas\u0101kums ar piec\u0101m Neokatehumen\u0101l\u0101m kopien\u0101m, kas darboj\u0101s draudz\u0113 septi\u0146us gadus, kop\u0161 1972. gada.<\/em>&#13;\n&#13;\n<em>Sv\u0113tais T\u0113vs sarun\u0101jas ar \u0161o kopienu p\u0101rst\u0101vjiem. Vi\u0146i ies\u0101ka ar sveiciena uzrunu un prezent\u0101ciju. Turkl\u0101t katehists Franco Voltaggio teica:\u00a0<\/em><\/p>\n\n<p>Vel\u0113jamies pielikt kl\u0101t kaut ko no m\u016bsu puses, k\u0101 \u0161is draudzes katehisti. Sv\u0113tais T\u0113vs, mums ir prieks un izbr\u012bna lasot br\u012bni\u0161\u0137\u012bgo dokumentu &#8220;Catechesi Tradend\u00e6&#8221;. Mums tie\u0161am izrais\u012bja lielu prieku redz\u0113t k\u0101 vienlaic\u012bgi ar \u0161iem tikko izg\u0101ju\u0161ajiem Bazn\u012bcas ma\u0123isterija dokumentiem past\u0101v Bazn\u012bcas realit\u0101te. Dokumenta J\u016bs run\u0101jat, ka ir nepiecie\u0161ama aug\u0161ana tic\u012bb\u0101, lai b\u016btu cilv\u0113ki, kuri var\u0113tu pie\u0146emt att\u0101lin\u0101tos no tic\u012bbas, izkl\u012bdu\u0161os. L\u016bk \u0161eit, Kunga br\u012bnumdarbs, realit\u0101te, kas soli pa solim aug. M\u0113s esam \u013coti priec\u012bgi ar\u012b par j\u016bsu viz\u012bti! Mums pat\u012bk ce\u013cojo\u0161ie katehisti un J\u016bs tie\u0161am, Sv\u0113tais T\u0113vs, esat ce\u013cojo\u0161s p\u0101vests, kur\u0161 nes Kerygmu, \u0161o aug\u0161\u0101mcelo\u0161a no n\u0101ves J\u0113zus Kristus vesti, kas m\u016bs ir izgl\u0101busi no m\u016bsu n\u0101ves.<\/p>\n\n<p><em>Sv\u0113tais T\u0113vs uzrun\u0101ja \u0161ajos v\u0101rdos:<\/em><\/p>\n\n<p>Tad ko, vi\u0146i daudz run\u0101ja. Tas ir \u013coti labi. J\u016bs vado\u0161s priesteris ar bardu, pr. Giancarlo, un ar\u012b Franco (Franco izskat\u0101s k\u0101 vienu no jums, j\u016bsu p\u0101rst\u0101vjus) prec\u012bzi izskaidroja Garu, atmosf\u0113ru, visu to, kas veido j\u016bsu grupu. Jo grupa nav tikai skait\u013cu kopums, bet ar\u012b Gars. Grupa vai dr\u012bz\u0101k kopiena veidojas no iek\u0161ienes, iek\u0161\u0113ji, iek\u0161\u0113ji ar\u012b pieskaras Sv\u0113tais Gars. Vi\u0146\u0161 pieskar\u0101s katram no mums, to kas m\u0113s esam, person\u012bgo intimit\u0101ti, gar\u012bgo intimit\u0101ti, bet nepieskaras pie katra atsevi\u0161\u0137i, jo\u00a0<strong>vi\u0146\u0161 m\u016bs ir rad\u012bjis lai m\u0113s b\u016btu kopiena<\/strong>. Lai m\u0113s dz\u012bvotu kop\u012bb\u0101 un t\u0101 tiek skaidrotas \u0161\u012bs kopienas krist\u012bgaj\u0101 vienot\u012bb\u0101. L\u012bdz\u012bgi k\u0101 j\u016bsu, ka j\u016bsu visas, jo \u0161eit esat sapulc\u0113ju\u0161\u0101s piecas kopienas.<\/p>\n\n<p>Es dom\u0101ju, ka past\u0101v noteikums, vienk\u0101r\u0161s noteikums: lai dotu, j\u0101b\u016bt kaut kas. Neiet runa par materi\u0101lo, tas pats par sevi ir skaidrs. J\u0101dod kaut kas, bet gar\u012bgaj\u0101 noz\u012bm\u0113. Lai sp\u0113tu dot kaut ko m\u016bsos j\u0101b\u016bt kaut kas nemateri\u0101ls, gar\u012bgs. \u0160o neredzamo lietu mums katram j\u0101atkl\u0101j.<\/p>\n\n<div class=\"wp-block-image is-style-default\"><figure class=\"alignright size-large\"><img loading=\"lazy\" decoding=\"async\" width=\"400\" height=\"322\" src=\"https:\/\/neocatechumenaleiter.org\/wp-content\/uploads\/2020\/03\/Camino_Neocatecumenal_Juan_Pablo_II_visita_parroquia_Luca_Evangelista_1979.jpg\" alt=\"\" class=\"wp-image-14402\" srcset=\"https:\/\/neocatechumenaleiter.org\/wp-content\/uploads\/2020\/03\/Camino_Neocatecumenal_Juan_Pablo_II_visita_parroquia_Luca_Evangelista_1979.jpg 400w, https:\/\/neocatechumenaleiter.org\/wp-content\/uploads\/2020\/03\/Camino_Neocatecumenal_Juan_Pablo_II_visita_parroquia_Luca_Evangelista_1979-300x242.jpg 300w\" sizes=\"auto, (max-width: 400px) 100vw, 400px\" \/><\/figure><\/div>\n\n<p>L\u016bk, k\u0101ds ir manupr\u0101t Neokatehumen\u0101l\u0101s kust\u012bbas noteikums: iet runa par atkl\u0101\u0161anu, atkl\u0101t to, kas ir iek\u0161\u0101. Tik daudz krist\u012btu kristie\u0161u, bet kuri varb\u016bt nav atkl\u0101ju\u0161i Krist\u012bbu, gandr\u012bz ir aizmirsu\u0161i par to. Vi\u0146i ir krist\u012bti, pierakst\u012bti draudz\u0113, Krist\u012bbas ir re\u0123istr\u0113tas vi\u0146u sird\u012bs, bet \u0161is iek\u0161\u0113jais re\u0123istrs paliek gandr\u012bz miris, gandr\u012bz nepamudin\u0101tu. J\u0101atkl\u0101j!&#13;\nKad cilv\u0113ks atkl\u0101j ka vi\u0146am ir, p\u0113c tam j\u0101dod. Kad tiek atkl\u0101ts nevar nedot, jo \u0161is kur\u0161 pal\u012bdz to atkl\u0101t mudina ar\u012b dot. T\u0101 bija dzimu\u0161i apustu\u013ci, visi apustu\u013ci t\u0101 ir dzimu\u0161i. Es dom\u0101ju, ka ja tagad ir ce\u013cojo\u0161ie katehisti un pat p\u0101vests ir k\u013cuvis par ce\u013coju\u0161o ir t\u0101d\u0113\u013c ka Vi\u0146\u0161 [Kungs] atkl\u0101ja to. Reiz atkl\u0101jot \u0161o d\u0101rgumu, \u0161o nosl\u0113pumu, \u0161o Kristus nosl\u0113pumu, no k\u0101 sast\u0101v m\u016bsu person\u012bga, gar\u012bga, krist\u012bga identit\u0101te, nevar nevel\u0113ties dal\u012bties ar citiem. Manupr\u0101t, vair\u0101k vai maz\u0101k esam run\u0101ju\u0161i viens, divi, tr\u012bs un izskaidrojam visu.<\/p>\n\n<p>Esmu \u013coti laim\u012bgs par \u0161o tik\u0161anos un nov\u0113lu jums turpin\u0101t. Turpin\u0101t noz\u012bme sekot Sv\u0113tajam Garam, sekot ar\u012b j\u016bsu aicin\u0101jumam, jo atkl\u0101jot j\u016bsos dz\u012bvojo\u0161o Kristus nosl\u0113pumu tiek atkl\u0101ts m\u016bsu aicin\u0101jums. Tagad visi pie\u0146emiet manu sv\u0113t\u012bbu. Esmu \u013coti pateic\u012bgs par \u0161o tik\u0161anos, it sevi\u0161\u0137i, jo esat atn\u0101ku\u0161i kop\u0101 ar b\u0113rniem un esmu priec\u012bgs, ka \u0161ie b\u0113rni aug t\u0101d\u0101 vid\u0113, kop\u0101 ar Kristu.<\/p>\n\n<p><em> (*) Sal. \u00abL&#8217;Osservatore Romano\u00bb, 1979. gada 5-6. novembris.<\/em><\/p>\n","protected":false},"excerpt":{"rendered":"<p>SV. LUKASA EVA\u0145\u0122\u0112LISTA DRAUDZES VIZ\u012aTE 4-XI-1979 Sv. J\u0101nis P\u0101vils II Roma, 1979. gada 4. novembris * \u012apa\u0161as noz\u012bmes pas\u0101kums ar piec\u0101m Neokatehumen\u0101l\u0101m kopien\u0101m, kas darboj\u0101s draudz\u0113 septi\u0146us gadus, kop\u0161 1972. gada.&#13; &#13; Sv\u0113tais T\u0113vs sarun\u0101jas ar \u0161o kopienu p\u0101rst\u0101vjiem. Vi\u0146i ies\u0101ka ar sveiciena uzrunu un prezent\u0101ciju. Turkl\u0101t katehists Franco Voltaggio teica:\u00a0 Vel\u0113jamies pielikt kl\u0101t kaut ko no m\u016bsu puses, k\u0101 \u0161is draudzes katehisti. Sv\u0113tais T\u0113vs, mums ir prieks un izbr\u012bna<\/p>\n<div class=\"read-more\"><a class=\"btn read-more-btn\" href=\"https:\/\/neocatechumenaleiter.org\/lv\/pavestu-uzrunas\/sv-janis-pavils-ii\/sv-lukasa-evangelista-draudzes-vizite-4-xi-1979\/\">Las\u012bt vair\u0101k<\/a><\/div>\n","protected":false},"author":2,"featured_media":0,"parent":18796,"menu_order":3,"comment_status":"closed","ping_status":"closed","template":"","meta":{"footnotes":""},"class_list":["post-20736","page","type-page","status-publish","hentry"],"_links":{"self":[{"href":"https:\/\/neocatechumenaleiter.org\/lv\/wp-json\/wp\/v2\/pages\/20736","targetHints":{"allow":["GET"]}}],"collection":[{"href":"https:\/\/neocatechumenaleiter.org\/lv\/wp-json\/wp\/v2\/pages"}],"about":[{"href":"https:\/\/neocatechumenaleiter.org\/lv\/wp-json\/wp\/v2\/types\/page"}],"author":[{"embeddable":true,"href":"https:\/\/neocatechumenaleiter.org\/lv\/wp-json\/wp\/v2\/users\/2"}],"replies":[{"embeddable":true,"href":"https:\/\/neocatechumenaleiter.org\/lv\/wp-json\/wp\/v2\/comments?post=20736"}],"version-history":[{"count":2,"href":"https:\/\/neocatechumenaleiter.org\/lv\/wp-json\/wp\/v2\/pages\/20736\/revisions"}],"predecessor-version":[{"id":23959,"href":"https:\/\/neocatechumenaleiter.org\/lv\/wp-json\/wp\/v2\/pages\/20736\/revisions\/23959"}],"up":[{"embeddable":true,"href":"https:\/\/neocatechumenaleiter.org\/lv\/wp-json\/wp\/v2\/pages\/18796"}],"wp:attachment":[{"href":"https:\/\/neocatechumenaleiter.org\/lv\/wp-json\/wp\/v2\/media?parent=20736"}],"curies":[{"name":"wp","href":"https:\/\/api.w.org\/{rel}","templated":true}]}}