{"id":20738,"date":"2020-03-02T02:12:50","date_gmt":"2020-03-02T01:12:50","guid":{"rendered":"https:\/\/neocatechumenaleiter.org\/pavestu-uzrunas\/sv-janis-pavils-ii\/sveiciena-uzruna-centralamerikas-kopienu-bralu-grupai-16-x-1980\/"},"modified":"2021-08-10T11:00:50","modified_gmt":"2021-08-10T10:00:50","slug":"sveiciena-uzruna-centralamerikas-kopienu-bralu-grupai-16-x-1980","status":"publish","type":"page","link":"https:\/\/neocatechumenaleiter.org\/lv\/pavestu-uzrunas\/sv-janis-pavils-ii\/sveiciena-uzruna-centralamerikas-kopienu-bralu-grupai-16-x-1980\/","title":{"rendered":"SVEICIENA UZRUNA CENTR\u0100LAMERIKAS KOPIENU BR\u0100\u013bU GRUPAI 16-X-1980"},"content":{"rendered":"\n<h1 class=\"has-text-align-center wp-block-heading\">SVEICIENA UZRUNA CENTR\u0100LAMERIKAS KOPIENU BR\u0100\u013bU GRUPAI 16-X-1980<\/h1>\n\n<div style=\"height:20px\" aria-hidden=\"true\" class=\"wp-block-spacer\"><\/div>\n\n<h4 class=\"has-text-align-center wp-block-heading\">Sv. J\u0101nis P\u0101vils II<\/h4>\n\n<div style=\"height:20px\" aria-hidden=\"true\" class=\"wp-block-spacer\"><\/div>\n\n<p><strong>Sv. P\u0113tera laukums, 1980. gada 16. oktobris<\/strong><\/p>\n\n<p>J\u0101nis P\u0101vils II p\u0113c tre\u0161dienas visp\u0101r\u0113jas audiences uzrunas kl\u0101teso\u0161ajiem tic\u012bgajiem velt\u012bja ar\u012b sveiciena v\u0101rdus kl\u0101teso\u0161aj\u0101m grup\u0101m. Da\u017eiem pieder\u012bgajiem Neokatehumen\u0101lajai kust\u012bbai no Dienvidamerikas valst\u012bm, kuri bija atbrauku\u0161i uz Romu uz starptautisko konferenci, kas bija paredz\u0113ts Sinodes par \u0123imeni sagatavo\u0161anai. P\u0101vests teica:<\/p>\n\n<div class=\"wp-block-image\"><figure class=\"alignright size-large\"><img loading=\"lazy\" decoding=\"async\" width=\"400\" height=\"320\" src=\"https:\/\/neocatechumenaleiter.org\/wp-content\/uploads\/2020\/03\/Camino_Neocatecumenal_Juan_Pablo_II_audiencia_general_1980.jpg\" alt=\"\" class=\"wp-image-14486\" srcset=\"https:\/\/neocatechumenaleiter.org\/wp-content\/uploads\/2020\/03\/Camino_Neocatecumenal_Juan_Pablo_II_audiencia_general_1980.jpg 400w, https:\/\/neocatechumenaleiter.org\/wp-content\/uploads\/2020\/03\/Camino_Neocatecumenal_Juan_Pablo_II_audiencia_general_1980-300x240.jpg 300w\" sizes=\"auto, (max-width: 400px) 100vw, 400px\" \/><\/figure><\/div>\n\n<p>\u0160aj\u0101 audience ir kl\u0101t ar\u012b priesteru grupa, laul\u0101tie p\u0101ri un katehisti no Centr\u0101lamerikas valst\u012bm piedero\u0161i Neokatehumen\u0101lajam Ce\u013cam. Sirsn\u012bgi j\u016bs apsveicu, m\u012bl\u0113tie br\u0101\u013ci un m\u0101sas, kas velt\u0101t sevi Bazn\u012bcas svar\u012bgam uzdevumam:\u00a0<b>bazn\u012bcas kopienas cel\u0161ana tic\u012bb\u0101 caur sistem\u0101tisko, sol\u012bdo un progres\u012bvu kateh\u0113zi<\/b>. Veltiet sevi ar d\u0101snumu \u0161\u012bm darbam, kas tiek b\u016btisks. Esiet uztic\u012bgi krist\u012bgas vests person\u012bgajai pieredzei un citu liec\u012bbai.<\/p>\n\n<p>Sv\u0113tu j\u016bsu dzi\u013cas vienot\u012bbas velmi ar j\u016bsu ganiem, j\u016bsu darbu, cilv\u0113kus, \u0123imenes un kopienas.&#13;\n&#13;\n(*) Sal. \u00abL&#8217;Osservatore Romano\u00bb, 1980. gada 17. oktobris.<\/p>\n","protected":false},"excerpt":{"rendered":"<p>SVEICIENA UZRUNA CENTR\u0100LAMERIKAS KOPIENU BR\u0100\u013bU GRUPAI 16-X-1980 Sv. J\u0101nis P\u0101vils II Sv. P\u0113tera laukums, 1980. gada 16. oktobris J\u0101nis P\u0101vils II p\u0113c tre\u0161dienas visp\u0101r\u0113jas audiences uzrunas kl\u0101teso\u0161ajiem tic\u012bgajiem velt\u012bja ar\u012b sveiciena v\u0101rdus kl\u0101teso\u0161aj\u0101m grup\u0101m. Da\u017eiem pieder\u012bgajiem Neokatehumen\u0101lajai kust\u012bbai no Dienvidamerikas valst\u012bm, kuri bija atbrauku\u0161i uz Romu uz starptautisko konferenci, kas bija paredz\u0113ts Sinodes par \u0123imeni sagatavo\u0161anai. P\u0101vests teica: \u0160aj\u0101 audience ir kl\u0101t ar\u012b priesteru grupa, laul\u0101tie p\u0101ri un katehisti no<\/p>\n<div class=\"read-more\"><a class=\"btn read-more-btn\" href=\"https:\/\/neocatechumenaleiter.org\/lv\/pavestu-uzrunas\/sv-janis-pavils-ii\/sveiciena-uzruna-centralamerikas-kopienu-bralu-grupai-16-x-1980\/\">Las\u012bt vair\u0101k<\/a><\/div>\n","protected":false},"author":2,"featured_media":0,"parent":18796,"menu_order":0,"comment_status":"closed","ping_status":"closed","template":"","meta":{"footnotes":""},"class_list":["post-20738","page","type-page","status-publish","hentry"],"_links":{"self":[{"href":"https:\/\/neocatechumenaleiter.org\/lv\/wp-json\/wp\/v2\/pages\/20738","targetHints":{"allow":["GET"]}}],"collection":[{"href":"https:\/\/neocatechumenaleiter.org\/lv\/wp-json\/wp\/v2\/pages"}],"about":[{"href":"https:\/\/neocatechumenaleiter.org\/lv\/wp-json\/wp\/v2\/types\/page"}],"author":[{"embeddable":true,"href":"https:\/\/neocatechumenaleiter.org\/lv\/wp-json\/wp\/v2\/users\/2"}],"replies":[{"embeddable":true,"href":"https:\/\/neocatechumenaleiter.org\/lv\/wp-json\/wp\/v2\/comments?post=20738"}],"version-history":[{"count":2,"href":"https:\/\/neocatechumenaleiter.org\/lv\/wp-json\/wp\/v2\/pages\/20738\/revisions"}],"predecessor-version":[{"id":23992,"href":"https:\/\/neocatechumenaleiter.org\/lv\/wp-json\/wp\/v2\/pages\/20738\/revisions\/23992"}],"up":[{"embeddable":true,"href":"https:\/\/neocatechumenaleiter.org\/lv\/wp-json\/wp\/v2\/pages\/18796"}],"wp:attachment":[{"href":"https:\/\/neocatechumenaleiter.org\/lv\/wp-json\/wp\/v2\/media?parent=20738"}],"curies":[{"name":"wp","href":"https:\/\/api.w.org\/{rel}","templated":true}]}}