{"id":20754,"date":"2021-02-26T19:16:24","date_gmt":"2021-02-26T18:16:24","guid":{"rendered":"https:\/\/neocatechumenaleiter.org\/pavestu-uzrunas\/sv-janis-pavils-ii\/pavesta-jana-pavila-ii-vestule-monsinjoram-paulam-jozefam-kordesam-30-viii-1990\/"},"modified":"2021-02-26T19:16:25","modified_gmt":"2021-02-26T18:16:25","slug":"pavesta-jana-pavila-ii-vestule-monsinjoram-paulam-jozefam-kordesam-30-viii-1990","status":"publish","type":"page","link":"https:\/\/neocatechumenaleiter.org\/lv\/pavestu-uzrunas\/sv-janis-pavils-ii\/pavesta-jana-pavila-ii-vestule-monsinjoram-paulam-jozefam-kordesam-30-viii-1990\/","title":{"rendered":"P\u0100VESTA J\u0100\u0145A P\u0100VILA II V\u0112STULE MONSINJORAM PAULAM JOZEFAM KORDESAM 30-VIII-1990"},"content":{"rendered":"\n<h1 class=\"has-text-align-center wp-block-heading\">P\u0100VESTA J\u0100\u0145A P\u0100VILA II V\u0112STULE MONSINJORAM PAULAM JOZEFAM KORDESAM 30-VIII-1990<\/h1>\n\n<div style=\"height:20px\" aria-hidden=\"true\" class=\"wp-block-spacer\"><\/div>\n\n<h4 class=\"has-text-align-center wp-block-heading\">Sv. J\u0101nis P\u0101vils II<\/h4>\n\n<div style=\"height:20px\" aria-hidden=\"true\" class=\"wp-block-spacer\"><\/div>\n\n<p><strong>\u00abOGNI QUALVOLTA\u00bb<\/strong><\/p>\n\n<p><em>Cien\u012bjamam br\u0101lim monsinjoram Paulam Jozefam Kordesam<\/em>&#013;\n<em>Atbild\u012bgs \u00abAd personam\u00bb par Neokatehumen\u0101lo kopienu apustul\u0101tu,<\/em>&#013;\n<em>Pontifik\u0101l\u0101s Laju padomes viceprezidents\u00a0<\/em><\/p>\n\n<p>Katrreiz kad Sv\u0113tais Gars diedz\u0113 Bazn\u012bc\u0101 liel\u0101kas uztic\u012bbas Eva\u0146\u0123\u0113lijam impulsus, uzzied jaunas harizmas, kas atkl\u0101j to realit\u0101ti un jaunas instit\u016bcijas, kas to praktiz\u0113. Tie\u0161i t\u0101 notika p\u0113c Tridentes koncila un p\u0113c II Vatik\u0101na koncila.<\/p>\n\n<p>Starp m\u016bsdien\u0101s Sv\u0113t\u0101 Gara iedvesmot\u0101m realit\u0101t\u0113m atrodas K. Arg\u00fcello kunga un C. Hern\u00e1ndez kundzes (Madride, Sp\u0101nija) ies\u0101ktas\u00a0 neokatehumen\u0101l\u0101s kopienas. T\u0101s kopienas, k\u0101 Koncila augli, jau bija uz\u0146\u0113mis mans priek\u0161g\u0101j\u0113js P\u0101vils VI efekt\u012bvai krist\u012bg\u0101s dz\u012bves atjauno\u0161anai: \u201eCik daudz prieka un cik cer\u012bbas dod mums j\u016bsu kl\u0101tb\u016btne un j\u016bsu darb\u012bba\u2026 Dz\u012bvot un veicin\u0101t \u0161o atmodu, ko j\u016bs sauc\u0101t par formu &#8220;p\u0113c Krist\u012bb\u0101m&#8221;, sp\u0113j\u012bgo atjaunot pa\u0161reiz\u0113j\u0101s krist\u012bg\u0101s kopien\u0101s tos brieduma un iedzi\u013cin\u0101\u0161an\u0101s efektus, kurus Agr\u012bnaj\u0101 Bazn\u012bc\u0101 \u012bstenoja pirms-Krist\u012bbas sagatavo\u0161an\u0101s laik\u0101.\u201d (P\u0101vils VI neokatehumen\u0101l\u0101m kopien\u0101m, visp\u0101r\u0113j\u0101 audience, 1974. gada 8. maijs, <em>Notitiae<\/em>\u00a096 [1974] 230).&#013;\n&#013;\nEs ar\u012b, b\u016bdams par Romas b\u012bskapu, piedal\u012bjos da\u017e\u0101s sapulc\u0113s Romas draudz\u0113s kop\u0101 ar neokatehumen\u0101l\u0101m kopien\u0101m un vi\u0146u ganiem, vai apustuliskajos braucienos uz da\u017e\u0101m taut\u0101m saskaros ar atgrie\u0161an\u0101s aug\u013ciem un augl\u012bgu mision\u0101ru impulsu.<\/p>\n\n<p>\u0160\u012bs kopienas dara, ka draudz\u0113s top par redzamu mision\u0101r\u0101s Bazn\u012bcas z\u012bmi un \u201evi\u0146i cen\u0161as atv\u0113rt ce\u013cu eva\u0146\u0123eliz\u0101cijai tiem, kuri ir pametu\u0161i krist\u012bgo dz\u012bves veidu, pied\u0101v\u0101jot katehumen\u0101ta veida ce\u013cvedi (isp. v. itinerario). Taj\u0101 katehumeni p\u0101riet visus tos etapus, kurus Agr\u012bnaj\u0101 Bazn\u012bc\u0101 kandid\u0101ti g\u0101ja pirms Krist\u012bbu sakramenta. Caur to t\u0101di cilv\u0113ki tiek pietuvin\u0101ti no jauna Bazn\u012bcai un Kristum.\u201d (Sal. <em>Catecumenato postbattesimale<\/em>\u00a0en\u00a0<em>Notitiae<\/em> 96 [1974] 229). Eva\u0146\u0123\u0113lija sludin\u0101\u0161ana, liec\u012bba maz\u0101s kopienas un Euharistijas svin\u0113\u0161ana grup\u0101s (sal. <em>Notificazione sulle celebrazioni nei gruppi del &#8220;Camino neocatecumenale&#8221;<\/em>, <em>\u00a0L&#8217;Obsservatore Romano<\/em>, 1988. gada 24. decembris) ir tas, kas \u013cauj kopienu locek\u013ciem ies\u0101kt kalpo\u0161anu Bazn\u012bcas atjauno\u0161anai.<\/p>\n\n<p>Daudzi mani br\u0101\u013ci b\u012bskapi ir atzinu\u0161i \u0161\u012b Ce\u013ca aug\u013cus. Es vel\u0113tos min\u0113t tikai toreiz\u0113jo Madrides arhib\u012bskapu monsinjoru Casimiro Morcillo. Tie\u0161i vi\u0146a diec\u0113z\u0113 un zem vi\u0146a vald\u012b\u0161anas ar lielu m\u012blest\u012bbu tika uz\u0146emtas neokatehumen\u0101l\u0101s kopienas dzimu\u0161as 1964. gad\u0101. P\u0113c vair\u0101k par 20 kopienu past\u0101v\u0113\u0161anas gadiem t\u0101s ir izplat\u012bju\u0161\u0101s piecos kontinentos,<\/p>\n\n<p>\u2014 \u0146emot v\u0113r\u0101 dz\u012bv\u012bbu, kuru ienes draudz\u0113s, mision\u0101ro impulsu un atgrie\u0161anas aug\u013cus, kas pl\u016bst no ce\u013coju\u0161o katehistu l\u016bp\u0101m un no \u0123imen\u0113m, kas pa\u0161laik, eva\u0146\u0123eliz\u0113 nekrist\u012bgaj\u0101s Eiropas un visas pasaules viet\u0101s;<\/p>\n\n<p>\u2014 \u0146emot v\u0113r\u0101 \u0161aj\u0101 Ce\u013c\u0101 dzimu\u0161us aicin\u0101jumus uz klostera dz\u012bvi un priester\u012bbu un diec\u0113zes koled\u017eu dibin\u0101\u0161ana form\u0101cijai uz priester\u012bbu Jaunajai eva\u0146\u0123eliz\u0101cijai (t\u0101du k\u0101 Romas Redemptoris Mater);<\/p>\n\n<p>\u2014 \u0146emot v\u0113ra J\u016bsu iesniegtus dokumentus:<\/p>\n\n<p>pie\u0146emdams j\u016bsu l\u016bgumu, atz\u012bstu Neokatehumen\u0101lo Ce\u013cu k\u0101 katolisk\u0101s form\u0101cijas ce\u013cvedi der\u012bga m\u016bsdienu sabiedr\u012bbai un m\u016bsu laikmetam.<\/p>\n\n<p>T\u0101d\u0113\u013c pamudinu, lai br\u0101li b\u012bskapi nov\u0113rt\u0113tu un pal\u012bdz\u0113tu, kop\u0101 ar saviem priesteriem, \u0161\u012bm darbam jaunajai eva\u0146\u0123eliz\u0101cijai, lai t\u0101 \u012bstenotos k\u0101 ir paredz\u0113ts p\u0113c iniciatoru vadl\u012bnij\u0101m. Kalpo\u0161anas gar\u0101 viet\u0113jam Ordin\u0101rijam, vienot\u012bba ar vi\u0146u, vien\u012bb\u0101 ar partikul\u0101ro Bazn\u012bcu, ka ar\u012b ar univers\u0101lo Bazn\u012bcu.<\/p>\n\n<p>\u0160\u012bs v\u0113lmes vad\u012bts dodu Jums un visiem piedero\u0161iem Neokatehumenal\u0101m kopien\u0101m savu apustulisko sv\u0113t\u012bbu.<\/p>\n\n<p>No Vatik\u0101na, 1990. gada 30. augusts, 12. pontif\u0101ta gads.<\/p>\n\n<p><b>IOANNES PAULUS PP. II<\/b>&#013;\n&#013;\n<span style=\"font-family: Times New Roman;font-size: medium\">*A.A.S., vol. LXXXII (1990), n. 13, pp. 1513-1515<\/span><\/p>\n","protected":false},"excerpt":{"rendered":"<p>P\u0100VESTA J\u0100\u0145A P\u0100VILA II V\u0112STULE MONSINJORAM PAULAM JOZEFAM KORDESAM 30-VIII-1990 Sv. J\u0101nis P\u0101vils II \u00abOGNI QUALVOLTA\u00bb Cien\u012bjamam br\u0101lim monsinjoram Paulam Jozefam Kordesam&#013; Atbild\u012bgs \u00abAd personam\u00bb par Neokatehumen\u0101lo kopienu apustul\u0101tu,&#013; Pontifik\u0101l\u0101s Laju padomes viceprezidents\u00a0 Katrreiz kad Sv\u0113tais Gars diedz\u0113 Bazn\u012bc\u0101 liel\u0101kas uztic\u012bbas Eva\u0146\u0123\u0113lijam impulsus, uzzied jaunas harizmas, kas atkl\u0101j to realit\u0101ti un jaunas instit\u016bcijas, kas to praktiz\u0113. Tie\u0161i t\u0101 notika p\u0113c Tridentes koncila un p\u0113c II Vatik\u0101na koncila. Starp m\u016bsdien\u0101s Sv\u0113t\u0101<\/p>\n<div class=\"read-more\"><a class=\"btn read-more-btn\" href=\"https:\/\/neocatechumenaleiter.org\/lv\/pavestu-uzrunas\/sv-janis-pavils-ii\/pavesta-jana-pavila-ii-vestule-monsinjoram-paulam-jozefam-kordesam-30-viii-1990\/\">Las\u012bt vair\u0101k<\/a><\/div>\n","protected":false},"author":2,"featured_media":0,"parent":18796,"menu_order":0,"comment_status":"closed","ping_status":"closed","template":"","meta":{"footnotes":""},"class_list":["post-20754","page","type-page","status-publish","hentry"],"_links":{"self":[{"href":"https:\/\/neocatechumenaleiter.org\/lv\/wp-json\/wp\/v2\/pages\/20754","targetHints":{"allow":["GET"]}}],"collection":[{"href":"https:\/\/neocatechumenaleiter.org\/lv\/wp-json\/wp\/v2\/pages"}],"about":[{"href":"https:\/\/neocatechumenaleiter.org\/lv\/wp-json\/wp\/v2\/types\/page"}],"author":[{"embeddable":true,"href":"https:\/\/neocatechumenaleiter.org\/lv\/wp-json\/wp\/v2\/users\/2"}],"replies":[{"embeddable":true,"href":"https:\/\/neocatechumenaleiter.org\/lv\/wp-json\/wp\/v2\/comments?post=20754"}],"version-history":[{"count":1,"href":"https:\/\/neocatechumenaleiter.org\/lv\/wp-json\/wp\/v2\/pages\/20754\/revisions"}],"predecessor-version":[{"id":20755,"href":"https:\/\/neocatechumenaleiter.org\/lv\/wp-json\/wp\/v2\/pages\/20754\/revisions\/20755"}],"up":[{"embeddable":true,"href":"https:\/\/neocatechumenaleiter.org\/lv\/wp-json\/wp\/v2\/pages\/18796"}],"wp:attachment":[{"href":"https:\/\/neocatechumenaleiter.org\/lv\/wp-json\/wp\/v2\/media?parent=20754"}],"curies":[{"name":"wp","href":"https:\/\/api.w.org\/{rel}","templated":true}]}}