{"id":20756,"date":"2020-03-04T00:36:23","date_gmt":"2020-03-03T23:36:23","guid":{"rendered":"https:\/\/neocatechumenaleiter.org\/pavestu-uzrunas\/sv-janis-pavils-ii\/sv-krispina-no-viterba-draudzes-vizite-28-iii-1993\/"},"modified":"2021-08-10T11:02:57","modified_gmt":"2021-08-10T10:02:57","slug":"sv-krispina-no-viterba-draudzes-vizite-28-iii-1993","status":"publish","type":"page","link":"https:\/\/neocatechumenaleiter.org\/lv\/pavestu-uzrunas\/sv-janis-pavils-ii\/sv-krispina-no-viterba-draudzes-vizite-28-iii-1993\/","title":{"rendered":"SV. KRISPINA NO VITERBA DRAUDZES VIZ\u012aTE 28-III-1993"},"content":{"rendered":"\n<h1 class=\"has-text-align-center wp-block-heading\">SV. KRISPINA NO VITERBA DRAUDZES VIZ\u012aTE 28-III-1993<\/h1>\n\n<div style=\"height:20px\" aria-hidden=\"true\" class=\"wp-block-spacer\"><\/div>\n\n<h4 class=\"has-text-align-center wp-block-heading\">Sv. J\u0101nis P\u0101vils II<\/h4>\n\n<div style=\"height:20px\" aria-hidden=\"true\" class=\"wp-block-spacer\"><\/div>\n\n<p><strong>Roma, 1993. gada 28. marts<\/strong><\/p>\n\n<p><em>J\u0101nis P\u0101vils II satik\u0101s ar div\u0101m Neokatehumenal\u0101 Ce\u013ca kopien\u0101m. T\u0101s ir 8 gadu eva\u0146\u0123eliz\u0101cijas auglis Sv. Krispina draudz\u0113.<\/em>&#13;\n&#13;\n<em>S\u0101kuma uzrunu apsveicot Sv\u0113to T\u0113vu izteica jaunietis Roberto Santoponte:<\/em><\/p>\n\n<div class=\"wp-block-image\"><figure class=\"alignright size-large\"><img loading=\"lazy\" decoding=\"async\" width=\"768\" height=\"517\" src=\"https:\/\/neocatechumenaleiter.org\/wp-content\/uploads\/2020\/03\/Camino_Neocatecumenal_Juan_Pablo_II_visita_parroquia_San_Crispin_1993.jpg\" alt=\"\" class=\"wp-image-13030\" srcset=\"https:\/\/neocatechumenaleiter.org\/wp-content\/uploads\/2020\/03\/Camino_Neocatecumenal_Juan_Pablo_II_visita_parroquia_San_Crispin_1993.jpg 768w, https:\/\/neocatechumenaleiter.org\/wp-content\/uploads\/2020\/03\/Camino_Neocatecumenal_Juan_Pablo_II_visita_parroquia_San_Crispin_1993-300x202.jpg 300w\" sizes=\"auto, (max-width: 768px) 100vw, 768px\" \/><\/figure><\/div>\n\n<p>Sv\u0113tais T\u0113vs, \u0161eit ir kl\u0101t divas Neokatehumen\u0101las kopienas, kas izveidoj\u0101s \u0161aj\u0101 draudz\u0113 pa \u0161iem 8 eva\u0146\u0123eliz\u0101cijas gadiem. \u0160o draudzi eva\u0146\u0123eliz\u0113 <em>ekipa\u00a0<\/em>no Romas Sv. Fran\u010deskas Cabrini 5. kopienas. Sv. Fran\u010deskas Cabrini draudz\u0113 ce\u013c\u0161 past\u0101v jau 14 gadus. M\u016bsu draudzes kopienu katehistu <em>ekipas<\/em> vada pastor\u0101lo darbu \u0161aj\u0101 draudz\u0113 gatavojot kandid\u0101tus uz Krist\u012bb\u0101m un Laul\u012bb\u0101m.&#13;\n&#13;\nM\u016bsu dzimtaj\u0101 draudz\u0113 \u0161is Krist\u012bbu no jauna atkl\u0101\u0161anas Ce\u013c\u0161 ir s\u0101cies pirms 24 gadiem. Izveidoj\u0101s 25 kopienas. Pirm\u0101s jau ir atjaunoju\u0161as Krist\u012bbas sol\u012bjumus pie Jums, Sv\u0113tais T\u0113vs, Sv. P\u0113tera bazilik\u0101. No tiem ir radu\u0161ies ce\u013coju\u0161ie katehisti, priesteri, \u0123imenes, kuri ir eva\u0146\u0123eliz\u0113ju\u0161i gandr\u012bz vis\u0101 pasaul\u0113.&#13;\n&#13;\nM\u016bsu kopien\u0101s daudzi bija t\u0101lu no tic\u012bbas, bija atst\u0101ju\u0161i Bazn\u012bcu un tie\u0161i br\u012bnums ir taj\u0101- ka tika atkl\u0101ts Bazn\u012bcas r\u016bp\u012bgums un m\u0101ti\u0161\u0137\u012bba. Bazn\u012bca, kas mekl\u0113ja m\u016bs lai liktu atskan\u0113t m\u016bsu dz\u012bv\u0113, daudziem l\u012bdz \u0161\u012bm br\u012bdim v\u0113l bezj\u0113dz\u012bgas,\u00a0 \u0161o Dieva m\u012blest\u012bbas\u00a0 Labo Vesti. Tas, kas tiek atkl\u0101ts J\u0113z\u016b Krist\u016b.&#13;\n&#13;\n\u0160ajos gados, pateicoties Dieva V\u0101rda klaus\u012b\u0161anai un piedal\u012b\u0161anai litur\u0123ij\u0101s, m\u0113s bij\u0101m Dieva br\u012bnumu v\u0113rot\u0101ji. Br\u012bnumu, ko Dievs izpild\u012bja m\u016bsu dz\u012bv\u0113s un m\u016bsu br\u0101\u013cu dz\u012bv\u0113s. Aicin\u0101jumi uz klostera dz\u012bvi, uz priester\u012bbu, \u0123imenes, kas tika atjaunotas, \u0123imenes, kas d\u0101sni atv\u0113r\u0101s dz\u012bv\u012bbas uz\u0146em\u0161anai. Br\u0101\u013ci atkl\u0101ja dz\u012bv\u012bbu, ka Dieva autentisku d\u0101vanu par velti.<\/p>\n\n<p>Es ar\u012b b\u016bdams Bazn\u012bca kop\u0161 b\u0113rn\u012bbas, nebiju nekad piedz\u012bvojis bezmaksas Dieva m\u012blest\u012bbu, it sevi\u0161\u0137i, gr\u0113ciniekiem, ka es, kur\u0161 esmu atkl\u0101jis, ka esmu t\u0101ds.&#13;\nAtrast Dievu cie\u0161an\u0101s un n\u0101ves gad\u012bjumos, kas iespaidoja manu dz\u012bvi, bija notikums, kas p\u0101rveidoja manu eksistenci un ar\u012b \u0161o kop\u0101 ar mani eso\u0161u katehistu eksistenci. Tas \u013c\u0101va mums mazliet atdot savu dz\u012bvi Eva\u0146\u0123eliz\u0101cijai. M\u0113s izjut\u0101m pateic\u012bbu Dievam T\u0113vam un apzin\u0101mies, k\u0101 saka Sv. P\u0101vils, ka &#8220;Kristus m\u012blest\u012bba mudina&#8221;, lai \u0161\u012b m\u016bs p\u0101rveidoju\u0161\u0101 Lab\u0101 Vests sasniedz visus tos, kas pa\u0161laik gaida. \u0160aj\u0101 dz\u012bvojam\u0101 rajon\u0101 ir \u013coti daudz probl\u0113mas: narkoti\u0137i, atstum\u0161ana, daudz bezdarba, nabadz\u012bbas, vardarb\u012bbas. Tom\u0113r m\u0113s zin\u0101m, ka vien\u012bgais, kas var pal\u012bdz\u0113t \u0161aj\u0101s dr\u0101m\u0101s un vien\u012bga atbilde cilv\u0113ka visliel\u0101k\u0101s vajadz\u012bb\u0101s ir J\u0113zus Kristus, kur\u0161 nomira par m\u016bsu gr\u0113kiem un aug\u0161\u0101mc\u0113l\u0101s m\u016bsu attaisno\u0161anai. \u0160odien \u0161ie br\u0101\u013ci ir z\u012bme, kas p\u0101rliecina \u0161\u012b v\u0101rda patiesumu. Ir iesp\u0113jams m\u012bl\u0113t t\u0101 k\u0101 Kristus pats m\u016bs ir m\u012bl\u0113jis. Tas notiek caur tic\u012bbas gr\u016bsn\u012bbas ce\u013cu, piedz\u012bvojot savu v\u0101jumu, bet taj\u0101 pa\u0161\u0101 laik\u0101 Dieva m\u012blest\u012bbu un Bazn\u012bcas \u017e\u0113lsird\u012bbu. M\u016bsu cer\u012bba ir lai vi\u0146i top par &#8220;daudzu br\u0101\u013cu pirmdzimtajiem&#8221;, kuri atn\u0101ks p\u0113c vi\u0146iem.&#13;\nUn tie\u0161i pateicoties vi\u0146u past\u0101v\u012bgumam un pr\u0101vesta pr. Vincenzo atbalstam, kur\u0161 nav m\u016bsu atst\u0101jis pat visgr\u016bt\u0101kajos br\u012b\u017eos, \u0161aj\u0101 draudz\u0113 ir atveries ce\u013c\u0161, atgrie\u0161anas pie T\u0113va ce\u013c\u0161 daudziem m\u016bsu att\u0101lin\u0101tiem br\u0101\u013ciem.<\/p>\n\n<p>Uzticam Jaunavai Marijai, kas ir dibin\u0101jusi \u0161o ce\u013cu, m\u016bsu ieceres un v\u0113lmes un no Jums, Sv\u0113tais T\u0113vs, gaid\u0101m atbalstu caur l\u016bg\u0161anu, lai nepietr\u016bktu drosmes turpin\u0101t ies\u0101kto darbu. Esam p\u0101rliecin\u0101ti, ka bez J\u0113zus Kristus gara un bez vienot\u012bbas ar &#8220;P\u0113teri&#8221; nesp\u0113jam neko.&#13;\nPas\u0101kum\u0101 beig\u0101s pie\u0146emiet mazo m\u016bsu d\u0101vanu, kas liecina par m\u016bsu vienot\u012bbas  v\u0113lmi ar Jums, k\u0101 Kristus, kur\u0161 mudina &#8220;mest t\u012bklus&#8221; uzticoties Vi\u0146a V\u0101rdiem, apzin\u0101damies, ka tas cel visu Bazn\u012bcu.&#13;\nJauna sieviete uzd\u0101vina Sv\u0113tajam T\u0113vam skulpt\u016bru. Taj\u0101 bija att\u0113lots P\u0113teris, kur\u0161 meta t\u012bklus un skat\u0101s uz J\u0113zu Kristu.&#13;\n&#8220;Ceram, ka met\u012bsim t\u012bklus uz austrumiem. T\u0101 ir m\u016bsu visu v\u0113lme pat ja esam v\u0101ji, nabagi un nenobriedu\u0161i, bet v\u0113lamies eva\u0146\u0123eliz\u0113t.&#8221; <\/p>\n\n<p><em>\u00abEva\u0146\u0123eliz\u0113t austrumos un rietumos, visur\u00bb piebild\u0113ja Sv\u0113tais T\u0113vs, kur\u0161 turpin\u0101ja ar sekojo\u0161iem v\u0101rdiem:<\/em><\/p>\n\n<div class=\"wp-block-image\"><figure class=\"alignleft size-large\"><img loading=\"lazy\" decoding=\"async\" width=\"702\" height=\"566\" src=\"https:\/\/neocatechumenaleiter.org\/wp-content\/uploads\/2020\/03\/Camino_Neocatecumenal_Juan_Pablo_II_visita_parroquia_San_Crispin_1993_2.jpg\" alt=\"\" class=\"wp-image-13033\" srcset=\"https:\/\/neocatechumenaleiter.org\/wp-content\/uploads\/2020\/03\/Camino_Neocatecumenal_Juan_Pablo_II_visita_parroquia_San_Crispin_1993_2.jpg 702w, https:\/\/neocatechumenaleiter.org\/wp-content\/uploads\/2020\/03\/Camino_Neocatecumenal_Juan_Pablo_II_visita_parroquia_San_Crispin_1993_2-300x242.jpg 300w\" sizes=\"auto, (max-width: 702px) 100vw, 702px\" \/><\/figure><\/div>\n\n<p>J\u016bsu p\u0101rst\u0101vis teica, ka pr. Vincenzo nav nekad j\u016bsu atst\u0101jis. Pateicamies Kungam, ka pr. Vincenzo ir tik labs, bet ar\u012b j\u016bs neesat atst\u0101ju\u0161i vi\u0146u un tas ir svar\u012bgi. Ir svar\u012bga \u0161\u012b vienot\u012bba ar pr\u0101vestu, ar priesteri un caur priesteri ar pa\u0161u Kristu.&#13;\nBiju uzrun\u0101jis pastor\u0101lo padomi, jo ir paties\u012bba, ka \u0161\u012b draudze, ka \u0161ai cilv\u0113ciskai un krist\u012bgai kopienai ir nepiecie\u0161ama vad\u012bba. vad\u012bba ir process, kur\u0161 pie\u013cauj &#8220;l\u012bdz\u0101spast\u0101v\u0113t&#8221; at\u0161\u0137ir\u012bgiem elementiem vien\u0101 organism\u0101.<\/p>\n\n<p><b>J\u016bs da\u017e\u0101dos veidos esat uz\u0146\u0113mu\u0161ies \u0161o vad\u012bbu.\u00a0<\/b>Ien\u0101kot Bazn\u012bc\u0101 vai kad tiek svin\u0113ta Sv. Mise var teikt: l\u016bk vi\u0146i vada, pamudina ar dziesm\u0101m. Protams, man ir pieredze no daudz\u0101m draudz\u0113m un no vair\u0101k\u0101m bazn\u012bc\u0101m pasaul\u0113. Dzied\u0101\u0161ana ir pamudin\u0101juma veids, jo iep\u016b\u0161 dz\u012bv\u012bbu l\u016bdzo\u0161ajai kopienai. Iep\u016b\u0161 dz\u012bv\u012bbu, nav nepamatota, bet ir liela noz\u012bme. Sv. August\u012bns ir teicis: &#8220;Kas dzied, tas divk\u0101rt l\u016bdzas.&#8221; Divk\u0101rt, jo mudina l\u016bgties citus.&#13;\n&#13;\n\u0160\u012b Neokatehumen\u0101liem rakstur\u012bga vad\u012bba ir\u00a0<em>iesak\u0146ojusies daudz\u00a0<\/em><i>dzi\u013c\u0101k<\/i>. Vi\u0146i nav vienk\u0101r\u0161i kantori, pat ja vi\u0146i labi dzied.\u00a0<strong>\u0160\u012b vad\u012bba n\u0101k no pa\u0161as m\u016bsu pieredzes Krist\u016b saknes. \u0160\u012b sakne ir Krist\u012bbu sakraments.\u00a0<\/strong>&#13;\n&#13;\nVi\u0146i izvel\u0113jas \u0161o &#8220;Neokatehumen\u0101lo&#8221; v\u0101rdu dom\u0101dami par katehumen\u0101tu, kas Rom\u0101 un visur citur form\u0113ja Bazn\u012bcas agr\u012bnajos posmos pirm\u0101s kristie\u0161u paaudzes. \u0160is katehumen\u0101ts \u013c\u0101va nekristie\u0161iem, kandid\u0101tiem uz Krist\u012bb\u0101m, atkl\u0101t Kristus nosl\u0113pumu, neizsme\u013camas Krist\u016b eso\u0161as bag\u0101t\u012bbas. \u0160is bag\u0101t\u012bbas ir mums, kas l\u012bdzdal\u0101mies. Un \u0161\u012b l\u012bdzdal\u012bba ir piln\u012bga. Tas s\u0101kums atrodas Krist\u012bb\u0101s.<\/p>\n\n<p>Mums j\u0101atgrie\u017eas pie Krist\u012bb\u0101m, katram kristietim j\u0101atgrie\u017eas pie Krist\u012bb\u0101m, lai atkl\u0101tu, kas vi\u0146\u0161 ir. J\u0101, lai atkl\u0101tu, kas vi\u0146\u0161 ir Krist\u016b. Kas vi\u0146\u0161 ir pateicoties Kristum. Un t\u0101 main\u012bt savu dz\u012bvi uz jaunu dz\u012bvi. M\u0113s zin\u0101m, ka \u0161\u012b jauna dz\u012bve ir dzi\u013ci ierakst\u012bta krist\u012bgaj\u0101 v\u0113st\u012b, apustu\u013cu v\u0113stul\u0113s un it sevi\u0161\u0137i Eva\u0146\u0123\u0113lij\u0101. Viena lieta ir \u0161\u012b jaun\u0101 dz\u012bve las\u012bta k\u0101 v\u0101rds, cita lieta ir \u0161\u012b jaun\u0101 dz\u012bve, kas tiek dz\u012bvota ikdien\u0101. Ir satrieco\u0161a dz\u012bve, satrieco\u0161a pieredze.&#13;\n\u0160\u012b ir j\u016bsu visdzi\u013c\u0101k\u0101 vad\u012bba, vad\u012bba veicin\u0101ta no jauna atkl\u0101jot Krist\u016b eso\u0161us d\u0101rgumus un kas ir ar\u012b m\u016bsos pateicoties Kristum, Sv\u0113tajam Garam, kur\u0161 dod visiem caur Krist\u012bb\u0101m.<\/p>\n\n<p>V\u0113l ir viens d\u0101rgums, ko j\u016bs nesat pasaules acu priek\u0161\u0101. \u0160\u012b pasaule ir tik vienk\u0101r\u0161ojusies visas att\u012bst\u012bbas d\u0113\u013c un bie\u017ei vien neredz nek\u0101das perspekt\u012bvas, nav nek\u0101das cer\u012bbas. Pasaule nem\u012bl dz\u012bv\u012bbu. L\u016bk, \u0161\u012b ir smaga m\u016bsu modern\u0101s, rietumu, Amerikas, Eiropas civiliz\u0101cijas slim\u012bba. Nem\u012bl dz\u012bv\u012bbu, baid\u0101s dz\u012bvot un dara visu lai nedotu dz\u012bv\u012bbu.<\/p>\n\n<p>L\u016bk, j\u016bs ar\u012b mudin\u0101t cilv\u0113ci uz m\u012blest\u012bbu dz\u012bv\u012bbai. \u0160\u012b j\u016bsu vad\u012bba eso\u0161a j\u016bsu iek\u0161\u0101, j\u016bsu \u0123imen\u0113s, kur tie\u0161i tur \u012bstenojas, ir drosm\u012bga, cer\u012bbas un prieka pilna. Jo jauna dz\u012bv\u012bba, b\u0113rni, nes prieku. J\u016bs mudin\u0101t uz cilv\u0113cisko un krist\u012bgo drosmi. Tie\u0161i \u0161o es grib\u0113ju pateikt, jo es sekoju jums l\u012bdzi, ne vienm\u0113r no tuvuma, visbie\u017e\u0101k no t\u0101lienes, bet sekoju un bie\u017ei dom\u0101ju, ka j\u016bsu kust\u012bba, k\u0101 daudzas citas, ir milz\u012bga Sv. Gara d\u0101vana Bazn\u012bcai un m\u016bsdienu cilv\u0113cei. Nov\u0113lu jums labu Pashu! Pasha ir centr\u0101lais punkts m\u016bsu tic\u012bb\u0101 un m\u016bsu dz\u012bv\u0113.&#13;\n&#13;\n(*) Sal. \u00abL\u2019Osservatore Romano\u00bb, 1993. gada 29-30. marts.<\/p>\n","protected":false},"excerpt":{"rendered":"<p>SV. KRISPINA NO VITERBA DRAUDZES VIZ\u012aTE 28-III-1993 Sv. J\u0101nis P\u0101vils II Roma, 1993. gada 28. marts J\u0101nis P\u0101vils II satik\u0101s ar div\u0101m Neokatehumenal\u0101 Ce\u013ca kopien\u0101m. T\u0101s ir 8 gadu eva\u0146\u0123eliz\u0101cijas auglis Sv. Krispina draudz\u0113.&#13; &#13; S\u0101kuma uzrunu apsveicot Sv\u0113to T\u0113vu izteica jaunietis Roberto Santoponte: Sv\u0113tais T\u0113vs, \u0161eit ir kl\u0101t divas Neokatehumen\u0101las kopienas, kas izveidoj\u0101s \u0161aj\u0101 draudz\u0113 pa \u0161iem 8 eva\u0146\u0123eliz\u0101cijas gadiem. \u0160o draudzi eva\u0146\u0123eliz\u0113 ekipa\u00a0no Romas Sv. Fran\u010deskas Cabrini 5.<\/p>\n<div class=\"read-more\"><a class=\"btn read-more-btn\" href=\"https:\/\/neocatechumenaleiter.org\/lv\/pavestu-uzrunas\/sv-janis-pavils-ii\/sv-krispina-no-viterba-draudzes-vizite-28-iii-1993\/\">Las\u012bt vair\u0101k<\/a><\/div>\n","protected":false},"author":2,"featured_media":0,"parent":18796,"menu_order":72,"comment_status":"closed","ping_status":"closed","template":"","meta":{"footnotes":""},"class_list":["post-20756","page","type-page","status-publish","hentry"],"_links":{"self":[{"href":"https:\/\/neocatechumenaleiter.org\/lv\/wp-json\/wp\/v2\/pages\/20756","targetHints":{"allow":["GET"]}}],"collection":[{"href":"https:\/\/neocatechumenaleiter.org\/lv\/wp-json\/wp\/v2\/pages"}],"about":[{"href":"https:\/\/neocatechumenaleiter.org\/lv\/wp-json\/wp\/v2\/types\/page"}],"author":[{"embeddable":true,"href":"https:\/\/neocatechumenaleiter.org\/lv\/wp-json\/wp\/v2\/users\/2"}],"replies":[{"embeddable":true,"href":"https:\/\/neocatechumenaleiter.org\/lv\/wp-json\/wp\/v2\/comments?post=20756"}],"version-history":[{"count":2,"href":"https:\/\/neocatechumenaleiter.org\/lv\/wp-json\/wp\/v2\/pages\/20756\/revisions"}],"predecessor-version":[{"id":24146,"href":"https:\/\/neocatechumenaleiter.org\/lv\/wp-json\/wp\/v2\/pages\/20756\/revisions\/24146"}],"up":[{"embeddable":true,"href":"https:\/\/neocatechumenaleiter.org\/lv\/wp-json\/wp\/v2\/pages\/18796"}],"wp:attachment":[{"href":"https:\/\/neocatechumenaleiter.org\/lv\/wp-json\/wp\/v2\/media?parent=20756"}],"curies":[{"name":"wp","href":"https:\/\/api.w.org\/{rel}","templated":true}]}}