{"id":20864,"date":"2021-03-04T10:05:27","date_gmt":"2021-03-04T09:05:27","guid":{"rendered":"https:\/\/neocatechumenaleiter.org\/pavestu-uzrunas\/sv-janis-pavils-ii\/sv-remigija-no-kolaverdes-draudzes-vizite-9-vi-1990\/"},"modified":"2021-03-04T10:05:28","modified_gmt":"2021-03-04T09:05:28","slug":"sv-remigija-no-kolaverdes-draudzes-vizite-9-vi-1990","status":"publish","type":"page","link":"https:\/\/neocatechumenaleiter.org\/lv\/pavestu-uzrunas\/sv-janis-pavils-ii\/sv-remigija-no-kolaverdes-draudzes-vizite-9-vi-1990\/","title":{"rendered":"SV. REMIGIJA NO KOLAVERDES DRAUDZES VIZ\u012aTE 9-VI-1990"},"content":{"rendered":"\n<h1 class=\"has-text-align-center wp-block-heading\">SV. REMIGIJA NO KOLAVERDES DRAUDZES VIZ\u012aTE 9-VI-1990<\/h1>\n\n<div style=\"height:20px\" aria-hidden=\"true\" class=\"wp-block-spacer\"><\/div>\n\n<h4 class=\"has-text-align-center wp-block-heading\">Sv. J\u0101nis P\u0101vils II<\/h4>\n\n<div style=\"height:20px\" aria-hidden=\"true\" class=\"wp-block-spacer\"><\/div>\n\n<p><b>Roma, 1990. gada 9. j\u016bnijs *<\/b><\/p>\n\n<p><em>Draudzes te\u0101tr\u012b sapulc\u0113j\u0101s Neokatehumen\u0101lo kopienu locek\u013ci ar vi\u0146u pa\u0161u b\u0113rniem. Netr\u016bka dziesmu, nedz b\u0113rnu &#8220;uzbrukumi&#8221; Sv\u0113tajam T\u0113vam, kur\u0161 k\u0101 vienm\u0113r izrad\u012bja lielu afektu vismaz\u0101kajiem.\u00a0<\/em>&#013;\n&#013;\n<em>Massimo, draudzes katehists, iepaz\u012bstina Sv\u0113to T\u0113vu ar draudzes Neokatehumen\u0101laj\u0101m kopien\u0101m.<\/em><\/p>\n\n<div class=\"wp-block-image\"><figure class=\"alignleft size-large\"><img loading=\"lazy\" decoding=\"async\" width=\"693\" height=\"560\" src=\"https:\/\/neocatechumenaleiter.org\/wp-content\/uploads\/2020\/03\/Camino_Neocatecumenal_Juan_Pablo_II_visita_parroquia_San_Remigio_1990.jpg\" alt=\"\" class=\"wp-image-14449\" srcset=\"https:\/\/neocatechumenaleiter.org\/wp-content\/uploads\/2020\/03\/Camino_Neocatecumenal_Juan_Pablo_II_visita_parroquia_San_Remigio_1990.jpg 693w, https:\/\/neocatechumenaleiter.org\/wp-content\/uploads\/2020\/03\/Camino_Neocatecumenal_Juan_Pablo_II_visita_parroquia_San_Remigio_1990-300x242.jpg 300w\" sizes=\"auto, (max-width: 693px) 100vw, 693px\" \/><\/figure><\/div>\n\n<p><em>Sv\u0113tais T\u0113vs atbild\u0113ja:<\/em><\/p>\n\n<p> Krist\u012bbas, k\u0101 tas tiek dar\u012bts \u0161odien, ir pieredze, kas attiec\u0101s pirmk\u0101rt uz \u0123imeni. Lai labi p\u0101rdz\u012bvot \u0161o pieredzi mums ir nepiecie\u0161ami atgriezties atpaka\u013c. \u0160o atgrie\u0161anos veicina tie\u0161i Neokatehumen\u0101l\u0101s kopienas. Katram saka: &#8220;tu esi kristietis, esi sa\u0146\u0113mis Krist\u012bbas sakramentu, bet tev j\u0101atgrie\u017eas pie Krist\u012bb\u0101m, tev j\u0101sagatavojas no jauna \u0161\u012bm Krist\u012bb\u0101m Tev j\u0101top par katehumenu un caur \u0161o katehumen\u0101tu tev j\u0101sasniedz Krist\u012bbu pieredzi. T\u0101da pieredzi, k\u0101da bija pirmajiem kristie\u0161iem, k\u0101da bija Sv. P\u0101vilam.&#8221; Sv. P\u0101vila v\u0101rdi par Krist\u012bb\u0101m ir br\u012bni\u0161\u0137\u012bgi. Kristie\u0161u pieredze ir galvenok\u0101rt Krist\u012bbu pieredze un \u0161\u012b pieredze ved pie visiem sakramentiem, bet it sevi\u0161\u0137i pie Euharistijas.<\/p>\n\n<p>Euharistija ir visvair\u0101k praktiz\u0113tais sakraments draudzes krist\u012bgaj\u0101 dz\u012bv\u0113. Ir \u012bpa\u0161a pieredze to dar\u012bt ar b\u0113rniem, kas gatavojas Pirmajai Kom\u016bnijai. Notiek sagatavo\u0161an\u0101s, padzi\u013cin\u0101\u0161ana un tiek izjusts tas, kas p\u0113c b\u016bt\u012bbas ir zem maizes un v\u012bna z\u012bm\u0113m. T\u0101 ir Euharistija, tas, ko Kristus ir atst\u0101jis mums k\u0101 Euharistiju, sevi pa\u0161u k\u0101 d\u0101vanu, k\u0101 \u0113dienu. Neap\u0161aub\u0101mi, krist\u012bg\u0101 pieredze ir euharistisk\u0101 pieredze, kas ies\u0101kas ar Krist\u012bbu pieredzi. Krist\u012bbu pieredze m\u016bs ved pie euharistisk\u0101s pieredzes.<\/p>\n\n<p>&lt;&#8230;&gt; Pieredze ir b\u016btiska nepiecie\u0161am\u012bba. M\u0113s varam sa\u0146emt sakramentus nep\u0101rdz\u012bvodami, neieejot uz svinama nosl\u0113puma dzi\u013cumiem. Mums ir vajadz\u012bga \u0161\u012b pieredze, \u0161is krist\u012bgas dz\u012bves piedz\u012bvojuma aspekts. Es esmu \u013coti pateic\u012bgs vis\u0101m \u0161\u012bm kust\u012bb\u0101m, kas liek augt un p\u0101rpl\u016bst no \u0161\u012bs krist\u012bgas pieredzes. \u0160is kust\u012bbas izcel da\u017eus krist\u012bgas dz\u012bves aspektus t\u0101 vadot uz krist\u012bgas dz\u012bves dzi\u013cumiem.&#013;\n&#013;\nT\u0101 cilv\u0113ks top atv\u0113rt\u0101ks uz Dievu, saprot proporcijas un disproporcijas, ko noz\u012bme radik\u0101la atgrie\u0161an\u0101s, kas ir gr\u0113ks, ko noz\u012bme b\u016bt attaisnotam caur \u017e\u0113last\u012bbu, ko noz\u012bme \u017e\u0113lsird\u012bbas, m\u012blest\u012bbas, Tr\u012bsvien\u012bbas, Dieva \u017e\u0113last\u012bbas bezdibenis. Caur vis\u0101m \u0161\u012bm uz sakramentiem balst\u012bt\u0101m pieredz\u0113m atrodas ar\u012b l\u016bg\u0161anas pieredze. L\u016bg\u0161ana ar\u012b var k\u013c\u016bt par ritu\u0101lu bez nek\u0101das dzi\u013cas pieredzes, virspus\u012bga, kas paliek m\u016bsu dom\u0101s, m\u016bsu p\u016bl\u0113s, m\u016bsu person\u012bb\u0101. Tom\u0113r ieejot dzi\u013c\u0101k\u0101 vienot\u012bb\u0101 ar Dievu, pati l\u016bg\u0161ana k\u013c\u016bst augl\u012bga, spo\u017ea, neparasta. Mums j\u0101padzi\u013cina m\u016bsu l\u016bg\u0161anas, j\u0101p\u0101rdz\u012bvo l\u016bg\u0161ana, j\u0101piedz\u012bvo notikumi, lai m\u0113s neizdz\u0113stu l\u016bg\u0161anu.<\/p>\n\n<p>Pateicos Dievam, ka j\u016bsu draudz\u0113 ir t\u0101di piedz\u012bvojumi, kas ved uz priek\u0161u tas, kas ir b\u016btisk\u0101kais draudzes dz\u012bvei, jo draudze nav tikai administrat\u012bva strukt\u016bra, bet dz\u012bve, l\u012bdzdal\u012bba dievi\u0161\u0137aj\u0101 dz\u012bv\u0113. Caur J\u0113zu Kristu un Sv\u0113to Garu m\u0113s piedal\u0101mies tr\u012bsvien\u012bbas dz\u012bv\u0113.<\/p>\n\n<p><em>(*) Sal. \u00abL\u2019Osservatore Romano\u00bb,\u00a0 1990. gada 15-16 j\u016bnijs.\u00a0 \u0160eit public\u0113jam da\u013cu no uzrunas, ko Sv\u0113tais T\u0113vs uzrun\u0101ja draudzes grupas.<\/em><\/p>\n","protected":false},"excerpt":{"rendered":"<p>SV. REMIGIJA NO KOLAVERDES DRAUDZES VIZ\u012aTE 9-VI-1990 Sv. J\u0101nis P\u0101vils II Roma, 1990. gada 9. j\u016bnijs * Draudzes te\u0101tr\u012b sapulc\u0113j\u0101s Neokatehumen\u0101lo kopienu locek\u013ci ar vi\u0146u pa\u0161u b\u0113rniem. Netr\u016bka dziesmu, nedz b\u0113rnu &#8220;uzbrukumi&#8221; Sv\u0113tajam T\u0113vam, kur\u0161 k\u0101 vienm\u0113r izrad\u012bja lielu afektu vismaz\u0101kajiem.\u00a0&#013; &#013; Massimo, draudzes katehists, iepaz\u012bstina Sv\u0113to T\u0113vu ar draudzes Neokatehumen\u0101laj\u0101m kopien\u0101m. Sv\u0113tais T\u0113vs atbild\u0113ja: Krist\u012bbas, k\u0101 tas tiek dar\u012bts \u0161odien, ir pieredze, kas attiec\u0101s pirmk\u0101rt uz \u0123imeni. Lai labi<\/p>\n<div class=\"read-more\"><a class=\"btn read-more-btn\" href=\"https:\/\/neocatechumenaleiter.org\/lv\/pavestu-uzrunas\/sv-janis-pavils-ii\/sv-remigija-no-kolaverdes-draudzes-vizite-9-vi-1990\/\">Las\u012bt vair\u0101k<\/a><\/div>\n","protected":false},"author":2,"featured_media":0,"parent":18796,"menu_order":61,"comment_status":"closed","ping_status":"closed","template":"","meta":{"footnotes":""},"class_list":["post-20864","page","type-page","status-publish","hentry"],"_links":{"self":[{"href":"https:\/\/neocatechumenaleiter.org\/lv\/wp-json\/wp\/v2\/pages\/20864","targetHints":{"allow":["GET"]}}],"collection":[{"href":"https:\/\/neocatechumenaleiter.org\/lv\/wp-json\/wp\/v2\/pages"}],"about":[{"href":"https:\/\/neocatechumenaleiter.org\/lv\/wp-json\/wp\/v2\/types\/page"}],"author":[{"embeddable":true,"href":"https:\/\/neocatechumenaleiter.org\/lv\/wp-json\/wp\/v2\/users\/2"}],"replies":[{"embeddable":true,"href":"https:\/\/neocatechumenaleiter.org\/lv\/wp-json\/wp\/v2\/comments?post=20864"}],"version-history":[{"count":1,"href":"https:\/\/neocatechumenaleiter.org\/lv\/wp-json\/wp\/v2\/pages\/20864\/revisions"}],"predecessor-version":[{"id":20865,"href":"https:\/\/neocatechumenaleiter.org\/lv\/wp-json\/wp\/v2\/pages\/20864\/revisions\/20865"}],"up":[{"embeddable":true,"href":"https:\/\/neocatechumenaleiter.org\/lv\/wp-json\/wp\/v2\/pages\/18796"}],"wp:attachment":[{"href":"https:\/\/neocatechumenaleiter.org\/lv\/wp-json\/wp\/v2\/media?parent=20864"}],"curies":[{"name":"wp","href":"https:\/\/api.w.org\/{rel}","templated":true}]}}