{"id":20890,"date":"2021-03-11T09:09:47","date_gmt":"2021-03-11T08:09:47","guid":{"rendered":"https:\/\/neocatechumenaleiter.org\/pavestu-uzrunas\/benedikts-xvi\/benedikta-xvi-uzruna-neokatehumenala-cela-parstavjiem-12-i-2006\/"},"modified":"2021-03-11T09:09:47","modified_gmt":"2021-03-11T08:09:47","slug":"benedikta-xvi-uzruna-neokatehumenala-cela-parstavjiem-12-i-2006","status":"publish","type":"page","link":"https:\/\/neocatechumenaleiter.org\/lv\/pavestu-uzrunas\/benedikts-xvi\/benedikta-xvi-uzruna-neokatehumenala-cela-parstavjiem-12-i-2006\/","title":{"rendered":"BENEDIKTA XVI UZRUNA NEOKATEHUMEN\u0100L\u0100 CE\u013bA P\u0100RST\u0100VJIEM 12-I-2006"},"content":{"rendered":"\n<h1 class=\"has-text-align-center wp-block-heading\">BENEDIKTA XVI UZRUNA NEOKATEHUMEN\u0100L\u0100 CE\u013bA P\u0100RST\u0100VJIEM 12-I-2006<\/h1>\n\n<div style=\"height:20px\" aria-hidden=\"true\" class=\"wp-block-spacer\"><\/div>\n\n<h4 class=\"has-text-align-center wp-block-heading\">Benedikts XVI<\/h4>\n\n<div style=\"height:20px\" aria-hidden=\"true\" class=\"wp-block-spacer\"><\/div>\n\n<p><strong>Vatik\u0101ns &#8211; P\u0101vila VI auditorija,\u00a02006. gada 12. janv\u0101ris *<\/strong><\/p>\n\n<p>&#8220;<b>Pateicoties j\u016bsu uztic\u012bgajai vien\u012bbai ar Bazn\u012bcas vald\u012bbu j\u016bs dar\u0101t efekt\u012bv\u0101ku savu apustul\u0101tu.<\/b>&#8221; <em>L\u016bk \u0161is bija p\u0101vesta Benedikta XVI pamudin\u0101jums velt\u012bts Neokatehumen\u0101lajam Ce\u013cam\u00a0 audienc\u0113 P\u0101vila VI auditorij\u0101, ceturtdien\u0101, 12. janv\u0101r\u012b.<\/em>&#013;\n&#013;\n<em>Sv\u0113t\u0101 T\u0113va uzrunas teksts:\u00a0<\/em><\/p>\n\n<p><em>D\u0101rgie br\u0101\u013ci un m\u0101sas!<\/em>&#013;\n&#013;\nSirsn\u012bgs paldies par j\u016bsu apmekl\u0113\u0161anu, kas pied\u0101v\u0101 man iesp\u0113ju apsveikt ar \u012bpa\u0161u sveicienu citus Neokatehumen\u0101l\u0101 Ce\u013ca locek\u013cus no cit\u0101m pasaules viet\u0101m. Virzu savas p\u0101rdomas katram \u0161eit kl\u0101teso\u0161ajam ies\u0101kot no cien\u012bjamiem kardin\u0101liem, b\u012bskapiem un priesteriem. Apsveicu Neokatehumen\u0101l\u0101 Ce\u013ca atbild\u012bgos: Kiko Arguello kungu, kuram pateicos par vi\u0146a v\u0101rdiem j\u016bsu visu v\u0101rd\u0101, Carmen Hernandez kundzi un t\u0113vu Mario Pezzi. Apsveicu ar\u012b semin\u0101ristus, jaunie\u0161us un it sevi\u0161\u0137i \u0123imenes, kuras steidzas sa\u0146emt \u0161o mision\u0101ro &#8220;s\u016bt\u012bjumu&#8221; lai apmestos da\u017e\u0101s taut\u0101s, it sevi\u0161\u0137i, Dienvidamerik\u0101.<\/p>\n\n<div class=\"wp-block-image is-style-default\"><figure class=\"alignleft size-large\"><img loading=\"lazy\" decoding=\"async\" width=\"400\" height=\"266\" src=\"https:\/\/neocatechumenaleiter.org\/wp-content\/uploads\/2020\/02\/Camino_Neocatecumenal_Audiencia_Papa_Benedicto_XVI_2006.jpg\" alt=\"\" class=\"wp-image-12650\" srcset=\"https:\/\/neocatechumenaleiter.org\/wp-content\/uploads\/2020\/02\/Camino_Neocatecumenal_Audiencia_Papa_Benedicto_XVI_2006.jpg 400w, https:\/\/neocatechumenaleiter.org\/wp-content\/uploads\/2020\/02\/Camino_Neocatecumenal_Audiencia_Papa_Benedicto_XVI_2006-300x200.jpg 300w\" sizes=\"auto, (max-width: 400px) 100vw, 400px\" \/><\/figure><\/div>\n\n<p>Tas ir uzdevums, kas tiek st\u0101d\u012bts jaunaj\u0101s eva\u0146\u0123eliz\u0101cijas kontekst\u0101, kur galven\u0101 loma, k\u0101 nekad agr\u0101k, pieder tie\u0161i \u0123imenei. J\u016bs esat l\u016bgu\u0161i, lai to jums pie\u0161\u0137ir P\u0113tera p\u0113ctecis, l\u012bdz\u012bgi k\u0101 jau ir bijis ar manu priek\u0161g\u0101j\u0113ju J\u0101ni P\u0101vilu II 1994. gada 12. decembr\u012b. Jo j\u016bsu apustulisk\u0101 darb\u012bba v\u0113l\u0101s atrast vietu Bazn\u012bcas sird\u012b b\u016bdama vienm\u0113r saska\u0146\u0101 ar vad\u012bt\u0101jiem un atsevi\u0161\u0137aj\u0101m Bazn\u012bc\u0101m uz kur\u0101m dodaties lai darbotos. Darbojieties \u0146emdami v\u0113r\u0101 un nov\u0113rt\u0113dami Kristus uzmodin\u0101tas harizmas caur Ce\u013ca iniciatoriem. D\u0101rg\u0101s \u0123imenes, krucifiksu, ko sa\u0146emsiet, b\u016bs jums neatdal\u0101ms ce\u013ca biedrs, kad j\u016bs sludin\u0101siet ar savu mision\u0101risko darb\u012bbu, ka tikai Krist\u016b J\u0113zu, miru\u0161aj\u0101 un aug\u0161\u0101mc\u0113lu\u0161aj\u0101, ir pest\u012b\u0161ana. J\u016bs b\u016bsiet par Vi\u0146a l\u0113npr\u0101t\u012bgiem un priec\u012bgiem lieciniekiem iedami vienk\u0101r\u0161\u012bb\u0101 un nabadz\u012bb\u0101 pa katra kontinenta ce\u013ciem. Vienm\u0113r nemit\u012bgas l\u016bg\u0161anas un Dieva V\u0101rda klaus\u012b\u0161anas atbalst\u012bti, ka ar\u012b litur\u0123isk\u0101s dz\u012bv\u0113s pabaroti taj\u0101s Bazn\u012bc\u0101s uz kuram esat s\u016bt\u012bti.<\/p>\n\n<p>Litur\u0123ijas un it sevi\u0161\u0137i Sv. mises noz\u012bm\u0113 eva\u0146\u0123eliz\u0101cij\u0101 tika \u012bpa\u0161i uzsv\u0113rts manu priek\u0161g\u0101j\u0113ju. Ar\u012b j\u016bsu daudzu gadu pieredze var apstiprin\u0101t k\u0101 Kristus nosl\u0113puma centr\u0101lums litur\u0123iskajos ritos veido privili\u0123\u0113tu taku, kas ir nepiecie\u0161ams dz\u012bvu un neatlaid\u012bgu kopienu krist\u012bgas veido\u0161anai. Tie\u0161i nesen, lai pal\u012bdz\u0113tu Neokatehumen\u0101lajam Ce\u013cam arvien as\u0101k veicin\u0101t savu eva\u0146\u0123eliz\u0101cijas darb\u012bbu vienot\u012bb\u0101 ar visu Dieva tautu, Dievi\u0161\u0137\u0101 kulta un Sakramentu discipl\u012bnas kongreg\u0101cija man\u0101 v\u0101rd\u0101 noteica normas attiec\u012bb\u0101 uz Euharistijas svin\u0113\u0161anu. \u0160\u012bs normas tika pie\u0146emtas p\u0113c Dieva kalpa J\u0101\u0146a P\u0101vila II dota pieredzes laika. Esmu p\u0101rliecin\u0101ts, ka j\u016bs uzman\u012bgi iev\u0113rosiet \u0161\u012bs normas, kas atbilst Bazn\u012bcas apstiprin\u0101tajam litur\u0123iskaj\u0101m gr\u0101mat\u0101m. Pateicoties j\u016bsu uztic\u012bgajai vien\u012bbai ar Bazn\u012bcas vald\u012bbu j\u016bs dar\u0101t efekt\u012bv\u0101ku savu apustul\u0101tu saska\u0146\u0101 un piln\u012bg\u0101 vienot\u012bb\u0101 ar p\u0101vestu un diec\u0113\u017eu ganiem. Jums t\u0101 darot, Kungs turpin\u0101s sv\u0113t\u012bt j\u016bs ar pastor\u0101liem aug\u013ciem.<\/p>\n\n<div class=\"wp-block-image is-style-default\"><figure class=\"alignright size-large\"><img loading=\"lazy\" decoding=\"async\" width=\"400\" height=\"256\" src=\"https:\/\/neocatechumenaleiter.org\/wp-content\/uploads\/2020\/02\/Camino_Neocatecumenal_Audiencia_Papa_Benedicto_XVI_2006_familias-en-mision.jpg\" alt=\"\" class=\"wp-image-12654\" srcset=\"https:\/\/neocatechumenaleiter.org\/wp-content\/uploads\/2020\/02\/Camino_Neocatecumenal_Audiencia_Papa_Benedicto_XVI_2006_familias-en-mision.jpg 400w, https:\/\/neocatechumenaleiter.org\/wp-content\/uploads\/2020\/02\/Camino_Neocatecumenal_Audiencia_Papa_Benedicto_XVI_2006_familias-en-mision-300x192.jpg 300w\" sizes=\"auto, (max-width: 400px) 100vw, 400px\" \/><\/figure><\/div>\n\n<p>Patie\u0161\u0101m, \u0161ajos gados j\u016bs var\u0113j\u0101t daudz ko izdar\u012bt. Ir dzimu\u0161i daudzi aicin\u0101jumi uz priester\u012bbu un konsekr\u0113to dz\u012bvi j\u016bsu kopien\u0101s. \u0160odien, \u012bpa\u0161a veid\u0101, piev\u0113r\u0161am savu uzman\u012bbu \u0123imenei. Ap 200 ir gatavas, lai tiktu s\u016bt\u012btas uz misij\u0101m. T\u0101s ir \u0123imenes, kas dodas bez liela cilv\u0113cisk\u0101 atbalsta, bet \u012bpa\u0161a veid\u0101 pa\u013caujoties dievi\u0161\u0137ajai Apredz\u012bbai.<\/p>\n\n<p>D\u0101rg\u0101s \u0123imenes, j\u016bs varat dot liec\u012bbu ar savu v\u0113sturi, ka Kungs neatst\u0101j tos, kas uz Vi\u0146u pa\u013caujas. T\u0101l\u0101k izplatiet dz\u012bv\u012bbas eva\u0146\u0123\u0113liju. Visur, kur tik j\u016bs vada j\u016bsu misija, \u013caujiet vienm\u0113r sp\u012bd\u0113t iepriecin\u0101ju\u0161ajiem Kristus v\u0101rdiem: &#8220;Mekl\u0113jiet t\u0101p\u0113c vispirms Dieva valst\u012bbu un Vi\u0146a taisn\u012bbu, un viss tas tiks jums dots kl\u0101t.&#8221; Un t\u0101l\u0101k: &#8220;T\u0101p\u0113c neraiz\u0113jieties par r\u012btdienu! R\u012btdiena r\u016bp\u0113sies pati par sevi. Katrai dienai pietiek savu r\u016bpju.&#8221; (<i>Mt 6, 33-34<\/i>) Pasaul\u0113, kur\u0101 cilv\u0113ks mekl\u0113 dro\u0161\u012bbu, paradiet, ka Kristus ir stipr\u0101 klints uz kura j\u0101b\u016bv\u0113 savas eksistences \u0113ka. Jo uztic\u012bba Vi\u0146am nekad nav bezj\u0113dz\u012bga. Lai Sv\u0113t\u0101 \u0122imene no N\u0101caretes j\u016bs aizsarg\u0101 un ir par paraugu. Es nodro\u0161inu savu l\u016bg\u0161anu par jums un par visiem Neokatehumen\u0101l\u0101 Ce\u013ca locek\u013ciem. Tagad, ar \u012bpa\u0161u pie\u0137er\u0161anos dodu katram apustulisko sv\u0113t\u012bbu.&#013;\n&#013;\n<em>(*) Sal. L\u2019\u00abOsservatore Romano\u00bb, 2006. gada 13. janv\u0101ris.<\/em><\/p>\n","protected":false},"excerpt":{"rendered":"<p>BENEDIKTA XVI UZRUNA NEOKATEHUMEN\u0100L\u0100 CE\u013bA P\u0100RST\u0100VJIEM 12-I-2006 Benedikts XVI Vatik\u0101ns &#8211; P\u0101vila VI auditorija,\u00a02006. gada 12. janv\u0101ris * &#8220;Pateicoties j\u016bsu uztic\u012bgajai vien\u012bbai ar Bazn\u012bcas vald\u012bbu j\u016bs dar\u0101t efekt\u012bv\u0101ku savu apustul\u0101tu.&#8221; L\u016bk \u0161is bija p\u0101vesta Benedikta XVI pamudin\u0101jums velt\u012bts Neokatehumen\u0101lajam Ce\u013cam\u00a0 audienc\u0113 P\u0101vila VI auditorij\u0101, ceturtdien\u0101, 12. janv\u0101r\u012b.&#013; &#013; Sv\u0113t\u0101 T\u0113va uzrunas teksts:\u00a0 D\u0101rgie br\u0101\u013ci un m\u0101sas!&#013; &#013; Sirsn\u012bgs paldies par j\u016bsu apmekl\u0113\u0161anu, kas pied\u0101v\u0101 man iesp\u0113ju apsveikt ar \u012bpa\u0161u sveicienu<\/p>\n<div class=\"read-more\"><a class=\"btn read-more-btn\" href=\"https:\/\/neocatechumenaleiter.org\/lv\/pavestu-uzrunas\/benedikts-xvi\/benedikta-xvi-uzruna-neokatehumenala-cela-parstavjiem-12-i-2006\/\">Las\u012bt vair\u0101k<\/a><\/div>\n","protected":false},"author":2,"featured_media":0,"parent":16607,"menu_order":1,"comment_status":"closed","ping_status":"closed","template":"","meta":{"footnotes":""},"class_list":["post-20890","page","type-page","status-publish","hentry"],"_links":{"self":[{"href":"https:\/\/neocatechumenaleiter.org\/lv\/wp-json\/wp\/v2\/pages\/20890","targetHints":{"allow":["GET"]}}],"collection":[{"href":"https:\/\/neocatechumenaleiter.org\/lv\/wp-json\/wp\/v2\/pages"}],"about":[{"href":"https:\/\/neocatechumenaleiter.org\/lv\/wp-json\/wp\/v2\/types\/page"}],"author":[{"embeddable":true,"href":"https:\/\/neocatechumenaleiter.org\/lv\/wp-json\/wp\/v2\/users\/2"}],"replies":[{"embeddable":true,"href":"https:\/\/neocatechumenaleiter.org\/lv\/wp-json\/wp\/v2\/comments?post=20890"}],"version-history":[{"count":1,"href":"https:\/\/neocatechumenaleiter.org\/lv\/wp-json\/wp\/v2\/pages\/20890\/revisions"}],"predecessor-version":[{"id":20891,"href":"https:\/\/neocatechumenaleiter.org\/lv\/wp-json\/wp\/v2\/pages\/20890\/revisions\/20891"}],"up":[{"embeddable":true,"href":"https:\/\/neocatechumenaleiter.org\/lv\/wp-json\/wp\/v2\/pages\/16607"}],"wp:attachment":[{"href":"https:\/\/neocatechumenaleiter.org\/lv\/wp-json\/wp\/v2\/media?parent=20890"}],"curies":[{"name":"wp","href":"https:\/\/api.w.org\/{rel}","templated":true}]}}