{"id":21447,"date":"2020-03-30T04:31:06","date_gmt":"2020-03-30T03:31:06","guid":{"rendered":"https:\/\/neocatechumenaleiter.org\/pavestu-uzrunas\/sv-janis-pavils-ii\/amerikas-biskapu-konvivence-nujorka-par-temu-tikai-viena-jauna-estetika-atpestis-baznicu-1-iv-1997\/"},"modified":"2021-04-07T09:35:28","modified_gmt":"2021-04-07T08:35:28","slug":"amerikas-biskapu-konvivence-nujorka-par-temu-tikai-viena-jauna-estetika-atpestis-baznicu-1-iv-1997","status":"publish","type":"page","link":"https:\/\/neocatechumenaleiter.org\/lv\/pavestu-uzrunas\/sv-janis-pavils-ii\/amerikas-biskapu-konvivence-nujorka-par-temu-tikai-viena-jauna-estetika-atpestis-baznicu-1-iv-1997\/","title":{"rendered":"Amerikas b\u012bskapu konvivence \u0145ujork\u0101 par t\u0113mu: &#8220;Tikai viena jauna est\u0113tika atpest\u012bs bazn\u012bcu&#8221; 1-IV-1997"},"content":{"rendered":"\n<h1 class=\"has-text-align-center wp-block-heading\">Amerikas b\u012bskapu konvivence \u0145ujork\u0101 par t\u0113mu: &#8220;Tikai viena jauna est\u0113tika atpest\u012bs bazn\u012bcu.&#8221; 1-IV-1997<\/h1>\n\n<div style=\"height:20px\" aria-hidden=\"true\" class=\"wp-block-spacer\"><\/div>\n\n<h4 class=\"has-text-align-center wp-block-heading\">Sv. J\u0101nis P\u0101vils II<\/h4>\n\n<div style=\"height:20px\" aria-hidden=\"true\" class=\"wp-block-spacer\"><\/div>\n\n<div class=\"wp-block-image\"><figure class=\"alignleft size-large\"><img loading=\"lazy\" decoding=\"async\" width=\"400\" height=\"272\" src=\"https:\/\/neocatechumenaleiter.org\/wp-content\/uploads\/2020\/03\/Camino_Neocatecumenal_Juan_Pablo_II_convivencia_obispos_new_york_1997.jpg\" alt=\"\" class=\"wp-image-13192\" srcset=\"https:\/\/neocatechumenaleiter.org\/wp-content\/uploads\/2020\/03\/Camino_Neocatecumenal_Juan_Pablo_II_convivencia_obispos_new_york_1997.jpg 400w, https:\/\/neocatechumenaleiter.org\/wp-content\/uploads\/2020\/03\/Camino_Neocatecumenal_Juan_Pablo_II_convivencia_obispos_new_york_1997-300x204.jpg 300w\" sizes=\"auto, (max-width: 400px) 100vw, 400px\" \/><\/figure><\/div>\n\n<p><strong>\u0145ujorka, 1997. gada 1-5. apr\u012blis\u00a0<\/strong><\/p>\n\n<p><em>&#8220;Jaun\u0101 eva\u0146\u0123eliz\u0101cija un tre\u0161\u0101 t\u016bksto\u0161gade. &#8220;Tikai viena jauna est\u0113tika atpest\u012bs bazn\u012bcu.&#8221; \u0160\u012b bija t\u0113ma. Konvievence bija pied\u0101v\u0101jums b\u012bskapiem, lai tie var\u0113tu iepaz\u012bties no pa\u0161iem avotiem ar to, kas ir Neokatehumen\u0101lais Ce\u013c\u0161. P\u0101rdomas par jaun\u0101s est\u0113tikas nepiecie\u0161am\u012bbu tre\u0161\u0101s t\u016bksto\u0161gades eva\u0146\u0123eliz\u0101cijai nevar\u0113ja notikt citur, k\u0101 tikai &#8220;Lielaj\u0101 \u0100bol\u0101&#8221; (m\u016bsdienu kult\u016bras galvaspils\u0113t\u0101). &#8220;Jaun\u0101 est\u0113tika&#8221; ko veicina Neokatehumen\u0101lais Ce\u013c\u0161 caur biblisko un litur\u0123isko inici\u0101ciju r\u0101da, caur faktiem, ka ir sp\u0113j\u012bga st\u0101ties pret\u012b megalopolu kult\u016brai, kas izraisa nopietnus draudus Bazn\u012bcai.<\/em><\/p>\n\n<p>Sv\u0113t\u0101 T\u0113va telegramma:<\/p>\n\n<p>Sv\u0113tais T\u0113vs bija pazi\u0146ots par Neokatehumen\u0101l\u0101 Ce\u013ca r\u012bkojamu tik\u0161anos \u0145ujork\u0101 no 1. l\u012bdz 5. apr\u012blim. Vi\u0146\u0161 velt\u012bja sirsn\u012bgus sveicienus visiem dal\u012bbniekiem, \u012bpa\u0161i br\u0101\u013ciem b\u012bskapiem atbalst\u012bju\u0161i \u0161o iniciat\u012bvu, pied\u0101v\u0101dams l\u016bg\u0161an\u0101 vienotas p\u0101rdomas, kas p\u0113c k\u0101da laika pal\u012bdz\u0113s Amerikas b\u012bskapu sinod\u0113.<\/p>\n\n<div class=\"wp-block-image\"><figure class=\"alignright size-large\"><img loading=\"lazy\" decoding=\"async\" width=\"338\" height=\"400\" src=\"https:\/\/neocatechumenaleiter.org\/wp-content\/uploads\/2020\/03\/Camino_Neocatecumenal_Juan_Pablo_II_convivencia_obispos_new_york_1997_2.jpg\" alt=\"\" class=\"wp-image-13196\" srcset=\"https:\/\/neocatechumenaleiter.org\/wp-content\/uploads\/2020\/03\/Camino_Neocatecumenal_Juan_Pablo_II_convivencia_obispos_new_york_1997_2.jpg 338w, https:\/\/neocatechumenaleiter.org\/wp-content\/uploads\/2020\/03\/Camino_Neocatecumenal_Juan_Pablo_II_convivencia_obispos_new_york_1997_2-254x300.jpg 254w\" sizes=\"auto, (max-width: 338px) 100vw, 338px\" \/><\/figure><\/div>\n\n<p>Sinodei ir t\u0113ma: &#8220;Tik\u0161anos ar dz\u012bvo J\u0113zu Kristu, ce\u013c\u0161 atgrie\u0161anai, vienot\u012bba un solidarit\u0101te Amerik\u0101.&#8221;&#013;\n\u0160\u012b Sinode v\u0113las nodro\u0161in\u0101t un dot jaunu eva\u0146\u0123eliz\u0101cijas impulsu Amerikas bazn\u012bc\u0101s, kam\u0113r notiek sagatavo\u0161an\u0101s Lielajam 2000. gada jubilej\u0101m. T\u0101 mudina uz atjaunotu impulsu, bet ne starp ganiem, bet gan starp lajiem, asoci\u0101cij\u0101m un eklezi\u0101l\u0101m kust\u012bb\u0101m.<\/p>\n\n<p>\u0160aj\u0101s dien\u0101s j\u016bs mekl\u0113siet iz\u0161\u0137irt visliel\u0101kos Amerikas Bazn\u012bca eso\u0161us izaicin\u0101jumus pielikdami p\u016bles tos nest uz priek\u0161u, atbild\u0113dami uz \u0161o svar\u012bgu misiju &#8211; atrast atbilsto\u0161us risin\u0101jumus Sv\u0113t\u0101 Gara gaism\u0101. Sv\u0113tais T\u0113vs atcer\u0113sies l\u016bg\u0161an\u0101s par jums san\u0101ku\u0161ajiem tik\u0161anos. L\u016bdzot bag\u0101t\u012bgu dievi\u0161\u0137o sv\u0113t\u012bbu p\u0101r j\u016bsu l\u0113mumiem, sirsn\u012bgi dod savu apustulisko sv\u0113t\u012bbu.<\/p>\n\n<p><em>Kardin\u0101ls Angelo Sodano, Valsts sekret\u0101rs<\/em><\/p>\n","protected":false},"excerpt":{"rendered":"<p>Amerikas b\u012bskapu konvivence \u0145ujork\u0101 par t\u0113mu: &#8220;Tikai viena jauna est\u0113tika atpest\u012bs bazn\u012bcu.&#8221; 1-IV-1997 Sv. J\u0101nis P\u0101vils II \u0145ujorka, 1997. gada 1-5. apr\u012blis\u00a0 &#8220;Jaun\u0101 eva\u0146\u0123eliz\u0101cija un tre\u0161\u0101 t\u016bksto\u0161gade. &#8220;Tikai viena jauna est\u0113tika atpest\u012bs bazn\u012bcu.&#8221; \u0160\u012b bija t\u0113ma. Konvievence bija pied\u0101v\u0101jums b\u012bskapiem, lai tie var\u0113tu iepaz\u012bties no pa\u0161iem avotiem ar to, kas ir Neokatehumen\u0101lais Ce\u013c\u0161. P\u0101rdomas par jaun\u0101s est\u0113tikas nepiecie\u0161am\u012bbu tre\u0161\u0101s t\u016bksto\u0161gades eva\u0146\u0123eliz\u0101cijai nevar\u0113ja notikt citur, k\u0101 tikai &#8220;Lielaj\u0101 \u0100bol\u0101&#8221; (m\u016bsdienu kult\u016bras<\/p>\n<div class=\"read-more\"><a class=\"btn read-more-btn\" href=\"https:\/\/neocatechumenaleiter.org\/lv\/pavestu-uzrunas\/sv-janis-pavils-ii\/amerikas-biskapu-konvivence-nujorka-par-temu-tikai-viena-jauna-estetika-atpestis-baznicu-1-iv-1997\/\">Las\u012bt vair\u0101k<\/a><\/div>\n","protected":false},"author":2,"featured_media":0,"parent":18796,"menu_order":89,"comment_status":"closed","ping_status":"closed","template":"","meta":{"footnotes":""},"class_list":["post-21447","page","type-page","status-publish","hentry"],"_links":{"self":[{"href":"https:\/\/neocatechumenaleiter.org\/lv\/wp-json\/wp\/v2\/pages\/21447","targetHints":{"allow":["GET"]}}],"collection":[{"href":"https:\/\/neocatechumenaleiter.org\/lv\/wp-json\/wp\/v2\/pages"}],"about":[{"href":"https:\/\/neocatechumenaleiter.org\/lv\/wp-json\/wp\/v2\/types\/page"}],"author":[{"embeddable":true,"href":"https:\/\/neocatechumenaleiter.org\/lv\/wp-json\/wp\/v2\/users\/2"}],"replies":[{"embeddable":true,"href":"https:\/\/neocatechumenaleiter.org\/lv\/wp-json\/wp\/v2\/comments?post=21447"}],"version-history":[{"count":5,"href":"https:\/\/neocatechumenaleiter.org\/lv\/wp-json\/wp\/v2\/pages\/21447\/revisions"}],"predecessor-version":[{"id":21452,"href":"https:\/\/neocatechumenaleiter.org\/lv\/wp-json\/wp\/v2\/pages\/21447\/revisions\/21452"}],"up":[{"embeddable":true,"href":"https:\/\/neocatechumenaleiter.org\/lv\/wp-json\/wp\/v2\/pages\/18796"}],"wp:attachment":[{"href":"https:\/\/neocatechumenaleiter.org\/lv\/wp-json\/wp\/v2\/media?parent=21447"}],"curies":[{"name":"wp","href":"https:\/\/api.w.org\/{rel}","templated":true}]}}