{"id":21580,"date":"2020-03-22T16:17:04","date_gmt":"2020-03-22T15:17:04","guid":{"rendered":"https:\/\/neocatechumenaleiter.org\/pavestu-uzrunas\/francisks\/pavesta-franciska-uzruna-neokatehumenala-cela-50-gadadiena-5-v-2018\/"},"modified":"2021-04-09T09:01:09","modified_gmt":"2021-04-09T08:01:09","slug":"pavesta-franciska-uzruna-neokatehumenala-cela-50-gadadiena-5-v-2018","status":"publish","type":"page","link":"https:\/\/neocatechumenaleiter.org\/lv\/pavestu-uzrunas\/francisks\/pavesta-franciska-uzruna-neokatehumenala-cela-50-gadadiena-5-v-2018\/","title":{"rendered":"P\u0100VESTA FRANCISKA UZRUNA NEOKATEHUMEN\u0100L\u0100 CE\u013bA 50. GADADIEN\u0100 5-V-2018"},"content":{"rendered":"\n<h1 class=\"has-text-align-center wp-block-heading\">P\u0100VESTA FRANCISKA UZRUNA NEOKATEHUMEN\u0100L\u0100 CE\u013bA 50. GADADIEN\u0100 5-V-2018<\/h1>\n\n<div style=\"height:20px\" aria-hidden=\"true\" class=\"wp-block-spacer\"><\/div>\n\n<h4 class=\"has-text-align-center wp-block-heading\">Francisks<\/h4>\n\n<div style=\"height:20px\" aria-hidden=\"true\" class=\"wp-block-spacer\"><\/div>\n\n<p><em>Tor Vergatas esplan\u0101de &#8211; Roma, 2018. gada 5. maijs<\/em><\/p>\n\n<p>D\u0101rgie br\u0101\u013ci un m\u0101sas, labdien!<\/p>\n\n<p>Man ir liels prieks satikt j\u016bs un izrun\u0101t kop\u0101: \u201epaldies!\u201d Paldies Dievam un jums, it sevi\u0161\u0137i, atbrauku\u0161iem no t\u0101lienes. Paldies par j\u016bsu izteikto \u201ej\u0101\u201d, par Kunga aicin\u0101juma uz\u0146em\u0161anu dz\u012bvot un sludin\u0101t Eva\u0146\u0123\u0113liju. V\u0113l liels paldies ar\u012b tam, kas pirms 50 gadiem ies\u0101ka Neokatehumen\u0101lo Ce\u013cu.<\/p>\n\n<p>50 ir noz\u012bm\u012bgs gads Sv\u0113tajos Rakstos. Piecdesmitaj\u0101 dien\u0101 Aug\u0161\u0101mcelo\u0161\u0101 Gars nok\u0101pa uz apustu\u013ciem un atkl\u0101ja pasaulei Bazn\u012bcu. Pirms tam Dievs bija ar\u012b sv\u0113t\u012bjis piecdesmito gadu: &#8220;Piecdesmitais gads lai jums ir gavi\u013cu gads.&#8221; (Lev 25, 11) Sv\u0113ts gads, kad izvel\u0113t\u0101 tauta var\u0113ja pieskarties pie jaun\u0101m realit\u0101t\u0113m. Piem\u0113ram, atbr\u012bvo\u0161ana un apspiesto atgrie\u0161an\u0101s uz m\u0101j\u0101m. Kungs bija teicis: &#8220;Jums j\u0101sv\u0113ta piecdesmitais gads un j\u0101pasludina tan\u012b zem\u0113 visiem t\u0101s iedz\u012bvot\u0101jiem atlai\u0161ana br\u012bv\u012bb\u0101 &lt;&#8230;&gt; un j\u016bs ikviens atg\u016bsit atpaka\u013c savu \u012bpa\u0161umu, un ikviens atgriez\u012bsies atpaka\u013c sav\u0101 cilt\u012b.&#8221; (Lev 25, 10) L\u016bk, p\u0113c Ce\u013ca piecdesmit gadiem b\u016btu \u013coti skaisti, ja katrs no jums sac\u012btu:\u00a0<strong>&#8220;Paldies, Kungs, jo tu tie\u0161am mani esi atbr\u012bvojis, jo Bazn\u012bc\u0101 atradu savu \u0123imeni, jo Krist\u012bb\u0101s vecas lietas pag\u0101ja un tagad baudu jaunu dz\u012bvi (sal. 2Kor 5, 17), jo caur Ce\u013cu tu esi man parad\u012bjis taku lai es atkl\u0101tu tavu t\u0113vi\u0161\u0137o maigo m\u012blest\u012bbu.&#8221;<\/strong><\/p>\n\n<p><em>D\u0101rgie br\u0101\u013ci un m\u0101sas, beig\u0101s nodzied\u0101siet pateic\u012bbas par Dieva m\u012blest\u012bbu un uztic\u012bbu &#8220;Te Deum\u201d Tas ir \u013coti skaisti: pateikties Dievam par vi\u0146a m\u012blest\u012bbu un uztic\u012bbu. Bie\u017ei m\u0113s pateicamies par vi\u0146a \u017e\u0113last\u012bb\u0101m, par mums d\u0101v\u0101to un to ko dara. Vi\u0146a labums nav atkar\u012bgs no mums. <strong>Neskatoties uz to, ko m\u0113s dar\u0101m, Vi\u0146\u0161 uztic\u012bgi m\u016bs m\u012bl. Tas ir m\u016bsu uztic\u0113\u0161anas avots, m\u016bsu dz\u012bves iepriecin\u0101jums.<\/strong> Tad, drosmi! Nekad neskumstiet! Kad probl\u0113mu m\u0101ko\u0146i liksies, ka <\/em><i>k\u013c\u016bst biez\u0101ki a<\/i><em>tcerieties, ka <strong>uztic\u012bg\u0101 Dieva m\u012blest\u012bba vienm\u0113r sp\u012bd k\u0101 nekad nenoriet. Atcerieties par vi\u0146a labumu, stipr\u0101ku p\u0101r jebkuru \u013caunumu, un salda Dieva m\u012blest\u012bbas pieredze pal\u012bdz\u0113s ikvien\u0101s b\u0113d\u0101s.<\/strong><\/em><\/p>\n\n<p><em>V\u0113l pietr\u016bkst viens \u013coti svar\u012bgs paldies tiem, kas dosieties misij\u0101. Es j\u016btu, ka man j\u0101saka kaut kas no visas sirds, sakara ar misiju, par eva\u0146\u0123eliz\u0101ciju, kas ir Bazn\u012bcas priorit\u0101te. <strong>Jo misija ir dar\u012bt zin\u0101mu Dieva uztic\u012bgo<\/strong><\/em><em><strong> m\u012blest\u012bbu, ka vi\u0146\u0161 mums m\u012bl un nekad nepagurs no tevis vai no manis, vai no m\u016bsu, vai no \u0161\u012bs pasaules<\/strong> pat ja m\u0113s bie\u017ei pagurstam. Misija ir dot ko esam sa\u0146\u0113mu\u0161i. Misija ir pild\u012bt J\u0113zus doto pav\u0113li un kuru gribu kop\u0101 aprun\u0101t: \u201eEjiet un dariet par maniem m\u0101cek\u013ciem visas tautas.\u201d<\/em> (<em>Mt<\/em>\u00a028, 19)<\/p>\n\n<p>Ejiet. Misija prasa doties. Bet dz\u012bv\u0113 ir liels k\u0101rdin\u0101jums palikt, nerisk\u0113t, samierin\u0101ties un kontrol\u0113t situ\u0101ciju. Daudz viegl\u0101k ir palikt m\u0101j\u0101s, kop\u0101 ar tuv\u0101kajiem, kas m\u012bl, bet tas nav Kristus ce\u013c\u0161. Vi\u0146\u0161 suta: &#8220;Ejiet!&#8221; Vi\u0146\u0161 nesaka puspas\u0101kumu. Vi\u0146\u0161 nepiekr\u012bt komand\u0113jumiem vai atmaks\u0101tiem ce\u013cojumiem, bet visiem saviem apustu\u013ciem vi\u0146\u0161 saka vienu v\u0101rdu: &#8220;Ejiet!&#8221; Ejiet noz\u012bme aicin\u0101jumu, kas atskan kristie\u0161a dz\u012bv\u0113. Tas ir skaidrs aicin\u0101jums b\u016bt vienm\u0113r gatavam doties, k\u0101 sv\u0113tce\u013cnieki uz \u0161\u012bs zemes, kuri mekl\u0113 br\u0101li, kur\u0161 v\u0113l nav iepazinies ar Dieva m\u012blest\u012bbas prieku.<\/p>\n\n<p>Bet k\u0101 tad iet? J\u0101b\u016bt veiklam un nav iesp\u0113jami doties ar visiem m\u0101jtur\u012bbas piederumiem. B\u012bbele m\u0101ca: kad Dievs atbr\u012bvoja izvel\u0113to tautu, lika vi\u0146iem doties tuksnes\u012b tikai ar &#8220;Dieva pa\u013c\u0101v\u012bbas&#8221; bag\u0101\u017eu un pats tapis cilv\u0113ks staig\u0101ja nabadz\u012bb\u0101. J\u0113zum nebija vietas kur nolikt galvu (sal. Lk 9, 58). <b>Lai ietu j\u0101b\u016bt viegliem.<\/b> Lai sludin\u0101tu j\u0101ats\u0101kas. Tikai t\u0101da Bazn\u012bca, kas atsak\u0101s no pasaul\u012bguma, sp\u0113j sludin\u0101t Kungu. Tikai t\u0101da Bazn\u012bca, kuru nesaista vara un nauda, kas ir br\u012bva no triumf\u0101lismiem un klerik\u0101lismiem, ticam\u0101 veid\u0101 liecina pasaulei, ka <strong>Kristus cilv\u0113ku atbr\u012bvo<\/strong>. Tas, kur\u0161 Vi\u0146u m\u012blot, iem\u0101c\u0101s atteikties no p\u0101rejo\u0161\u0101m liet\u0101m, var baud\u012bt \u0161o lielo d\u0101rgmantu \u2013 br\u012bv\u012bbu. Vi\u0146\u0161 nepaliek apst\u0101jies pie savas pie\u0137er\u0161an\u0101s liet\u0101m, kuras vienm\u0113r kaut ko prasa, bet nekad nedod mieru, glu\u017ei pret\u0113ji, vi\u0146\u0161 j\u016bt, ka sirds vi\u0146am izple\u0161as un ir netrauc\u0113ti atv\u0113rta Dievam un br\u0101\u013ciem.\u201d<\/p>\n\n<p>&#8220;Ejiet&#8221; ir darb\u012bbas v\u0101rds norado\u0161s uz misiju. Kungs aicina daudzskaitl\u012b, sakot \u201cejiet\u201d!  Kungs nesaka: &#8220;ej vispirms tu, p\u0113c tam tu, tu&#8230;&#8221; Kungs saka: &#8220;ejiet!&#8221; Kop\u0101.  Mision\u0101rs nav tas, kas iet viens pats, bet tas kas iet kop\u0101. T\u0101 ir m\u0101ksla, ko m\u0101c\u012bties vienm\u0113r, katru dienu. Pie tam, ir j\u0101uzman\u0101s, lai nedikt\u0113tu p\u0101r\u0113jiem, cik \u0101trs un plats solis tiem ir j\u0101sper. Ir vajadz\u012bgs, lai m\u0113s citus pavad\u012btu un pagaid\u012btu, paturot pr\u0101t\u0101, ka cita g\u0101jums nav identisks ar m\u016bs\u0113jo. T\u0101pat k\u0101 dz\u012bv\u0113 nav vien\u0101du so\u013cu, t\u0101pat to nav vien\u0101du ar\u012b tic\u012bb\u0101 un misij\u0101. J\u0101iet uz priek\u0161u kop\u0101, neizol\u0113joties, neuzspie\u017eot citiem savu g\u0101jiena izpratni. J\u0101iet kop\u0101, k\u0101 Bazn\u012bca, kop\u0101 ar ganiem, ar visiem br\u0101\u013ciem, nekurn\u0113jot uz tiem, kas iet l\u0113n\u0101k un neizb\u0113gdami uz priek\u0161u. Esam sv\u0113tce\u013cnieki kop\u0101 ar citiem br\u0101\u013ciem  un j\u0101izturas ar cie\u0146u un r\u016bp\u0113m pret katru, jo ikviens briest sav\u0101 laik\u0101 un nav j\u0101spie\u017e. Jo atbilde Dievam tikai var nobriest autentisk\u0101 un atv\u0113rt\u0101 br\u012bv\u012bb\u0101.&#013;\n&#013;\nVi\u0146\u0161 aicin\u0101ja respekt\u0113t ikvienu, neuzspiest izaugsmi citam, jo katra cilv\u0113ka atbilde Dievam nobriest autentisk\u0101 br\u012bv\u012bb\u0101.<\/p>\n\n<p>Aug\u0161\u0101mc\u0113lies J\u0113zus saka \u201cDariet par m\u0101cek\u013ciem.\u201d L\u016bk misija. Vi\u0146\u0161 nesaka \u201ciekarojiet\u201d, \u201cokup\u0113jiet\u201d, bet gan \u201cdariet par m\u0101cek\u013ciem\u201d. Tas noz\u012bm\u0113, dal\u012bties ar sa\u0146emt\u0101m \u017e\u0113last\u012bb\u0101m, dal\u012bties ar dz\u012bv\u012bbu sp\u0113ju\u0161o main\u012bt m\u012blest\u012bbas tik\u0161anos. Tas ir misijas kodols: liecin\u0101t, ka Dievs m\u016bs m\u012bl un ka ar Vi\u0146u ir iesp\u0113jama \u012bst\u0101 m\u012blest\u012bba &#8211; m\u012blest\u012bba kas ved pie dz\u012bves upur\u0113\u0161anu jebkur\u0101 viet\u0101: \u0123imen\u0113, darb\u0101, k\u0101 konsekr\u0113ti vai laul\u0101ju\u0161ies. Misija noz\u012bm\u0113 atgriezties k\u0101 m\u0101cek\u013ciem kop\u0101 ar jauniem J\u0113zus m\u0101cek\u013ciem. T\u0101 noz\u012bm\u0113 ar\u012b atkl\u0101t, ka esam da\u013ca no Bazn\u012bcas, kura ar\u012b ir m\u0101cekle. Bez \u0161aub\u0101m, Bazn\u012bca ir skolot\u0101ja, ta\u010du t\u0101 nevar b\u016bt skolot\u0101ja, ja vispirms nav m\u0101cekle, t\u0101pat k\u0101 t\u0101 nevar b\u016bt m\u0101te, ja vispirms nav meita. L\u016bk m\u016bsu M\u0101te: pazem\u012bga Bazn\u012bca, T\u0113va meita un M\u0101c\u012bt\u0101ja m\u0101cekle, priec\u012bga cilv\u0113ces m\u0101sa. \u0160\u012b ir m\u0101cekl\u012bbas dinamika: m\u0101ceklis, kur\u0161 dara citus par m\u0101cek\u013ciem. Sal\u012bdzinot ar prozeletismu, t\u0101 ir piln\u012bgi at\u0161\u0137ir\u012bga dinamika.&#013;\n&#013;\n<\/p>\n\n<p>\u0160eit atrodas sludin\u0101\u0161anas sp\u0113ks, lai pasaule ietic\u0113tu. P\u0101rliecino\u0161i argumenti neskait\u0101s, bet dz\u012bve, kas pievelc; n\u0113 sp\u0113ja uzspiest, bet drosme kalpot. Jums ir ierakst\u012bts sav\u0101 DNS \u0161is aicin\u0101jums sludin\u0101t dz\u012bvojot \u0123imen\u0113 p\u0113c Sv\u0113t\u0101s \u0122imenes parauga: pazem\u012bb\u0101, vienk\u0101r\u0161\u012bb\u0101 un slav\u0101. Nesiet t\u0101du \u0123imenisko atmosf\u0113ru uz pamest\u0101m viet\u0101m, kur tr\u016bkst \u0161is m\u012blest\u012bbas. \u013baujiet atpaz\u012bt j\u016bs k\u0101 J\u0113zus draugus. Sauciet visus par draugiem un esiet visu draugi.<\/p>\n\n<p><strong>\u201eEjiet un m\u0101ciet visas tautas!\u201d<\/strong> izrun\u0101jot \u0161os v\u0101rdus, J\u0113zus, \u0161\u0137iet, v\u0113las pateikt, ka Vi\u0146a sird\u012b ir vieta katrai tautai, ka neviens nav izsl\u0113gts.&#013;\n&#013;\nL\u012bdz\u012bgi k\u0101 t\u0113vam un m\u0101tei, pat ja b\u0113rnu daudz, lieli un mazi\u0146i, katrs ir m\u012bl\u0113ts ar visu savu sirdi. Jo m\u012blest\u012bba atdodot sevi nesamazin\u0101s, bet vairojas. T\u0101 ir cer\u012bga. K\u0101 vec\u0101ki, kuri galvenok\u0101rt redz pa\u0161us b\u0113rnus, nevis vi\u0146u tr\u016bkumus un v\u0101j\u012bbas. T\u0101d\u0101 gaism\u0101 vi\u0146i pie\u0146em vi\u0146u probl\u0113mas un gr\u016bt\u012bbas. Tam l\u012bdz\u012bgi notiek mision\u0101riem attiec\u012bba uz Dieva m\u012bl\u0113t\u0101m taut\u0101m.&#013;\n&#013;\nVi\u0146i neliek pirmaj\u0101 rind\u0101 negat\u012bvus aspektus un tas lietas, kas j\u0101maina, bet &#8220;raug\u0101s uz sirdi&#8221; ar skatienu, kas nov\u0113rt\u0113, pieej ar cie\u0146u un paciet\u012bgu uztic\u012bbu. \u0160\u0101di dodieties misij\u0101, dom\u0101dami ka j\u016bs &#8220;sp\u0113l\u0113jat m\u0101j\u0101s&#8221;.\u00a0<strong>Kungs pirms j\u016bsu iera\u0161anas b\u016bs jau pas\u0113jis.\u00a0<\/strong> Dom\u0101dami par m\u016bsu T\u0113vu, kur\u0161 t\u0101 m\u012bl pasauli (J\u0146 3, 16), esiet dedz\u012bgi l\u012bdzdarbojoties visu priek\u0101 (2Kor 1, 24), esiet autoritat\u012bvi un klaus\u0101mi jo tuvi. M\u012bl\u0113jiet tautu kult\u016bras un trad\u012bcijas neieviesdami iepriek\u0161 noteiktu mode\u013cu. Lai par j\u016bsu s\u0101kumpunktu top konkr\u0113tas situ\u0101cijas nevis sh\u0113mas. T\u0101da veid\u0101 Gars sp\u0113s veidot p\u0113c sava laika un veida, ko v\u0113l\u0101s caur sludin\u0101\u0161anu un Bazn\u012bca var\u0113s augt p\u0113c Gara att\u0113la: vienota tautu, harizmu un d\u0101vanu da\u017e\u0101d\u012bb\u0101.&#013;\n&#013;\n\u00a0<\/p>\n\n<p>D\u0101rgie br\u0101\u013ci un m\u0101sas, j\u016bsu harizma ir liela Dieva d\u0101vana m\u016bsdienu Bazn\u012bcai. Pateicamies Kungam par \u0161iem piecdesmit gadiem. Aplausi piecdesmit gadiem! Raugoties uz vi\u0146a t\u0113vi\u0161\u0137o, br\u0101l\u012bgo un m\u012b\u013co uztic\u012bbu nekad nezaud\u0113jiet uztic\u012bbu Vi\u0146am! Vi\u0146\u0161 j\u016bs pasarg\u0101s uzmundrin\u0101dams vienlaikus doties uz priek\u0161u, k\u0101 vi\u0146a m\u012b\u013cotie apustu\u013ci, pie vis\u0101m taut\u0101m ar pazem\u012bgu vienk\u0101r\u0161\u012bbu. Es j\u016bs pavadu un uzdro\u0161inu: ejiet uz priek\u0161u! Un l\u016bdzu j\u016bs, neaizmirstiet l\u016bgties par mani, kur\u0161 palieku \u0161eit!&#013;\n(*) Sal. \u00abL\u2019Osservatore Romano\u00bb, 2018. gada 6. maijs.<\/p>\n","protected":false},"excerpt":{"rendered":"<p>P\u0100VESTA FRANCISKA UZRUNA NEOKATEHUMEN\u0100L\u0100 CE\u013bA 50. GADADIEN\u0100 5-V-2018 Francisks Tor Vergatas esplan\u0101de &#8211; Roma, 2018. gada 5. maijs D\u0101rgie br\u0101\u013ci un m\u0101sas, labdien! Man ir liels prieks satikt j\u016bs un izrun\u0101t kop\u0101: \u201epaldies!\u201d Paldies Dievam un jums, it sevi\u0161\u0137i, atbrauku\u0161iem no t\u0101lienes. Paldies par j\u016bsu izteikto \u201ej\u0101\u201d, par Kunga aicin\u0101juma uz\u0146em\u0161anu dz\u012bvot un sludin\u0101t Eva\u0146\u0123\u0113liju. V\u0113l liels paldies ar\u012b tam, kas pirms 50 gadiem ies\u0101ka Neokatehumen\u0101lo Ce\u013cu. 50 ir noz\u012bm\u012bgs<\/p>\n<div class=\"read-more\"><a class=\"btn read-more-btn\" href=\"https:\/\/neocatechumenaleiter.org\/lv\/pavestu-uzrunas\/francisks\/pavesta-franciska-uzruna-neokatehumenala-cela-50-gadadiena-5-v-2018\/\">Las\u012bt vair\u0101k<\/a><\/div>\n","protected":false},"author":2,"featured_media":0,"parent":16593,"menu_order":6,"comment_status":"closed","ping_status":"closed","template":"","meta":{"footnotes":""},"class_list":["post-21580","page","type-page","status-publish","hentry"],"_links":{"self":[{"href":"https:\/\/neocatechumenaleiter.org\/lv\/wp-json\/wp\/v2\/pages\/21580","targetHints":{"allow":["GET"]}}],"collection":[{"href":"https:\/\/neocatechumenaleiter.org\/lv\/wp-json\/wp\/v2\/pages"}],"about":[{"href":"https:\/\/neocatechumenaleiter.org\/lv\/wp-json\/wp\/v2\/types\/page"}],"author":[{"embeddable":true,"href":"https:\/\/neocatechumenaleiter.org\/lv\/wp-json\/wp\/v2\/users\/2"}],"replies":[{"embeddable":true,"href":"https:\/\/neocatechumenaleiter.org\/lv\/wp-json\/wp\/v2\/comments?post=21580"}],"version-history":[{"count":1,"href":"https:\/\/neocatechumenaleiter.org\/lv\/wp-json\/wp\/v2\/pages\/21580\/revisions"}],"predecessor-version":[{"id":21581,"href":"https:\/\/neocatechumenaleiter.org\/lv\/wp-json\/wp\/v2\/pages\/21580\/revisions\/21581"}],"up":[{"embeddable":true,"href":"https:\/\/neocatechumenaleiter.org\/lv\/wp-json\/wp\/v2\/pages\/16593"}],"wp:attachment":[{"href":"https:\/\/neocatechumenaleiter.org\/lv\/wp-json\/wp\/v2\/media?parent=21580"}],"curies":[{"name":"wp","href":"https:\/\/api.w.org\/{rel}","templated":true}]}}