{"id":21582,"date":"2020-03-22T21:00:49","date_gmt":"2020-03-22T20:00:49","guid":{"rendered":"https:\/\/neocatechumenaleiter.org\/pavestu-uzrunas\/benedikts-xvi\/privata-benedikta-xvi-audience-ar-neokatehumenala-cela-iniciatoriem-13-xi-2010\/"},"modified":"2021-04-09T09:12:43","modified_gmt":"2021-04-09T08:12:43","slug":"privata-benedikta-xvi-audience-ar-neokatehumenala-cela-iniciatoriem-13-xi-2010","status":"publish","type":"page","link":"https:\/\/neocatechumenaleiter.org\/lv\/pavestu-uzrunas\/benedikts-xvi\/privata-benedikta-xvi-audience-ar-neokatehumenala-cela-iniciatoriem-13-xi-2010\/","title":{"rendered":"PRIV\u0100T\u0100 BENEDIKTA XVI AUDIENCE AR NEOKATEHUMEN\u0100L\u0100 CE\u013bA INICIATORIEM 13-XI-2010"},"content":{"rendered":"\n<h1 class=\"has-text-align-center wp-block-heading\">PRIV\u0100T\u0100 BENEDIKTA XVI AUDIENCE AR NEOKATEHUMEN\u0100L\u0100 CE\u013bA INICIATORIEM 13-XI-2010<\/h1>\n\n<div style=\"height:20px\" aria-hidden=\"true\" class=\"wp-block-spacer\"><\/div>\n\n<h4 class=\"has-text-align-center wp-block-heading\">Benedikts XVI<\/h4>\n\n<div style=\"height:20px\" aria-hidden=\"true\" class=\"wp-block-spacer\"><\/div>\n\n<p><strong>Vatik\u0101ns, 2010. gada 13. novembris<\/strong><\/p>\n\n<p><em>Kiko aprakst\u012bja notiku\u0161o audienci:\u00a0<\/em>&#8220;13. novembr\u012b Carmen, t\u0113vs Mario un es bij\u0101m priv\u0101t\u0101 audienc\u0113 ar Sv\u0113to T\u0113vu, kur\u0161 patie\u0161\u0101m bija \u013coti labs ar mums.&#8221;<\/p>\n\n<figure class=\"wp-block-gallery aligncenter columns-2 is-cropped wp-block-gallery-1 is-layout-flex wp-block-gallery-is-layout-flex\"><ul class=\"blocks-gallery-grid\"><li class=\"blocks-gallery-item\"><figure><img loading=\"lazy\" decoding=\"async\" width=\"400\" height=\"268\" src=\"https:\/\/neocatechumenaleiter.org\/wp-content\/uploads\/2020\/02\/Camino_Neocatecumenal_Benedicto_XVI_Kiko_Carmen_Mario_audiencia_20102.jpg\" alt=\"\" data-id=\"1217\" data-full-url=\"https:\/\/neocatechumenaleiter.org\/wp-content\/uploads\/2020\/02\/Camino_Neocatecumenal_Benedicto_XVI_Kiko_Carmen_Mario_audiencia_20102.jpg\" data-link=\"https:\/\/neocatechumenaleiter.org\/?attachment_id=1217\" class=\"wp-image-12731\" srcset=\"https:\/\/neocatechumenaleiter.org\/wp-content\/uploads\/2020\/02\/Camino_Neocatecumenal_Benedicto_XVI_Kiko_Carmen_Mario_audiencia_20102.jpg 400w, https:\/\/neocatechumenaleiter.org\/wp-content\/uploads\/2020\/02\/Camino_Neocatecumenal_Benedicto_XVI_Kiko_Carmen_Mario_audiencia_20102-300x201.jpg 300w\" sizes=\"auto, (max-width: 400px) 100vw, 400px\" \/><\/figure><\/li><li class=\"blocks-gallery-item\"><figure><img loading=\"lazy\" decoding=\"async\" width=\"400\" height=\"269\" src=\"https:\/\/neocatechumenaleiter.org\/wp-content\/uploads\/2020\/02\/Camino_Neocatecumenal_Benedicto_XVI_Kiko_Carmen_Mario_audiencia_2010.jpg\" alt=\"\" data-id=\"1224\" data-full-url=\"https:\/\/neocatechumenaleiter.org\/wp-content\/uploads\/2020\/02\/Camino_Neocatecumenal_Benedicto_XVI_Kiko_Carmen_Mario_audiencia_2010.jpg\" data-link=\"https:\/\/neocatechumenaleiter.org\/?attachment_id=1224\" class=\"wp-image-12735\" srcset=\"https:\/\/neocatechumenaleiter.org\/wp-content\/uploads\/2020\/02\/Camino_Neocatecumenal_Benedicto_XVI_Kiko_Carmen_Mario_audiencia_2010.jpg 400w, https:\/\/neocatechumenaleiter.org\/wp-content\/uploads\/2020\/02\/Camino_Neocatecumenal_Benedicto_XVI_Kiko_Carmen_Mario_audiencia_2010-300x202.jpg 300w\" sizes=\"auto, (max-width: 400px) 100vw, 400px\" \/><\/figure><\/li><\/ul><\/figure>","protected":false},"excerpt":{"rendered":"<p>PRIV\u0100T\u0100 BENEDIKTA XVI AUDIENCE AR NEOKATEHUMEN\u0100L\u0100 CE\u013bA INICIATORIEM 13-XI-2010 Benedikts XVI Vatik\u0101ns, 2010. gada 13. novembris Kiko aprakst\u012bja notiku\u0161o audienci:\u00a0&#8220;13. novembr\u012b Carmen, t\u0113vs Mario un es bij\u0101m priv\u0101t\u0101 audienc\u0113 ar Sv\u0113to T\u0113vu, kur\u0161 patie\u0161\u0101m bija \u013coti labs ar mums.&#8221;<\/p>\n","protected":false},"author":2,"featured_media":0,"parent":16607,"menu_order":8,"comment_status":"closed","ping_status":"closed","template":"","meta":{"footnotes":""},"class_list":["post-21582","page","type-page","status-publish","hentry"],"_links":{"self":[{"href":"https:\/\/neocatechumenaleiter.org\/lv\/wp-json\/wp\/v2\/pages\/21582","targetHints":{"allow":["GET"]}}],"collection":[{"href":"https:\/\/neocatechumenaleiter.org\/lv\/wp-json\/wp\/v2\/pages"}],"about":[{"href":"https:\/\/neocatechumenaleiter.org\/lv\/wp-json\/wp\/v2\/types\/page"}],"author":[{"embeddable":true,"href":"https:\/\/neocatechumenaleiter.org\/lv\/wp-json\/wp\/v2\/users\/2"}],"replies":[{"embeddable":true,"href":"https:\/\/neocatechumenaleiter.org\/lv\/wp-json\/wp\/v2\/comments?post=21582"}],"version-history":[{"count":1,"href":"https:\/\/neocatechumenaleiter.org\/lv\/wp-json\/wp\/v2\/pages\/21582\/revisions"}],"predecessor-version":[{"id":21583,"href":"https:\/\/neocatechumenaleiter.org\/lv\/wp-json\/wp\/v2\/pages\/21582\/revisions\/21583"}],"up":[{"embeddable":true,"href":"https:\/\/neocatechumenaleiter.org\/lv\/wp-json\/wp\/v2\/pages\/16607"}],"wp:attachment":[{"href":"https:\/\/neocatechumenaleiter.org\/lv\/wp-json\/wp\/v2\/media?parent=21582"}],"curies":[{"name":"wp","href":"https:\/\/api.w.org\/{rel}","templated":true}]}}