{"id":21584,"date":"2020-03-29T05:19:12","date_gmt":"2020-03-29T04:19:12","guid":{"rendered":"https:\/\/neocatechumenaleiter.org\/pavestu-uzrunas\/sv-janis-pavils-ii\/privata-audience-tris-gimenu-sutisanai-uz-latinu-ameriku-jaunajai-evangelizacijai-26-iv-1987\/"},"modified":"2021-04-09T09:20:24","modified_gmt":"2021-04-09T08:20:24","slug":"privata-audience-tris-gimenu-sutisanai-uz-latinu-ameriku-jaunajai-evangelizacijai-26-iv-1987","status":"publish","type":"page","link":"https:\/\/neocatechumenaleiter.org\/lv\/pavestu-uzrunas\/sv-janis-pavils-ii\/privata-audience-tris-gimenu-sutisanai-uz-latinu-ameriku-jaunajai-evangelizacijai-26-iv-1987\/","title":{"rendered":"PRIV\u0100TA AUDIENCE TR\u012aS \u0122IME\u0145U S\u016aT\u012a\u0160ANAI UZ LATI\u0145U AMERIKU \u201eJAUNAJAI EVA\u0145\u0122ELIZ\u0100CIJAI\u201d 26-IV-1987"},"content":{"rendered":"\n<h1 class=\"has-text-align-center wp-block-heading\">PRIV\u0100TA AUDIENCE TR\u012aS \u0122IME\u0145U S\u016aT\u012a\u0160ANAI UZ LATI\u0145U AMERIKU \u201eJAUNAJAI EVA\u0145\u0122ELIZ\u0100CIJAI\u201d 26-IV-1987<\/h1>\n\n<div style=\"height:20px\" aria-hidden=\"true\" class=\"wp-block-spacer\"><\/div>\n\n<h4 class=\"has-text-align-center wp-block-heading\">Sv. J\u0101nis P\u0101vils II<\/h4>\n\n<div style=\"height:20px\" aria-hidden=\"true\" class=\"wp-block-spacer\"><\/div>\n\n<p><strong>Vatik\u0101ns, 1987. gada 26. apr\u012blis&#013;\n<\/strong><\/p>\n\n<p><em>Tr\u012bs sp\u0101\u0146u \u0123imenes beigu\u0161as neokatehumen\u0101lo ce\u013cvedi sa\u0146\u0113ma no Sv\u0113t\u0101 T\u0113va krucifiksu k\u0101 s\u016bt\u012bbas z\u012bmi pirms dodoties ce\u013c\u0101 uz Limu (Peru).<\/em>&#013;\n&#013;\n<em>\u0160aj\u0101s aglomer\u0113t\u0101s pils\u0113t\u0101s nav soci\u0101lo strukt\u016bru, cilv\u0113ki dz\u012bvo b\u016bdi\u0146\u0101s uz smilt\u012bm. Kardin\u0101ls Land\u00e1zuri uztic\u0113ja \u0161\u012bm \u0123imen\u0113m veselas teritorijas, kur Bazn\u012bca gandr\u012bz neeksist\u0113.<\/em><\/p>\n\n<div class=\"wp-block-image\"><figure class=\"aligncenter size-large\"><img loading=\"lazy\" decoding=\"async\" width=\"358\" height=\"293\" src=\"https:\/\/neocatechumenaleiter.org\/wp-content\/uploads\/2020\/03\/Camino_Neocatecumenal_Juan_Pablo_II_audiencia_privada_envio_familias_mision_1987.jpg\" alt=\"\" class=\"wp-image-14022\" srcset=\"https:\/\/neocatechumenaleiter.org\/wp-content\/uploads\/2020\/03\/Camino_Neocatecumenal_Juan_Pablo_II_audiencia_privada_envio_familias_mision_1987.jpg 358w, https:\/\/neocatechumenaleiter.org\/wp-content\/uploads\/2020\/03\/Camino_Neocatecumenal_Juan_Pablo_II_audiencia_privada_envio_familias_mision_1987-300x246.jpg 300w\" sizes=\"auto, (max-width: 358px) 100vw, 358px\" \/><\/figure><\/div>\n","protected":false},"excerpt":{"rendered":"<p>PRIV\u0100TA AUDIENCE TR\u012aS \u0122IME\u0145U S\u016aT\u012a\u0160ANAI UZ LATI\u0145U AMERIKU \u201eJAUNAJAI EVA\u0145\u0122ELIZ\u0100CIJAI\u201d 26-IV-1987 Sv. J\u0101nis P\u0101vils II Vatik\u0101ns, 1987. gada 26. apr\u012blis&#013; Tr\u012bs sp\u0101\u0146u \u0123imenes beigu\u0161as neokatehumen\u0101lo ce\u013cvedi sa\u0146\u0113ma no Sv\u0113t\u0101 T\u0113va krucifiksu k\u0101 s\u016bt\u012bbas z\u012bmi pirms dodoties ce\u013c\u0101 uz Limu (Peru).&#013; &#013; \u0160aj\u0101s aglomer\u0113t\u0101s pils\u0113t\u0101s nav soci\u0101lo strukt\u016bru, cilv\u0113ki dz\u012bvo b\u016bdi\u0146\u0101s uz smilt\u012bm. Kardin\u0101ls Land\u00e1zuri uztic\u0113ja \u0161\u012bm \u0123imen\u0113m veselas teritorijas, kur Bazn\u012bca gandr\u012bz neeksist\u0113.<\/p>\n","protected":false},"author":2,"featured_media":0,"parent":18796,"menu_order":42,"comment_status":"closed","ping_status":"closed","template":"","meta":{"footnotes":""},"class_list":["post-21584","page","type-page","status-publish","hentry"],"_links":{"self":[{"href":"https:\/\/neocatechumenaleiter.org\/lv\/wp-json\/wp\/v2\/pages\/21584","targetHints":{"allow":["GET"]}}],"collection":[{"href":"https:\/\/neocatechumenaleiter.org\/lv\/wp-json\/wp\/v2\/pages"}],"about":[{"href":"https:\/\/neocatechumenaleiter.org\/lv\/wp-json\/wp\/v2\/types\/page"}],"author":[{"embeddable":true,"href":"https:\/\/neocatechumenaleiter.org\/lv\/wp-json\/wp\/v2\/users\/2"}],"replies":[{"embeddable":true,"href":"https:\/\/neocatechumenaleiter.org\/lv\/wp-json\/wp\/v2\/comments?post=21584"}],"version-history":[{"count":1,"href":"https:\/\/neocatechumenaleiter.org\/lv\/wp-json\/wp\/v2\/pages\/21584\/revisions"}],"predecessor-version":[{"id":21585,"href":"https:\/\/neocatechumenaleiter.org\/lv\/wp-json\/wp\/v2\/pages\/21584\/revisions\/21585"}],"up":[{"embeddable":true,"href":"https:\/\/neocatechumenaleiter.org\/lv\/wp-json\/wp\/v2\/pages\/18796"}],"wp:attachment":[{"href":"https:\/\/neocatechumenaleiter.org\/lv\/wp-json\/wp\/v2\/media?parent=21584"}],"curies":[{"name":"wp","href":"https:\/\/api.w.org\/{rel}","templated":true}]}}