{"id":21586,"date":"2020-03-29T03:04:28","date_gmt":"2020-03-29T02:04:28","guid":{"rendered":"https:\/\/neocatechumenaleiter.org\/pavestu-uzrunas\/sv-janis-pavils-ii\/privata-audience-neokatehumenalajam-kopienam-no-spanijas-un-ivrejas-7-xii-1986\/"},"modified":"2021-04-09T10:50:51","modified_gmt":"2021-04-09T09:50:51","slug":"privata-audience-neokatehumenalajam-kopienam-no-spanijas-un-ivrejas-7-xii-1986","status":"publish","type":"page","link":"https:\/\/neocatechumenaleiter.org\/lv\/pavestu-uzrunas\/sv-janis-pavils-ii\/privata-audience-neokatehumenalajam-kopienam-no-spanijas-un-ivrejas-7-xii-1986\/","title":{"rendered":"PRIV\u0100TA AUDIENCE NEOKATEHUMEN\u0100LAJAM KOPIEN\u0100M NO SP\u0100NIJAS UN IVREJAS 7-XII-1986"},"content":{"rendered":"\n<h1 class=\"has-text-align-center wp-block-heading\">PRIV\u0100TA AUDIENCE NEOKATEHUMEN\u0100LAJAM KOPIEN\u0100M NO SP\u0100NIJAS UN IVREJAS 7-XII-1986<\/h1>\n\n<div style=\"height:20px\" aria-hidden=\"true\" class=\"wp-block-spacer\"><\/div>\n\n<h4 class=\"has-text-align-center wp-block-heading\">Sv. J\u0101nis P\u0101vils II<\/h4>\n\n<div style=\"height:20px\" aria-hidden=\"true\" class=\"wp-block-spacer\"><\/div>\n\n<p><strong>Vatik\u0101ns &#8211; Klementinas z\u0101le, 1986. gada 7. decembris *<\/strong><\/p>\n\n<p><em>P\u0101vests no r\u012bta priv\u0101taj\u0101 audienc\u0113 uz\u0146\u0113ma Neokatehumen\u0101l\u0101 Ce\u013ca locek\u013cus no piec\u0101m Sp\u0101nijas draudz\u0113m un no vienas draudzes Ivrej\u0101, kas g\u0101ja sv\u0113tce\u013cojum\u0101 pie P\u0113tera kapa un uz Loreto.<\/em>&#013;\n&#013;\n<em>Sv\u0113tais T\u0113vs uzrun\u0101ja sekojo\u0161os v\u0101rdus:\u00a0<\/em><\/p>\n\n<p>Man ir \u012bpa\u0161s prieks satiekot j\u016bs, br\u0101\u013ci un m\u0101sas, no Neokatehumen\u0101lajam kopien\u0101m. Esat \u0161eit lai apliecin\u0101tu savu krist\u012bgo tic\u012bbu, apliecin\u0101tu tic\u012bbu un lai ar savu kl\u0101tb\u016btni Rom\u0101 ar\u012b apliecin\u0101t katoliskumu P\u0113tera P\u0113cte\u010da priek\u0161\u0101. Atrodaties \u0161aj\u0101 svar\u012bgaj\u0101 Neokatehumen\u0101l\u0101 Ce\u013ca posm\u0101: sv\u0113tce\u013cojum\u0101 uz XX gs. kristiet\u012bbas centru. J\u016bs t\u0101 par\u0101d\u0101t savu v\u0113lmi p\u0113c vienot\u012bbas un uztic\u012bbas Kristus Bazn\u012bcai.&#013;\n&#013;\nJ\u016bsu ce\u013ca nevar\u0113ja pietr\u016bkt viz\u012btes pie Dievm\u0101tes. T\u0101d\u0113\u013c noliksiet Vissv\u0113t\u0101k\u0101s Jaunavas Marijas k\u0101j\u0101s savas cer\u012bbas un apustulisk\u0101s v\u0113lmes, lai caur vi\u0146as aizbildniec\u012bbu Vi\u0146as D\u0113ls dara augl\u012bgu j\u016bsu l\u016bg\u0161anas, upura, m\u012blest\u012bbas un kalpo\u0161anas br\u0101\u013ciem liec\u012bbu.&#013;\n&#013;\nJ\u016bsu ie\u0161an\u0101 sludinot Labo Vesti un Dieva Valst\u012bbu v\u0113los nodro\u0161in\u0101t j\u016bs nest cer\u012bbas vesti. V\u0113lreiz atk\u0101rto\u0161u Sv. P\u0113tera pamudin\u0101jumu: <strong>&#8220;Esiet vienm\u0113r gatavi atl\u012bdzin\u0101t katram, kas prasa no jums nor\u0113\u0137inu par to cer\u012bbu, kas ir j\u016bsos!&#8221; (1P\u0113t 3, 15)<\/strong>&#013;\n&#013;\nLai \u0161is litur\u0123iskais laiks ir liels m\u016bsu Pest\u012bt\u0101ja gaid\u012b\u0161an\u0101. Tie\u0161i Vi\u0146\u0161 var dot t\u0101du mieru, k\u0101du pasaule nesp\u0113j dot.&#013;\n&#013;\n\u00a0&#013;\n&#013;\nSv\u0113t\u012bju j\u016bs visus no sirds: pieaugu\u0161os, b\u0113rnus, br\u0101\u013cus un m\u0101sas, visus.&#013;\n&#013;\n\u00a0&#013;\n&#013;\nT\u0113va, D\u0113la un Sv\u0113t\u0101 Gara v\u0101rd\u0101.<\/p>\n\n<p><em>(*) Sal. \u00abL\u2019Osservatore Romano\u00bb, 1986. gada 9-10. decembris<\/em><\/p>\n\n<figure class=\"wp-block-gallery aligncenter columns-2 is-cropped wp-block-gallery-1 is-layout-flex wp-block-gallery-is-layout-flex\"><ul class=\"blocks-gallery-grid\"><li class=\"blocks-gallery-item\"><figure><img loading=\"lazy\" decoding=\"async\" width=\"690\" height=\"560\" src=\"https:\/\/neocatechumenaleiter.org\/wp-content\/uploads\/2020\/03\/Camino_Neocatecumenal_Juan_Pablo_II_visita_parroquia_San_Felice_1986.jpg\" alt=\"J&#x101;&#x146;a P&#x101;vila II priv&#x101;t&#x101; audience ar Sp&#x101;nijas un Ivrejas neokatehumen&#x101;laj&#x101;m kopien&#x101;m\" data-id=\"1947\" data-full-url=\"https:\/\/neocatechumenaleiter.org\/wp-content\/uploads\/2020\/03\/Camino_Neocatecumenal_Juan_Pablo_II_visita_parroquia_San_Felice_1986.jpg\" data-link=\"https:\/\/neocatechumenaleiter.org\/palabras-de-los-papas\/s-juan-pablo-ii\/visita-a-la-parroquia-de-san-felice-da-cantalice-4-5-1986\/camino_neocatecumenal_juan_pablo_ii_visita_parroquia_san_felice_1986\/\" class=\"wp-image-13860\" srcset=\"https:\/\/neocatechumenaleiter.org\/wp-content\/uploads\/2020\/03\/Camino_Neocatecumenal_Juan_Pablo_II_visita_parroquia_San_Felice_1986.jpg 690w, https:\/\/neocatechumenaleiter.org\/wp-content\/uploads\/2020\/03\/Camino_Neocatecumenal_Juan_Pablo_II_visita_parroquia_San_Felice_1986-300x243.jpg 300w\" sizes=\"auto, (max-width: 690px) 100vw, 690px\" \/><figcaption class=\"blocks-gallery-item__caption\">Neokatehumen\u0101l\u0101 Ce\u013ca iniciatori apsveica p\u0101vestu J\u0101ni P\u0101vilu II<\/figcaption><\/figure><\/li><li class=\"blocks-gallery-item\"><figure><img loading=\"lazy\" decoding=\"async\" width=\"689\" height=\"560\" src=\"https:\/\/neocatechumenaleiter.org\/wp-content\/uploads\/2020\/03\/Camino_Neocatecumenal_Juan_Pablo_II_visita_parroquia_San_Felice_19862.jpg\" alt=\"J&#x101;&#x146;a P&#x101;vila II priv&#x101;t&#x101; audience ar Sp&#x101;nijas un Ivrejas neokatehumen&#x101;laj&#x101;m kopien&#x101;m\" data-id=\"1954\" data-full-url=\"https:\/\/neocatechumenaleiter.org\/wp-content\/uploads\/2020\/03\/Camino_Neocatecumenal_Juan_Pablo_II_visita_parroquia_San_Felice_19862.jpg\" data-link=\"https:\/\/neocatechumenaleiter.org\/palabras-de-los-papas\/s-juan-pablo-ii\/visita-a-la-parroquia-de-san-felice-da-cantalice-4-5-1986\/camino_neocatecumenal_juan_pablo_ii_visita_parroquia_san_felice_19862\/\" class=\"wp-image-13863\" srcset=\"https:\/\/neocatechumenaleiter.org\/wp-content\/uploads\/2020\/03\/Camino_Neocatecumenal_Juan_Pablo_II_visita_parroquia_San_Felice_19862.jpg 689w, https:\/\/neocatechumenaleiter.org\/wp-content\/uploads\/2020\/03\/Camino_Neocatecumenal_Juan_Pablo_II_visita_parroquia_San_Felice_19862-300x244.jpg 300w\" sizes=\"auto, (max-width: 689px) 100vw, 689px\" \/><figcaption class=\"blocks-gallery-item__caption\">Kopienas br\u0101\u013ci no Sp\u0101nijas un Ivrejas p\u0101vesta priek\u0161\u0101 apliecina savu tic\u012bbu.<\/figcaption><\/figure><\/li><\/ul><\/figure>","protected":false},"excerpt":{"rendered":"<p>PRIV\u0100TA AUDIENCE NEOKATEHUMEN\u0100LAJAM KOPIEN\u0100M NO SP\u0100NIJAS UN IVREJAS 7-XII-1986 Sv. J\u0101nis P\u0101vils II Vatik\u0101ns &#8211; Klementinas z\u0101le, 1986. gada 7. decembris * P\u0101vests no r\u012bta priv\u0101taj\u0101 audienc\u0113 uz\u0146\u0113ma Neokatehumen\u0101l\u0101 Ce\u013ca locek\u013cus no piec\u0101m Sp\u0101nijas draudz\u0113m un no vienas draudzes Ivrej\u0101, kas g\u0101ja sv\u0113tce\u013cojum\u0101 pie P\u0113tera kapa un uz Loreto.&#013; &#013; Sv\u0113tais T\u0113vs uzrun\u0101ja sekojo\u0161os v\u0101rdus:\u00a0 Man ir \u012bpa\u0161s prieks satiekot j\u016bs, br\u0101\u013ci un m\u0101sas, no Neokatehumen\u0101lajam kopien\u0101m. Esat \u0161eit lai<\/p>\n<div class=\"read-more\"><a class=\"btn read-more-btn\" href=\"https:\/\/neocatechumenaleiter.org\/lv\/pavestu-uzrunas\/sv-janis-pavils-ii\/privata-audience-neokatehumenalajam-kopienam-no-spanijas-un-ivrejas-7-xii-1986\/\">Las\u012bt vair\u0101k<\/a><\/div>\n","protected":false},"author":2,"featured_media":0,"parent":18796,"menu_order":38,"comment_status":"closed","ping_status":"closed","template":"","meta":{"footnotes":""},"class_list":["post-21586","page","type-page","status-publish","hentry"],"_links":{"self":[{"href":"https:\/\/neocatechumenaleiter.org\/lv\/wp-json\/wp\/v2\/pages\/21586","targetHints":{"allow":["GET"]}}],"collection":[{"href":"https:\/\/neocatechumenaleiter.org\/lv\/wp-json\/wp\/v2\/pages"}],"about":[{"href":"https:\/\/neocatechumenaleiter.org\/lv\/wp-json\/wp\/v2\/types\/page"}],"author":[{"embeddable":true,"href":"https:\/\/neocatechumenaleiter.org\/lv\/wp-json\/wp\/v2\/users\/2"}],"replies":[{"embeddable":true,"href":"https:\/\/neocatechumenaleiter.org\/lv\/wp-json\/wp\/v2\/comments?post=21586"}],"version-history":[{"count":1,"href":"https:\/\/neocatechumenaleiter.org\/lv\/wp-json\/wp\/v2\/pages\/21586\/revisions"}],"predecessor-version":[{"id":21587,"href":"https:\/\/neocatechumenaleiter.org\/lv\/wp-json\/wp\/v2\/pages\/21586\/revisions\/21587"}],"up":[{"embeddable":true,"href":"https:\/\/neocatechumenaleiter.org\/lv\/wp-json\/wp\/v2\/pages\/18796"}],"wp:attachment":[{"href":"https:\/\/neocatechumenaleiter.org\/lv\/wp-json\/wp\/v2\/media?parent=21586"}],"curies":[{"name":"wp","href":"https:\/\/api.w.org\/{rel}","templated":true}]}}