{"id":22210,"date":"2020-02-29T04:25:36","date_gmt":"2020-02-29T03:25:36","guid":{"rendered":"https:\/\/neocatechumenaleiter.org\/pavestu-uzrunas\/francisks\/pavesta-franciska-regina-coeli-lugsana-11-v-2014\/"},"modified":"2021-04-24T08:43:07","modified_gmt":"2021-04-24T07:43:07","slug":"pavesta-franciska-regina-coeli-lugsana-11-v-2014","status":"publish","type":"page","link":"https:\/\/neocatechumenaleiter.org\/lv\/pavestu-uzrunas\/francisks\/pavesta-franciska-regina-coeli-lugsana-11-v-2014\/","title":{"rendered":"P\u0100VESTA FRANCISKA \u00abREGINA COELI\u00bb L\u016aG\u0160ANA 11-V-2014"},"content":{"rendered":"\n<h1 class=\"has-text-align-center wp-block-heading\">P\u0100VESTA FRANCISKA \u00abREGINA COELI\u00bb L\u016aG\u0160ANA 11-V-2014<\/h1>\n\n<div style=\"height:20px\" aria-hidden=\"true\" class=\"wp-block-spacer\"><\/div>\n\n<h4 class=\"has-text-align-center wp-block-heading\">Francisks<\/h4>\n\n<div style=\"height:20px\" aria-hidden=\"true\" class=\"wp-block-spacer\"><\/div>\n\n<p>D\u0101rgie br\u0101\u013ci un m\u0101sas, labdien!<\/p>\n\n<p>Eva\u0146\u0123\u0113lists J\u0101nis \u0161aj\u0101 IV. Lieldienu laika sv\u0113tdien\u0101 r\u0101da J\u0113zus Lab\u0101 Gana att\u0113lu. Kontempl\u0113dami \u0161o Eva\u0146\u0123\u0113lija lappusi varam saprast, k\u0101das bija J\u0113zus attiec\u012bbas ar saviem m\u0101cek\u013ciem. Tas attiec\u012bbas ir balst\u012btas uz maiguma, uz m\u012blest\u012bbas, uz savstarp\u0113ju atz\u012b\u0161anos un uz neizm\u0113rojamas d\u0101vanas apsol\u012bjuma. J\u0113zus saka: &#8220;Es esmu atn\u0101cis, lai jums b\u016btu dz\u012bv\u012bba un lai t\u0101 b\u016btu p\u0101rpiln\u012bb\u0101.&#8221; (J\u0146 10, 10) T\u0101das attiec\u012bbas ir attiec\u012bbu starp kristie\u0161iem un cilv\u0113cisko attiec\u012bbu modelis.<\/p>\n\n<p>Daudzi pat \u0161odien, l\u012bdz\u012bgi k\u0101 J\u0113zus laikos, tiecas b\u016bt par m\u016bsu eksistences &#8220;ganiem&#8221;. Bet tikai aug\u0161\u0101mcelo\u0161ais ir \u012bstais Gans, kur\u0161 dod dz\u012bv\u012bbu p\u0101rpiln\u012bb\u0101. Aicinu visus uztic\u0113ties Kungam, kur\u0161 m\u016bs vada. Bet ne tikai vada: vi\u0146\u0161 iet l\u012bdzi, iet kop\u0101. Klaus\u012bsimies Vi\u0146a V\u0101rdu ar atv\u0113rto pr\u0101tu un sirdi, lai t\u0101 m\u0113s barotu savu tic\u012bbu, apgaismotu savu apzi\u0146u un m\u0113s sekotu Eva\u0146\u0123\u0113lija m\u0101c\u012bbai.<\/p>\n\n<p>\u0160aj\u0101 sv\u0113tdien\u0101 l\u016bdzamies par Bazn\u012bcas ganiem, par visiem b\u012bskapiem, ieskaitot Romas b\u012bskapu, par visiem priesteriem, par visiem! \u012apa\u0161a veid\u0101 l\u016bdzamies par jaunajiem Romas diec\u0113zes priesteriem, ko iesv\u0113t\u012bju pirms k\u0101du laiku Sv. P\u0113tera bazilik\u0101. Apsveicu \u0161os 13 priesterus! Lai Kungs pal\u012bdz mums, ganiem, b\u016bt uztic\u012bgiem m\u016bsu Skolot\u0101jam un ar gudr\u012bbu un gaismu vad\u012btu uztic\u0113to Dieva tautu. J\u016bs ar\u012b, l\u016bdzu, pal\u012bdziet mums. Pal\u012bdziet b\u016bt par labiem ganiem. Reiz\u0113 las\u012bju br\u012bni\u0161\u0137\u012bgu st\u0101stu par k\u0101 Dieva tauta pal\u012bdz b\u012bskapiem un priesteriem b\u016bt par labiem ganiem. Tas ir Sv. Cezara no Arlesa rakstiem, viens no pirmo gadsimtu Bazn\u012bcas t\u0113viem. Vi\u0146\u0161 st\u0101st\u012bja, k\u0101 Dieva tautai j\u0101pal\u012bdz ganam un dev\u0101 \u0161\u0101du piem\u0113ru: kad teli\u0146am grib\u0101s \u0113st iet pie govs, pie m\u0101tes, lai t\u0101 dotu padzert pienu. Govs ne uzreiz to sp\u0113j dot, bet izskat\u0101s, ka vi\u0146a patur pienu sev. Un ko tad dara teli\u0146\u0161? Ar degunu klauv\u0113 govs kr\u016bti, lai dab\u016btu pienu. Cik skaists t\u0113ls! \u0160is sv\u0113tais saka: &#8220;T\u0101 jums j\u0101r\u012bkojas ar saviem ganiem: jums j\u0101klauv\u0113 vi\u0146u durvis, vi\u0146u sirdis, lai vi\u0146i dotu jums doktr\u012bnas pienu, \u017e\u0113last\u012bbas un vad\u012bbas pienu.&#8221; Es j\u016bs l\u016bdzu, trauc\u0113jiet saviem ganiem, nedodiet vi\u0146iem mieru, lai m\u0113s var\u0113tu dot doktr\u012bnas pienu, \u017e\u0113last\u012bbas un vad\u012bbas pienu. Trauciet! Dom\u0101jiet par \u0161o skaisto teli\u0146a t\u0113lu, kas trauc\u0113 savai m\u0101tei gaid\u012bdams sa\u0146emt bar\u012bbu.<\/p>\n\n<p>L\u012bdzinoties Kristum, katrs Gans &#8220;reiz\u0113m st\u0101sies ganampulka priek\u0161\u0101, lai parad\u012btu ce\u013cu un uztur\u0113tu tautas cer\u012bbu. Br\u012b\u017eiem ganam j\u0101b\u016bt priek\u0161\u0101, citreiz vi\u0146\u0161 b\u016bs pa vid\u016b un da\u017eos apstak\u013cos vi\u0146am b\u016bs j\u0101iet aizmugur\u0113, lai pal\u012bdz\u0113tu atpaliku\u0161ajiem&#8221; (Apust. pamudin\u0101jums <i>Evangelii gaudium<\/i>, 31). Lai visi g\u0101ni ir \u0161\u0101di! Un j\u016bs nelieciet mier\u0101 vi\u0146us, bet lai vi\u0146i sniedz jums doktr\u012bnas un \u017e\u0113last\u012bbas vad\u012bbu.<\/p>\n\n<p>\u0160\u012b sv\u0113tdiena ir\u00a0<em>Pasaules l\u016bg\u0161anu par aicin\u0101jumiem sv\u0113tdiena. <\/em>\u0160\u012b gada izzi\u0146\u0101 atg\u0101din\u0101ja, ka &#8220;katrs aicin\u0101jums prasa izce\u013co\u0161anu no pa\u0161a sevis, lai virz\u012btu savu eksistenci uz Kristu un vi\u0146a Eva\u0146\u0123eliju.&#8221; (Nr.2) T\u0101p\u0113c aicin\u0101jums sekot J\u0113zum ir aizraujo\u0161a un pras\u012bga. Lai \u012bstenotos nepiecie\u0161ama dzi\u013ca draudz\u012bba ar Kungu, dz\u012bvot no Vi\u0146a, Vi\u0146am.<\/p>\n\n<p>L\u016bgsimies lai \u0161aj\u0101 laik\u0101 daudzi jaunie\u0161i sadzird Kunga balsi. Bie\u017ei vien tas balss pazust starp daudz\u0101m cit\u0101m bals\u012bm. L\u016bgs\u012bmies par jaunie\u0161iem, varb\u016bt \u0161odien \u0161eit atrodas k\u0101ds, kas j\u016bt\u0101s Kunga aicin\u0101ts uz priester\u012bbu. L\u016bgsimies par vi\u0146u, ja t\u0101ds ir un par visiem aicin\u0101tiem jaunie\u0161iem.<\/p>\n\n<hr class=\"wp-block-separator\" \/>\n\n<p><strong>P\u0113c &#8220;Regina Coeli&#8221; l\u016bg\u0161anas:<\/strong><\/p>\n\n<p><em>D\u0101rgie br\u0101\u013ci un m\u0101sas,<\/em><\/p>\n\n<p>apsveicu visus j\u016bs \u0161eit san\u0101ku\u0161us: draud\u017eu grupas, asoci\u0101cijas, \u0123imenes un tic\u012bgos no It\u0101lijas un cit\u0101m taut\u0101m. \u012apa\u0161i apsveicu tos no Campo Grandes un Dourados (Braz\u012blija) diec\u0113z\u0113m, no \u0145ujorkas, no Las Palmas (Kanaru salas), studentus no Mirandas Do Corvo (Portug\u0101le) un jaunie\u0161us no &#8220;Marijas sirds&#8221; skolas (Argentina).<\/p>\n\n<p>Apsveicu Neokatehumen\u0101l\u0101 Ce\u013ca kopienas, kuras \u0161aj\u0101s Lieldienlaika sv\u0113tdienas nes aug\u0161\u0101mc\u0113lu\u0161o J\u0113zus v\u0113sti 100 laukumos Rom\u0101 un cit\u0101s pils\u0113t\u0101s pa visu pasauli. Lai Kungs dod jums Eva\u0146\u0123\u0113lija prieku! Ejiet uz priek\u0161u, jo esat bezbail\u012bgi un dar\u0101t tik labu!<\/p>\n\n<p>\u012apa\u0161a sv\u0113t\u012bba b\u0113rniem un visiem, kas gatavojas vai jau ir pie\u0146\u0113mu\u0161i Pirmo Kom\u016bniju vai Iestiprin\u0101\u0161anas sakramentu. Ar\u012b jaunu priesteru tuviniekiem un draugiem, ko iesv\u0113t\u012bju \u0161or\u012bt.<\/p>\n\n<p>Apsveicu Valsts Me\u017esaimniec\u012bbas noda\u013cu, kas organiz\u0113 Dabas rezerv\u0101tu sv\u0113tkus, &#8220;Giovane Montagna&#8221; biedrus sasniegu\u0161us Romu, it\u0101\u013cu t\u012bklu &#8220;Cure di Supporto in Oncologia&#8221;, kas r\u016bp\u0113jas par slimniekiem, motociklistus no San Marino un Abruzzo.&#013;\n&#013;\nUn \u0161odien aicinu velt\u012bt l\u016bg\u0161anu vis\u0101m m\u0101t\u0113m. Apsveic\u0101m visas m\u0101tes! L\u016bgsim Dievm\u0101tei par m\u016bsu m\u0101t\u0113m un vis\u0101m m\u0101t\u0113m: &#8220;Esi sveicin\u0101ta, Marija&#8230;&#8221;<\/p>\n\n<p>Sveiciens mamm\u0101m: milz\u012bgs sveiciens!<\/p>\n\n<p>Lai jums visiem ir laba sv\u0113tdiena un gar\u0161\u012bgas pusdienas! Uz redz\u0113\u0161anos!<\/p>\n","protected":false},"excerpt":{"rendered":"<p>P\u0100VESTA FRANCISKA \u00abREGINA COELI\u00bb L\u016aG\u0160ANA 11-V-2014 Francisks D\u0101rgie br\u0101\u013ci un m\u0101sas, labdien! Eva\u0146\u0123\u0113lists J\u0101nis \u0161aj\u0101 IV. Lieldienu laika sv\u0113tdien\u0101 r\u0101da J\u0113zus Lab\u0101 Gana att\u0113lu. Kontempl\u0113dami \u0161o Eva\u0146\u0123\u0113lija lappusi varam saprast, k\u0101das bija J\u0113zus attiec\u012bbas ar saviem m\u0101cek\u013ciem. Tas attiec\u012bbas ir balst\u012btas uz maiguma, uz m\u012blest\u012bbas, uz savstarp\u0113ju atz\u012b\u0161anos un uz neizm\u0113rojamas d\u0101vanas apsol\u012bjuma. J\u0113zus saka: &#8220;Es esmu atn\u0101cis, lai jums b\u016btu dz\u012bv\u012bba un lai t\u0101 b\u016btu p\u0101rpiln\u012bb\u0101.&#8221; (J\u0146 10, 10)<\/p>\n<div class=\"read-more\"><a class=\"btn read-more-btn\" href=\"https:\/\/neocatechumenaleiter.org\/lv\/pavestu-uzrunas\/francisks\/pavesta-franciska-regina-coeli-lugsana-11-v-2014\/\">Las\u012bt vair\u0101k<\/a><\/div>\n","protected":false},"author":2,"featured_media":0,"parent":16593,"menu_order":2,"comment_status":"closed","ping_status":"closed","template":"","meta":{"footnotes":""},"class_list":["post-22210","page","type-page","status-publish","hentry"],"_links":{"self":[{"href":"https:\/\/neocatechumenaleiter.org\/lv\/wp-json\/wp\/v2\/pages\/22210","targetHints":{"allow":["GET"]}}],"collection":[{"href":"https:\/\/neocatechumenaleiter.org\/lv\/wp-json\/wp\/v2\/pages"}],"about":[{"href":"https:\/\/neocatechumenaleiter.org\/lv\/wp-json\/wp\/v2\/types\/page"}],"author":[{"embeddable":true,"href":"https:\/\/neocatechumenaleiter.org\/lv\/wp-json\/wp\/v2\/users\/2"}],"replies":[{"embeddable":true,"href":"https:\/\/neocatechumenaleiter.org\/lv\/wp-json\/wp\/v2\/comments?post=22210"}],"version-history":[{"count":1,"href":"https:\/\/neocatechumenaleiter.org\/lv\/wp-json\/wp\/v2\/pages\/22210\/revisions"}],"predecessor-version":[{"id":22211,"href":"https:\/\/neocatechumenaleiter.org\/lv\/wp-json\/wp\/v2\/pages\/22210\/revisions\/22211"}],"up":[{"embeddable":true,"href":"https:\/\/neocatechumenaleiter.org\/lv\/wp-json\/wp\/v2\/pages\/16593"}],"wp:attachment":[{"href":"https:\/\/neocatechumenaleiter.org\/lv\/wp-json\/wp\/v2\/media?parent=22210"}],"curies":[{"name":"wp","href":"https:\/\/api.w.org\/{rel}","templated":true}]}}