{"id":22212,"date":"2020-03-29T05:39:01","date_gmt":"2020-03-29T04:39:01","guid":{"rendered":"https:\/\/neocatechumenaleiter.org\/pavestu-uzrunas\/sv-janis-pavils-ii\/audience-dazam-kopienam-no-spanijas-5-xii-1987\/"},"modified":"2021-04-25T11:32:53","modified_gmt":"2021-04-25T10:32:53","slug":"audience-dazam-kopienam-no-spanijas-5-xii-1987","status":"publish","type":"page","link":"https:\/\/neocatechumenaleiter.org\/lv\/pavestu-uzrunas\/sv-janis-pavils-ii\/audience-dazam-kopienam-no-spanijas-5-xii-1987\/","title":{"rendered":"AUDIENCE DA\u017d\u0100M KOPIEN\u0100M NO SP\u0100NIJAS 5-XII-1987"},"content":{"rendered":"\n<h1 class=\"has-text-align-center wp-block-heading\">AUDIENCE DA\u017d\u0100M KOPIEN\u0100M NO SP\u0100NIJAS 5-XII-1987<\/h1>\n\n<div style=\"height:20px\" aria-hidden=\"true\" class=\"wp-block-spacer\"><\/div>\n\n<h4 class=\"has-text-align-center wp-block-heading\">Sv. J\u0101nis P\u0101vils II<\/h4>\n\n<div style=\"height:20px\" aria-hidden=\"true\" class=\"wp-block-spacer\"><\/div>\n\n<div class=\"wp-block-image\"><figure class=\"alignright size-medium\"><img decoding=\"async\" src=\"https:\/\/neocatechumenaleiter.org\/wp-content\/uploads\/2020\/03\/Camino_Neocatecumenal_Juan_Pablo_II_audiencia_comunidades_de_espa&#xF1;a_1987-300x248.jpg\" alt=\"\" class=\"wp-image-2033\" \/><\/figure><\/div>\n\n<p><strong>Vatik\u0101ns &#8211; Matildes kapela, 1987. gada 5 decembris<\/strong><\/p>\n\n<p><em>\u0160odien, sestdien\u0101, 5. decembr\u012b p\u0113c pusdien\u0101m Matildes kapela Sv\u0113tais T\u0113vs uz\u0146\u0113ma audienc\u0113 da\u017eus br\u0101\u013cus no Madrides Neokatehumen\u0101la Ce\u013ca kopien\u0101m.<\/em>&#013;\n&#013;\n<em>T\u0101l\u0101k p\u0101vesta uzrunas v\u0101rdi tulkoti no sp\u0101\u0146u valodas:<\/em><\/p>\n\n<p>\u013boti m\u012bl\u0113tie br\u0101\u013ci un m\u0101sas, man ir dz\u012bvas apmierin\u0101t\u012bbas iemesls \u0161aj\u0101 r\u012bt\u0101 uz\u0146emot Neokatehumen\u0101l\u0101s kopienas no \u0161\u012bm Madrides draudz\u0113m: no Sv. Roka, Sv. Katalinas no Labour\u00e9, Palomas Dievm\u0101tes un da\u017ei ce\u013cojo\u0161ie katehisti.<\/p>\n\n<p>Visiem un katram no jums veltu sirsn\u012bgu sveicienu. Es zinu, ka esat atn\u0101ku\u0161i uz Romu ar galveno nodomu atjaunot j\u016bsu tic\u012bbas apliecin\u0101jumu Apustu\u013ca kapa priek\u0161\u0101.<\/p>\n\n<p>Neokatehumen\u0101lais Ce\u013c\u0161 ved j\u016bs uz medit\u0101ciju un dzi\u013co \u0421redo paties\u012bbas pieredzi. Credo ir b\u016btisks m\u016bsu krist\u012bgas esam\u012bbas sp\u0113ks un nosaka liecin\u0101t par Krist\u012bbu lielumu.<\/p>\n\n<div class=\"wp-block-image\"><figure class=\"alignleft size-medium\"><img decoding=\"async\" src=\"https:\/\/neocatechumenaleiter.org\/wp-content\/uploads\/2020\/03\/Camino_Neocatecumenal_Juan_Pablo_II_audiencia_comunidades_de_espa&#xF1;a_19872-300x247.jpg\" alt=\"\" class=\"wp-image-2040\" \/><\/figure><\/div>\n\n<p>Klaus\u012bties un dot dz\u012bv\u012bbu m\u016bsu tic\u012bbas paties\u012bb\u0101m ir b\u016btisks lai palielin\u0101tu m\u016bsu vienot\u012bbu m\u016bsu m\u0101tes Bazn\u012bcas mies\u0101.<\/p>\n\n<p>T\u0101d\u0113\u013c l\u016bdzu Dievam, lai j\u016bsu sv\u0113tce\u013cojums uz Romu, kato\u013ctic\u012bbas centru, ielai\u017e saknes j\u016bsu krist\u012bga uzdevuma universalit\u0101t\u0113 un mudina j\u016bsu ce\u013c\u0101 kalpojot Eva\u0146\u0123\u0113lijam.<\/p>\n\n<p>Atgrie\u017eoties uz sav\u0101m kopien\u0101m Spanij\u0101 un pasaul\u0113 nesiet vi\u0146iem p\u0101vesta sveicienu, jo vi\u0146\u0161 dom\u0101 un l\u016bdzas par jums visiem ar lielu pie\u0137er\u0161anos un dz\u012bvu cer\u012bbu. Atdodu j\u016bs, \u0161aj\u0101 Marijai velt\u012btaj\u0101 gad\u0101, Vissv\u0113t\u0101k\u0101s Jaunavas aizbildniec\u012bbai. Vi\u0146a ir sv\u0113tuma paraugs un maiga Sv\u0113t\u0101 Gara darb\u012bbai. Lai vi\u0146a vienm\u0113r pavada j\u016bsu ce\u013c\u0101.<\/p>\n\n<p>Sniedzu jums k\u0101 labv\u0113l\u012bbas z\u012bmi apustulisko sv\u0113t\u012bbu. (*) Sal. \u00abL&#8217;Osservatore Romano\u00bb, 1987. gada 6. decembris.<\/p>\n","protected":false},"excerpt":{"rendered":"<p>AUDIENCE DA\u017d\u0100M KOPIEN\u0100M NO SP\u0100NIJAS 5-XII-1987 Sv. J\u0101nis P\u0101vils II Vatik\u0101ns &#8211; Matildes kapela, 1987. gada 5 decembris \u0160odien, sestdien\u0101, 5. decembr\u012b p\u0113c pusdien\u0101m Matildes kapela Sv\u0113tais T\u0113vs uz\u0146\u0113ma audienc\u0113 da\u017eus br\u0101\u013cus no Madrides Neokatehumen\u0101la Ce\u013ca kopien\u0101m.&#013; &#013; T\u0101l\u0101k p\u0101vesta uzrunas v\u0101rdi tulkoti no sp\u0101\u0146u valodas: \u013boti m\u012bl\u0113tie br\u0101\u013ci un m\u0101sas, man ir dz\u012bvas apmierin\u0101t\u012bbas iemesls \u0161aj\u0101 r\u012bt\u0101 uz\u0146emot Neokatehumen\u0101l\u0101s kopienas no \u0161\u012bm Madrides draudz\u0113m: no Sv. Roka, Sv. Katalinas<\/p>\n<div class=\"read-more\"><a class=\"btn read-more-btn\" href=\"https:\/\/neocatechumenaleiter.org\/lv\/pavestu-uzrunas\/sv-janis-pavils-ii\/audience-dazam-kopienam-no-spanijas-5-xii-1987\/\">Las\u012bt vair\u0101k<\/a><\/div>\n","protected":false},"author":2,"featured_media":0,"parent":18796,"menu_order":45,"comment_status":"closed","ping_status":"closed","template":"","meta":{"footnotes":""},"class_list":["post-22212","page","type-page","status-publish","hentry"],"_links":{"self":[{"href":"https:\/\/neocatechumenaleiter.org\/lv\/wp-json\/wp\/v2\/pages\/22212","targetHints":{"allow":["GET"]}}],"collection":[{"href":"https:\/\/neocatechumenaleiter.org\/lv\/wp-json\/wp\/v2\/pages"}],"about":[{"href":"https:\/\/neocatechumenaleiter.org\/lv\/wp-json\/wp\/v2\/types\/page"}],"author":[{"embeddable":true,"href":"https:\/\/neocatechumenaleiter.org\/lv\/wp-json\/wp\/v2\/users\/2"}],"replies":[{"embeddable":true,"href":"https:\/\/neocatechumenaleiter.org\/lv\/wp-json\/wp\/v2\/comments?post=22212"}],"version-history":[{"count":1,"href":"https:\/\/neocatechumenaleiter.org\/lv\/wp-json\/wp\/v2\/pages\/22212\/revisions"}],"predecessor-version":[{"id":22213,"href":"https:\/\/neocatechumenaleiter.org\/lv\/wp-json\/wp\/v2\/pages\/22212\/revisions\/22213"}],"up":[{"embeddable":true,"href":"https:\/\/neocatechumenaleiter.org\/lv\/wp-json\/wp\/v2\/pages\/18796"}],"wp:attachment":[{"href":"https:\/\/neocatechumenaleiter.org\/lv\/wp-json\/wp\/v2\/media?parent=22212"}],"curies":[{"name":"wp","href":"https:\/\/api.w.org\/{rel}","templated":true}]}}