{"id":22214,"date":"2020-03-04T00:39:08","date_gmt":"2020-03-03T23:39:08","guid":{"rendered":"https:\/\/neocatechumenaleiter.org\/pavestu-uzrunas\/sv-janis-pavils-ii\/tiksanas-viena-dazu-eiropas-biskapu-klatbutne-13-iv-1993\/"},"modified":"2021-08-10T11:03:04","modified_gmt":"2021-08-10T10:03:04","slug":"tiksanas-viena-dazu-eiropas-biskapu-klatbutne-13-iv-1993","status":"publish","type":"page","link":"https:\/\/neocatechumenaleiter.org\/lv\/pavestu-uzrunas\/sv-janis-pavils-ii\/tiksanas-viena-dazu-eiropas-biskapu-klatbutne-13-iv-1993\/","title":{"rendered":"TIK\u0160AN\u0100S VIEN\u0100 DA\u017dU EIROPAS B\u012aSKAPU KL\u0100TB\u016aTN\u0112 13-IV-1993"},"content":{"rendered":"\n<h1 class=\"has-text-align-center wp-block-heading\">TIK\u0160AN\u0100S VIEN\u0100 DA\u017dU EIROPAS B\u012aSKAPU KL\u0100TB\u016aTN\u0112 13-IV-1993<\/h1>\n\n<div style=\"height:20px\" aria-hidden=\"true\" class=\"wp-block-spacer\"><\/div>\n\n<h4 class=\"has-text-align-center wp-block-heading\">Sv. J\u0101nis P\u0101vils II<\/h4>\n\n<div style=\"height:20px\" aria-hidden=\"true\" class=\"wp-block-spacer\"><\/div>\n\n<p><strong>Viena, 1993. gada 13-17. apr\u012blis<\/strong><\/p>\n\n<p><em>Vai 2000. gadu Eiropa b\u016bs krist\u012bga? Lai atbild\u0113tu uz \u0161o Sv\u0113t\u0101 T\u0113va formul\u0113to jaut\u0101jumu 5 kardin\u0101li un 120 b\u012bskapi no vis\u0101m Eiropas valst\u012bm, no Portug\u0101les\u00a0l\u012bdz pa\u0161ai Krievijai, satik\u0101s Vien\u0101 no 13-17.\u00a0<\/em><i>apr\u012blim.<\/i>&#13;\n&#13;\n<em>14. apr\u012bl\u012b, tre\u0161dien\u0101 no r\u012bta, kardin\u0101ls Gro\u00ebr ies\u0101ka \u0161o san\u0101ksmi un uzsv\u0113ra Neokatehumen\u0101l\u0101 Ce\u013ca noz\u012bmi Bazn\u012bcai atrodoties pie tre\u0161\u0101s t\u016bksto\u0161gades sliek\u0161\u0146a. Laju Pontifik\u0101l\u0101s padomes viceprezidents, monsinjors Paul Cordes, izlas\u012bja no Sv\u0113t\u0101 T\u0113va sa\u0146emto v\u0113stuli.<\/em><\/p>\n\n<div class=\"wp-block-image\"><figure class=\"aligncenter size-large\"><img loading=\"lazy\" decoding=\"async\" width=\"400\" height=\"276\" src=\"https:\/\/neocatechumenaleiter.org\/wp-content\/uploads\/2020\/03\/Camino_Neocatecumenal_Juan_Pablo_II_encuentro_viena_obispos_1993.jpg\" alt=\"\" class=\"wp-image-13039\" srcset=\"https:\/\/neocatechumenaleiter.org\/wp-content\/uploads\/2020\/03\/Camino_Neocatecumenal_Juan_Pablo_II_encuentro_viena_obispos_1993.jpg 400w, https:\/\/neocatechumenaleiter.org\/wp-content\/uploads\/2020\/03\/Camino_Neocatecumenal_Juan_Pablo_II_encuentro_viena_obispos_1993-300x207.jpg 300w\" sizes=\"auto, (max-width: 400px) 100vw, 400px\" \/><\/figure><\/div>\n\n<p>Zem\u0101k p\u0101vesta v\u0113stule: <\/p>\n\n<p>Augsti god\u0101jamie l\u012bdzbr\u0101\u013ci b\u012bskap\u012bb\u0101, d\u0101rgie br\u0101\u013ci un m\u0101sas!&#13;\n&#13;\nMan ir iepriecin\u0101juma iemesls, ka p\u0113c da\u017eiem gadiem kop\u0161 man aicin\u0101juma uz Eiropas jauno eva\u0146\u0123eliz\u0101ciju, zin\u0101t, ka esat san\u0101ku\u0161i uz Vienu lai p\u0101rdom\u0101tu priesteru, ce\u013cojo\u0161o katehistu un \u0123ime\u0146u no Neokatehumen\u0101l\u0101 Ce\u013ca mision\u0101ro darb\u012bbu. Vi\u0146i ar lielu dedz\u012bbu un d\u0101snu sp\u0113ku veicina Eva\u0146\u0123\u0113lija sludin\u0101\u0161anu.&#13;\n&#13;\nIes\u0101kot Special\u0101s asambl\u0113jas Eiropai darbus, 1990. gada 5. j\u016bnij\u0101, es izc\u0113lu, ka m\u016bsu kontinent\u0101 daudzi pier\u0101da dz\u012bvot t\u0101da realit\u0101te it &#8220;k\u0101 Dievs neb\u016btu&#8221;. T\u0101da perspekt\u012bva, papildin\u0101ju, cilv\u0113ks &#8220;top par mor\u0101l\u0101 likuma avotu un tikai t\u0101du likumu, ka cilv\u0113ks var upur\u0113t no sevis, ietver sev\u012b apzi\u0146as un savas r\u012bc\u012bbas m\u0113ru&#8221; \u00a0(<u>Insegnamenti<\/u>, XIII. nod., 1, 1990, pp. 1517 s.). No citas puses, nevar noliegt Sv\u0113to Garu, kas caur Vatik\u0101na II koncilu uzmodin\u0101ja der\u012bgus instrumentus starp kuriem ir ar\u012b Neokatehumen\u0101lais Ce\u013c\u0161, lai atbild\u0113tu m\u016bsdienu cilv\u0113ka jaut\u0101jumiem. P\u0113c da\u017eiem gadiem, redzot sasniegtos rezult\u0101tus, uzskatu, ka j\u0101mudina rakstiski uz t\u0101du pieredzi jaun\u0101s eva\u0146\u0123\u0113liz\u0101cijas\u00a0 perspekt\u012bv\u0101, iedro\u0161in\u0101dams br\u0101\u013cus b\u012bskap\u012bb\u0101 pal\u012bdz\u0113t un nov\u0113rt\u0113t \u00a0(Sal. 1990.8.30 V\u0113stule).&#13;\n&#13;\n\u0160o rezult\u0101tu tie\u0161ie liecinieki un galvenie varo\u0146i esat daudzi no jums pateicoties sniegtai pal\u012bdz\u012bbai \u0161\u012bs jaun\u0101s eklezi\u0101l\u0101s realit\u0101tes izplat\u012b\u0161an\u0101. T\u0101d\u0113\u013c j\u016bsu p\u0101rdomas ir tik svar\u012bgas, ka tas pag\u0101ju\u0161aj\u0101 gad\u0101 bija Amerikas b\u012bskapu sapulc\u0113 Santo Domingo.&#13;\n&#13;\nNeokatehumen\u0101lais Ce\u013c\u0161, kur briest ce\u013cojo\u0161ie katehisti un mision\u0101r\u0101s \u0123imenes, var atbild\u0113t sekul\u0101risma, sektu izpl\u0101t\u012b\u0161anas un aicin\u0101jumu tr\u016bkuma izaicin\u0101jumiem. Dieva V\u0101rda apcere un piedal\u012b\u0161anos Euharistij\u0101 veido pak\u0101penisko inici\u0101ciju uz Nosl\u0113pumiem, veido dz\u012bvas Bazn\u012bcas \u0161\u016bnas, kas atjauno draudzes dz\u012bv\u012bbu caur nobriedu\u0161ajiem kristie\u0161iem sp\u0113j\u012bgiem liecin\u0101t par paties\u012bbu ar radik\u0101li izdz\u012bvotu tic\u012bbu.&#13;\n&#13;\n\u0160\u012bs ce\u013c\u0161 \u0161\u0137iet piem\u0113rots dot savu ieguld\u012bjumu dekristianiz\u0113t\u0101s viet\u0101s caur &#8220;reimplantatio Ecclesiae&#8221; vesdams cilv\u0113ku mor\u0101laj\u0101 r\u012bc\u012bb\u0101 uz atkl\u0101to paties\u012bbu un atjaunodams soci\u0101lo audumu atsaucoties uz Dieva un vi\u0146a m\u012blest\u012bbas paz\u012b\u0161anas tr\u016bkuma. Jau da\u017eos re\u0123ionos veidojas mision\u0101ru \u0123ime\u0146u kodoli, kas var b\u016bt par Kristus gaismu un dz\u012bves piem\u0113ru.&#13;\n&#13;\n\u0160\u0101da misija nevar\u0113tu b\u016bt iesp\u0113jama bez sagatavotiem priesteriem gatavi pavad\u012bt un atbalst\u012bt ar savu iesv\u0113t\u012btu kalpo\u0161anu \u0161o darbu jaunajai eva\u0146\u0123eliz\u0101cijai. Esmu pateic\u012bgs Kungam, kur\u0161 v\u0113l\u0113jas lai atkl\u0101tos daudzi aicin\u0101jumi un tad vair\u0101k\u0101s valst\u012bs tiktu dibin\u0101ti diec\u0113\u017eu mision\u0101rie semin\u0101ri, nosaukti ar Jaunavas Marijas saldo v\u0101rdu &#8211; \u00abRedemptoris Mater\u00bb. Zem vi\u0146as m\u0101ti\u0161\u0137\u012bgas aizsardz\u012bbas un vi\u0146as varenas iedvesmas noliku j\u016bsu tik\u0161anos, kas var\u0113s dot papildus impulsu un drosmi apustuliskaj\u0101 kalpo\u0161an\u0101 tuvojoties pie m\u016bsdienu cilv\u0113ka. Vi\u0146am ir nepiecie\u0161ami gani un vi\u0146u s\u016bt\u012bti liecinieki, lai paz\u012btu Dievu, piesauktu vi\u0146a v\u0101rdu un sa\u0146emtu pest\u012b\u0161anu.&#13;\n&#13;\nAug\u0161\u0101mcelt\u0101 Kunga gaisma, ko svin\u012bga veida esam svin\u0113ju\u0161i Pashas nomod\u0101, lai turpina sp\u012bd\u0113t j\u016bsos un uztur j\u016bsu misij\u0101 kalpojot Bazn\u012bcai un visai cilv\u0113cei.<\/p>\n\n<p>No Vatik\u0101na, 1993. gada 12. apr\u012blis.&#13;\n&#13;\nJoannes Paulus II&#13;\n&#13;\n<em>(*) Sal. \u00abL\u2019Osservatore Romano\u00bb, 1993. gada 22. apr\u012blis.<\/em><\/p>\n","protected":false},"excerpt":{"rendered":"<p>TIK\u0160AN\u0100S VIEN\u0100 DA\u017dU EIROPAS B\u012aSKAPU KL\u0100TB\u016aTN\u0112 13-IV-1993 Sv. J\u0101nis P\u0101vils II Viena, 1993. gada 13-17. apr\u012blis Vai 2000. gadu Eiropa b\u016bs krist\u012bga? Lai atbild\u0113tu uz \u0161o Sv\u0113t\u0101 T\u0113va formul\u0113to jaut\u0101jumu 5 kardin\u0101li un 120 b\u012bskapi no vis\u0101m Eiropas valst\u012bm, no Portug\u0101les\u00a0l\u012bdz pa\u0161ai Krievijai, satik\u0101s Vien\u0101 no 13-17.\u00a0apr\u012blim.&#13; &#13; 14. apr\u012bl\u012b, tre\u0161dien\u0101 no r\u012bta, kardin\u0101ls Gro\u00ebr ies\u0101ka \u0161o san\u0101ksmi un uzsv\u0113ra Neokatehumen\u0101l\u0101 Ce\u013ca noz\u012bmi Bazn\u012bcai atrodoties pie tre\u0161\u0101s t\u016bksto\u0161gades sliek\u0161\u0146a. Laju<\/p>\n<div class=\"read-more\"><a class=\"btn read-more-btn\" href=\"https:\/\/neocatechumenaleiter.org\/lv\/pavestu-uzrunas\/sv-janis-pavils-ii\/tiksanas-viena-dazu-eiropas-biskapu-klatbutne-13-iv-1993\/\">Las\u012bt vair\u0101k<\/a><\/div>\n","protected":false},"author":2,"featured_media":0,"parent":18796,"menu_order":73,"comment_status":"closed","ping_status":"closed","template":"","meta":{"footnotes":""},"class_list":["post-22214","page","type-page","status-publish","hentry"],"_links":{"self":[{"href":"https:\/\/neocatechumenaleiter.org\/lv\/wp-json\/wp\/v2\/pages\/22214","targetHints":{"allow":["GET"]}}],"collection":[{"href":"https:\/\/neocatechumenaleiter.org\/lv\/wp-json\/wp\/v2\/pages"}],"about":[{"href":"https:\/\/neocatechumenaleiter.org\/lv\/wp-json\/wp\/v2\/types\/page"}],"author":[{"embeddable":true,"href":"https:\/\/neocatechumenaleiter.org\/lv\/wp-json\/wp\/v2\/users\/2"}],"replies":[{"embeddable":true,"href":"https:\/\/neocatechumenaleiter.org\/lv\/wp-json\/wp\/v2\/comments?post=22214"}],"version-history":[{"count":2,"href":"https:\/\/neocatechumenaleiter.org\/lv\/wp-json\/wp\/v2\/pages\/22214\/revisions"}],"predecessor-version":[{"id":24159,"href":"https:\/\/neocatechumenaleiter.org\/lv\/wp-json\/wp\/v2\/pages\/22214\/revisions\/24159"}],"up":[{"embeddable":true,"href":"https:\/\/neocatechumenaleiter.org\/lv\/wp-json\/wp\/v2\/pages\/18796"}],"wp:attachment":[{"href":"https:\/\/neocatechumenaleiter.org\/lv\/wp-json\/wp\/v2\/media?parent=22214"}],"curies":[{"name":"wp","href":"https:\/\/api.w.org\/{rel}","templated":true}]}}